{"id":86,"date":"2015-04-30T10:52:12","date_gmt":"2015-04-30T08:52:12","guid":{"rendered":"http:\/\/semmelweis.hu\/pszichoterapiasosztaly\/?page_id=86"},"modified":"2022-10-25T13:31:50","modified_gmt":"2022-10-25T11:31:50","slug":"kutatas","status":"publish","type":"page","link":"https:\/\/semmelweis.hu\/pszichoterapiasosztaly\/kutatas\/","title":{"rendered":"Kutat\u00e1s"},"content":{"rendered":"<h3>Kutat\u00e1si t\u00e9m\u00e1ink:<\/h3>\n<p><strong>I. A sz\u00e9gyenre adott reakci\u00f3k diagnosztikai, temperamentum \u00e9s m\u00e1s szem\u00e9lyis\u00e9gv\u00e1ltoz\u00f3kkal val\u00f3 kapcsolat\u00e1nak vizsg\u00e1lata k\u00e9rd\u0151\u00edves m\u00f3dszerrel oszt\u00e1lyos kezel\u00e9s alatt \u00e1ll\u00f3 pszichi\u00e1triai betegek \u00e9s eg\u00e9szs\u00e9ges kontroll szem\u00e9lyek k\u00f6r\u00e9ben<\/strong><\/p>\n<p>Felt\u00e9telez\u00e9seink szerint a korai gyermekkort\u00f3l kezdve meg\u00e9lt negat\u00edv \u00e9lm\u00e9nyek, valamint az egy\u00e9n temperamentuma \u00e9s a m\u00e1sok meg\u00edt\u00e9l\u00e9s\u00e9re vonatkoz\u00f3 kognit\u00edv st\u00edlusa szerepet j\u00e1tszhat a pszichopatol\u00f3gi\u00e1kban kimutathat\u00f3 kr\u00f3nikus sz\u00e9gyen\u00e9rz\u00e9s kialakul\u00e1s\u00e1ban. A kr\u00f3nikus sz\u00e9gyen\u00e9rz\u00e9s befoly\u00e1solja az aktu\u00e1lis megsz\u00e9gyen\u00edt\u0151 helyzetekre adott reakci\u00f3k mint\u00e1zat\u00e1t.\u00a0 A reakci\u00f3m\u00f3dok specifikusak lehetnek a k\u00fcl\u00f6nb\u00f6z\u0151 k\u00f6r\u00fcl\u00edrt pszichopatol\u00f3gi\u00e1kra. Kutat\u00e1sunk c\u00e9lja a kr\u00f3nikus sz\u00e9gyen\u00e9rz\u00e9s kialakul\u00e1s\u00e1t befoly\u00e1sol\u00f3 t\u00e9nyez\u0151k, valamint a megsz\u00e9gyen\u00edt\u0151 helyzetekre adott maladapt\u00edv reakci\u00f3k felt\u00e9rk\u00e9pez\u00e9se.<\/p>\n<hr \/>\n<p><strong>II. A<\/strong><strong> t\u00e1rsas-kognit\u00edv zavar elemi komponenseinek vizsg\u00e1lata borderline szem\u00e9lyis\u00e9gzavarban, szkizofr\u00e9ni\u00e1ban \u00e9s feln\u0151ttkori ADHD-ban szenved\u0151 betegek k\u00f6r\u00e9ben<\/strong><\/p>\n<p>A kutat\u00e1s a lapvet\u0151 k\u00e9rd\u00e9sei: a t\u00e1rsas helyzetek szab\u00e1lyoz\u00e1s\u00e1ban d\u00f6nt\u0151 fontoss\u00e1g\u00fa t\u00e1rsas-kognit\u00edv k\u00e9szs\u00e9gek alapelemeinek, kiemelten a perspekt\u00edvav\u00e1lt\u00e1s \u00e9s az \u00e9rzelemfeldolgoz\u00e1s folyamatainak k\u00e9rd\u0151\u00edves, visekeld\u00e9ses \u00e9s elektrofiziol\u00f3giai vizsg\u00e1lata ment\u00e1lis zavarban szenved\u0151 betegek k\u00f6r\u00e9ben.<\/p>\n<hr \/>\n<p><strong>III. Elemi d\u00f6nt\u00e9si mechanizmusok vizsg\u00e1lata borderline \u00e9s elker\u00fcl\u0151 szem\u00e9lyis\u00e9gzavarban szenved\u0151 betegek k\u00f6r\u00e9ben k\u00fcl\u00f6nf\u00e9le helyzetekben, viselked\u00e9ses \u00e9s elektrofiziol\u00f3giai m\u00f3dszerek seg\u00edts\u00e9g\u00e9vel<\/strong><\/p>\n<p>A kutat\u00e1s alapvet\u0151 k\u00e9rd\u00e9sei: hogyan hat a t\u00e1rsak jelenl\u00e9te az egyszer\u0171 d\u00f6nt\u00e9si folyamatokat k\u00eds\u00e9r\u0151 elektrofiziol\u00f3giai mutat\u00f3k alakul\u00e1s\u00e1ra, hogyan montitorozz\u00e1k eg\u00e9szs\u00e9ges \u00e9s szem\u00e9lyis\u00e9gzavarban szenved\u0151 betegek cselekedeteik k\u00f6vetkezm\u00e9nyeit k\u00fcl\u00f6nf\u00e9le t\u00e1rsas szitu\u00e1ci\u00f3kban.<\/p>\n<hr \/>\n<p><strong>IV. A korai rossz b\u00e1n\u00e1sm\u00f3d ment\u00e1lis eg\u00e9szs\u00e9gre \u00e9s kognit\u00edv funkci\u00f3kra gyakorolt hat\u00e1sainak komplex felm\u00e9r\u00e9se<\/strong><\/p>\n<p>A kutat\u00e1s c\u00e9lja a haz\u00e1nkban komoly probl\u00e9m\u00e1t jelent\u0151 korai b\u00e1ntalmaz\u00e1s, elhanyagol\u00e1s \u00e9s lelki traum\u00e1k eg\u00e9szs\u00e9gk\u00e1ros\u00edt\u00f3 hat\u00e1sainak felt\u00e9rk\u00e9pez\u00e9se oszt\u00e1lyunkon kezelt, ment\u00e1lis zavarban szenved\u0151 \u00e9s eg\u00e9szs\u00e9ges szem\u00e9lyek k\u00f6r\u00e9ben k\u00e9r\u0151\u00edves m\u00f3dszerek seg\u00edts\u00e9g\u00e9vel.<\/p>\n<hr \/>\n<p><strong>V. Emp\u00e1tia \u00e9s \u00e9rzelem-felismer\u00e9s vizsg\u00e1lata szem\u00e9lyis\u00e9gzavarban, depresszi\u00f3ban, ev\u00e9szavarban \u00e9s szorong\u00e1sos zavarban szenved\u0151 p\u00e1ciensek \u00e9s eg\u00e9szs\u00e9ges kontroll szem\u00e9lyek k\u00f6r\u00e9ben<\/strong><\/p>\n<p>Az adott helyzetben kialakul\u00f3 emp\u00e1ti\u00e1s v\u00e1lasz komponenseinek vizsg\u00e1lata \u00e9s pszichopatol\u00f3giai dimenzi\u00f3kkal val\u00f3 \u00f6sszef\u00fcgg\u00e9seinek elemz\u00e9se a fenti mint\u00e1kon<\/p>\n","protected":false},"excerpt":{"rendered":"<p>Kutat\u00e1si t\u00e9m\u00e1ink: I. A sz\u00e9gyenre adott reakci\u00f3k diagnosztikai, temperamentum \u00e9s m\u00e1s szem\u00e9lyis\u00e9gv\u00e1ltoz\u00f3kkal val\u00f3 kapcsolat\u00e1nak vizsg\u00e1lata k\u00e9rd\u0151\u00edves m\u00f3dszerrel oszt\u00e1lyos kezel\u00e9s alatt \u00e1ll\u00f3 pszichi\u00e1triai betegek \u00e9s eg\u00e9szs\u00e9ges kontroll szem\u00e9lyek k\u00f6r\u00e9ben Felt\u00e9telez\u00e9seink szerint a korai gyermekkort\u00f3l kezdve meg\u00e9lt negat\u00edv \u00e9lm\u00e9nyek, valamint az egy\u00e9n temperamentuma \u00e9s a m\u00e1sok meg\u00edt\u00e9l\u00e9s\u00e9re vonatkoz\u00f3 kognit\u00edv st\u00edlusa szerepet j\u00e1tszhat a pszichopatol\u00f3gi\u00e1kban kimutathat\u00f3 kr\u00f3nikus sz\u00e9gyen\u00e9rz\u00e9s &hellip;<\/p>\n","protected":false},"author":1,"featured_media":0,"parent":0,"menu_order":6,"comment_status":"closed","ping_status":"closed","template":"","meta":{"_acf_changed":false,"footnotes":""},"categories":[],"tags":[],"class_list":["post-86","page","type-page","status-publish","hentry"],"acf":[],"_links":{"self":[{"href":"https:\/\/semmelweis.hu\/pszichoterapiasosztaly\/wp-json\/wp\/v2\/pages\/86","targetHints":{"allow":["GET"]}}],"collection":[{"href":"https:\/\/semmelweis.hu\/pszichoterapiasosztaly\/wp-json\/wp\/v2\/pages"}],"about":[{"href":"https:\/\/semmelweis.hu\/pszichoterapiasosztaly\/wp-json\/wp\/v2\/types\/page"}],"author":[{"embeddable":true,"href":"https:\/\/semmelweis.hu\/pszichoterapiasosztaly\/wp-json\/wp\/v2\/users\/1"}],"replies":[{"embeddable":true,"href":"https:\/\/semmelweis.hu\/pszichoterapiasosztaly\/wp-json\/wp\/v2\/comments?post=86"}],"version-history":[{"count":3,"href":"https:\/\/semmelweis.hu\/pszichoterapiasosztaly\/wp-json\/wp\/v2\/pages\/86\/revisions"}],"predecessor-version":[{"id":410,"href":"https:\/\/semmelweis.hu\/pszichoterapiasosztaly\/wp-json\/wp\/v2\/pages\/86\/revisions\/410"}],"wp:attachment":[{"href":"https:\/\/semmelweis.hu\/pszichoterapiasosztaly\/wp-json\/wp\/v2\/media?parent=86"}],"wp:term":[{"taxonomy":"category","embeddable":true,"href":"https:\/\/semmelweis.hu\/pszichoterapiasosztaly\/wp-json\/wp\/v2\/categories?post=86"},{"taxonomy":"post_tag","embeddable":true,"href":"https:\/\/semmelweis.hu\/pszichoterapiasosztaly\/wp-json\/wp\/v2\/tags?post=86"}],"curies":[{"name":"wp","href":"https:\/\/api.w.org\/{rel}","templated":true}]}}