{"id":75,"date":"2015-04-30T10:45:42","date_gmt":"2015-04-30T08:45:42","guid":{"rendered":"http:\/\/semmelweis.hu\/pszichoterapiasosztaly\/?page_id=75"},"modified":"2022-10-21T12:54:36","modified_gmt":"2022-10-21T10:54:36","slug":"dr-seres-imola","status":"publish","type":"page","link":"https:\/\/semmelweis.hu\/pszichoterapiasosztaly\/rolunk\/terapeutaink\/dr-seres-imola\/","title":{"rendered":"Dr. Seres Imola"},"content":{"rendered":"<h3>Egyetemi tan\u00e1rseg\u00e9d, oszt\u00e1lyvezet\u0151 helyettes, pszichi\u00e1ter szakorvos<\/h3>\n<p>A Marosv\u00e1s\u00e1rhelyi Orvosi \u00e9s Gy\u00f3gyszer\u00e9szeti Egyetemen v\u00e9gzett \u00e1ltal\u00e1nos orvosk\u00e9nt, 2012-ben pszichi\u00e1triai szakvizsg\u00e1t szerzett.\u00a0 Szakk\u00e9pz\u00e9se kezdete \u00f3ta a Semmelweis Egyetem Pszichi\u00e1triai \u00e9s Pszichoter\u00e1pi\u00e1s klinik\u00e1j\u00e1n dolgozik.\u00a0 Jelenleg a<br \/>\nMagyar Viselked\u00e9stanulm\u00e1nyi \u00e9s Kognit\u00edv Ter\u00e1pi\u00e1s Egyes\u00fclet pszichoterapeuta szakvizsg\u00e1ra felk\u00e9sz\u00edt\u0151, m\u00f3dszerspecifikus k\u00e9pz\u00e9s\u00e9nek m\u00e1sod\u00e9ves hallgat\u00f3ja<\/p>\n<p>A Pszichoter\u00e1pi\u00e1s R\u00e9szlegen kognit\u00edv-viselked\u00e9ster\u00e1pi\u00e1s \u00e9s s\u00e9mater\u00e1pi\u00e1s szeml\u00e9letben v\u00e9gez pszichoter\u00e1pi\u00e1kat, valamint oktat\u00e1si feladatokat l\u00e1t el. A Ment\u00e1lis Eg\u00e9szs\u00e9gtudom\u00e1nyok Doktori Iskol\u00e1ban Dr. K\u00e9ri Szabolcs t\u00e9mavezet\u00e9s\u00e9vel egy\u00e9ni fokozatszerz\u00e9sben\u00a0 PhD hallgat\u00f3.<\/p>\n","protected":false},"excerpt":{"rendered":"<p>Egyetemi tan\u00e1rseg\u00e9d, oszt\u00e1lyvezet\u0151 helyettes, pszichi\u00e1ter szakorvos A Marosv\u00e1s\u00e1rhelyi Orvosi \u00e9s Gy\u00f3gyszer\u00e9szeti Egyetemen v\u00e9gzett \u00e1ltal\u00e1nos orvosk\u00e9nt, 2012-ben pszichi\u00e1triai szakvizsg\u00e1t szerzett.\u00a0 Szakk\u00e9pz\u00e9se kezdete \u00f3ta a Semmelweis Egyetem Pszichi\u00e1triai \u00e9s Pszichoter\u00e1pi\u00e1s klinik\u00e1j\u00e1n dolgozik.\u00a0 Jelenleg a Magyar Viselked\u00e9stanulm\u00e1nyi \u00e9s Kognit\u00edv Ter\u00e1pi\u00e1s Egyes\u00fclet pszichoterapeuta szakvizsg\u00e1ra felk\u00e9sz\u00edt\u0151, m\u00f3dszerspecifikus k\u00e9pz\u00e9s\u00e9nek m\u00e1sod\u00e9ves hallgat\u00f3ja A Pszichoter\u00e1pi\u00e1s R\u00e9szlegen kognit\u00edv-viselked\u00e9ster\u00e1pi\u00e1s \u00e9s s\u00e9mater\u00e1pi\u00e1s szeml\u00e9letben v\u00e9gez pszichoter\u00e1pi\u00e1kat, valamint &hellip;<\/p>\n","protected":false},"author":1,"featured_media":0,"parent":65,"menu_order":4,"comment_status":"closed","ping_status":"closed","template":"","meta":{"_acf_changed":false,"footnotes":""},"categories":[],"tags":[],"class_list":["post-75","page","type-page","status-publish","hentry"],"acf":[],"_links":{"self":[{"href":"https:\/\/semmelweis.hu\/pszichoterapiasosztaly\/wp-json\/wp\/v2\/pages\/75","targetHints":{"allow":["GET"]}}],"collection":[{"href":"https:\/\/semmelweis.hu\/pszichoterapiasosztaly\/wp-json\/wp\/v2\/pages"}],"about":[{"href":"https:\/\/semmelweis.hu\/pszichoterapiasosztaly\/wp-json\/wp\/v2\/types\/page"}],"author":[{"embeddable":true,"href":"https:\/\/semmelweis.hu\/pszichoterapiasosztaly\/wp-json\/wp\/v2\/users\/1"}],"replies":[{"embeddable":true,"href":"https:\/\/semmelweis.hu\/pszichoterapiasosztaly\/wp-json\/wp\/v2\/comments?post=75"}],"version-history":[{"count":2,"href":"https:\/\/semmelweis.hu\/pszichoterapiasosztaly\/wp-json\/wp\/v2\/pages\/75\/revisions"}],"predecessor-version":[{"id":149,"href":"https:\/\/semmelweis.hu\/pszichoterapiasosztaly\/wp-json\/wp\/v2\/pages\/75\/revisions\/149"}],"up":[{"embeddable":true,"href":"https:\/\/semmelweis.hu\/pszichoterapiasosztaly\/wp-json\/wp\/v2\/pages\/65"}],"wp:attachment":[{"href":"https:\/\/semmelweis.hu\/pszichoterapiasosztaly\/wp-json\/wp\/v2\/media?parent=75"}],"wp:term":[{"taxonomy":"category","embeddable":true,"href":"https:\/\/semmelweis.hu\/pszichoterapiasosztaly\/wp-json\/wp\/v2\/categories?post=75"},{"taxonomy":"post_tag","embeddable":true,"href":"https:\/\/semmelweis.hu\/pszichoterapiasosztaly\/wp-json\/wp\/v2\/tags?post=75"}],"curies":[{"name":"wp","href":"https:\/\/api.w.org\/{rel}","templated":true}]}}