{"id":60,"date":"2015-04-30T10:40:05","date_gmt":"2015-04-30T08:40:05","guid":{"rendered":"http:\/\/semmelweis.hu\/pszichoterapiasosztaly\/?page_id=60"},"modified":"2022-10-25T13:58:57","modified_gmt":"2022-10-25T11:58:57","slug":"muveszet-terapia","status":"publish","type":"page","link":"https:\/\/semmelweis.hu\/pszichoterapiasosztaly\/terapias-csoportok\/muveszet-terapia\/","title":{"rendered":"M\u0171v\u00e9szet-ter\u00e1pia"},"content":{"rendered":"<p style=\"font-weight: 400\">\u00c9let\u00fcnk sz\u00e1mtalan \u00e9lm\u00e9nye a mindennapi \u00e9rintkez\u00e9sben haszn\u00e1lt nyelvis\u00e9g (szavak) sz\u00e1m\u00e1ra nem hozz\u00e1f\u00e9rhet\u0151.<\/p>\n<p style=\"font-weight: 400\">A m\u0171v\u00e9szetter\u00e1pia a k\u00e9pi kifejez\u00e9s \u00faj tapasztalataival, a spontaneit\u00e1s, a t\u00e9t n\u00e9lk\u00fcli j\u00e1t\u00e9kos kis\u00e9rletez\u00e9s \u00e9lm\u00e9ny\u00e9vel seg\u00edti az \u00f6nkifejez\u00e9st. A tapasztalatok szerint alkalmas bels\u0151 fesz\u00fclts\u00e9gek levezet\u00e9s\u00e9ben, jav\u00edtja az \u00f6n\u00e9szlel\u00e9st \u00e9s a kapcsolatot a saj\u00e1t testi \u00e9s \u00e9rzelmi \u00e1llapotokkal. A csoportos ter\u00e1pi\u00e1s munka pozit\u00edvan befoly\u00e1solja az \u00f6n\u00e9rt\u00e9kel\u00e9st, de elsaj\u00e1t\u00edthat\u00f3 az a k\u00e9pess\u00e9g is, hogy saj\u00e1t \u00e9s m\u00e1sok alkot\u00e1sa elfogadhat\u00f3.<\/p>\n<p style=\"font-weight: 400\">A m\u0171v\u00e9szeti tev\u00e9kenys\u00e9g term\u00e9szet\u00e9b\u0151l ad\u00f3d\u00f3an az alkot\u00f3munk\u00e1t er\u0151s \u00e9rzelmek, a szabads\u00e1g, a kreativit\u00e1s \u00e1t\u00e9l\u00e9se \u00e9s a bels\u0151 k\u00e9pek megjelen\u00e9se k\u00eds\u00e9ri.<\/p>\n<p style=\"font-weight: 400\">A ter\u00e1pia \u00faj, ismeretlen er\u0151forr\u00e1sokat szabad\u00edthat fel. Az alkot\u00f3nak \u2013 rajzi el\u0151k\u00e9pzetts\u00e9g n\u00e9lk\u00fcl is &#8211; minden lehet\u0151s\u00e9ge megvan arra, hogy a legbens\u0151t pap\u00edrra vesse, megform\u00e1lja.<\/p>\n<p><a href=\"https:\/\/semmelweis.hu\/pszichoterapiasosztaly\/a-jelentkezes-modja\/\">Tov\u00e1bb a jelentkez\u00e9s menet\u00e9hez \u2192<\/a><\/p>\n<p>Az al\u00e1bbi\u00a0k\u00e9pek az oszt\u00e1lyon zajl\u00f3 ter\u00e1pi\u00e1s munka sor\u00e1n k\u00e9sz\u00fcltek.<\/p>\n\r\n        [slb_exclude]\r\n        <div class=\"row galeria-wrapper mx-0 h-auto\">\r\n            <div class=\"col-9 pl-0 pr-2\">\r\n            <span class=\"gallery-item frame\">\r\n\t\t\t\t<div class=\"galeria-left-img\"><a href=\"https:\/\/semmelweis.hu\/pszichoterapiasosztaly\/files\/2022\/10\/Kep1.jpg\"><img src=https:\/\/semmelweis.hu\/pszichoterapiasosztaly\/files\/2022\/10\/Kep1.jpg  \r\n                            alt=\"\" \r\n                            class=\"attachment-sote-gallery-big size-sote-gallery-big\" \r\n                            srcset=\"https:\/\/semmelweis.hu\/pszichoterapiasosztaly\/files\/2022\/10\/Kep1-400x301.jpg 400w, https:\/\/semmelweis.hu\/pszichoterapiasosztaly\/files\/2022\/10\/Kep1-399x300.jpg 399w, https:\/\/semmelweis.hu\/pszichoterapiasosztaly\/files\/2022\/10\/Kep1.jpg 499w\" ><\/a><\/div>\r\n            <\/span>\r\n\r\n            <\/div>\r\n\r\n\t\t\t<div class=\"col-3 pl-0 pr-0\">\r\n\t\t\t\t<div class=\"galeria-right-img d-flex justify-content-between flex-column h-100 w-100 px-0 mx-0 \">\r\n                <div class=\"galeria-box\">\r\n\t\t\t\t\t<h3 class=\"galeria-title\">Gal\u00e9ria<\/h3>\r\n\t\t\t\t\t<div class=\"galeria-subtitle\">\r\n\r\n\t\t\t\t\t\t<div class=\"galeria-page-counter\"><span>8<\/span>k\u00e9p<\/div>\r\n                    <\/div> <\/div>\r\n                    <span class=\"gallery-item frame d-none d-md-flex\">\r\n\t\t\t\t\t<div class=\"galeria-small-img mt-0\"><a href=\"https:\/\/semmelweis.hu\/pszichoterapiasosztaly\/files\/2022\/10\/Kep2.jpg\"><img src=https:\/\/semmelweis.hu\/pszichoterapiasosztaly\/files\/2022\/10\/Kep2.jpg \r\n                                alt=\"\"  \r\n                                class=\"attachment-sote-gallery-small size-sote-gallery-small\" \r\n                                srcset=\"https:\/\/semmelweis.hu\/pszichoterapiasosztaly\/files\/2022\/10\/Kep2-400x301.jpg 400w, https:\/\/semmelweis.hu\/pszichoterapiasosztaly\/files\/2022\/10\/Kep2-399x300.jpg 399w, https:\/\/semmelweis.hu\/pszichoterapiasosztaly\/files\/2022\/10\/Kep2.jpg 499w\" ><\/a><\/div>\r\n                    <\/span>\r\n                    <span class=\"gallery-item frame d-none d-md-flex\">\r\n\t\t\t\t\t<div class=\"galeria-small-img mt-0\"><a href=\"https:\/\/semmelweis.hu\/pszichoterapiasosztaly\/files\/2022\/10\/Kep3.jpg\"><img src=https:\/\/semmelweis.hu\/pszichoterapiasosztaly\/files\/2022\/10\/Kep3.jpg \r\n                                alt=\"\" \r\n                                class=\"attachment-sote-gallery-small size-sote-gallery-small\" \r\n                                srcset=\"https:\/\/semmelweis.hu\/pszichoterapiasosztaly\/files\/2022\/10\/Kep3-400x301.jpg 400w, https:\/\/semmelweis.hu\/pszichoterapiasosztaly\/files\/2022\/10\/Kep3-399x300.jpg 399w, https:\/\/semmelweis.hu\/pszichoterapiasosztaly\/files\/2022\/10\/Kep3.jpg 499w\" ><\/a><\/div>\r\n                    <\/span>\r\n\r\n                <\/div>\r\n\r\n            <\/div>\r\n\r\n            <span class=\"gallery-item\"><div class=\"hidden\"><a href=\"https:\/\/semmelweis.hu\/pszichoterapiasosztaly\/files\/2022\/10\/Kep4.jpg\">\r\n        <img src=https:\/\/semmelweis.hu\/pszichoterapiasosztaly\/files\/2022\/10\/Kep4.jpg alt=\"\" class=\"attachment-sote-gallery-big size-sote-gallery-big\" srcset=\"https:\/\/semmelweis.hu\/pszichoterapiasosztaly\/files\/2022\/10\/Kep4-400x301.jpg 400w, https:\/\/semmelweis.hu\/pszichoterapiasosztaly\/files\/2022\/10\/Kep4-1024x769.jpg 1024w, https:\/\/semmelweis.hu\/pszichoterapiasosztaly\/files\/2022\/10\/Kep4-768x577.jpg 768w, https:\/\/semmelweis.hu\/pszichoterapiasosztaly\/files\/2022\/10\/Kep4-399x300.jpg 399w, https:\/\/semmelweis.hu\/pszichoterapiasosztaly\/files\/2022\/10\/Kep4.jpg 1263w\" >\r\n        <\/a><\/div><\/span><span class=\"gallery-item\"><div class=\"hidden\"><a href=\"https:\/\/semmelweis.hu\/pszichoterapiasosztaly\/files\/2022\/10\/Kep5.jpg\">\r\n        <img src=https:\/\/semmelweis.hu\/pszichoterapiasosztaly\/files\/2022\/10\/Kep5.jpg alt=\"\" class=\"attachment-sote-gallery-big size-sote-gallery-big\" srcset=\"https:\/\/semmelweis.hu\/pszichoterapiasosztaly\/files\/2022\/10\/Kep5-400x301.jpg 400w, https:\/\/semmelweis.hu\/pszichoterapiasosztaly\/files\/2022\/10\/Kep5-1024x769.jpg 1024w, https:\/\/semmelweis.hu\/pszichoterapiasosztaly\/files\/2022\/10\/Kep5-768x577.jpg 768w, https:\/\/semmelweis.hu\/pszichoterapiasosztaly\/files\/2022\/10\/Kep5-399x300.jpg 399w, https:\/\/semmelweis.hu\/pszichoterapiasosztaly\/files\/2022\/10\/Kep5.jpg 1263w\" >\r\n        <\/a><\/div><\/span><span class=\"gallery-item\"><div class=\"hidden\"><a href=\"https:\/\/semmelweis.hu\/pszichoterapiasosztaly\/files\/2022\/10\/Kep6.jpg\">\r\n        <img src=https:\/\/semmelweis.hu\/pszichoterapiasosztaly\/files\/2022\/10\/Kep6.jpg alt=\"\" class=\"attachment-sote-gallery-big size-sote-gallery-big\" srcset=\"https:\/\/semmelweis.hu\/pszichoterapiasosztaly\/files\/2022\/10\/Kep6-400x301.jpg 400w, https:\/\/semmelweis.hu\/pszichoterapiasosztaly\/files\/2022\/10\/Kep6-1024x769.jpg 1024w, https:\/\/semmelweis.hu\/pszichoterapiasosztaly\/files\/2022\/10\/Kep6-768x577.jpg 768w, https:\/\/semmelweis.hu\/pszichoterapiasosztaly\/files\/2022\/10\/Kep6-399x300.jpg 399w, https:\/\/semmelweis.hu\/pszichoterapiasosztaly\/files\/2022\/10\/Kep6.jpg 1263w\" >\r\n        <\/a><\/div><\/span><span class=\"gallery-item\"><div class=\"hidden\"><a href=\"https:\/\/semmelweis.hu\/pszichoterapiasosztaly\/files\/2022\/10\/Kep7.jpg\">\r\n        <img src=https:\/\/semmelweis.hu\/pszichoterapiasosztaly\/files\/2022\/10\/Kep7.jpg alt=\"\" class=\"attachment-sote-gallery-big size-sote-gallery-big\" srcset=\"https:\/\/semmelweis.hu\/pszichoterapiasosztaly\/files\/2022\/10\/Kep7-300x400.jpg 300w, https:\/\/semmelweis.hu\/pszichoterapiasosztaly\/files\/2022\/10\/Kep7-768x1023.jpg 768w, https:\/\/semmelweis.hu\/pszichoterapiasosztaly\/files\/2022\/10\/Kep7-225x300.jpg 225w, https:\/\/semmelweis.hu\/pszichoterapiasosztaly\/files\/2022\/10\/Kep7-1153x1536.jpg 1153w, https:\/\/semmelweis.hu\/pszichoterapiasosztaly\/files\/2022\/10\/Kep7.jpg 1371w\" >\r\n        <\/a><\/div><\/span><span class=\"gallery-item\"><div class=\"hidden\"><a href=\"https:\/\/semmelweis.hu\/pszichoterapiasosztaly\/files\/2022\/10\/Kep8.jpg\">\r\n        <img src=https:\/\/semmelweis.hu\/pszichoterapiasosztaly\/files\/2022\/10\/Kep8.jpg alt=\"\" class=\"attachment-sote-gallery-big size-sote-gallery-big\" srcset=\"https:\/\/semmelweis.hu\/pszichoterapiasosztaly\/files\/2022\/10\/Kep8-400x301.jpg 400w, https:\/\/semmelweis.hu\/pszichoterapiasosztaly\/files\/2022\/10\/Kep8-1024x771.jpg 1024w, https:\/\/semmelweis.hu\/pszichoterapiasosztaly\/files\/2022\/10\/Kep8-768x578.jpg 768w, https:\/\/semmelweis.hu\/pszichoterapiasosztaly\/files\/2022\/10\/Kep8-399x300.jpg 399w, https:\/\/semmelweis.hu\/pszichoterapiasosztaly\/files\/2022\/10\/Kep8.jpg 1375w\" >\r\n        <\/a><\/div><\/span>\r\n            <\/div>\r\n\r\n            [\/slb_exclude]\r\n\t\n","protected":false},"excerpt":{"rendered":"<p>\u00c9let\u00fcnk sz\u00e1mtalan \u00e9lm\u00e9nye a mindennapi \u00e9rintkez\u00e9sben haszn\u00e1lt nyelvis\u00e9g (szavak) sz\u00e1m\u00e1ra nem hozz\u00e1f\u00e9rhet\u0151. A m\u0171v\u00e9szetter\u00e1pia a k\u00e9pi kifejez\u00e9s \u00faj tapasztalataival, a spontaneit\u00e1s, a t\u00e9t n\u00e9lk\u00fcli j\u00e1t\u00e9kos kis\u00e9rletez\u00e9s \u00e9lm\u00e9ny\u00e9vel seg\u00edti az \u00f6nkifejez\u00e9st. A tapasztalatok szerint alkalmas bels\u0151 fesz\u00fclts\u00e9gek levezet\u00e9s\u00e9ben, jav\u00edtja az \u00f6n\u00e9szlel\u00e9st \u00e9s a kapcsolatot a saj\u00e1t testi \u00e9s \u00e9rzelmi \u00e1llapotokkal. A csoportos ter\u00e1pi\u00e1s munka pozit\u00edvan befoly\u00e1solja &hellip;<\/p>\n","protected":false},"author":1,"featured_media":0,"parent":52,"menu_order":3,"comment_status":"closed","ping_status":"closed","template":"","meta":{"_acf_changed":false,"footnotes":""},"categories":[],"tags":[],"class_list":["post-60","page","type-page","status-publish","hentry"],"acf":[],"_links":{"self":[{"href":"https:\/\/semmelweis.hu\/pszichoterapiasosztaly\/wp-json\/wp\/v2\/pages\/60","targetHints":{"allow":["GET"]}}],"collection":[{"href":"https:\/\/semmelweis.hu\/pszichoterapiasosztaly\/wp-json\/wp\/v2\/pages"}],"about":[{"href":"https:\/\/semmelweis.hu\/pszichoterapiasosztaly\/wp-json\/wp\/v2\/types\/page"}],"author":[{"embeddable":true,"href":"https:\/\/semmelweis.hu\/pszichoterapiasosztaly\/wp-json\/wp\/v2\/users\/1"}],"replies":[{"embeddable":true,"href":"https:\/\/semmelweis.hu\/pszichoterapiasosztaly\/wp-json\/wp\/v2\/comments?post=60"}],"version-history":[{"count":9,"href":"https:\/\/semmelweis.hu\/pszichoterapiasosztaly\/wp-json\/wp\/v2\/pages\/60\/revisions"}],"predecessor-version":[{"id":430,"href":"https:\/\/semmelweis.hu\/pszichoterapiasosztaly\/wp-json\/wp\/v2\/pages\/60\/revisions\/430"}],"up":[{"embeddable":true,"href":"https:\/\/semmelweis.hu\/pszichoterapiasosztaly\/wp-json\/wp\/v2\/pages\/52"}],"wp:attachment":[{"href":"https:\/\/semmelweis.hu\/pszichoterapiasosztaly\/wp-json\/wp\/v2\/media?parent=60"}],"wp:term":[{"taxonomy":"category","embeddable":true,"href":"https:\/\/semmelweis.hu\/pszichoterapiasosztaly\/wp-json\/wp\/v2\/categories?post=60"},{"taxonomy":"post_tag","embeddable":true,"href":"https:\/\/semmelweis.hu\/pszichoterapiasosztaly\/wp-json\/wp\/v2\/tags?post=60"}],"curies":[{"name":"wp","href":"https:\/\/api.w.org\/{rel}","templated":true}]}}