{"id":50,"date":"2015-04-30T10:35:19","date_gmt":"2015-04-30T08:35:19","guid":{"rendered":"http:\/\/semmelweis.hu\/pszichoterapiasosztaly\/?page_id=50"},"modified":"2022-10-25T14:21:47","modified_gmt":"2022-10-25T12:21:47","slug":"hazirendunk","status":"publish","type":"page","link":"https:\/\/semmelweis.hu\/pszichoterapiasosztaly\/a-jelentkezes-modja\/hazirendunk\/","title":{"rendered":"H\u00e1zirend\u00fcnk"},"content":{"rendered":"<p>A r\u00e9sztvev\u0151kt\u0151l a Semmelweis Egyetem Pszichi\u00e1triai \u00e9s Pszichoter\u00e1pi\u00e1s Klinik\u00e1n elfogadott h\u00e1zirend betart\u00e1s\u00e1t k\u00e9rj\u00fck, amelyet a programban val\u00f3 r\u00e9szv\u00e9tel saj\u00e1t szab\u00e1lyaival eg\u00e9sz\u00edt\u00fcnk ki.<\/p>\n<p>Amennyiben a h\u00e1zirend megs\u00e9rt\u00e9se miatt a p\u00e1ciens kezel\u00e9s\u00e9t nem tudjuk tov\u00e1bb v\u00e1llalni, \u00e1llapot\u00e1nak figyelembe v\u00e9tel\u00e9vel ir\u00e1ny\u00edtjuk tov\u00e1bb: ha \u00e1llapota akut pszichi\u00e1triai kezel\u00e9st nem ig\u00e9nyel, oszt\u00e1lyos kezel\u00e9s\u00e9t megszak\u00edtjuk \u00e9s a ter\u00fcletileg illet\u00e9kes szakrendel\u0151be ir\u00e1ny\u00edtjuk. Amennyiben \u00e1llapota akut k\u00f3rh\u00e1zi pszichi\u00e1triai kezel\u00e9st ig\u00e9nyel, \u00fagy a ter\u00fcletileg illet\u00e9kes pszichi\u00e1triai oszt\u00e1lyra utaljuk.<\/p>\n<h4><strong>Az egy\u00fctt\u00e9l\u00e9s szab\u00e1lyai<\/strong><\/h4>\n<p>A kultur\u00e1lt egy\u00fctt\u00e9l\u00e9s szab\u00e1lyainak megfelel\u0151en elv\u00e1rhat\u00f3 a ter\u00e1pi\u00e1s teamt\u0151l \u00e9s a betegekt\u0151l az udvarias tisztelettud\u00f3 viselked\u00e9s, megfelel\u0151 \u00f6lt\u00f6zk\u00f6d\u00e9s, modor.<\/p>\n<div class=\"keretes w-100\">\n<p><strong>K\u00e9rj\u00fck, hogy az al\u00e1bbi magatart\u00e1st\u00f3l tart\u00f3zkodjon. Az al\u00e1bbi pontok t\u00f6bbsz\u00f6ri megs\u00e9rt\u00e9se eset\u00e9n felmer\u00fcl a programb\u00f3l val\u00f3 kiz\u00e1r\u00e1s lehet\u0151s\u00e9ge.<\/strong><\/p>\n<ol>\n<li>Az el\u0151\u00edrt ter\u00e1pi\u00e1kon, csoportfoglalkoz\u00e1sokon pontos id\u0151ben jelenjen meg, ne k\u00e9ssen. Programunkon val\u00f3 r\u00e9szv\u00e9tel akkor lehets\u00e9ges, ha a p\u00e1ciens a programban szerepl\u0151 \u00f6sszes, egym\u00e1sra \u00e9p\u00fcl\u0151 csoportfoglalkoz\u00e1son r\u00e9szt vesz.<\/li>\n<li>Idegen szem\u00e9lyek az oszt\u00e1lyon, k\u00f3rtermekben ne tart\u00f3zkodjanak. L\u00e1togat\u00e1si id\u0151 alatt a betegek a l\u00e1togat\u00f3kat az udvaron, a k\u00f3rh\u00e1z aul\u00e1j\u00e1ban fogadhatj\u00e1k.<\/li>\n<li>A doh\u00e1nyz\u00e1s ellenes t\u00f6rv\u00e9ny tiltja a Klinika eg\u00e9sz ter\u00fclet\u00e9n a doh\u00e1nyoz\u00e1st, doh\u00e1nyz\u00e1sra kijel\u00f6lt hely a kertben tal\u00e1lhat\u00f3.<\/li>\n<li>Saj\u00e1t gy\u00f3gyszert, gy\u00f3gyhat\u00e1s\u00fa k\u00e9sz\u00edtm\u00e9nyt ne tartsanak magukn\u00e1l. Biztons\u00e1gi okokb\u00f3l gy\u00f3gyszer a betegn\u00e9l csak akkor lehet, ha ezt kezel\u0151orvos\u00e1val megbesz\u00e9lte \u00e9s err\u0151l az \u00e1pol\u00f3 szem\u00e9lyzetet is t\u00e1j\u00e9koztatta.<\/li>\n<li>A csendes pihen\u0151 alatt k\u00e9rj\u00fck, hogy betegt\u00e1rsait ne zavarja, ez id\u0151 alatt TV-t, r\u00e1di\u00f3t ne haszn\u00e1ljon, telefonj\u00e1t n\u00e9m\u00edtsa el &#8211; eb\u00e9d ut\u00e1ni id\u0151szak.<\/li>\n<li>Az oszt\u00e1lyt 22-05 \u00f3ra k\u00f6z\u00f6tt ne hagyja el.<\/li>\n<li>Romland\u00f3 \u00e9lelmiszert ne t\u00e1roljon a k\u00f3rterembe, az \u00e9tkez\u00e9s helye kiz\u00e1r\u00f3lag csak az eb\u00e9dl\u0151.<\/li>\n<li>A betegek saj\u00e1t k\u00f3rterm\u00fckben tart\u00f3zkodjanak, m\u00e1s k\u00f3rteremben ne menjenek be.<\/li>\n<\/ol>\n<\/div>\n<p><strong>Abban az esetben, ha az al\u00e1bbi jogs\u00e9rt\u0151 magatart\u00e1sok valamelyik\u00e9t tan\u00fas\u00edtja, azzal a programb\u00f3l val\u00f3 azonnali elt\u00e1vol\u00edt\u00e1st v\u00e1llalja.<\/strong><\/p>\n<ol>\n<li>Alkohol, k\u00e1b\u00edt\u00f3szer fogyaszt\u00e1sa a k\u00f3rh\u00e1zi \u00e1llom\u00e1nyban tart\u00f3zkod\u00e1s alatt (kimen\u0151k alatt sem szabad!)!<\/li>\n<li>Betegt\u00e1rsakkal az oszt\u00e1lyon tart\u00f3zkod\u00e1s ideje alatt p\u00e1rkapcsolatot, szexu\u00e1lis kapcsolatot l\u00e9tes\u00edteni.<\/li>\n<li>Fizikai b\u00e1ntalmaz\u00e1s vagy az ezzel val\u00f3 fenyeget\u0151z\u00e9s.<\/li>\n<li>Az oszt\u00e1lyr\u00f3l k\u00f3rh\u00e1zi text\u00edlia (leped\u0151, p\u00e1rna, paplan, ruh\u00e1zat), vagy betegt\u00e1rsakt\u00f3l szem\u00e9lyes t\u00e1rgyaik eltulajdon\u00edt\u00e1sa.<\/li>\n<li>Az oszt\u00e1ly \u00e9s a k\u00f3rh\u00e1z tulajdon\u00e1ban l\u00e9v\u0151 t\u00e1rgyak rong\u00e1l\u00e1sa.<\/li>\n<\/ol>\n<p><strong>K\u00f6sz\u00f6nj\u00fck, hogy a fentiek betart\u00e1s\u00e1val el\u0151seg\u00edti a b\u00e9k\u00e9s \u00e9s eredm\u00e9nyes k\u00f6z\u00f6s munk\u00e1t!<\/strong><\/p>\n","protected":false},"excerpt":{"rendered":"<p>A r\u00e9sztvev\u0151kt\u0151l a Semmelweis Egyetem Pszichi\u00e1triai \u00e9s Pszichoter\u00e1pi\u00e1s Klinik\u00e1n elfogadott h\u00e1zirend betart\u00e1s\u00e1t k\u00e9rj\u00fck, amelyet a programban val\u00f3 r\u00e9szv\u00e9tel saj\u00e1t szab\u00e1lyaival eg\u00e9sz\u00edt\u00fcnk ki. Amennyiben a h\u00e1zirend megs\u00e9rt\u00e9se miatt a p\u00e1ciens kezel\u00e9s\u00e9t nem tudjuk tov\u00e1bb v\u00e1llalni, \u00e1llapot\u00e1nak figyelembe v\u00e9tel\u00e9vel ir\u00e1ny\u00edtjuk tov\u00e1bb: ha \u00e1llapota akut pszichi\u00e1triai kezel\u00e9st nem ig\u00e9nyel, oszt\u00e1lyos kezel\u00e9s\u00e9t megszak\u00edtjuk \u00e9s a ter\u00fcletileg illet\u00e9kes szakrendel\u0151be ir\u00e1ny\u00edtjuk. &hellip;<\/p>\n","protected":false},"author":1,"featured_media":0,"parent":42,"menu_order":1,"comment_status":"closed","ping_status":"closed","template":"","meta":{"_acf_changed":false,"footnotes":""},"categories":[],"tags":[],"class_list":["post-50","page","type-page","status-publish","hentry"],"acf":[],"_links":{"self":[{"href":"https:\/\/semmelweis.hu\/pszichoterapiasosztaly\/wp-json\/wp\/v2\/pages\/50","targetHints":{"allow":["GET"]}}],"collection":[{"href":"https:\/\/semmelweis.hu\/pszichoterapiasosztaly\/wp-json\/wp\/v2\/pages"}],"about":[{"href":"https:\/\/semmelweis.hu\/pszichoterapiasosztaly\/wp-json\/wp\/v2\/types\/page"}],"author":[{"embeddable":true,"href":"https:\/\/semmelweis.hu\/pszichoterapiasosztaly\/wp-json\/wp\/v2\/users\/1"}],"replies":[{"embeddable":true,"href":"https:\/\/semmelweis.hu\/pszichoterapiasosztaly\/wp-json\/wp\/v2\/comments?post=50"}],"version-history":[{"count":4,"href":"https:\/\/semmelweis.hu\/pszichoterapiasosztaly\/wp-json\/wp\/v2\/pages\/50\/revisions"}],"predecessor-version":[{"id":441,"href":"https:\/\/semmelweis.hu\/pszichoterapiasosztaly\/wp-json\/wp\/v2\/pages\/50\/revisions\/441"}],"up":[{"embeddable":true,"href":"https:\/\/semmelweis.hu\/pszichoterapiasosztaly\/wp-json\/wp\/v2\/pages\/42"}],"wp:attachment":[{"href":"https:\/\/semmelweis.hu\/pszichoterapiasosztaly\/wp-json\/wp\/v2\/media?parent=50"}],"wp:term":[{"taxonomy":"category","embeddable":true,"href":"https:\/\/semmelweis.hu\/pszichoterapiasosztaly\/wp-json\/wp\/v2\/categories?post=50"},{"taxonomy":"post_tag","embeddable":true,"href":"https:\/\/semmelweis.hu\/pszichoterapiasosztaly\/wp-json\/wp\/v2\/tags?post=50"}],"curies":[{"name":"wp","href":"https:\/\/api.w.org\/{rel}","templated":true}]}}