{"id":42,"date":"2015-04-30T10:29:29","date_gmt":"2015-04-30T08:29:29","guid":{"rendered":"http:\/\/semmelweis.hu\/pszichoterapiasosztaly\/?page_id=42"},"modified":"2026-02-20T09:53:27","modified_gmt":"2026-02-20T08:53:27","slug":"a-jelentkezes-modja","status":"publish","type":"page","link":"https:\/\/semmelweis.hu\/pszichoterapiasosztaly\/a-jelentkezes-modja\/","title":{"rendered":"A jelentkez\u00e9s menete"},"content":{"rendered":"<div class=\"keretes w-100\">\n<p>A Pszichoter\u00e1pi\u00e1s Oszt\u00e1ly fekv\u0151betegoszt\u00e1ly. A <a href=\"https:\/\/semmelweis.hu\/pszichoterapiasosztaly\/terapias-csoportok\/\">n\u00e9gyhetes, bentlak\u00e1sos ter\u00e1pi\u00e1n<\/a> val\u00f3 r\u00e9szv\u00e9telt az <strong>Orsz\u00e1gos Eg\u00e9szs\u00e9gp\u00e9nzt\u00e1r (OEP) t\u00e1mogatja<\/strong>, ez\u00e9rt TAJ-k\u00e1rty\u00e1val rendelkez\u0151k sz\u00e1m\u00e1ra a r\u00e9szv\u00e9tel t\u00e9r\u00edt\u00e9smentes. Az els\u0151 interj\u00fara beutal\u00f3 m\u00e9g nem sz\u00fcks\u00e9ges (azonban a befekv\u00e9shez majd igen), azonban kor\u00e1bbi leleteit, orvosi pap\u00edrjait \u2013 ha van ilyen \u2013 hozza mag\u00e1val. Csoportjaink n\u00e9gyhetente, adott id\u0151pontban indulnak, betegfelv\u00e9telre pedig csak a csoportok indul\u00e1sakor van lehet\u0151s\u00e9g.<\/p>\n<\/div>\n<h4>Els\u0151 interj\u00fa<\/h4>\n<p>Az oszt\u00e1lyos felv\u00e9telt egy el\u0151zetes besz\u00e9lget\u00e9s, az \u00fagynevezett <strong>els\u0151 interj\u00fa <\/strong>el\u0151zi meg. Ennek sor\u00e1n a p\u00e1ciens elmondja panaszait, illetve, hogy mi\u00e9rt szeretne a ter\u00e1pi\u00e1ra jelentkezni, <a href=\"https:\/\/semmelweis.hu\/pszichoterapiasosztaly\/rolunk\/terapeutaink\/\">az interj\u00fat v\u00e9gz\u0151 orvos vagy pszichol\u00f3gus<\/a> pedig felm\u00e9ri \u00e1llapot\u00e1t, motiv\u00e1ci\u00f3j\u00e1t, a ter\u00e1pi\u00e1ra val\u00f3 alkalmass\u00e1g\u00e1t, illetve t\u00e1j\u00e9koztatja oszt\u00e1lyunk m\u0171k\u00f6d\u00e9s\u00e9r\u0151l.<\/p>\n<div class=\"keretes w-100\">\n<p>Els\u0151 interj\u00fara jelentkezni az al\u00e1bbi telefonsz\u00e1mon lehet minden h\u00f3napban 10-e \u00e9s 15-e k\u00f6z\u00f6tt: <strong>06-1-210-0330 mell\u00e9k: 51277<\/strong><strong>.\u00a0<\/strong><\/p>\n<\/div>\n<p>&nbsp;<\/p>\n<p>&nbsp;<\/p>\n<p>Az els\u0151 interj\u00fara beutal\u00f3 nem sz\u00fcks\u00e9ges, azonban kor\u00e1bbi leleteit, orvosi pap\u00edrjait \u2013 ha van ilyen \u2013 hozza mag\u00e1val. Els\u0151 interj\u00fara val\u00f3 jelentkez\u00e9st k\u00f6vet\u0151en emailben k\u00fcld\u00fcnk ki egy el\u0151zetes k\u00e9rd\u0151\u00edvet, annak kit\u00f6lt\u00e9s\u00e9t \u00e9s visszak\u00fcld\u00e9s\u00e9t k\u00f6vet\u0151en keresik majd koll\u00e9g\u00e1ink az els\u0151 interj\u00fas id\u0151ponttal kapcsolatban.<\/p>\n<h4>El\u0151jegyz\u00e9s<strong><br \/>\n<\/strong><\/h4>\n<p>Amennyiben az els\u0151 interj\u00fat k\u00f6vet\u0151en mind a p\u00e1ciens, mind az orvos \/ pszichol\u00f3gus \u00fagy \u00edt\u00e9lik meg, hogy a p\u00e1ciens sz\u00e1m\u00e1ra el\u0151ny\u00f6s lenne a felv\u00e9tel, \u00fagy a felv\u00e9telre adott id\u0151pontra el\u0151jegyz\u00e9st kap.<\/p>\n<p>Ha az \u00d6n probl\u00e9m\u00e1ja nem az oszt\u00e1ly profilj\u00e1ba tartoz\u00f3, vagy \u00e1llapota s\u00fcrg\u0151s ell\u00e1t\u00e1st ig\u00e9nyel, akkor az \u00e1llapotfelm\u00e9r\u00e9st v\u00e9gz\u0151 orvos vagy pszichol\u00f3gus javaslatot tesz m\u00e1s int\u00e9zm\u00e9ny felkeres\u00e9s\u00e9re.<\/p>\n<h4>Felv\u00e9tel\u00a0<\/h4>\n<p>A felv\u00e9telkor <strong>h\u00e1ziorvosi vagy pszichi\u00e1triai szakrendel\u0151 beutal\u00f3ja<\/strong> minden esetben sz\u00fcks\u00e9ges, mivel a t\u00e1rsadalombiztos\u00edt\u00f3 a bentfekv\u00e9st csak \u00e9rv\u00e9nyes beutal\u00f3 eset\u00e9n t\u00e1mogatja. Ezen k\u00edv\u00fcl a felv\u00e9telkor sz\u00fcks\u00e9ges 3 h\u00f3napn\u00e1l nem r\u00e9gebbi laboreredm\u00e9ny \u00e9s \u00e9rv\u00e9nyes TAJ k\u00e1rtya. \u00c9rv\u00e9nytelen TAJ eset\u00e9n a beteg csak a kezel\u00e9s t\u00e9r\u00edt\u00e9se est\u00e9n vehet\u0151 fel.<\/p>\n","protected":false},"excerpt":{"rendered":"<p>A Pszichoter\u00e1pi\u00e1s Oszt\u00e1ly fekv\u0151betegoszt\u00e1ly. A <a href=\"https:\/\/semmelweis.hu\/pszichoterapiasosztaly\/terapias-csoportok\/\">n\u00e9gyhetes, bentlak\u00e1sos ter\u00e1pi\u00e1n<\/a> val\u00f3 r\u00e9szv\u00e9telt az Orsz\u00e1gos Eg\u00e9szs\u00e9gp\u00e9nzt\u00e1r (OEP) t\u00e1mogatja, ez\u00e9rt TAJ-k\u00e1rty\u00e1val rendelkez\u0151k sz\u00e1m\u00e1ra a r\u00e9szv\u00e9tel t\u00e9r\u00edt\u00e9smentes. Az els\u0151 interj\u00fara beutal\u00f3 m\u00e9g nem sz\u00fcks\u00e9ges (azonban a befekv\u00e9shez majd igen), azonban kor\u00e1bbi leleteit, orvosi pap\u00edrjait \u2013 ha van ilyen \u2013 hozza mag\u00e1val. Csoportjaink n\u00e9gyhetente, adott id\u0151pontban indulnak, betegfelv\u00e9telre pedig csak a csoportok indul\u00e1sakor van &hellip;<\/p>\n","protected":false},"author":101128,"featured_media":0,"parent":0,"menu_order":2,"comment_status":"closed","ping_status":"closed","template":"","meta":{"_acf_changed":false,"footnotes":""},"categories":[],"tags":[],"class_list":["post-42","page","type-page","status-publish","hentry"],"acf":[],"_links":{"self":[{"href":"https:\/\/semmelweis.hu\/pszichoterapiasosztaly\/wp-json\/wp\/v2\/pages\/42","targetHints":{"allow":["GET"]}}],"collection":[{"href":"https:\/\/semmelweis.hu\/pszichoterapiasosztaly\/wp-json\/wp\/v2\/pages"}],"about":[{"href":"https:\/\/semmelweis.hu\/pszichoterapiasosztaly\/wp-json\/wp\/v2\/types\/page"}],"author":[{"embeddable":true,"href":"https:\/\/semmelweis.hu\/pszichoterapiasosztaly\/wp-json\/wp\/v2\/users\/101128"}],"replies":[{"embeddable":true,"href":"https:\/\/semmelweis.hu\/pszichoterapiasosztaly\/wp-json\/wp\/v2\/comments?post=42"}],"version-history":[{"count":10,"href":"https:\/\/semmelweis.hu\/pszichoterapiasosztaly\/wp-json\/wp\/v2\/pages\/42\/revisions"}],"predecessor-version":[{"id":487,"href":"https:\/\/semmelweis.hu\/pszichoterapiasosztaly\/wp-json\/wp\/v2\/pages\/42\/revisions\/487"}],"wp:attachment":[{"href":"https:\/\/semmelweis.hu\/pszichoterapiasosztaly\/wp-json\/wp\/v2\/media?parent=42"}],"wp:term":[{"taxonomy":"category","embeddable":true,"href":"https:\/\/semmelweis.hu\/pszichoterapiasosztaly\/wp-json\/wp\/v2\/categories?post=42"},{"taxonomy":"post_tag","embeddable":true,"href":"https:\/\/semmelweis.hu\/pszichoterapiasosztaly\/wp-json\/wp\/v2\/tags?post=42"}],"curies":[{"name":"wp","href":"https:\/\/api.w.org\/{rel}","templated":true}]}}