{"id":40,"date":"2015-04-30T10:27:56","date_gmt":"2015-04-30T08:27:56","guid":{"rendered":"http:\/\/semmelweis.hu\/pszichoterapiasosztaly\/?page_id=40"},"modified":"2023-09-29T09:44:09","modified_gmt":"2023-09-29T07:44:09","slug":"rolunk","status":"publish","type":"page","link":"https:\/\/semmelweis.hu\/pszichoterapiasosztaly\/","title":{"rendered":"R\u00f3lunk"},"content":{"rendered":"<h3 style=\"text-align: center\">\u00dcdv\u00f6z\u00f6lj\u00fck a Pszichoter\u00e1pi\u00e1s R\u00e9szleg honlapj\u00e1n!<\/h3>\n<p>Oszt\u00e1lyunk a <a href=\"https:\/\/semmelweis.hu\/pszichiatria\/\" target=\"_blank\" rel=\"noopener\"><strong>Semmelweis Egyetem Pszichi\u00e1triai \u00e9s Pszichoter\u00e1pi\u00e1s Klinika<\/strong><\/a> egyik r\u00e9szlege, ahol k\u00fcl\u00f6nf\u00e9le pszich\u00e9s probl\u00e9m\u00e1kkal k\u00fcszk\u00f6d\u0151 szem\u00e9lyek ter\u00e1pi\u00e1j\u00e1t v\u00e1llaljuk, d\u00f6nt\u0151en <a href=\"https:\/\/semmelweis.hu\/pszichoterapiasosztaly\/terapias-csoportok\/\"><strong>pszichoter\u00e1pi\u00e1s eszk\u00f6z\u00f6kkel<\/strong><\/a>.<\/p>\n<p><a href=\"https:\/\/semmelweis.hu\/pszichoterapiasosztaly\/rolunk\/terapeutaink\/\">Terapeut\u00e1ink<\/a> f\u0151k\u00e9nt szorong\u00e1sos zavarokban (pl. p\u00e1nikzavar, szoci\u00e1lis f\u00f3bia, poszttraum\u00e1s stressz zavar), <a href=\"https:\/\/semmelweis.hu\/pszichoterapiasosztaly\/kiket-gyogyitunk\/a-depresszio-tunetei-es-kezelese\/\">depresszi\u00f3<\/a>ban, egyes <a href=\"https:\/\/semmelweis.hu\/pszichoterapiasosztaly\/kiket-gyogyitunk\/a-szemelyisegzavarokrol\/\">szem\u00e9lyis\u00e9gzavarok<\/a>ban (pl. borderline vagy elker\u00fcl\u0151 szem\u00e9lyis\u00e9gzavar), \u00f6ns\u00e9rt\u0151 magatart\u00e1ssal k\u00fczd\u0151 \u00e9s \u00e9tkez\u00e9si zavarokban szenved\u0151 p\u00e1cienseket kezelnek.<\/p>\n<div class=\"fontos_div\">\n<p>A gy\u00f3gy\u00edt\u00e1s f\u0151 eszk\u00f6ze a <strong>csoportpszichoter\u00e1pia<\/strong>, melyet kiscsoportos form\u00e1ban, n\u00e9gyhetes turnusokban v\u00e9gz\u00fcnk. Csoportjaink k\u00f6z\u00e9 <a href=\"https:\/\/semmelweis.hu\/pszichoterapiasosztaly\/terapias-csoportok\/kognitiv-sematerapia\/\">s\u00e9mater\u00e1pi\u00e1s csoport<\/a>, <a href=\"https:\/\/semmelweis.hu\/pszichoterapiasosztaly\/terapias-csoportok\/muveszet-terapia\/\">m\u0171v\u00e9szetter\u00e1pia<\/a>, <a href=\"https:\/\/semmelweis.hu\/pszichoterapiasosztaly\/terapias-csoportok\/meseterapia\/\">meseter\u00e1pia<\/a>, <a href=\"https:\/\/semmelweis.hu\/pszichoterapiasosztaly\/terapias-csoportok\/asszertiv-kommunikacios-trening\/\">asszert\u00edv kommunik\u00e1ci\u00f3s tr\u00e9ning<\/a>, \u00e9s <a href=\"https:\/\/semmelweis.hu\/pszichoterapiasosztaly\/terapias-csoportok\/relaxacio\/\">relax\u00e1ci\u00f3<\/a> tartoznak.<\/p>\n<\/div>\n<p>A n\u00e9gyhetes, bentlak\u00e1sos ter\u00e1pi\u00e1n val\u00f3 r\u00e9szv\u00e9telt az <strong>Orsz\u00e1gos Eg\u00e9szs\u00e9gp\u00e9nzt\u00e1r (OEP) t\u00e1mogatja<\/strong>, ez\u00e9rt TAJ-k\u00e1rty\u00e1val rendelkez\u0151k sz\u00e1m\u00e1ra a r\u00e9szv\u00e9tel t\u00e9r\u00edt\u00e9smentes.<\/p>\n<p><strong>T\u00e1j\u00e9koztat\u00f3 besz\u00e9lget\u00e9sre az al\u00e1bbi telefonsz\u00e1mon jelentkezhet: <a href=\"tel:+3612356523\">+36 1 210 0330 mell\u00e9k: 51277<\/a><\/strong><\/p>\n<p>Oszt\u00e1lyunkon a gy\u00f3gy\u00edt\u00f3 tev\u00e9kenys\u00e9g mellett <a href=\"https:\/\/semmelweis.hu\/pszichoterapiasosztaly\/kutatas\/\">kutat\u00e1s is folyik<\/a>. A pszichoter\u00e1pi\u00e1s oszt\u00e1ly a SE-VIKOTE pszichoterapeuta szakorvosk\u00e9pz\u00e9s akkredit\u00e1lt oktat\u00f3helye \u00e9s a szakorvosjel\u00f6ltek hospit\u00e1l\u00e1si gyakorlati helye.<\/p>\n<p>A <a href=\"https:\/\/semmelweis.hu\/pszichiatria\/\" target=\"_blank\" rel=\"noopener\">SE Pszichi\u00e1triai \u00e9s Pszichoter\u00e1pi\u00e1s Klinika honlapj\u00e1n<\/a> t\u00e1j\u00e9koz\u00f3dhat a Klinika oktat\u00e1si, kutat\u00e1si, valamint gy\u00f3gy\u00edt\u00f3 tev\u00e9kenys\u00e9geir\u0151l.<\/p>\n","protected":false},"excerpt":{"rendered":"<p>\u00dcdv\u00f6z\u00f6lj\u00fck a Pszichoter\u00e1pi\u00e1s R\u00e9szleg honlapj\u00e1n! Oszt\u00e1lyunk a <a href=\"https:\/\/semmelweis.hu\/pszichiatria\/\" target=\"_blank\" rel=\"noopener\">Semmelweis Egyetem Pszichi\u00e1triai \u00e9s Pszichoter\u00e1pi\u00e1s Klinika<\/a> egyik r\u00e9szlege, ahol k\u00fcl\u00f6nf\u00e9le pszich\u00e9s probl\u00e9m\u00e1kkal k\u00fcszk\u00f6d\u0151 szem\u00e9lyek ter\u00e1pi\u00e1j\u00e1t v\u00e1llaljuk, d\u00f6nt\u0151en <a href=\"https:\/\/semmelweis.hu\/pszichoterapiasosztaly\/terapias-csoportok\/\">pszichoter\u00e1pi\u00e1s eszk\u00f6z\u00f6kkel<\/a> . <a href=\"https:\/\/semmelweis.hu\/pszichoterapiasosztaly\/rolunk\/terapeutaink\/\">Terapeut\u00e1ink<\/a> f\u0151k\u00e9nt szorong\u00e1sos zavarokban (pl. p\u00e1nikzavar, szoci\u00e1lis f\u00f3bia, poszttraum\u00e1s stressz zavar), <a href=\"https:\/\/semmelweis.hu\/pszichoterapiasosztaly\/kiket-gyogyitunk\/a-depresszio-tunetei-es-kezelese\/\">depresszi\u00f3<\/a> ban, egyes <a href=\"https:\/\/semmelweis.hu\/pszichoterapiasosztaly\/kiket-gyogyitunk\/a-szemelyisegzavarokrol\/\">szem\u00e9lyis\u00e9gzavarok<\/a> ban (pl. borderline vagy elker\u00fcl\u0151 szem\u00e9lyis\u00e9gzavar), \u00f6ns\u00e9rt\u0151 magatart\u00e1ssal k\u00fczd\u0151 \u00e9s \u00e9tkez\u00e9si zavarokban szenved\u0151 p\u00e1cienseket kezelnek. A gy\u00f3gy\u00edt\u00e1s f\u0151 eszk\u00f6ze a csoportpszichoter\u00e1pia, melyet kiscsoportos form\u00e1ban, &hellip;<\/p>\n","protected":false},"author":1,"featured_media":0,"parent":0,"menu_order":0,"comment_status":"closed","ping_status":"closed","template":"","meta":{"_acf_changed":false,"footnotes":""},"categories":[],"tags":[],"class_list":["post-40","page","type-page","status-publish","hentry"],"acf":[],"_links":{"self":[{"href":"https:\/\/semmelweis.hu\/pszichoterapiasosztaly\/wp-json\/wp\/v2\/pages\/40","targetHints":{"allow":["GET"]}}],"collection":[{"href":"https:\/\/semmelweis.hu\/pszichoterapiasosztaly\/wp-json\/wp\/v2\/pages"}],"about":[{"href":"https:\/\/semmelweis.hu\/pszichoterapiasosztaly\/wp-json\/wp\/v2\/types\/page"}],"author":[{"embeddable":true,"href":"https:\/\/semmelweis.hu\/pszichoterapiasosztaly\/wp-json\/wp\/v2\/users\/1"}],"replies":[{"embeddable":true,"href":"https:\/\/semmelweis.hu\/pszichoterapiasosztaly\/wp-json\/wp\/v2\/comments?post=40"}],"version-history":[{"count":10,"href":"https:\/\/semmelweis.hu\/pszichoterapiasosztaly\/wp-json\/wp\/v2\/pages\/40\/revisions"}],"predecessor-version":[{"id":463,"href":"https:\/\/semmelweis.hu\/pszichoterapiasosztaly\/wp-json\/wp\/v2\/pages\/40\/revisions\/463"}],"wp:attachment":[{"href":"https:\/\/semmelweis.hu\/pszichoterapiasosztaly\/wp-json\/wp\/v2\/media?parent=40"}],"wp:term":[{"taxonomy":"category","embeddable":true,"href":"https:\/\/semmelweis.hu\/pszichoterapiasosztaly\/wp-json\/wp\/v2\/categories?post=40"},{"taxonomy":"post_tag","embeddable":true,"href":"https:\/\/semmelweis.hu\/pszichoterapiasosztaly\/wp-json\/wp\/v2\/tags?post=40"}],"curies":[{"name":"wp","href":"https:\/\/api.w.org\/{rel}","templated":true}]}}