{"id":395,"date":"2022-10-21T13:40:54","date_gmt":"2022-10-21T11:40:54","guid":{"rendered":"https:\/\/semmelweis.hu\/pszichoterapiasosztaly\/?page_id=395"},"modified":"2022-10-25T13:58:21","modified_gmt":"2022-10-25T11:58:21","slug":"meseterapia","status":"publish","type":"page","link":"https:\/\/semmelweis.hu\/pszichoterapiasosztaly\/terapias-csoportok\/meseterapia\/","title":{"rendered":"Meseter\u00e1pia"},"content":{"rendered":"<p style=\"font-weight: 400;\">A meseter\u00e1pi\u00e1ban nem a mese gy\u00f3gy\u00edt. Abban a v\u00e1ltoz\u00e1si, fejl\u0151d\u00e9si folyamatban, valamint l\u00e9tez\u00e9si \u00e9s gondolkod\u00e1si m\u00f3dban van a gy\u00f3gy\u00edt\u00f3 er\u0151, amit a mese elind\u00edt. Meseter\u00e1pi\u00e1n mesehallgat\u00e1st k\u00f6vet\u0151en a mes\u00e9ket elemezve, a mese seg\u00edts\u00e9g\u00e9vel, megismerheti a p\u00e1ciens, hogy a mese hogyan hat egy\u00e9nileg az emberekre.<\/p>\n<p>A negyedik h\u00e9t v\u00e9g\u00e9re a terapeuta \u00fatmutat\u00e1s\u00e1val \u00e9s a mes\u00e9k seg\u00edts\u00e9g\u00e9vel a p\u00e1ciens megismerheti saj\u00e1t bels\u0151 forr\u00e1s\u00e1t, melyet mese form\u00e1j\u00e1ban meg tud fogalmazni, ki tud fejezni. \u00cdgy sz\u00fcletik meg a Mese.<\/p>\n<div class=\"keretes w-100\">\n<p>&#8222;Egy napon a k\u00f6zeli v\u00e1ros sz\u00fcrke csukly\u00e1s szelleme berep\u00fclt Nyuszi erdej\u00e9be, mivel az emberek elkergett\u00e9k b\u0171v\u00f6s var\u00e1zsereje miatt. \u00daj otthont keresve bekopogott az \u00e1llatok h\u00e1z\u00e1ba, de senki nem engedte be: voltak, akik ajt\u00f3t sem nyitottak, hisz nem ismert\u00e9k, volt akik b\u00e1r besz\u00e9ltek vele, de \u00e9desget\u00e9se ellen\u00e9re l\u00e1tt\u00e1k a szem\u00e9ben \u00e9s a hangj\u00e1ban a rossz sz\u00e1nd\u00e9kot \u00edgy elkergett\u00e9k. Nyuszi viszont t\u00fal naiv volt, szeretett seg\u00edteni m\u00e1sokon, nem tudott ellen\u00e1llni az ny\u00e1jas szavainak, megsajn\u00e1lta megt\u00e9p\u00e1zott k\u00f6p\u00f6nyege miatt \u00e9s \u00fagy d\u00f6nt\u00f6tt (b\u00e1rmennyire sem szeret vend\u00e9get fogadni a h\u00e1z\u00e1ban) p\u00e1r napig megsz\u00e1llhat n\u00e1la.<\/p>\n<p>Teltek a napok, a szellem kezdte mag\u00e1t j\u00f3l \u00e9rezte a f\u00fclesn\u00e9l \u00e9s esze \u00e1g\u00e1ban sem volt tov\u00e1bb \u00e1llnia. Nyuszi kezdetben m\u00e9g el akarta k\u00fcldeni, furcs\u00e1lta, hogy a szellem mennyire berendezkedett n\u00e1la (annak ellen\u00e9re, hogy csak p\u00e1r napr\u00f3l volt sz\u00f3), de napr\u00f3l napra egyre gyeng\u00e9bbnek \u00e9rezte mag\u00e1t. Nem tudhatta, hogy a sz\u00fcrke \u00e1rnynak az a tulajdons\u00e1ga, hogy a f\u00e9lelmeket feler\u0151s\u00edtve kisz\u00edvja m\u00e1sok \u00f6r\u00f6m\u00e9t, vid\u00e1ms\u00e1g\u00e1t \u00e9s emiatt v\u00e1lik egyre er\u0151sebb\u00e9 \u00e9s nagyobb\u00e1.\u201d<\/p>\n<\/div>\n<p><a href=\"https:\/\/semmelweis.hu\/pszichoterapiasosztaly\/a-jelentkezes-modja\/\">Tov\u00e1bb a jelentkez\u00e9s menet\u00e9hez \u2192<\/a><\/p>\n","protected":false},"excerpt":{"rendered":"<p>A meseter\u00e1pi\u00e1ban nem a mese gy\u00f3gy\u00edt. Abban a v\u00e1ltoz\u00e1si, fejl\u0151d\u00e9si folyamatban, valamint l\u00e9tez\u00e9si \u00e9s gondolkod\u00e1si m\u00f3dban van a gy\u00f3gy\u00edt\u00f3 er\u0151, amit a mese elind\u00edt. Meseter\u00e1pi\u00e1n mesehallgat\u00e1st k\u00f6vet\u0151en a mes\u00e9ket elemezve, a mese seg\u00edts\u00e9g\u00e9vel, megismerheti a p\u00e1ciens, hogy a mese hogyan hat egy\u00e9nileg az emberekre. A negyedik h\u00e9t v\u00e9g\u00e9re a terapeuta \u00fatmutat\u00e1s\u00e1val \u00e9s a mes\u00e9k seg\u00edts\u00e9g\u00e9vel &hellip;<\/p>\n","protected":false},"author":101169,"featured_media":0,"parent":52,"menu_order":5,"comment_status":"closed","ping_status":"closed","template":"","meta":{"_acf_changed":false,"footnotes":""},"categories":[],"tags":[],"class_list":["post-395","page","type-page","status-publish","hentry"],"acf":[],"_links":{"self":[{"href":"https:\/\/semmelweis.hu\/pszichoterapiasosztaly\/wp-json\/wp\/v2\/pages\/395","targetHints":{"allow":["GET"]}}],"collection":[{"href":"https:\/\/semmelweis.hu\/pszichoterapiasosztaly\/wp-json\/wp\/v2\/pages"}],"about":[{"href":"https:\/\/semmelweis.hu\/pszichoterapiasosztaly\/wp-json\/wp\/v2\/types\/page"}],"author":[{"embeddable":true,"href":"https:\/\/semmelweis.hu\/pszichoterapiasosztaly\/wp-json\/wp\/v2\/users\/101169"}],"replies":[{"embeddable":true,"href":"https:\/\/semmelweis.hu\/pszichoterapiasosztaly\/wp-json\/wp\/v2\/comments?post=395"}],"version-history":[{"count":4,"href":"https:\/\/semmelweis.hu\/pszichoterapiasosztaly\/wp-json\/wp\/v2\/pages\/395\/revisions"}],"predecessor-version":[{"id":428,"href":"https:\/\/semmelweis.hu\/pszichoterapiasosztaly\/wp-json\/wp\/v2\/pages\/395\/revisions\/428"}],"up":[{"embeddable":true,"href":"https:\/\/semmelweis.hu\/pszichoterapiasosztaly\/wp-json\/wp\/v2\/pages\/52"}],"wp:attachment":[{"href":"https:\/\/semmelweis.hu\/pszichoterapiasosztaly\/wp-json\/wp\/v2\/media?parent=395"}],"wp:term":[{"taxonomy":"category","embeddable":true,"href":"https:\/\/semmelweis.hu\/pszichoterapiasosztaly\/wp-json\/wp\/v2\/categories?post=395"},{"taxonomy":"post_tag","embeddable":true,"href":"https:\/\/semmelweis.hu\/pszichoterapiasosztaly\/wp-json\/wp\/v2\/tags?post=395"}],"curies":[{"name":"wp","href":"https:\/\/api.w.org\/{rel}","templated":true}]}}