{"id":919,"date":"2015-07-15T12:28:12","date_gmt":"2015-07-15T10:28:12","guid":{"rendered":"http:\/\/semmelweis.hu\/pszichiatria\/?page_id=919"},"modified":"2023-01-19T10:21:03","modified_gmt":"2023-01-19T09:21:03","slug":"memoria-szakambulancia","status":"publish","type":"page","link":"https:\/\/semmelweis.hu\/pszichiatria\/betegellatas\/memoria-szakambulancia\/","title":{"rendered":"Mem\u00f3ria szakambulancia"},"content":{"rendered":"<p>Semmelweis Egyetem<br \/>\nPszichi\u00e1triai \u00e9s Pszichoter\u00e1pi\u00e1s Klinika<\/p>\n<p>Tel.: (+36 1) 210-0330\/51243 mell\u00e9k<br \/>\nC\u00edm: 1083 Budapest, Balassa utca 6.<\/p>\n<p><strong>Orvosaink<\/strong><\/p>\n<p><a href=\"https:\/\/semmelweis.hu\/pszichiatria\/files\/2019\/10\/HZ-portr\u00e9-20191015.jpg\"><img loading=\"lazy\" decoding=\"async\" class=\"wp-image-3300  alignleft\" src=\"https:\/\/semmelweis.hu\/pszichiatria\/files\/2019\/10\/HZ-portr\u00e9-20191015-231x300.jpg\" alt=\"\" width=\"60\" height=\"78\" srcset=\"https:\/\/semmelweis.hu\/pszichiatria\/files\/2019\/10\/HZ-portr\u00e9-20191015-231x300.jpg 231w, https:\/\/semmelweis.hu\/pszichiatria\/files\/2019\/10\/HZ-portr\u00e9-20191015-768x996.jpg 768w, https:\/\/semmelweis.hu\/pszichiatria\/files\/2019\/10\/HZ-portr\u00e9-20191015-790x1024.jpg 790w, https:\/\/semmelweis.hu\/pszichiatria\/files\/2019\/10\/HZ-portr\u00e9-20191015-753x976.jpg 753w\" sizes=\"auto, (max-width: 60px) 100vw, 60px\" \/><\/a><\/p>\n<p>&nbsp;<\/p>\n<p>Dr. Hidasi Zolt\u00e1n PhD,egyetemi docens, szakrendel\u00e9s vezet\u0151<\/p>\n<p>&nbsp;<\/p>\n<p>\u00a0 \u00a0 \u00a0 \u00a0 \u00a0 \u00a0 \u00a0 \u00a0 \u00a0Dr. Csukly G\u00e1bor PhD, adjunktus, Alzheimer-kutat\u00f3<\/p>\n<p><a href=\"https:\/\/semmelweis.hu\/pszichiatria\/files\/2015\/07\/fl.jpg\"><img loading=\"lazy\" decoding=\"async\" class=\"alignleft wp-image-935\" src=\"https:\/\/semmelweis.hu\/pszichiatria\/files\/2015\/07\/fl.jpg\" alt=\"fl\" width=\"65\" height=\"71\" \/><\/a><\/p>\n<p>&nbsp;<\/p>\n<p>Dr. Fullajt\u00e1r M\u00e1t\u00e9, egyetemi tan\u00e1rseg\u00e9d, doktorandusz<\/p>\n<p>&nbsp;<\/p>\n<p><a href=\"https:\/\/semmelweis.hu\/pszichiatria\/files\/2015\/07\/ig_k\u00e9p_tl.jpg\"><img loading=\"lazy\" decoding=\"async\" class=\"alignleft wp-image-937\" src=\"https:\/\/semmelweis.hu\/pszichiatria\/files\/2015\/07\/ig_k\u00e9p_tl-255x300.jpg\" alt=\"ig_k\u00e9p_tl\" width=\"65\" height=\"77\" srcset=\"https:\/\/semmelweis.hu\/pszichiatria\/files\/2015\/07\/ig_k\u00e9p_tl-255x300.jpg 255w, https:\/\/semmelweis.hu\/pszichiatria\/files\/2015\/07\/ig_k\u00e9p_tl-870x1024.jpg 870w, https:\/\/semmelweis.hu\/pszichiatria\/files\/2015\/07\/ig_k\u00e9p_tl.jpg 1961w\" sizes=\"auto, (max-width: 65px) 100vw, 65px\" \/><\/a><\/p>\n<p>&nbsp;<\/p>\n<p>Dr. Tombor L\u00e1szl\u00f3, egyetemi tan\u00e1rseg\u00e9d, doktorandusz<\/p>\n<p>&nbsp;<\/p>\n<p><a href=\"https:\/\/semmelweis.hu\/pszichiatria\/files\/2019\/10\/IMG_20180719_172328.jpg\"><img loading=\"lazy\" decoding=\"async\" class=\"wp-image-3301 alignleft\" src=\"https:\/\/semmelweis.hu\/pszichiatria\/files\/2019\/10\/IMG_20180719_172328-225x300.jpg\" alt=\"\" width=\"60\" height=\"80\" srcset=\"https:\/\/semmelweis.hu\/pszichiatria\/files\/2019\/10\/IMG_20180719_172328-225x300.jpg 225w, https:\/\/semmelweis.hu\/pszichiatria\/files\/2019\/10\/IMG_20180719_172328-768x1024.jpg 768w, https:\/\/semmelweis.hu\/pszichiatria\/files\/2019\/10\/IMG_20180719_172328-753x1004.jpg 753w\" sizes=\"auto, (max-width: 60px) 100vw, 60px\" \/> \u00a0 \u00a0 <\/a><\/p>\n<p>Dr. Balogh L\u00edvia, PhD, egyetemi adjunktus<\/p>\n<p>&nbsp;<\/p>\n<p>\u00a0 \u00a0 \u00a0 \u00a0 \u00a0 \u00a0 \u00a0 \u00a0Dr. Marosi Csilla<\/p>\n<p>&nbsp;<\/p>\n<p>\u00a0 \u00a0 \u00a0 \u00a0 \u00a0 \u00a0 \u00a0 Dr. Herm\u00e1n Levente<\/p>\n<p>&nbsp;<\/p>\n<p>Mem\u00f3ria szakambulanci\u00e1nk olyan feln\u0151tt kor\u00fa p\u00e1ciensek kivizsg\u00e1l\u00e1s\u00e1t \u00e9s kezel\u00e9s\u00e9t v\u00e9gzi, akiknek a vezet\u0151 panasza a feled\u00e9kenys\u00e9g, vagy a mem\u00f3riaroml\u00e1s egy\u00e9b form\u00e1ja. Ambulanci\u00e1nk a klinika Neuropszichi\u00e1triai Oszt\u00e1ly\u00e1val \u00e9s Neuropszichi\u00e1triai Nappali K\u00f3rh\u00e1z\u00e1val szoros egy\u00fcttm\u0171k\u00f6d\u00e9sben dolgozik.<\/p>\n<p><strong>A kivizsg\u00e1l\u00e1s menete<\/strong><\/p>\n<ol>\n<li><u>Bejelentkez\u00e9s<\/u>ambul\u00e1ns vizsg\u00e1latra a megadott telefonsz\u00e1mon<br \/>\n(+36 1) 210-0330\/51243 mell\u00e9k<\/li>\n<\/ol>\n<p>K\u00e9rj\u00fck, hozz\u00e1k magukkal:<br \/>\n<strong>a)<\/strong>\u00a0TAJ k\u00e1rtya<br \/>\n<strong>b)<\/strong>\u00a0Kor\u00e1bbi orvosi dokumentumokat, laborat\u00f3riumi \u00e9s egy\u00e9b vizsg\u00e1lati eredm\u00e9nyeket,z\u00e1r\u00f3jelent\u00e9seket (nem kiz\u00e1r\u00f3lag pszichi\u00e1triai).<br \/>\n<strong>c)<\/strong>\u00a0Beutal\u00f3 (h\u00e1ziorvost\u00f3l, a neurol\u00f3giai szakrendel\u00e9sr\u0151l vagy a pszichi\u00e1triai gondoz\u00f3t\u00f3l)<\/p>\n<ol start=\"2\">\n<li><u>Els\u0151 ambul\u00e1ns vizsg\u00e1lat<\/u><br \/>\n<strong>a)<\/strong>Kb. egy \u00f3r\u00e1t vesz ig\u00e9nybe.<br \/>\n<strong>b)<\/strong>\u00a0Lehet\u0151s\u00e9g szerint (f\u0151leg s\u00falyos feled\u00e9kenys\u00e9g eset\u00e9n) k\u00f6zeli hozz\u00e1tartoz\u00f3 k\u00eds\u00e9ret\u00e9ben.<br \/>\n<strong>c)<\/strong>\u00a0C\u00e9lja a sz\u0171r\u00e9s. Az eredm\u00e9nyek t\u00fckr\u00e9ben tesz\u00fcnk javaslatot a tov\u00e1bbi, r\u00e9szletes kivizsg\u00e1l\u00e1s sz\u00fcks\u00e9gess\u00e9g\u00e9re, illetve lehet\u0151s\u00e9geire.<\/li>\n<li><u>A r\u00e9szletes kivizsg\u00e1l\u00e1s t\u00f6rt\u00e9nhet<\/u>:<br \/>\n<strong>a)<\/strong>Klinik\u00e1nk Neuropszichi\u00e1triai Oszt\u00e1ly\u00e1n vagy Neuropszichi\u00e1triai Nappali K\u00f3rh\u00e1z\u00e1ban, el\u0151re egyeztetett id\u0151pontban t\u00f6rt\u00e9n\u0151 k\u00f3rh\u00e1zi felv\u00e9tel keret\u00e9ben.<br \/>\nEl\u0151nye, hogy a kivizsg\u00e1l\u00e1s gyorsabban z\u00e1rulhat le, mert egyes l\u00e9p\u00e9sei hamarabb el\u00e9rhet\u0151ek. H\u00e1tr\u00e1nya, hogy 7-10 napos k\u00f3rh\u00e1zi befekv\u00e9ssel vagy Nappali K\u00f3rh\u00e1zas (bej\u00e1r\u00f3s) kezel\u00e9sselj\u00e1r.<br \/>\n<strong>b)\u00a0<\/strong>J\u00e1r\u00f3beteg ell\u00e1t\u00e1s keret\u00e9ben.<br \/>\nEl\u0151nye, hogy nem sz\u00fcks\u00e9ges k\u00f3rh\u00e1zba befek\u00fcdni. H\u00e1tr\u00e1nya, hogy egyes vizsg\u00e1latokn\u00e1l hosszabb el\u0151jegyz\u00e9sre kell sz\u00e1m\u00edtani.<\/li>\n<li><u>A r\u00e9szletes kivizsg\u00e1l\u00e1s eredm\u00e9ny\u00e9t\u0151l f\u00fcgg\u0151en tesz\u00fcnk javaslatot<\/u>:<br \/>\n<strong>a)<\/strong>A mem\u00f3riazavar (gy\u00f3gyszeres \u00e9s egy\u00e9b) kezel\u00e9si lehet\u0151s\u00e9geire.<br \/>\n<strong>b)<\/strong>\u00a0Az esetlegesen t\u00e1rsul\u00f3 egy\u00e9b (hangulati vagy m\u00e1s zavarok) kezel\u00e9si lehet\u0151s\u00e9geire.<\/li>\n<\/ol>\n<p>\u00c9rv\u00e9nyes TAJ k\u00e1rty\u00e1val rendelkez\u0151knek a szolg\u00e1ltat\u00e1s t\u00e9r\u00edt\u00e9smentesen vehet\u0151 ig\u00e9nybe.<\/p>\n<p><strong>Amit aj\u00e1nlani tudunk<\/strong><\/p>\n<ul>\n<li>Mem\u00f3ria- \u00e9s t\u00e1rsul\u00f3 zavarok korszer\u0171 kivizsg\u00e1l\u00e1sa \u00e9s ter\u00e1pia be\u00e1ll\u00edt\u00e1sa.<\/li>\n<li>Szakorvosi v\u00e9lem\u00e9ny \u00e9s ter\u00e1pi\u00e1s javaslat ki\u00e1ll\u00edt\u00e1sa a h\u00e1ziorvos ill. a ter\u00fcleti szakrendel\u00e9sek \u00a0r\u00e9sz\u00e9re<\/li>\n<\/ul>\n<p><strong>Hozz\u00e1tartoz\u00f3i\u00a0 csoport:<br \/>\n<\/strong>Neuropszichi\u00e1triai betegs\u00e9gben (demencia, Alzheimer-k\u00f3r, depresszi\u00f3, stb.) szenved\u0151 p\u00e1ciensek hozz\u00e1tartoz\u00f3i sz\u00e1m\u00e1ra biztos\u00edtunk lehet\u0151s\u00e9get arra, hogy csoportos form\u00e1ban seg\u00edts\u00e9get kapjanak egym\u00e1st\u00f3l \u00e9s a r\u00e9sztvev\u0151 szakemberekt\u0151l (szakorvos, rezidens orvos, \u00e1pol\u00f3) a betegs\u00e9g kapcs\u00e1n jelentkez\u0151 mindennapi neh\u00e9zs\u00e9gek \u00e1thidal\u00e1s\u00e1ban.Ig\u00e9ny eset\u00e9n a k\u00f6vetkez\u0151 email c\u00edmen, telefonsz\u00e1m megad\u00e1s\u00e1val lehet jelentkezni:<br \/>\n<a href=\"mailto:memoria.ambulancia@med.semmelweis-univ.hu\">memoria.ambulancia@med.semmelweis-univ.hu<\/a>. K\u00e9rj\u00fck, az email t\u00e1rgymegnevez\u00e9s\u00e9ben a \u201eHozz\u00e1tartoz\u00f3i csoport\u201d megjel\u00f6l\u00e9st! Csoport indul\u00e1sa eset\u00e9n a jelentkez\u0151kkel telefonon el\u0151zetesen felvessz\u00fck a kapcsolatot.\u201d<\/p>\n","protected":false},"excerpt":{"rendered":"<p>Semmelweis Egyetem Pszichi\u00e1triai \u00e9s Pszichoter\u00e1pi\u00e1s Klinika Tel.: (+36 1) 210-0330\/51243 mell\u00e9k C\u00edm: 1083 Budapest, Balassa utca 6. Orvosaink <a href=\"https:\/\/semmelweis.hu\/pszichiatria\/files\/2019\/10\/HZ-portr\u00e9-20191015.jpg\"><\/a> &nbsp; Dr. Hidasi Zolt\u00e1n PhD,egyetemi docens, szakrendel\u00e9s vezet\u0151 &nbsp; \u00a0 \u00a0 \u00a0 \u00a0 \u00a0 \u00a0 \u00a0 \u00a0 \u00a0Dr. Csukly G\u00e1bor PhD, adjunktus, Alzheimer-kutat\u00f3 <a href=\"https:\/\/semmelweis.hu\/pszichiatria\/files\/2015\/07\/fl.jpg\"><\/a> &nbsp; Dr. Fullajt\u00e1r M\u00e1t\u00e9, egyetemi tan\u00e1rseg\u00e9d, doktorandusz &nbsp; <a href=\"https:\/\/semmelweis.hu\/pszichiatria\/files\/2015\/07\/ig_k\u00e9p_tl.jpg\"><\/a> &nbsp; Dr. Tombor L\u00e1szl\u00f3, egyetemi tan\u00e1rseg\u00e9d, &hellip;<\/p>\n","protected":false},"author":57,"featured_media":0,"parent":14,"menu_order":0,"comment_status":"open","ping_status":"open","template":"","meta":{"_acf_changed":false,"footnotes":""},"categories":[],"tags":[],"class_list":["post-919","page","type-page","status-publish","hentry"],"acf":[],"_links":{"self":[{"href":"https:\/\/semmelweis.hu\/pszichiatria\/wp-json\/wp\/v2\/pages\/919","targetHints":{"allow":["GET"]}}],"collection":[{"href":"https:\/\/semmelweis.hu\/pszichiatria\/wp-json\/wp\/v2\/pages"}],"about":[{"href":"https:\/\/semmelweis.hu\/pszichiatria\/wp-json\/wp\/v2\/types\/page"}],"author":[{"embeddable":true,"href":"https:\/\/semmelweis.hu\/pszichiatria\/wp-json\/wp\/v2\/users\/57"}],"replies":[{"embeddable":true,"href":"https:\/\/semmelweis.hu\/pszichiatria\/wp-json\/wp\/v2\/comments?post=919"}],"version-history":[{"count":11,"href":"https:\/\/semmelweis.hu\/pszichiatria\/wp-json\/wp\/v2\/pages\/919\/revisions"}],"predecessor-version":[{"id":4499,"href":"https:\/\/semmelweis.hu\/pszichiatria\/wp-json\/wp\/v2\/pages\/919\/revisions\/4499"}],"up":[{"embeddable":true,"href":"https:\/\/semmelweis.hu\/pszichiatria\/wp-json\/wp\/v2\/pages\/14"}],"wp:attachment":[{"href":"https:\/\/semmelweis.hu\/pszichiatria\/wp-json\/wp\/v2\/media?parent=919"}],"wp:term":[{"taxonomy":"category","embeddable":true,"href":"https:\/\/semmelweis.hu\/pszichiatria\/wp-json\/wp\/v2\/categories?post=919"},{"taxonomy":"post_tag","embeddable":true,"href":"https:\/\/semmelweis.hu\/pszichiatria\/wp-json\/wp\/v2\/tags?post=919"}],"curies":[{"name":"wp","href":"https:\/\/api.w.org\/{rel}","templated":true}]}}