{"id":9,"date":"2012-01-24T16:20:52","date_gmt":"2012-01-24T16:20:52","guid":{"rendered":"http:\/\/semmelweis-egyetem.hu\/pszichiatria\/?page_id=9"},"modified":"2025-03-19T13:11:00","modified_gmt":"2025-03-19T12:11:00","slug":"oktatas","status":"publish","type":"page","link":"https:\/\/semmelweis.hu\/pszichiatria\/oktatas\/","title":{"rendered":"Oktat\u00e1s"},"content":{"rendered":"<p><strong>Inform\u00e1ci\u00f3 hallgat\u00f3inknak \u00e9s oktat\u00f3inknak<br \/>\n<span style=\"text-decoration: underline\"><a href=\"https:\/\/semmelweis.hu\/pszichiatria\/oktatas\/gradualis-kepzes\/\"><span style=\"color: #3366ff;text-decoration: underline\">G<\/span><span style=\"color: #3366ff;text-decoration: underline\">radu\u00e1lis<\/span><\/a><\/span>\u00a0\u00e9s <span style=\"text-decoration: underline\"><a href=\"https:\/\/semmelweis.hu\/pszichiatria\/oktatas\/posztgradualis-kepzes\/\"><span style=\"color: #3366ff;text-decoration: underline\">Posztgradu\u00e1lis<\/span><\/a><\/span>\u00a0k\u00e9pz\u00e9s.<\/strong><\/p>\n<p><a href=\"https:\/\/semmelweis.hu\/pszichiatria\/files\/2025\/03\/Intezkedesi-terv_GYTK_-2024_2025_1.pdf\">OMHV &#8211; GYTK Int\u00e9zked\u00e9si terv 2024-2025_1<\/a><\/p>\n<p><a href=\"https:\/\/semmelweis.hu\/pszichiatria\/files\/2024\/03\/Intezkedesi-terv-2023-2024_1_magyar-otodev.pdf\">Int\u00e9zked\u00e9si terv 2023-2024_1_magyar \u00f6t\u00f6d\u00e9v<\/a><\/p>\n<p><a href=\"https:\/\/semmelweis.hu\/pszichiatria\/files\/2024\/03\/Intezkedesi-terv_GyTK-2023_2024_1.pdf\">Int\u00e9zked\u00e9si terv_GyTK 2023_2024_1<\/a><\/p>\n<p><a href=\"https:\/\/semmelweis.hu\/pszichiatria\/files\/2024\/04\/BEOSZTAS-7.turnus_2023-2024_2.xlsx\">Beoszt\u00e1s tematika 7. turnus<\/a>(let\u00f6lthet\u0151 xlsx) <span style=\"color: #ff0000\">(aktu\u00e1lis turnus)<\/span><\/p>\n<p><span style=\"color: #ff0000\">TURNUSBEOSZT\u00c1S EL\u00c9RHET\u0150 <a href=\"https:\/\/semmelweis.hu\/pszichiatria\/oktatas\/gradualis-kepzes\/\">ITT<\/a>\u00a0<\/span><\/p>\n<p><span style=\"font-size: 14pt\"><a href=\"https:\/\/semmelweis.hu\/pszichiatria\/files\/2020\/08\/SKM_C25820082613330.pdf\">K\u00f6vetelm\u00e9nyrendszer \u00e9rtes\u00edt\u00e9s<\/a><\/span><\/p>\n<p><strong>Kiss Hajnal<br \/>\n<\/strong>titulus: oktat\u00e1si szak\u00e9rt\u0151<br \/>\nI-II., V. \u00e9vfolyamfelel\u0151s<br \/>\nPh.D. k\u00e9pz\u00e9s<br \/>\nE-mail:<a href=\"mailto:kiss.hajnal@semmelweis.hu\">kiss.hajnal@semmelweis.hu<\/a><\/p>\n<p><strong>Sz\u00e9csi T\u00fcnde <br \/>\n<\/strong>oktat\u00e1sszervez\u0151<br \/>\nVI. \u00e9vfolyamfelel\u0151s<br \/>\nE-mail: <a href=\"mailto:szecsi.tunde@semmelweis.hu\">szecsi.tunde@semmelweis.hu<\/a><\/p>\n<p><strong>\u00a0 \u00a0 \u00a0 \u00a0 \u00a0 \u00a0\u00a0<\/strong><\/p>\n<p>FOGAD\u00d3\u00d3R\u00c1K GRADU\u00c1LIS \u00c9S POSZTGRADU\u00c1LIS HALLGAT\u00d3K R\u00c9SZ\u00c9RE<\/p>\n<p><strong>h\u00e9tf\u0151, kedd, \u00a0szerda, cs\u00fct\u00f6rt\u00f6k: 9.00-13.00<br \/>\n<\/strong><strong>p\u00e9ntek: nincs \u00fcgyf\u00e9lfogad\u00e1s<br \/>\n<\/strong>A fenti peri\u00f3dusokon k\u00edv\u00fcli id\u0151szakban kiz\u00e1r\u00f3lag s\u00fcrg\u0151ss\u00e9gi esetekben (pl. aznapi vizsga miatt) vagyunk el\u00e9rhet\u0151ek.<strong><br \/>\n<\/strong><\/p>\n<p>CONSULTING HOURS FOR MEDICAL AND POSTGRAUATE STUDENTS<\/p>\n<p><strong>Monday, Tuesday, Wednesday, Thursday: 09:00-13:00<\/strong><\/p>\n<p>Outside of this schedule we are available only in exceptional cases<br \/>\n(e.g. you have an exam within hours and you need to see us before that for some reason).<\/p>\n<p><span style=\"text-decoration: underline\"><span style=\"color: #3366ff\"><a href=\"https:\/\/semmelweis.hu\/pszichiatria\/files\/2016\/10\/CONTACT-EDUCATION-OFFICE.pdf\">CONTACT EDUCATION OFFICE\u00a0(pdf)<\/a><\/span><\/span><\/p>\n","protected":false},"excerpt":{"rendered":"<p>Inform\u00e1ci\u00f3 hallgat\u00f3inknak \u00e9s oktat\u00f3inknak <a href=\"https:\/\/semmelweis.hu\/pszichiatria\/oktatas\/gradualis-kepzes\/\">Gradu\u00e1lis<\/a> \u00a0\u00e9s <a href=\"https:\/\/semmelweis.hu\/pszichiatria\/oktatas\/posztgradualis-kepzes\/\">Posztgradu\u00e1lis<\/a> \u00a0k\u00e9pz\u00e9s. <a href=\"https:\/\/semmelweis.hu\/pszichiatria\/files\/2025\/03\/Intezkedesi-terv_GYTK_-2024_2025_1.pdf\">OMHV &#8211; GYTK Int\u00e9zked\u00e9si terv 2024-2025_1<\/a> <a href=\"https:\/\/semmelweis.hu\/pszichiatria\/files\/2024\/03\/Intezkedesi-terv-2023-2024_1_magyar-otodev.pdf\">Int\u00e9zked\u00e9si terv 2023-2024_1_magyar \u00f6t\u00f6d\u00e9v<\/a> <a href=\"https:\/\/semmelweis.hu\/pszichiatria\/files\/2024\/03\/Intezkedesi-terv_GyTK-2023_2024_1.pdf\">Int\u00e9zked\u00e9si terv_GyTK 2023_2024_1<\/a> <a href=\"https:\/\/semmelweis.hu\/pszichiatria\/files\/2024\/04\/BEOSZTAS-7.turnus_2023-2024_2.xlsx\">Beoszt\u00e1s tematika 7. turnus<\/a> (let\u00f6lthet\u0151 xlsx) (aktu\u00e1lis turnus) TURNUSBEOSZT\u00c1S EL\u00c9RHET\u0150 <a href=\"https:\/\/semmelweis.hu\/pszichiatria\/oktatas\/gradualis-kepzes\/\">ITT<\/a> \u00a0 <a href=\"https:\/\/semmelweis.hu\/pszichiatria\/files\/2020\/08\/SKM_C25820082613330.pdf\">K\u00f6vetelm\u00e9nyrendszer \u00e9rtes\u00edt\u00e9s<\/a> Kiss Hajnal titulus: oktat\u00e1si szak\u00e9rt\u0151 I-II., V. \u00e9vfolyamfelel\u0151s Ph.D. k\u00e9pz\u00e9s E-mail: <a href=\"mailto:kiss.hajnal@semmelweis.hu\">kiss.hajnal@semmelweis.hu<\/a> Sz\u00e9csi T\u00fcnde oktat\u00e1sszervez\u0151 VI. \u00e9vfolyamfelel\u0151s E-mail: <a href=\"mailto:szecsi.tunde@semmelweis.hu\">szecsi.tunde@semmelweis.hu<\/a> \u00a0 \u00a0 \u00a0 \u00a0 \u00a0 \u00a0\u00a0 FOGAD\u00d3\u00d3R\u00c1K GRADU\u00c1LIS \u00c9S POSZTGRADU\u00c1LIS HALLGAT\u00d3K R\u00c9SZ\u00c9RE h\u00e9tf\u0151, kedd, \u00a0szerda, cs\u00fct\u00f6rt\u00f6k: 9.00-13.00 p\u00e9ntek: nincs \u00fcgyf\u00e9lfogad\u00e1s A fenti peri\u00f3dusokon k\u00edv\u00fcli id\u0151szakban &hellip;<\/p>\n","protected":false},"author":101149,"featured_media":0,"parent":0,"menu_order":0,"comment_status":"closed","ping_status":"closed","template":"","meta":{"_acf_changed":false,"footnotes":""},"categories":[],"tags":[],"class_list":["post-9","page","type-page","status-publish","hentry"],"acf":[],"_links":{"self":[{"href":"https:\/\/semmelweis.hu\/pszichiatria\/wp-json\/wp\/v2\/pages\/9","targetHints":{"allow":["GET"]}}],"collection":[{"href":"https:\/\/semmelweis.hu\/pszichiatria\/wp-json\/wp\/v2\/pages"}],"about":[{"href":"https:\/\/semmelweis.hu\/pszichiatria\/wp-json\/wp\/v2\/types\/page"}],"author":[{"embeddable":true,"href":"https:\/\/semmelweis.hu\/pszichiatria\/wp-json\/wp\/v2\/users\/101149"}],"replies":[{"embeddable":true,"href":"https:\/\/semmelweis.hu\/pszichiatria\/wp-json\/wp\/v2\/comments?post=9"}],"version-history":[{"count":12,"href":"https:\/\/semmelweis.hu\/pszichiatria\/wp-json\/wp\/v2\/pages\/9\/revisions"}],"predecessor-version":[{"id":5258,"href":"https:\/\/semmelweis.hu\/pszichiatria\/wp-json\/wp\/v2\/pages\/9\/revisions\/5258"}],"wp:attachment":[{"href":"https:\/\/semmelweis.hu\/pszichiatria\/wp-json\/wp\/v2\/media?parent=9"}],"wp:term":[{"taxonomy":"category","embeddable":true,"href":"https:\/\/semmelweis.hu\/pszichiatria\/wp-json\/wp\/v2\/categories?post=9"},{"taxonomy":"post_tag","embeddable":true,"href":"https:\/\/semmelweis.hu\/pszichiatria\/wp-json\/wp\/v2\/tags?post=9"}],"curies":[{"name":"wp","href":"https:\/\/api.w.org\/{rel}","templated":true}]}}