{"id":6,"date":"2012-01-24T16:11:30","date_gmt":"2012-01-24T16:11:30","guid":{"rendered":"http:\/\/semmelweis-egyetem.hu\/pszichiatria\/?page_id=6"},"modified":"2025-03-19T18:41:31","modified_gmt":"2025-03-19T17:41:31","slug":"elerhetoseg","status":"publish","type":"page","link":"https:\/\/semmelweis.hu\/pszichiatria\/elerhetoseg\/","title":{"rendered":"El\u00e9rhet\u0151s\u00e9gek"},"content":{"rendered":"<h2>Sz\u00e9khely:<\/h2>\n<p><strong>C\u00edm<\/strong>: 1083 Budapest, Balassa u. 6. (VIII. ker\u00fclet)<br \/>\n<strong>K\u00f6zponti telefonsz\u00e1m<\/strong>: +36-1-210-0330\/mell\u00e9k<\/p>\n\n<!-- iframe plugin v.4.9 wordpress.org\/plugins\/iframe\/ -->\n<iframe loading=\"lazy\" src=\"https:\/\/www.google.com\/maps\/embed?pb=!1m18!1m12!1m3!1d2696.2838188077226!2d19.079571015503646!3d47.484384079176685!2m3!1f0!2f0!3f0!3m2!1i1024!2i768!4f13.1!3m3!1m2!1s0x4741dd8e6630bce9%3A0x88ed94b89ab1ac4e!2sBudapest%2C%20Balassa%20u.%206%2C%201082!5e0!3m2!1shu!2shu!4v1590739487201!5m2!1shu!2shu\" width=\"100%\" height=\"300\" scrolling=\"yes\" class=\"iframe-class\" frameborder=\"0\"><\/iframe>\n\n<table width=\"1089\">\n<tbody>\n<tr>\n<td width=\"359\"><strong>Szakambulanci\u00e1k<\/strong><\/td>\n<td width=\"328\">N\u00e9v<\/td>\n<td width=\"219\">Tel.<\/td>\n<td width=\"183\">Email<\/td>\n<\/tr>\n<tr>\n<td>VIII.ker., Balassa u. 6<\/td>\n<td>Feln\u0151tt S\u00fcrg\u0151ss\u00e9gi Pszichi\u00e1triai szakambulancia<\/td>\n<td>51243<\/td>\n<td>&nbsp;<\/td>\n<\/tr>\n<tr>\n<td>VIII.ker., Balassa u. 6<\/td>\n<td>Mem\u00f3ria szakambulancia<\/td>\n<td>51243<\/td>\n<td>&nbsp;<\/td>\n<\/tr>\n<tr>\n<td>VIII.ker., Balassa u. 6<\/td>\n<td>Neuropszichol\u00f3gia szakambulancia<\/td>\n<td>51243<\/td>\n<td>&nbsp;<\/td>\n<\/tr>\n<tr>\n<td>IX.ker., M\u00e1rton utca 39.<\/td>\n<td>ADHD ambulancia<\/td>\n<td>&nbsp;<\/td>\n<td><a href=\"mailto:adhd@semmelweis.hu\">adhd@semmelweis.hu<\/a><\/td>\n<\/tr>\n<\/tbody>\n<\/table>\n<p>&nbsp;<\/p>\n<table width=\"1089\">\n<tbody>\n<tr>\n<td width=\"359\"><strong>Fekv\u0151beteg Oszt\u00e1lyok<\/strong><\/td>\n<td width=\"328\">\u00a0<\/td>\n<td width=\"219\">\u00a0<\/td>\n<td width=\"183\">\u00a0<\/td>\n<\/tr>\n<tr>\n<td>VIII.ker. Balassa u. 6., K\u00fcls\u0151 Klinikai T\u00f6mb<\/td>\n<td>N\u00e9v<\/td>\n<td>Tel.<\/td>\n<td>Email<\/td>\n<\/tr>\n<tr>\n<td>Nappali K\u00f3rh\u00e1z (Alagsor)<\/td>\n<td>Dr. Tombor L\u00e1szl\u00f3<\/td>\n<td>51219<\/td>\n<td>&nbsp;<\/td>\n<\/tr>\n<tr>\n<td>Ambulancia (Fszt.)<\/td>\n<td>Dr. Csukly G\u00e1bor<\/td>\n<td>51243<\/td>\n<td>&nbsp;<\/td>\n<\/tr>\n<tr>\n<td width=\"359\">\nPszichoter\u00e1pi\u00e1s Oszt\u00e1ly (Bfszt.)<\/td>\n<td>Dr. Unoka Zsolt<\/td>\n<td>51277<\/td>\n<td><a href=\"mailto:bfsz.psych@semmelwes.hu\">bfsz.psych@semmelwes.hu<\/a><\/td>\n<\/tr>\n<tr>\n<td>Neuropszichi\u00e1triai Oszt\u00e1ly (A1)<\/td>\n<td>Dr. Hidasi Zolt\u00e1n<\/td>\n<td>51329<\/td>\n<td>&nbsp;<\/td>\n<\/tr>\n<tr>\n<td>Affekt\u00edv \u00e9s Pszichofarmakol\u00f3giai Oszt\u00e1ly (B1)<\/td>\n<td>Dr. Komor\u00f3czy Eszter<\/td>\n<td>51259<\/td>\n<td>&nbsp;<\/td>\n<\/tr>\n<tr>\n<td>Akut Pszichi\u00e1triai Oszt\u00e1ly (A2)<\/td>\n<td>Dr. Hamvas Szil\u00e1rd<\/td>\n<td>51252<\/td>\n<td>&nbsp;<\/td>\n<\/tr>\n<tr>\n<td>Kr\u00edzis \u00e9s Addiktol\u00f3giai Oszt\u00e1ly (B2)<\/td>\n<td>Dr. Szily Erika<\/td>\n<td>51262<\/td>\n<td width=\"183\">\u00a0<\/td>\n<\/tr>\n<\/tbody>\n<\/table>\n<p>&nbsp;<\/p>\n<table width=\"1089\">\n<tbody>\n<tr>\n<td colspan=\"2\" width=\"687\"><strong>Neuropszichol\u00f3giai Szakpszichol\u00f3giai Tansz\u00e9ki Csoport<\/strong><\/td>\n<td width=\"219\">\u00a0<\/td>\n<td width=\"183\">\u00a0<\/td>\n<\/tr>\n<tr>\n<td>1083 Budapest, Balassa u. 6.<\/td>\n<td>&nbsp;<\/td>\n<td>&nbsp;<\/td>\n<td>&nbsp;<\/td>\n<\/tr>\n<tr>\n<td>Tansz\u00e9kvezet\u0151<\/td>\n<td>Pataky Ilona<\/td>\n<td>51272<\/td>\n<td>&nbsp;<\/td>\n<\/tr>\n<tr>\n<td>Oktat\u00e1si szak\u00e9rt\u0151<\/td>\n<td>Majlinger Kinga<\/td>\n<td>51272<\/td>\n<td>&nbsp;<\/td>\n<\/tr>\n<\/tbody>\n<\/table>\n<h2>Telephely:<\/h2>\n<p><strong>Pszichi\u00e1triai \u00e9s Pszichoter\u00e1pi\u00e1s Klinika &#8211; Szent R\u00f3kus Klinikai T\u00f6mb<\/strong><\/p>\n<p><strong>C\u00edm<\/strong>: 1085 Budapest, Gyulai P\u00e1l u. 2. (VIII. ker\u00fclet)<br \/>\n<strong>K\u00f6zponti telefonsz\u00e1m<\/strong>:<br \/>\nA pszichi\u00e1triai oszt\u00e1lyon bennfekv\u0151 betegekr\u0151l \u00e9rdekl\u0151dni a k\u00f6vetkez\u0151 telefonsz\u00e1mon lehet:+36-1-2359825<br \/>\nA pszichoter\u00e1pi\u00e1s oszt\u00e1ly el\u00e9rhet\u0151s\u00e9ge:+36-1-2356690 \/66523 mell\u00e9k\u00a0<\/p>\n\n<!-- iframe plugin v.4.9 wordpress.org\/plugins\/iframe\/ -->\n<iframe src=\"https:\/\/www.google.com\/maps\/embed?pb=!1m18!1m12!1m3!1d2695.710491369566!2d19.064769175879164!3d47.49555299564004!2m3!1f0!2f0!3f0!3m2!1i1024!2i768!4f13.1!3m3!1m2!1s0x4741dc5db4e0da49%3A0xd5d6b42fef65294b!2zU3plbnQgUsOza3VzIEvDs3Jow6F6!5e0!3m2!1shu!2shu!4v1742406047624!5m2!1shu!2shu\" width=\"100%\" height=\"300\" style=\"border:0;\" allowfullscreen loading=\"lazy\" referrerpolicy=\"no-referrer-when-downgrade\" scrolling=\"yes\" class=\"iframe-class\" frameborder=\"0\"><\/iframe>\n\n<table width=\"1089\">\n<tbody>\n<tr>\n<td width=\"359\"><strong>VIII.ker. Gyulai P\u00e1l u. 2., Szent R\u00f3kus Klinikai T\u00f6mb<\/strong><\/td>\n<td width=\"328\">N\u00e9v<\/td>\n<td width=\"219\">Tel.<\/td>\n<td width=\"183\">Email<\/td>\n<\/tr>\n<tr>\n<td>Oszt\u00e1lyvezet\u0151<\/td>\n<td>Dr. Szekeres Gy\u00f6rgy<\/td>\n<td>57444<\/td>\n<td>&nbsp;<\/td>\n<\/tr>\n<tr>\n<td>Adminisztr\u00e1tor<\/td>\n<td>V\u00e9gh Veronika<\/td>\n<td>57444<\/td>\n<td>&nbsp;<\/td>\n<\/tr>\n<tr>\n<td>Adminisztr\u00e1tor<\/td>\n<td>Singh-Szir\u00e1czki Mariann<\/td>\n<td>57331<\/td>\n<td>&nbsp;<\/td>\n<\/tr>\n<tr>\n<td>VI. emelet<\/td>\n<td>Kezel\u0151<\/td>\n<td>57506<\/td>\n<td>&nbsp;<\/td>\n<\/tr>\n<tr>\n<td>VII. emelet<\/td>\n<td>N\u0151v\u00e9rpult<\/td>\n<td>57506<\/td>\n<td>&nbsp;<\/td>\n<\/tr>\n<\/tbody>\n<\/table>\n<p>&nbsp;<\/p>\n<p><strong>Pszichi\u00e1triai \u00e9s Pszichoter\u00e1pi\u00e1s Klinika -Klinikai Pszichol\u00f3gia Tansz\u00e9k<\/strong><\/p>\n<p><strong>C\u00edm<\/strong>: 1091 Budapest, \u00dcll\u0151i \u00fat 25. I. em.<\/p>\n\n<!-- iframe plugin v.4.9 wordpress.org\/plugins\/iframe\/ -->\n<iframe src=\"https:\/\/www.google.com\/maps\/embed?pb=!1m18!1m12!1m3!1d674.0339423105156!2d19.06564706960079!3d47.487268404455804!2m3!1f0!2f0!3f0!3m2!1i1024!2i768!4f13.1!3m3!1m2!1s0x4741dc59f1a5d4e5%3A0xf93ec72c9cd2fa0a!2zQnVkYXBlc3QsIMOcbGzFkWkgw7p0IDI1LCAxMDky!5e0!3m2!1shu!2shu!4v1742405769590!5m2!1shu!2shu\" width=\"100%\" height=\"300\" style=\"border:0;\" allowfullscreen loading=\"lazy\" referrerpolicy=\"no-referrer-when-downgrade\" scrolling=\"yes\" class=\"iframe-class\" frameborder=\"0\"><\/iframe>\n\n<table width=\"1089\">\n<tbody>\n<tr>\n<td width=\"359\">\u00a0<strong>Klinikai Pszichol\u00f3gia Tansz\u00e9k<\/strong><\/td>\n<td width=\"328\">\u00a0<\/td>\n<td width=\"219\">\u00a0<\/td>\n<td width=\"183\">\u00a0<\/td>\n<\/tr>\n<tr>\n<td>1091 Budapest, \u00dcll\u0151i \u00fat 25. I. em.<\/td>\n<td>N\u00e9v<\/td>\n<td>Tel.<\/td>\n<td>Email<\/td>\n<\/tr>\n<tr>\n<td>Tansz\u00e9kvezet\u0151<\/td>\n<td>Dr. Gonda X\u00e9nia<\/td>\n<td>62360<\/td>\n<td>&nbsp;<\/td>\n<\/tr>\n<tr>\n<td>Kiemelt titk\u00e1rs\u00e1gi szak\u00e9rt\u0151<\/td>\n<td>F\u00e1sin\u00e9 Boros Krisztina<\/td>\n<td>62360<\/td>\n<td>&nbsp;<\/td>\n<\/tr>\n<tr>\n<td>Oktat\u00e1si szak\u00e9rt\u0151<\/td>\n<td>Bartos Nat\u00e1lia<\/td>\n<td>62361<\/td>\n<td>&nbsp;<\/td>\n<\/tr>\n<\/tbody>\n<\/table>\n<p>&nbsp;<\/p>\n<p>&nbsp;<\/p>\n<p>&nbsp;<\/p>\n","protected":false},"excerpt":{"rendered":"<p>Sz\u00e9khely: C\u00edm: 1083 Budapest, Balassa u. 6. (VIII. ker\u00fclet) K\u00f6zponti telefonsz\u00e1m: +36-1-210-0330\/mell\u00e9k Szakambulanci\u00e1k N\u00e9v Tel. Email VIII.ker., Balassa u. 6 Feln\u0151tt S\u00fcrg\u0151ss\u00e9gi Pszichi\u00e1triai szakambulancia 51243 &nbsp; VIII.ker., Balassa u. 6 Mem\u00f3ria szakambulancia 51243 &nbsp; VIII.ker., Balassa u. 6 Neuropszichol\u00f3gia szakambulancia 51243 &nbsp; IX.ker., M\u00e1rton utca 39. ADHD ambulancia &nbsp; <a href=\"mailto:adhd@semmelweis.hu\">adhd@semmelweis.hu<\/a> &nbsp; Fekv\u0151beteg Oszt\u00e1lyok \u00a0 \u00a0 \u00a0 &hellip;<\/p>\n","protected":false},"author":101149,"featured_media":0,"parent":0,"menu_order":6,"comment_status":"closed","ping_status":"closed","template":"","meta":{"_acf_changed":false,"footnotes":""},"categories":[],"tags":[],"class_list":["post-6","page","type-page","status-publish","hentry"],"acf":[],"_links":{"self":[{"href":"https:\/\/semmelweis.hu\/pszichiatria\/wp-json\/wp\/v2\/pages\/6","targetHints":{"allow":["GET"]}}],"collection":[{"href":"https:\/\/semmelweis.hu\/pszichiatria\/wp-json\/wp\/v2\/pages"}],"about":[{"href":"https:\/\/semmelweis.hu\/pszichiatria\/wp-json\/wp\/v2\/types\/page"}],"author":[{"embeddable":true,"href":"https:\/\/semmelweis.hu\/pszichiatria\/wp-json\/wp\/v2\/users\/101149"}],"replies":[{"embeddable":true,"href":"https:\/\/semmelweis.hu\/pszichiatria\/wp-json\/wp\/v2\/comments?post=6"}],"version-history":[{"count":13,"href":"https:\/\/semmelweis.hu\/pszichiatria\/wp-json\/wp\/v2\/pages\/6\/revisions"}],"predecessor-version":[{"id":5273,"href":"https:\/\/semmelweis.hu\/pszichiatria\/wp-json\/wp\/v2\/pages\/6\/revisions\/5273"}],"wp:attachment":[{"href":"https:\/\/semmelweis.hu\/pszichiatria\/wp-json\/wp\/v2\/media?parent=6"}],"wp:term":[{"taxonomy":"category","embeddable":true,"href":"https:\/\/semmelweis.hu\/pszichiatria\/wp-json\/wp\/v2\/categories?post=6"},{"taxonomy":"post_tag","embeddable":true,"href":"https:\/\/semmelweis.hu\/pszichiatria\/wp-json\/wp\/v2\/tags?post=6"}],"curies":[{"name":"wp","href":"https:\/\/api.w.org\/{rel}","templated":true}]}}