{"id":5632,"date":"2026-01-28T12:11:24","date_gmt":"2026-01-28T11:11:24","guid":{"rendered":"https:\/\/semmelweis.hu\/pszichiatria\/?page_id=5632"},"modified":"2026-01-28T13:19:09","modified_gmt":"2026-01-28T12:19:09","slug":"vr-alapu-avatar-terapia","status":"publish","type":"page","link":"https:\/\/semmelweis.hu\/pszichiatria\/kutatasi-teruletek\/virtualis-valosag-es-emocio-kutatocsoport\/vr-alapu-avatar-terapia\/","title":{"rendered":"VR-alap\u00fa Avatar Ter\u00e1pia"},"content":{"rendered":"<h2>VR-alap\u00fa Avatar Ter\u00e1pia \u2013 Klinikai kutat\u00e1s rezidu\u00e1lis akusztikus hallucin\u00e1ci\u00f3k kezel\u00e9s\u00e9re<\/h2>\n<p>A Semmelweis Egyetem Pszichi\u00e1triai \u00e9s Pszichoter\u00e1pi\u00e1s Klinik\u00e1ja r\u00e9szv\u00e9tel\u00e9vel nemzetk\u00f6zi kutat\u00e1s indult a virtu\u00e1lis val\u00f3s\u00e1g (VR) alap\u00fa avatar ter\u00e1pia hat\u00e9konys\u00e1g\u00e1nak vizsg\u00e1lat\u00e1ra szkizofr\u00e9nia spektrum zavarban szenved\u0151 p\u00e1ciensekn\u00e9l, akik gy\u00f3gyszeres kezel\u00e9s mellett is tart\u00f3san hallanak hangokat (rezidu\u00e1lis akusztikus hallucin\u00e1ci\u00f3k). Sok betegn\u00e9l a hagyom\u00e1nyos kezel\u00e9sek ellen\u00e9re is megmaradnak a hanghall\u00e1sok, amelyek s\u00falyos szenved\u00e9st, szorong\u00e1st \u00e9s a mindennapi funkci\u00f3k k\u00e1rosod\u00e1s\u00e1t okozz\u00e1k. A kutat\u00e1s egy innovat\u00edv, nem gy\u00f3gyszeres kieg\u00e9sz\u00edt\u0151 ter\u00e1pi\u00e1t vizsg\u00e1l, amely seg\u00edthet a betegeknek visszaszerezni a kontrollt a hallucin\u00e1ci\u00f3k felett, cs\u00f6kkenteni azok gyakoris\u00e1g\u00e1t, intenzit\u00e1s\u00e1t \u00e9s az \u00e1ltaluk okozott distresszt, valamint jav\u00edtani az \u00e9letmin\u0151s\u00e9get.<\/p>\n<p>A ter\u00e1pia menete: A kezel\u00e9s sor\u00e1n a beteg a hallucin\u00e1ci\u00f3it megtestes\u00edt\u0151 avatart hoz l\u00e9tre a terapeut\u00e1val k\u00f6z\u00f6sen. A VR-k\u00f6rnyezetben ezt k\u00f6vet\u0151en a beteg fokozatosan, biztons\u00e1gos keretek k\u00f6z\u00f6tt tal\u00e1lkozik az avat\u00e1rral, mik\u00f6zben a terapeuta ir\u00e1ny\u00edtja \u00e9s fel\u00fcgyeli a p\u00e1rbesz\u00e9det. Ez el\u0151seg\u00edti a hangokhoz val\u00f3 viszony megv\u00e1ltoz\u00e1s\u00e1t \u00e9s a t\u00fcnetek enyh\u00fcl\u00e9s\u00e9t. A ter\u00e1pi\u00e1s \u00fcl\u00e9sek alkalmank\u00e9nt 50 percig tartotanak, \u00f6sszesen 7 alkalommal. A r\u00e9szv\u00e9tel\u00a0\u00f6nk\u00e9ntes\u00a0\u00e9s\u00a0teljesen t\u00e9r\u00edt\u00e9smentes.<\/p>\n<p><a href=\"https:\/\/semmelweis.hu\/pszichiatria\/files\/2026\/01\/Avatar1.png\"><img loading=\"lazy\" decoding=\"async\" class=\"wp-image-5634 alignnone\" src=\"https:\/\/semmelweis.hu\/pszichiatria\/files\/2026\/01\/Avatar1-400x250.png\" alt=\"\" width=\"319\" height=\"200\" srcset=\"https:\/\/semmelweis.hu\/pszichiatria\/files\/2026\/01\/Avatar1-400x250.png 400w, https:\/\/semmelweis.hu\/pszichiatria\/files\/2026\/01\/Avatar1.png 674w\" sizes=\"auto, (max-width: 319px) 100vw, 319px\" \/><\/a><a href=\"https:\/\/semmelweis.hu\/pszichiatria\/files\/2026\/01\/Avatar2.png\"><img loading=\"lazy\" decoding=\"async\" class=\"wp-image-5635 alignnone\" src=\"https:\/\/semmelweis.hu\/pszichiatria\/files\/2026\/01\/Avatar2-400x224.png\" alt=\"\" width=\"358\" height=\"200\" srcset=\"https:\/\/semmelweis.hu\/pszichiatria\/files\/2026\/01\/Avatar2-400x224.png 400w, https:\/\/semmelweis.hu\/pszichiatria\/files\/2026\/01\/Avatar2.png 753w\" sizes=\"auto, (max-width: 358px) 100vw, 358px\" \/><\/a><\/p>\n<p>A vizsg\u00e1lat nemzetk\u00f6zi r\u00e9sze (Horizont Eur\u00f3pa \u00f6ner\u0151 t\u00e1mogat\u00e1s) a Kultur\u00e1lis \u00e9s Innov\u00e1ci\u00f3s Miniszt\u00e9rium Nemzeti Kutat\u00e1si, Fejleszt\u00e9si \u00e9s Innov\u00e1ci\u00f3s Alapb\u00f3l ny\u00fajtott t\u00e1mogat\u00e1s\u00e1val, a 2020-2.1.1-ED p\u00e1ly\u00e1zati program finansz\u00edroz\u00e1s\u00e1ban val\u00f3sult meg. Projektazonos\u00edt\u00f3: 2020-2.1.1-ED-2024-00291<\/p>\n<p>A vizsg\u00e1lat magyarorsz\u00e1gi \u00e1ga, mely a magyar adatok r\u00e9szletesebb, valamint a nemzetk\u00f6zi kutat\u00e1st\u00f3l elt\u00e9r\u0151 szempont\u00fa elemz\u00e9s\u00e9re, valamint a ter\u00e1pia hossz\u00fa t\u00e1v\u00fa fenntarthat\u00f3s\u00e1g\u00e1ra terjed ki az OTKA Posztdoktori Kiv\u00e1l\u00f3s\u00e1gi Program keret\u00e9ben az NKFI Alapb\u00f3l val\u00f3sul meg.<br \/>\nProjektazonos\u00edt\u00f3: [PD 146384\u00a0]<\/p>\n<p>Tov\u00e1bbi inform\u00e1ci\u00f3k \u00e9s eredm\u00e9nyek:<\/p>\n<ul>\n<li>BrainBar podcast (https:\/\/www.youtube.com\/watch?v=GOGfm9Tlr3I)<\/li>\n<li>Prezent\u00e1ci\u00f3 tart\u00e1sa a Magyar Pszichi\u00e1triai T\u00e1rsas\u00e1g \u00e9ves kongresszus\u00e1n (2024. m\u00e1jus 31. k\u00f6r\u00fclbel\u00fcl 100 r\u00e9sztvev\u0151.; Emellett 2026 janu\u00e1r 21-24 k\u00f6z\u00f6tt, a Pszichi\u00e1triai T\u00e1rsas\u00e1g soron k\u00f6vetkez\u0151 kongresszus\u00e1n is tervez\u00fcnk k\u00e9t el\u0151ad\u00e1st tartani a t\u00e9m\u00e1ban)<\/li>\n<li>Prezent\u00e1ci\u00f3 az \u00e9ves k\u00f6telez\u0151 szintentart\u00f3 tov\u00e1bbk\u00e9pz\u00e9sen\u00a0(2024. okt\u00f3ber 10.; 200 regisztr\u00e1lt r\u00e9sztvev\u0151)\u00a0<\/li>\n<li>Prezent\u00e1ci\u00f3 az EABCT \u00e9ves kongresszus\u00e1n Szerbi\u00e1ban (2024. szeptember)<\/li>\n<li>Poszter az EABCT \u00e9ves kongresszus\u00e1n Glasgow-ban (2025. szeptember)<\/li>\n<\/ul>\n<p>Tudom\u00e1nyos publik\u00e1ci\u00f3k (minden esetben hivatkoztunk a NKFIH alapb\u00f3l biztos\u00edtott t\u00e1mogat\u00e1sra):<\/p>\n<ul>\n<li>Edit, Haluska-Vass, Luciana D\u00edaz-Cutraro, Alexandrina Stoyanova, Ja\u015bmina Arabska, Marina Peniza-Soriano, Raquel Andr\u00e9s, Farah Shiraz, Louise Birkedal Glenth\u00f8j, Lilla Gerlinger, G\u00e1bor Csukly, Lajos Simon, Jakub Ka\u017amierski, Karina Nowakowska, Ewa Szczepocka, Susana Ochoa. Comprehensive analysis of virtual reality-based avatar therapy: Study protocol for a multi-center waitlist-controlled pre-post design study. Virtual Reality (rev\u00edzi\u00f3 beny\u00fajtva)<\/li>\n<li>Alexandrina Stoyanova, Raquel Andr\u00e9s, Edit Vass, Susana Ochoa, Ja\u015bmina Arabska, and VR-AVATAR-SCH trial investigators. Cost-Effectiveness of Virtual Reality-based Avatar Therapy for Patients with Treatment-Resistant Schizophrenia. European Journal of Health Economics (bek\u00fcldve)<\/li>\n<\/ul>\n<p>A kutat\u00e1s eredm\u00e9nyeit tudom\u00e1nyos publik\u00e1ci\u00f3kban tessz\u00fck k\u00f6zz\u00e9 (minden publik\u00e1ci\u00f3 tartalmazza a fenti hivatkoz\u00e1st).<\/p>\n<p>Ha \u00e9rdekli a r\u00e9szletes szakmai h\u00e1tt\u00e9r vagy a kapcsol\u00f3d\u00f3 tanulm\u00e1nyok, keressen minket a klinika el\u00e9rhet\u0151s\u00e9gein.<br \/>\nKutat\u00e1svezet\u0151 \/ kapcsolattart\u00f3: Dr. Vass Edit PhD \u2013 vass.edit@semmelweis.hu vagy a klinika \u00e1ltal\u00e1nos el\u00e9rhet\u0151s\u00e9ge<\/p>\n<p><a href=\"https:\/\/semmelweis.hu\/pszichiatria\/files\/2026\/01\/c75cfb86-d03f-41d8-a29e-f1c281800117.jpg\"><img loading=\"lazy\" decoding=\"async\" class=\"alignnone size-medium wp-image-5648\" src=\"https:\/\/semmelweis.hu\/pszichiatria\/files\/2026\/01\/c75cfb86-d03f-41d8-a29e-f1c281800117-400x170.jpg\" alt=\"\" width=\"400\" height=\"170\" srcset=\"https:\/\/semmelweis.hu\/pszichiatria\/files\/2026\/01\/c75cfb86-d03f-41d8-a29e-f1c281800117-400x170.jpg 400w, https:\/\/semmelweis.hu\/pszichiatria\/files\/2026\/01\/c75cfb86-d03f-41d8-a29e-f1c281800117-1024x434.jpg 1024w, https:\/\/semmelweis.hu\/pszichiatria\/files\/2026\/01\/c75cfb86-d03f-41d8-a29e-f1c281800117-768x326.jpg 768w, https:\/\/semmelweis.hu\/pszichiatria\/files\/2026\/01\/c75cfb86-d03f-41d8-a29e-f1c281800117-1536x651.jpg 1536w, https:\/\/semmelweis.hu\/pszichiatria\/files\/2026\/01\/c75cfb86-d03f-41d8-a29e-f1c281800117-753x319.jpg 753w, https:\/\/semmelweis.hu\/pszichiatria\/files\/2026\/01\/c75cfb86-d03f-41d8-a29e-f1c281800117.jpg 2048w\" sizes=\"auto, (max-width: 400px) 100vw, 400px\" \/><\/a><\/p>\n","protected":false},"excerpt":{"rendered":"<p>VR-alap\u00fa Avatar Ter\u00e1pia \u2013 Klinikai kutat\u00e1s rezidu\u00e1lis akusztikus hallucin\u00e1ci\u00f3k kezel\u00e9s\u00e9re A Semmelweis Egyetem Pszichi\u00e1triai \u00e9s Pszichoter\u00e1pi\u00e1s Klinik\u00e1ja r\u00e9szv\u00e9tel\u00e9vel nemzetk\u00f6zi kutat\u00e1s indult a virtu\u00e1lis val\u00f3s\u00e1g (VR) alap\u00fa avatar ter\u00e1pia hat\u00e9konys\u00e1g\u00e1nak vizsg\u00e1lat\u00e1ra szkizofr\u00e9nia spektrum zavarban szenved\u0151 p\u00e1ciensekn\u00e9l, akik gy\u00f3gyszeres kezel\u00e9s mellett is tart\u00f3san hallanak hangokat (rezidu\u00e1lis akusztikus hallucin\u00e1ci\u00f3k). Sok betegn\u00e9l a hagyom\u00e1nyos kezel\u00e9sek ellen\u00e9re is megmaradnak a &hellip;<\/p>\n","protected":false},"author":101907,"featured_media":5634,"parent":3393,"menu_order":0,"comment_status":"closed","ping_status":"closed","template":"","meta":{"_acf_changed":false,"footnotes":""},"categories":[],"tags":[],"class_list":["post-5632","page","type-page","status-publish","has-post-thumbnail","hentry"],"acf":[],"_links":{"self":[{"href":"https:\/\/semmelweis.hu\/pszichiatria\/wp-json\/wp\/v2\/pages\/5632","targetHints":{"allow":["GET"]}}],"collection":[{"href":"https:\/\/semmelweis.hu\/pszichiatria\/wp-json\/wp\/v2\/pages"}],"about":[{"href":"https:\/\/semmelweis.hu\/pszichiatria\/wp-json\/wp\/v2\/types\/page"}],"author":[{"embeddable":true,"href":"https:\/\/semmelweis.hu\/pszichiatria\/wp-json\/wp\/v2\/users\/101907"}],"replies":[{"embeddable":true,"href":"https:\/\/semmelweis.hu\/pszichiatria\/wp-json\/wp\/v2\/comments?post=5632"}],"version-history":[{"count":9,"href":"https:\/\/semmelweis.hu\/pszichiatria\/wp-json\/wp\/v2\/pages\/5632\/revisions"}],"predecessor-version":[{"id":5649,"href":"https:\/\/semmelweis.hu\/pszichiatria\/wp-json\/wp\/v2\/pages\/5632\/revisions\/5649"}],"up":[{"embeddable":true,"href":"https:\/\/semmelweis.hu\/pszichiatria\/wp-json\/wp\/v2\/pages\/3393"}],"wp:featuredmedia":[{"embeddable":true,"href":"https:\/\/semmelweis.hu\/pszichiatria\/wp-json\/wp\/v2\/media\/5634"}],"wp:attachment":[{"href":"https:\/\/semmelweis.hu\/pszichiatria\/wp-json\/wp\/v2\/media?parent=5632"}],"wp:term":[{"taxonomy":"category","embeddable":true,"href":"https:\/\/semmelweis.hu\/pszichiatria\/wp-json\/wp\/v2\/categories?post=5632"},{"taxonomy":"post_tag","embeddable":true,"href":"https:\/\/semmelweis.hu\/pszichiatria\/wp-json\/wp\/v2\/tags?post=5632"}],"curies":[{"name":"wp","href":"https:\/\/api.w.org\/{rel}","templated":true}]}}