{"id":5399,"date":"2025-08-15T14:50:21","date_gmt":"2025-08-15T12:50:21","guid":{"rendered":"https:\/\/semmelweis.hu\/pszichiatria\/?page_id=5399"},"modified":"2025-08-26T08:14:29","modified_gmt":"2025-08-26T06:14:29","slug":"novertovabbkepzes","status":"publish","type":"page","link":"https:\/\/semmelweis.hu\/pszichiatria\/novertovabbkepzes\/","title":{"rendered":"N\u0151v\u00e9rtov\u00e1bbk\u00e9pz\u00e9s"},"content":{"rendered":"<h4><span style=\"color: #003366\"><strong>2025-\u00f6s \u0150SZI PROGRAM<\/strong><\/span><\/h4>\n<p>\u00a0<strong>\u201eKih\u00edv\u00e1sok a pszichi\u00e1triai \u00e1pol\u00e1sban: addikci\u00f3, id\u0151skor, ki\u00e9g\u00e9s\u201d<\/strong><\/p>\n<ul>\n<li>D\u00e1tum: 2025. okt\u00f3ber 3., p\u00e9ntek<\/li>\n<li>Jelentkez\u00e9si hat\u00e1rid\u0151: szeptember 19.<\/li>\n<li>Jelentkez\u00e9s:<a href=\"https:\/\/semmelweis.hu\/pszichiatria\/files\/2025\/08\/urlap_igazolas.docx\">itt let\u00f6lthet\u0151<\/a><\/li>\n<li>Jelentkez\u00e9s menete: kit\u00f6lt\u00f6tt \u0171rlapot emailben elk\u00fcldve a <u><a href=\"mailto:varszegi.agnes@semmelweis.hu\">varszegi.agnes@semmelweis.hu<\/a><\/u> emailc\u00edmre<\/li>\n<li>R\u00e9szletes program:<a href=\"https:\/\/semmelweis.hu\/pszichiatria\/files\/2025\/08\/Program-1.jpg\">itt let\u00f6lthet\u0151<\/a><\/li>\n<li>A tanfolyam ingyenes<\/li>\n<li>Megh\u00edv\u00f3:<a href=\"https:\/\/semmelweis.hu\/pszichiatria\/files\/2025\/08\/Meghivo-1.jpg\">itt let\u00f6lthet\u0151<\/a><\/li>\n<li>\n<p>Helysz\u00edn: SE Pszichi\u00e1triai \u00e9s Pszichoter\u00e1pi\u00e1s Klinika, VIII.ker., Balassa u. 6., I. emelet, tanterem<\/p>\n<\/li>\n<\/ul>\n<p>&nbsp;<\/p>\n<p>Amir\u0151l sz\u00f3 lesz:<\/p>\n<p>&nbsp;<\/p>\n<p><strong><em>Szenved\u00e9lybetegs\u00e9gek kialakul\u00e1sa \u2013 Dr. Szily Erika<\/em><\/strong><\/p>\n<p>El\u0151ad\u00e1som els\u0151 r\u00e9sz\u00e9ben a szenved\u00e9lybetegs\u00e9gek kialakul\u00e1s\u00e1nak elm\u00e9leti megk\u00f6zel\u00edt\u00e9seit, modelljeit tekintj\u00fck \u00e1t. Ezt k\u00f6vet\u0151en a kialakul\u00e1sukban szerepet j\u00e1tsz\u00f3 rizik\u00f3faktorok, genetikai \u00e9s k\u00f6rnyezeti t\u00e9nyez\u0151k ker\u00fclnek t\u00e1rgyal\u00e1sra. V\u00e9gezet\u00fcl a s\u00f3v\u00e1rg\u00e1s, drogkeres\u0151 magatart\u00e1s, illetve a relapszusok h\u00e1tter\u00e9ben \u00e1ll\u00f3 neurobiol\u00f3giai folyamatokat mutatom be r\u00f6viden<\/p>\n<p>&nbsp;<\/p>\n<p>&nbsp;<\/p>\n<p><strong><em>Addiktol\u00f3giai betegek \u00e1pol\u00e1sa: kih\u00edv\u00e1sok \u00e9s lehet\u0151s\u00e9gek a szakdolgoz\u00f3i gyakorlatban \u2013 Nagy Melinda<\/em><\/strong><\/p>\n<p>Az addiktol\u00f3giai betegek \u00e1pol\u00e1sa \u00f6sszetett, multidiszciplin\u00e1ris feladat, mely k\u00fcl\u00f6n\u00f6s figyelmet, emp\u00e1ti\u00e1t \u00e9s speci\u00e1lis ismereteket ig\u00e9nyel az \u00e1pol\u00f3k r\u00e9sz\u00e9r\u0151l. Az ell\u00e1t\u00e1st nehez\u00edti, hogy a f\u00fcgg\u0151s\u00e9ggel \u00e9l\u0151 betegek gyakran pszich\u00e9s \u00e9s szomatikus t\u00e1rsbetegs\u00e9gekkel k\u00fczdenek. Az el\u0151ad\u00e1som c\u00e9lja, hogy bemutassam az \u00e1pol\u00e1si kih\u00edv\u00e1sokat, mint p\u00e9ld\u00e1ul az egy\u00fcttm\u0171k\u00f6d\u00e9s hi\u00e1nya, a stigmatiz\u00e1ci\u00f3 kezel\u00e9se \u00e9s a ter\u00e1pi\u00e1s kapcsolat fontoss\u00e1ga. Illetve, hogy milyen szerepei vannak a szakdolgoz\u00f3nak a prevenci\u00f3ban \u00e9s rehabilit\u00e1ci\u00f3ban.<\/p>\n<p>&nbsp;<\/p>\n<p><strong><em>Organikus \u00e9s id\u0151skori ment\u00e1lis zavarok \u2013 Dr. Hidasi Zolt\u00e1n<\/em><\/strong><\/p>\n<p>Az organikus \u00e9s id\u0151skori ment\u00e1lis zavarok elm\u00e9leti h\u00e1tter\u00e9nek bemutat\u00e1sa mellett a betegs\u00e9gek oszt\u00e1lyoz\u00e1s\u00e1nak neh\u00e9zs\u00e9geit is bemutatjuk. Az egyes gyakori k\u00f3rk\u00e9pek (del\u00edrium, demencia, depresszi\u00f3) mellett az egy\u00e9b id\u0151skori \u00e9s organikus ment\u00e1lis zavarok klinikai jellemz\u0151it, diagnosztikai \u00e9s ter\u00e1pi\u00e1s vonatkoz\u00e1sait t\u00e1rgyaljuk. Bemutat\u00e1sra ker\u00fclnek az organikus\/id\u0151skori zavarok ter\u00e1pi\u00e1s vonatkoz\u00e1sainak \u00e1ltal\u00e1nos jellemz\u0151i is.<\/p>\n<p>&nbsp;<\/p>\n<p><strong><em>Id\u0151skori ment\u00e1lis zavarral k\u00fczd\u0151 p\u00e1ciensek \u00e1pol\u00e1sa \u2013 T\u00e1la \u00c1rp\u00e1d<\/em><\/strong><\/p>\n<p>Ahogy a vil\u00e1g n\u00e9pess\u00e9g\u00e9n, haz\u00e1nkban, Magyarorsz\u00e1gon is megfigyelhet\u0151, hogy t\u00e1rsadalmunk el\u00f6reged\u0151 tendenci\u00e1t mutat. Ez hatalmas kih\u00edv\u00e1st jelent az eg\u00e9szs\u00e9g\u00fcgyi ell\u00e1t\u00e1snak, mivel e korcsoport specifikus ell\u00e1t\u00e1st ig\u00e9nyel. El\u0151ad\u00e1sommal azokra a megoldand\u00f3 probl\u00e9m\u00e1kra szeretn\u00e9k r\u00e1vil\u00e1g\u00edtani, melyeknek a szakszer\u0171, helyes megold\u00e1sa r\u00e9v\u00e9n megk\u00f6nny\u00edtj\u00fck a beteg\u00e1pol\u00e1st, j\u00f3 tan\u00e1csokat adhatunk a hozz\u00e1tartoz\u00f3knak \u00e9s nem utols\u00f3 sorban a betegeknek is.<\/p>\n<p>&nbsp;<\/p>\n<p>A geri\u00e1triai betegcsoport t\u00f6bbs\u00e9ge multimorbid, nagyon sokszor t\u00e1rsul pszichi\u00e1triai k\u00f3rk\u00e9pekkel, leggyakrabban demenci\u00e1val. Szakter\u00fcletemb\u0151l fakad\u00f3an el\u0151ad\u00e1som geronto-pszichi\u00e1triai k\u00f6zpont\u00fa, a demenci\u00e1val \u00e9l\u0151 betegek \u00e1pol\u00e1stan\u00e1ra f\u00f3kusz\u00e1l.<\/p>\n<p>Emellett sz\u00f3 esik az id\u0151skori depresszi\u00f3s betegek szak\u00e1pol\u00e1s\u00e1r\u00f3l.<\/p>\n<p>Tov\u00e1bb\u00e1 hogyan kell fell\u00e9pni szak\u00e1pol\u00f3k\u00e9nt k\u00f3rh\u00e1zi k\u00f6r\u00fclm\u00e9nyek k\u00f6z\u00f6tt deluz\u00edv zavarok eset\u00e9n.<\/p>\n<p>&nbsp;<\/p>\n<p>&nbsp;<\/p>\n<p><strong><em>\u201eNem tudok m\u00e1r t\u00f6bbet adni magamb\u00f3l, elfogytam\u201d. Az \u00e1pol\u00f3k ki\u00e9g\u00e9s\u00e9nek megel\u0151z\u00e9se \u00e9s a kezel\u00e9s\u00e9nek lehet\u0151s\u00e9gei. \u2013 Dr. \u00c1cs Andrea<\/em><\/strong><\/p>\n<p>Az eg\u00e9szs\u00e9g\u00fcgyi szf\u00e9r\u00e1ban az \u00e1pol\u00f3i tev\u00e9kenys\u00e9g az egyik legmagasabb stressz-szinttel jellemezhet\u0151 munkak\u00f6r, amelyben a fizikai jellegzetess\u00e9gekt\u0151l kezdve a pszichoszoci\u00e1lis stresszhat\u00e1sokon \u00e1t a szerepkonfliktusokig, sz\u00e1mos stresszforr\u00e1s jelenik meg. A t\u00e1rsadalom \u00e9s az eg\u00e9szs\u00e9gpolitika r\u00e9sz\u00e9r\u0151l az elismer\u00e9s \u00e9s megbecs\u00fcl\u00e9s hi\u00e1nya, illetve a p\u00e9nz\u00fcgyi neh\u00e9zs\u00e9gek is terhelik az \u00e1pol\u00f3kat, amik a ki\u00e9g\u00e9s rizik\u00f3faktorai. Az er\u0151s \u00e9rzelmi megterhel\u00e9s miatt a pszichi\u00e1tri\u00e1n dolgoz\u00f3 \u00e1pol\u00f3k fokozottan vesz\u00e9lyeztetettek a kialakul\u00e1s\u00e1ban. Sz\u00e1mos hazai tanulm\u00e1ny k\u00e9sz\u00fclt az eg\u00e9szs\u00e9g\u00fcgyi szakdolgoz\u00f3k burnout fokozat\u00e1nak \u00e9s intenzit\u00e1s\u00e1nak felm\u00e9r\u00e9s\u00e9re.<\/p>\n<p>Az elm\u00falt 40 \u00e9vben k\u00fclf\u00f6ldi \u00e9s magyar kutat\u00e1sok jelent\u0151s sz\u00e1m\u00fa ismeretet halmoztak fel a t\u00e9m\u00e1val kapcsolatosan \u00e9s az int\u00e9zm\u00e9nyi, szervezeti szinten kimutathat\u00f3 rizik\u00f3 t\u00e9nyez\u0151k\u00f6n t\u00falmen\u0151en az egy\u00e9n szem\u00e9lyig\u00e9ben rejl\u0151 hajlamos\u00edt\u00f3 t\u00e9nyez\u0151kre is siker\u00fclt r\u00e1vil\u00e1g\u00edtani. Egym\u00e1st \u00e9rik a ki\u00e9g\u00e9s prevenci\u00f3s tr\u00e9ningek, tov\u00e1bbk\u00e9pz\u00e9sek, sz\u00e1mos klis\u00e9 hangzik el a megel\u0151z\u00e9ssel, gy\u00f3gy\u00edt\u00e1ssal kapcsolatosan, de a v\u00e1rt javul\u00e1s az egyre \u00fajabb burnout felm\u00e9r\u00e9sek eredm\u00e9nyeiben nem mutatkozik meg.<\/p>\n<p>Mik a val\u00f3di okok? Megel\u0151zhet\u0151 egy\u00e1ltal\u00e1n? Honnan vehetj\u00fck \u00e9szre, ha egy koll\u00e9g\u00e1nkn\u00e1l elindult a folyamat? Ha m\u00e1r jelei vannak a ki\u00e9g\u00e9s kialakul\u00e1s\u00e1nak, mik lehetnek a leghat\u00e9konyabb strat\u00e9gi\u00e1k a rosszabbod\u00e1s meg\u00e1ll\u00edt\u00e1s\u00e1ra? M\u00e1s orsz\u00e1gok \u00e1pol\u00f3in\u00e1l milyen int\u00e9zked\u00e9sek v\u00e1ltak be? Az el\u0151ad\u00e1s ezekre a k\u00e9rd\u00e9sekre keresi a v\u00e1laszt \u00e9s a legfrissebb kutat\u00e1sok eredm\u00e9nyein kereszt\u00fcl megk\u00eds\u00e9rli egy \u00fajszer\u0171 megk\u00f6zel\u00edt\u00e9sben \u00f6sszefoglalni a bornout jelens\u00e9get.<\/p>\n","protected":false},"excerpt":{"rendered":"<p>2025-\u00f6s \u0150SZI PROGRAM \u00a0\u201eKih\u00edv\u00e1sok a pszichi\u00e1triai \u00e1pol\u00e1sban: addikci\u00f3, id\u0151skor, ki\u00e9g\u00e9s\u201d D\u00e1tum: 2025. okt\u00f3ber 3., p\u00e9ntek Jelentkez\u00e9si hat\u00e1rid\u0151: szeptember 19. Jelentkez\u00e9s: <a href=\"https:\/\/semmelweis.hu\/pszichiatria\/files\/2025\/08\/urlap_igazolas.docx\">itt let\u00f6lthet\u0151<\/a> Jelentkez\u00e9s menete: kit\u00f6lt\u00f6tt \u0171rlapot emailben elk\u00fcldve a <a href=\"mailto:varszegi.agnes@semmelweis.hu\">varszegi.agnes@semmelweis.hu<\/a> emailc\u00edmre R\u00e9szletes program: <a href=\"https:\/\/semmelweis.hu\/pszichiatria\/files\/2025\/08\/Program-1.jpg\">itt let\u00f6lthet\u0151<\/a> A tanfolyam ingyenes Megh\u00edv\u00f3: <a href=\"https:\/\/semmelweis.hu\/pszichiatria\/files\/2025\/08\/Meghivo-1.jpg\">itt let\u00f6lthet\u0151<\/a> Helysz\u00edn: SE Pszichi\u00e1triai \u00e9s Pszichoter\u00e1pi\u00e1s Klinika, VIII.ker., Balassa u. 6., I. emelet, tanterem &nbsp; Amir\u0151l sz\u00f3 lesz: &nbsp; Szenved\u00e9lybetegs\u00e9gek kialakul\u00e1sa \u2013 &hellip;<\/p>\n","protected":false},"author":57,"featured_media":0,"parent":0,"menu_order":0,"comment_status":"closed","ping_status":"closed","template":"","meta":{"_acf_changed":false,"footnotes":""},"categories":[],"tags":[],"class_list":["post-5399","page","type-page","status-publish","hentry"],"acf":[],"_links":{"self":[{"href":"https:\/\/semmelweis.hu\/pszichiatria\/wp-json\/wp\/v2\/pages\/5399","targetHints":{"allow":["GET"]}}],"collection":[{"href":"https:\/\/semmelweis.hu\/pszichiatria\/wp-json\/wp\/v2\/pages"}],"about":[{"href":"https:\/\/semmelweis.hu\/pszichiatria\/wp-json\/wp\/v2\/types\/page"}],"author":[{"embeddable":true,"href":"https:\/\/semmelweis.hu\/pszichiatria\/wp-json\/wp\/v2\/users\/57"}],"replies":[{"embeddable":true,"href":"https:\/\/semmelweis.hu\/pszichiatria\/wp-json\/wp\/v2\/comments?post=5399"}],"version-history":[{"count":10,"href":"https:\/\/semmelweis.hu\/pszichiatria\/wp-json\/wp\/v2\/pages\/5399\/revisions"}],"predecessor-version":[{"id":5431,"href":"https:\/\/semmelweis.hu\/pszichiatria\/wp-json\/wp\/v2\/pages\/5399\/revisions\/5431"}],"wp:attachment":[{"href":"https:\/\/semmelweis.hu\/pszichiatria\/wp-json\/wp\/v2\/media?parent=5399"}],"wp:term":[{"taxonomy":"category","embeddable":true,"href":"https:\/\/semmelweis.hu\/pszichiatria\/wp-json\/wp\/v2\/categories?post=5399"},{"taxonomy":"post_tag","embeddable":true,"href":"https:\/\/semmelweis.hu\/pszichiatria\/wp-json\/wp\/v2\/tags?post=5399"}],"curies":[{"name":"wp","href":"https:\/\/api.w.org\/{rel}","templated":true}]}}