{"id":5093,"date":"2024-11-06T08:16:13","date_gmt":"2024-11-06T07:16:13","guid":{"rendered":"https:\/\/semmelweis.hu\/pszichiatria\/?page_id=5093"},"modified":"2024-12-17T09:10:34","modified_gmt":"2024-12-17T08:10:34","slug":"ppk-pszichiatriai-gondozo-es-szakrendeles","status":"publish","type":"page","link":"https:\/\/semmelweis.hu\/pszichiatria\/ppk-pszichiatriai-gondozo-es-szakrendeles\/","title":{"rendered":"PPK Pszichi\u00e1triai Gondoz\u00f3 \u00e9s Szakrendel\u00e9s"},"content":{"rendered":"<p><strong>Helysz\u00edn:<\/strong> 1085 Budapest, St\u00e1hly utca 13.<br \/>\n<strong>Telefon:<\/strong>\u00a0<strong>+36 20 825 0484<\/strong><\/p>\n<p>Email:\u00a0<a id=\"LPlnkOWAf4bb3914-f22c-9aed-779a-a013f6a2e35c\" class=\"x_OWAAutoLink\" href=\"mailto:rokusgondozo@semmelweis.hu\">rokusgondozo@semmelweis.hu<\/a><\/p>\n<h1>tev\u00e9kenys\u00e9gi k\u00f6r<\/h1>\n<p>Int\u00e9zet\u00fcnkben pszich\u00f3zisok diagnosztik\u00e1ja, kezel\u00e9se, pszichotikus betegek gondoz\u00e1sa mellett szorong\u00e1sos- \u00e9s hangulatzavarok, alv\u00e1szavarok, pszichoszomatikus k\u00f3rk\u00e9pek gy\u00f3gy\u00edt\u00e1sa t\u00f6rt\u00e9nik, komplex gy\u00f3gyszeres \u00e9s pszichoter\u00e1pi\u00e1s m\u00f3dszerekkel.<\/p>\n<p>Feladatunk m\u00e9g a ter\u00fclet\u00fcnkh\u00f6z tartoz\u00f3 betegek gy\u00e1ms\u00e1gi-, gondnoks\u00e1gi \u00fcgyeinek v\u00e9lem\u00e9nyez\u00e9se, pszichi\u00e1triai szak\u00e9rt\u00e9se.<\/p>\n<div class=\"keretes w-100\">\n<p><strong>El\u0151zetes bejelentkez\u00e9s \u00e9s id\u0151pont egyeztet\u00e9s ut\u00e1n k\u00e9pzett orvos-, pszichol\u00f3gus-, gondoz\u00f3n\u0151i csapat v\u00e1rja a betegeket az al\u00e1bbi ell\u00e1t\u00e1si ter\u00fcletr\u0151l:<\/strong><\/p>\n<\/div>\n<p>Biatorb\u00e1gy, Budajen\u0151, Budakeszi, Buda\u00f6rs, Cs\u00f6m\u00f6r, Fels\u0151pakony, Gy\u00e1l, Herceghalom, Nagykov\u00e1csi, Nagytarcsa, Solym\u00e1r, P\u00e1ty, P\u00e9cel, Perb\u00e1l, Pilisborosjen\u0151, Piliscsaba, Pilisj\u00e1szfalu, Pilisszentiv\u00e1n, Pilisv\u00f6r\u00f6sv\u00e1r, Telki, Tinnye, T\u00f6k, T\u00f6r\u00f6kb\u00e1lint, \u00dcr\u00f6m, Vecs\u00e9s, Zs\u00e1mb\u00e9k<\/p>\n<h1>Rendel\u00e9si id\u0151<\/h1>\n<p>h\u00e9tf\u0151t\u0151l-cs\u00fct\u00f6rt\u00f6kig 07:00 \u2013 17:00 \u00f3r\u00e1ig<\/p>\n<p>p\u00e9nteken 07:00 \u2013 14:00 \u00f3r\u00e1ig<\/p>\n<h1>munkat\u00e1rsak<\/h1>\n<p>rendel\u00e9svezet\u0151 f\u0151orvos<\/p>\n<p><strong>dr. Tak\u00e1cs Andrea\u00a0<\/strong><\/p>\n<p>rendel\u00e9svezet\u0151 f\u0151orvos<br \/>\npszichi\u00e1ter, pszichoterapeuta, addiktol\u00f3gus, pszichi\u00e1triai rehabilit\u00e1ci\u00f3 szakorvosa<\/p>\n<p><strong>dr. Wurfer Nikolett<\/strong><br \/>\npszichi\u00e1ter f\u0151orvos<\/p>\n<p><strong>dr. Szeleczky M\u00e1ria<br \/>\n<\/strong>pszichi\u00e1ter, addiktol\u00f3gus szakorvos<\/p>\n<p><strong>dr. Bork\u00f3 Erzs\u00e9bet<br \/>\n<\/strong>pszichi\u00e1ter szakorvos<\/p>\n<p><strong>Kecskem\u00e9ti Ildik\u00f3<\/strong><br \/>\nklinikai szakpszichol\u00f3gus, pszichoterapeuta<\/p>\n<p><strong>Szondy-Nagy Szilvia<\/strong><br \/>\nklinikai szakpszichol\u00f3gus, pszichoterapeuta<\/p>\n<p><strong>Sz\u0171cs Barbara<\/strong><br \/>\nklinikai szakpszichol\u00f3gus<\/p>\n<p><strong>Racsk\u00f3 Andrea<\/strong><br \/>\neg\u00e9szs\u00e9g\u00fcgyi szakdolgoz\u00f3<\/p>\n<p><strong>Mach Judit Orsolya<\/strong><br \/>\neg\u00e9szs\u00e9g\u00fcgyi szakdolgoz\u00f3<\/p>\n","protected":false},"excerpt":{"rendered":"<p>Helysz\u00edn: 1085 Budapest, St\u00e1hly utca 13. Telefon:\u00a0+36 20 825 0484 Email:\u00a0 <a id=\"LPlnkOWAf4bb3914-f22c-9aed-779a-a013f6a2e35c\" class=\"x_OWAAutoLink\" href=\"mailto:rokusgondozo@semmelweis.hu\">rokusgondozo@semmelweis.hu<\/a> tev\u00e9kenys\u00e9gi k\u00f6r Int\u00e9zet\u00fcnkben pszich\u00f3zisok diagnosztik\u00e1ja, kezel\u00e9se, pszichotikus betegek gondoz\u00e1sa mellett szorong\u00e1sos- \u00e9s hangulatzavarok, alv\u00e1szavarok, pszichoszomatikus k\u00f3rk\u00e9pek gy\u00f3gy\u00edt\u00e1sa t\u00f6rt\u00e9nik, komplex gy\u00f3gyszeres \u00e9s pszichoter\u00e1pi\u00e1s m\u00f3dszerekkel. Feladatunk m\u00e9g a ter\u00fclet\u00fcnkh\u00f6z tartoz\u00f3 betegek gy\u00e1ms\u00e1gi-, gondnoks\u00e1gi \u00fcgyeinek v\u00e9lem\u00e9nyez\u00e9se, pszichi\u00e1triai szak\u00e9rt\u00e9se. El\u0151zetes bejelentkez\u00e9s \u00e9s id\u0151pont egyeztet\u00e9s ut\u00e1n k\u00e9pzett orvos-, pszichol\u00f3gus-, &hellip;<\/p>\n","protected":false},"author":57,"featured_media":0,"parent":0,"menu_order":0,"comment_status":"closed","ping_status":"closed","template":"template-fullwidth.php","meta":{"_acf_changed":false,"footnotes":""},"categories":[],"tags":[],"class_list":["post-5093","page","type-page","status-publish","hentry"],"acf":[],"_links":{"self":[{"href":"https:\/\/semmelweis.hu\/pszichiatria\/wp-json\/wp\/v2\/pages\/5093","targetHints":{"allow":["GET"]}}],"collection":[{"href":"https:\/\/semmelweis.hu\/pszichiatria\/wp-json\/wp\/v2\/pages"}],"about":[{"href":"https:\/\/semmelweis.hu\/pszichiatria\/wp-json\/wp\/v2\/types\/page"}],"author":[{"embeddable":true,"href":"https:\/\/semmelweis.hu\/pszichiatria\/wp-json\/wp\/v2\/users\/57"}],"replies":[{"embeddable":true,"href":"https:\/\/semmelweis.hu\/pszichiatria\/wp-json\/wp\/v2\/comments?post=5093"}],"version-history":[{"count":6,"href":"https:\/\/semmelweis.hu\/pszichiatria\/wp-json\/wp\/v2\/pages\/5093\/revisions"}],"predecessor-version":[{"id":5147,"href":"https:\/\/semmelweis.hu\/pszichiatria\/wp-json\/wp\/v2\/pages\/5093\/revisions\/5147"}],"wp:attachment":[{"href":"https:\/\/semmelweis.hu\/pszichiatria\/wp-json\/wp\/v2\/media?parent=5093"}],"wp:term":[{"taxonomy":"category","embeddable":true,"href":"https:\/\/semmelweis.hu\/pszichiatria\/wp-json\/wp\/v2\/categories?post=5093"},{"taxonomy":"post_tag","embeddable":true,"href":"https:\/\/semmelweis.hu\/pszichiatria\/wp-json\/wp\/v2\/tags?post=5093"}],"curies":[{"name":"wp","href":"https:\/\/api.w.org\/{rel}","templated":true}]}}