{"id":4957,"date":"2024-06-10T15:02:26","date_gmt":"2024-06-10T13:02:26","guid":{"rendered":"https:\/\/semmelweis.hu\/pszichiatria\/?page_id=4957"},"modified":"2024-06-10T15:19:17","modified_gmt":"2024-06-10T13:19:17","slug":"adatvedelem","status":"publish","type":"page","link":"https:\/\/semmelweis.hu\/pszichiatria\/adatvedelem\/","title":{"rendered":"adatvedelem"},"content":{"rendered":"<p><strong>Adatkezel\u00e9si t\u00e1j\u00e9koztat\u00f3:<\/strong><\/p>\n<p><a href=\"https:\/\/semmelweis.hu\/pszichiatria\/files\/2024\/06\/adatkezelesi-tajekoztato-2024-SE-Pszichiatriai-Klinika-1.pdf\">Adatkezel\u00e9si t\u00e1j\u00e9koztat\u00f3 2024 SE Pszichi\u00e1triai Klinika<\/a><\/p>\n<p>&nbsp;<\/p>\n<p><strong>Adatkezel\u00e9si nyilv\u00e1ntart\u00e1s:<\/strong><\/p>\n<p><a href=\"https:\/\/semmelweis.hu\/pszichiatria\/files\/2024\/06\/SEPPK-Adatkezelesi-nyilvantartas-tudomanyos-kutatas_.xlsx\">SEPPK Adatkezel\u00e9si nyilv\u00e1ntart\u00e1s tudom\u00e1nyos kutat\u00e1s<\/a><\/p>\n<p><a href=\"https:\/\/semmelweis.hu\/pszichiatria\/files\/2024\/06\/SE-PPK-6.-adatkezeles_titkarsag_v1.xlsx\">SE-PPK 6.-adatkezeles_titkarsag_v1<\/a><\/p>\n<p><a href=\"https:\/\/semmelweis.hu\/pszichiatria\/files\/2024\/06\/SE-PPK-2.-adatkezeles_jarobeteg_ellatas-psych.xlsx\">SE-PPK 2.-adatkezeles_jarobeteg_ellatas psych<\/a><\/p>\n<p><a href=\"https:\/\/semmelweis.hu\/pszichiatria\/files\/2024\/06\/SE-PPK-1.-adatkezeles_fekvobeteg_ellatas-psych.xlsx\">SE-PPK 1.-adatkezeles_fekvobeteg_ellatas psych<\/a><\/p>\n<p><a href=\"https:\/\/semmelweis.hu\/pszichiatria\/files\/2024\/06\/SE-PPK-4.-adatkezeles_tovabbkepzes_v1.xlsx\">SE- PPK 4.-adatkezeles_tovabbkepzes_v1<\/a><\/p>\n<p><a href=\"https:\/\/semmelweis.hu\/pszichiatria\/files\/2024\/06\/SE-PPK-3.-adatkezeles_szakkepzes.xlsx\">SE PPK 3.- adatkezeles_szakkepzes<\/a><\/p>\n<p><a href=\"https:\/\/semmelweis.hu\/pszichiatria\/files\/2024\/06\/Adatkezelesi-nyilvantartas-Munka-es-Egeszsegugyi-nyilvantartas_Pszichiatriai-es-Pszichoterapias-Klinika-2.xlsx\">Adatkezel\u00e9si-nyilv\u00e1ntart\u00e1s Munka-\u00e9s Eg\u00e9szs\u00e9g\u00fcgyi nyilv\u00e1ntart\u00e1s_Pszichi\u00e1triai \u00e9s Pszichoter\u00e1pi\u00e1s Klinika (2)<\/a><\/p>\n","protected":false},"excerpt":{"rendered":"<p>Adatkezel\u00e9si t\u00e1j\u00e9koztat\u00f3:<br \/>\n<a href=\"https:\/\/semmelweis.hu\/pszichiatria\/files\/2024\/06\/adatkezelesi-tajekoztato-2024-SE-Pszichiatriai-Klinika-1.pdf\">Adatkezel\u00e9si t\u00e1j\u00e9koztat\u00f3 2024 SE Pszichi\u00e1triai Klinika<\/a><br \/>\n&nbsp;<br \/>\nAdatkezel\u00e9si nyilv\u00e1ntart\u00e1s:<br \/>\n<a href=\"https:\/\/semmelweis.hu\/pszichiatria\/files\/2024\/06\/SEPPK-Adatkezelesi-nyilvantartas-tudomanyos-kutatas_.xlsx\">SEPPK Adatkezel\u00e9si nyilv\u00e1ntart\u00e1s tudom\u00e1nyos kutat\u00e1s<\/a><br \/>\n<a href=\"https:\/\/semmelweis.hu\/pszichiatria\/files\/2024\/06\/SE-PPK-6.-adatkezeles_titkarsag_v1.xlsx\">SE-PPK 6.-adatkezeles_titkarsag_v1<\/a><br \/>\n<a href=\"https:\/\/semmelweis.hu\/pszichiatria\/files\/2024\/06\/SE-PPK-2.-adatkezeles_jarobeteg_ellatas-psych.xlsx\">SE-PPK 2.-adatkezeles_jarobeteg_ellatas psych<\/a><br \/>\n<a href=\"https:\/\/semmelweis.hu\/pszichiatria\/files\/2024\/06\/SE-PPK-1.-adatkezeles_fekvobeteg_ellatas-psych.xlsx\">SE-PPK 1.-adatkezeles_fekvobeteg_ellatas psych<\/a><br \/>\n<a href=\"https:\/\/semmelweis.hu\/pszichiatria\/files\/2024\/06\/SE-PPK-4.-adatkezeles_tovabbkepzes_v1.xlsx\">SE- PPK 4.-adatkezeles_tovabbkepzes_v1<\/a><br \/>\n<a href=\"https:\/\/semmelweis.hu\/pszichiatria\/files\/2024\/06\/SE-PPK-3.-adatkezeles_szakkepzes.xlsx\">SE PPK 3.- adatkezeles_szakkepzes<\/a><br \/>\n<a href=\"https:\/\/semmelweis.hu\/pszichiatria\/files\/2024\/06\/Adatkezelesi-nyilvantartas-Munka-es-Egeszsegugyi-nyilvantartas_Pszichiatriai-es-Pszichoterapias-Klinika-2.xlsx\">Adatkezel\u00e9si-nyilv\u00e1ntart\u00e1s Munka-\u00e9s Eg\u00e9szs\u00e9g\u00fcgyi nyilv\u00e1ntart\u00e1s_Pszichi\u00e1triai \u00e9s Pszichoter\u00e1pi\u00e1s Klinika (2)<\/a><\/p>\n","protected":false},"author":57,"featured_media":0,"parent":0,"menu_order":0,"comment_status":"closed","ping_status":"closed","template":"","meta":{"_acf_changed":false,"footnotes":""},"categories":[],"tags":[],"class_list":["post-4957","page","type-page","status-publish","hentry"],"acf":[],"_links":{"self":[{"href":"https:\/\/semmelweis.hu\/pszichiatria\/wp-json\/wp\/v2\/pages\/4957","targetHints":{"allow":["GET"]}}],"collection":[{"href":"https:\/\/semmelweis.hu\/pszichiatria\/wp-json\/wp\/v2\/pages"}],"about":[{"href":"https:\/\/semmelweis.hu\/pszichiatria\/wp-json\/wp\/v2\/types\/page"}],"author":[{"embeddable":true,"href":"https:\/\/semmelweis.hu\/pszichiatria\/wp-json\/wp\/v2\/users\/57"}],"replies":[{"embeddable":true,"href":"https:\/\/semmelweis.hu\/pszichiatria\/wp-json\/wp\/v2\/comments?post=4957"}],"version-history":[{"count":3,"href":"https:\/\/semmelweis.hu\/pszichiatria\/wp-json\/wp\/v2\/pages\/4957\/revisions"}],"predecessor-version":[{"id":4968,"href":"https:\/\/semmelweis.hu\/pszichiatria\/wp-json\/wp\/v2\/pages\/4957\/revisions\/4968"}],"wp:attachment":[{"href":"https:\/\/semmelweis.hu\/pszichiatria\/wp-json\/wp\/v2\/media?parent=4957"}],"wp:term":[{"taxonomy":"category","embeddable":true,"href":"https:\/\/semmelweis.hu\/pszichiatria\/wp-json\/wp\/v2\/categories?post=4957"},{"taxonomy":"post_tag","embeddable":true,"href":"https:\/\/semmelweis.hu\/pszichiatria\/wp-json\/wp\/v2\/tags?post=4957"}],"curies":[{"name":"wp","href":"https:\/\/api.w.org\/{rel}","templated":true}]}}