{"id":4749,"date":"2023-12-07T14:24:40","date_gmt":"2023-12-07T13:24:40","guid":{"rendered":"https:\/\/semmelweis.hu\/pszichiatria\/?page_id=4749"},"modified":"2023-12-07T14:27:24","modified_gmt":"2023-12-07T13:27:24","slug":"dr-czobor-pal-docens-70-szuletesnapja","status":"publish","type":"page","link":"https:\/\/semmelweis.hu\/pszichiatria\/dr-czobor-pal-docens-70-szuletesnapja\/","title":{"rendered":"Dr. Czobor P\u00e1l docens 70. sz\u00fclet\u00e9snapja"},"content":{"rendered":"<p style=\"text-align: justify\">Kedves Megh\u00edvottak!<\/p>\n<p>Dr. Czobor P\u00e1l egyetemi docens id\u00e9n \u00fcnnepelte 70. sz\u00fclet\u00e9snapj\u00e1t. E jeles \u00e9vfordul\u00f3t 2023 december 12-\u00e9n \u00fcnnepelj\u00fck meg p\u00e1lyat\u00e1rsai k\u00f6r\u00e9ben.<\/p>\n<p style=\"text-align: justify\"><a href=\"https:\/\/semmelweis.hu\/pszichiatria\/files\/2023\/12\/MEGHIVO-CZOBOr-70.jpg\"><span style=\"color: #3366ff\">Megh\u00edv\u00f3 \u00e9s Program<\/span><\/a><\/p>\n","protected":false},"excerpt":{"rendered":"<p>Kedves Megh\u00edvottak!<br \/>\nDr. Czobor P\u00e1l egyetemi docens id\u00e9n \u00fcnnepelte 70. sz\u00fclet\u00e9snapj\u00e1t. E jeles \u00e9vfordul\u00f3t 2023 december 12-\u00e9n \u00fcnnepelj\u00fck meg p\u00e1lyat\u00e1rsai k\u00f6r\u00e9ben.<br \/>\n<a href=\"https:\/\/semmelweis.hu\/pszichiatria\/files\/2023\/12\/MEGHIVO-CZOBOr-70.jpg\">Megh\u00edv\u00f3 \u00e9s Program<\/a><\/p>\n","protected":false},"author":101149,"featured_media":0,"parent":0,"menu_order":0,"comment_status":"closed","ping_status":"closed","template":"","meta":{"_acf_changed":false,"footnotes":""},"categories":[],"tags":[],"class_list":["post-4749","page","type-page","status-publish","hentry"],"acf":[],"_links":{"self":[{"href":"https:\/\/semmelweis.hu\/pszichiatria\/wp-json\/wp\/v2\/pages\/4749","targetHints":{"allow":["GET"]}}],"collection":[{"href":"https:\/\/semmelweis.hu\/pszichiatria\/wp-json\/wp\/v2\/pages"}],"about":[{"href":"https:\/\/semmelweis.hu\/pszichiatria\/wp-json\/wp\/v2\/types\/page"}],"author":[{"embeddable":true,"href":"https:\/\/semmelweis.hu\/pszichiatria\/wp-json\/wp\/v2\/users\/101149"}],"replies":[{"embeddable":true,"href":"https:\/\/semmelweis.hu\/pszichiatria\/wp-json\/wp\/v2\/comments?post=4749"}],"version-history":[{"count":3,"href":"https:\/\/semmelweis.hu\/pszichiatria\/wp-json\/wp\/v2\/pages\/4749\/revisions"}],"predecessor-version":[{"id":4753,"href":"https:\/\/semmelweis.hu\/pszichiatria\/wp-json\/wp\/v2\/pages\/4749\/revisions\/4753"}],"wp:attachment":[{"href":"https:\/\/semmelweis.hu\/pszichiatria\/wp-json\/wp\/v2\/media?parent=4749"}],"wp:term":[{"taxonomy":"category","embeddable":true,"href":"https:\/\/semmelweis.hu\/pszichiatria\/wp-json\/wp\/v2\/categories?post=4749"},{"taxonomy":"post_tag","embeddable":true,"href":"https:\/\/semmelweis.hu\/pszichiatria\/wp-json\/wp\/v2\/tags?post=4749"}],"curies":[{"name":"wp","href":"https:\/\/api.w.org\/{rel}","templated":true}]}}