{"id":4618,"date":"2023-06-28T16:22:53","date_gmt":"2023-06-28T14:22:53","guid":{"rendered":"https:\/\/semmelweis.hu\/pszichiatria\/?page_id=4618"},"modified":"2023-08-02T14:22:04","modified_gmt":"2023-08-02T12:22:04","slug":"a-felnottkori-adhd-diagnosztikaja-es-ellatasa-cme","status":"publish","type":"page","link":"https:\/\/semmelweis.hu\/pszichiatria\/a-felnottkori-adhd-diagnosztikaja-es-ellatasa-cme\/","title":{"rendered":"A feln\u0151ttkori ADHD diagnosztik\u00e1ja \u00e9s ell\u00e1t\u00e1sa &#8211; CME"},"content":{"rendered":"","protected":true},"excerpt":{"rendered":"","protected":true},"author":101907,"featured_media":0,"parent":0,"menu_order":0,"comment_status":"closed","ping_status":"closed","template":"","meta":{"_acf_changed":false,"footnotes":""},"categories":[],"tags":[],"class_list":["post-4618","page","type-page","status-publish","post-password-required","hentry"],"acf":[],"_links":{"self":[{"href":"https:\/\/semmelweis.hu\/pszichiatria\/wp-json\/wp\/v2\/pages\/4618","targetHints":{"allow":["GET"]}}],"collection":[{"href":"https:\/\/semmelweis.hu\/pszichiatria\/wp-json\/wp\/v2\/pages"}],"about":[{"href":"https:\/\/semmelweis.hu\/pszichiatria\/wp-json\/wp\/v2\/types\/page"}],"author":[{"embeddable":true,"href":"https:\/\/semmelweis.hu\/pszichiatria\/wp-json\/wp\/v2\/users\/101907"}],"replies":[{"embeddable":true,"href":"https:\/\/semmelweis.hu\/pszichiatria\/wp-json\/wp\/v2\/comments?post=4618"}],"version-history":[{"count":10,"href":"https:\/\/semmelweis.hu\/pszichiatria\/wp-json\/wp\/v2\/pages\/4618\/revisions"}],"predecessor-version":[{"id":4669,"href":"https:\/\/semmelweis.hu\/pszichiatria\/wp-json\/wp\/v2\/pages\/4618\/revisions\/4669"}],"wp:attachment":[{"href":"https:\/\/semmelweis.hu\/pszichiatria\/wp-json\/wp\/v2\/media?parent=4618"}],"wp:term":[{"taxonomy":"category","embeddable":true,"href":"https:\/\/semmelweis.hu\/pszichiatria\/wp-json\/wp\/v2\/categories?post=4618"},{"taxonomy":"post_tag","embeddable":true,"href":"https:\/\/semmelweis.hu\/pszichiatria\/wp-json\/wp\/v2\/tags?post=4618"}],"curies":[{"name":"wp","href":"https:\/\/api.w.org\/{rel}","templated":true}]}}