{"id":4284,"date":"2022-05-20T09:04:08","date_gmt":"2022-05-20T07:04:08","guid":{"rendered":"https:\/\/semmelweis.hu\/pszichiatria\/?page_id=4284"},"modified":"2022-05-20T09:04:08","modified_gmt":"2022-05-20T07:04:08","slug":"krizis-es-addiktologiai-osztaly-b2","status":"publish","type":"page","link":"https:\/\/semmelweis.hu\/pszichiatria\/betegellatas\/fekvobeteg-ellatas\/krizis-es-addiktologiai-osztaly-b2\/","title":{"rendered":"Kr\u00edzis \u00e9s Addiktol\u00f3giai Oszt\u00e1ly (B2)"},"content":{"rendered":"<p style=\"text-align: justify\">30 \u00e1gyas oszt\u00e1lyunk betegell\u00e1t\u00e1si tev\u00e9kenys\u00e9ge szerte\u00e1gaz\u00f3. R\u00e9szleg\u00fcnk\u00f6n ter\u00fcleti \u00e9s ter\u00fcleten k\u00edv\u00fcli betegek ell\u00e1t\u00e1sa is zajlik, s\u00fcrg\u0151ss\u00e9gi \u00e9s el\u0151jegyzett felv\u00e9telek form\u00e1j\u00e1ban egyar\u00e1nt. F\u0151 profiljaink k\u00f6z\u00e9 tartozik szerhaszn\u00e1lati zavarokkal, els\u0151sorban alkoholbetegs\u00e9ggel k\u00fczd\u0151 p\u00e1ciensek s\u00fcrg\u0151ss\u00e9gi ell\u00e1t\u00e1sa, hosszabb t\u00e1v\u00fa rehabilit\u00e1ci\u00f3juk el\u0151k\u00e9sz\u00edt\u00e9se. \u00c9lethelyzeti neh\u00e9zs\u00e9gek vagy pszich\u00e9s probl\u00e9m\u00e1k miatt neh\u00e9z helyzetbe ker\u00fclt, s\u00fcrg\u0151ss\u00e9gi ell\u00e1t\u00e1sra szorul\u00f3 p\u00e1ciensek ell\u00e1t\u00e1sa k\u00e9pezi oszt\u00e1lyunk m\u00e1sik f\u0151 profilj\u00e1t. A betegell\u00e1t\u00e1s gy\u00f3gyszeres \u00e9s pszichoter\u00e1pi\u00e1s m\u00f3dszerek alkalmaz\u00e1s\u00e1val zajlik, illetve testi betegs\u00e9gekkel is k\u00fczd\u0151 p\u00e1cienseink kezel\u00e9s\u00e9ben t\u00e1rsklinik\u00e1ink konzulenseit, szoci\u00e1lis neh\u00e9zs\u00e9gek eset\u00e9n pedig szoci\u00e1lis munk\u00e1sok seg\u00edts\u00e9g\u00e9t is ig\u00e9nybe vessz\u00fck. Az oszt\u00e1lyon 3 szakorvos, 3 rezidens orvos, m\u0171szakonk\u00e9nt 3 \u00e1pol\u00f3, r\u00e9sz\u00e1ll\u00e1sban szoci\u00e1lis munk\u00e1s dolgozik.<\/p>\n","protected":false},"excerpt":{"rendered":"<p>30 \u00e1gyas oszt\u00e1lyunk betegell\u00e1t\u00e1si tev\u00e9kenys\u00e9ge szerte\u00e1gaz\u00f3. R\u00e9szleg\u00fcnk\u00f6n ter\u00fcleti \u00e9s ter\u00fcleten k\u00edv\u00fcli betegek ell\u00e1t\u00e1sa is zajlik, s\u00fcrg\u0151ss\u00e9gi \u00e9s el\u0151jegyzett felv\u00e9telek form\u00e1j\u00e1ban egyar\u00e1nt. F\u0151 profiljaink k\u00f6z\u00e9 tartozik szerhaszn\u00e1lati zavarokkal, els\u0151sorban alkoholbetegs\u00e9ggel k\u00fczd\u0151 p\u00e1ciensek s\u00fcrg\u0151ss\u00e9gi ell\u00e1t\u00e1sa, hosszabb t\u00e1v\u00fa rehabilit\u00e1ci\u00f3juk el\u0151k\u00e9sz\u00edt\u00e9se. \u00c9lethelyzeti neh\u00e9zs\u00e9gek vagy pszich\u00e9s probl\u00e9m\u00e1k miatt neh\u00e9z helyzetbe ker\u00fclt, s\u00fcrg\u0151ss\u00e9gi ell\u00e1t\u00e1sra szorul\u00f3 p\u00e1ciensek ell\u00e1t\u00e1sa k\u00e9pezi oszt\u00e1lyunk m\u00e1sik f\u0151 &hellip;<\/p>\n","protected":false},"author":101149,"featured_media":0,"parent":4086,"menu_order":3,"comment_status":"closed","ping_status":"closed","template":"","meta":{"_acf_changed":false,"footnotes":""},"categories":[],"tags":[],"class_list":["post-4284","page","type-page","status-publish","hentry"],"acf":[],"_links":{"self":[{"href":"https:\/\/semmelweis.hu\/pszichiatria\/wp-json\/wp\/v2\/pages\/4284","targetHints":{"allow":["GET"]}}],"collection":[{"href":"https:\/\/semmelweis.hu\/pszichiatria\/wp-json\/wp\/v2\/pages"}],"about":[{"href":"https:\/\/semmelweis.hu\/pszichiatria\/wp-json\/wp\/v2\/types\/page"}],"author":[{"embeddable":true,"href":"https:\/\/semmelweis.hu\/pszichiatria\/wp-json\/wp\/v2\/users\/101149"}],"replies":[{"embeddable":true,"href":"https:\/\/semmelweis.hu\/pszichiatria\/wp-json\/wp\/v2\/comments?post=4284"}],"version-history":[{"count":1,"href":"https:\/\/semmelweis.hu\/pszichiatria\/wp-json\/wp\/v2\/pages\/4284\/revisions"}],"predecessor-version":[{"id":4285,"href":"https:\/\/semmelweis.hu\/pszichiatria\/wp-json\/wp\/v2\/pages\/4284\/revisions\/4285"}],"up":[{"embeddable":true,"href":"https:\/\/semmelweis.hu\/pszichiatria\/wp-json\/wp\/v2\/pages\/4086"}],"wp:attachment":[{"href":"https:\/\/semmelweis.hu\/pszichiatria\/wp-json\/wp\/v2\/media?parent=4284"}],"wp:term":[{"taxonomy":"category","embeddable":true,"href":"https:\/\/semmelweis.hu\/pszichiatria\/wp-json\/wp\/v2\/categories?post=4284"},{"taxonomy":"post_tag","embeddable":true,"href":"https:\/\/semmelweis.hu\/pszichiatria\/wp-json\/wp\/v2\/tags?post=4284"}],"curies":[{"name":"wp","href":"https:\/\/api.w.org\/{rel}","templated":true}]}}