{"id":4283,"date":"2022-05-20T09:04:17","date_gmt":"2022-05-20T07:04:17","guid":{"rendered":"https:\/\/semmelweis.hu\/pszichiatria\/?page_id=4283"},"modified":"2022-05-20T09:04:17","modified_gmt":"2022-05-20T07:04:17","slug":"affektiv-es-pszichofarmakologiai-osztaly-b1","status":"publish","type":"page","link":"https:\/\/semmelweis.hu\/pszichiatria\/betegellatas\/fekvobeteg-ellatas\/affektiv-es-pszichofarmakologiai-osztaly-b1\/","title":{"rendered":"Affekt\u00edv \u00e9s Pszichofarmakol\u00f3giai Oszt\u00e1ly (B1)"},"content":{"rendered":"<p class=\"hiddenContentp\" style=\"text-align: justify\">Oszt\u00e1lyunk f\u0151 profilja a hangulatzavarok (unipol\u00e1ris depresszi\u00f3, bipol\u00e1ris zavar, dysthymi\u00e1s \u00e9s cyclothymias zavarok) valamint szorong\u00e1sos zavarok (p\u00e1nikbetegs\u00e9g, generaliz\u00e1lt szorong\u00e1sos zavar, k\u00e9nyszerbetegs\u00e9g) \u00e9s pszichotikus betegs\u00e9gek kivizsg\u00e1l\u00e1sa, m\u00e1s pszichi\u00e1triai k\u00f3rk\u00e9pekt\u0151l valamint testi betegs\u00e9gekt\u0151l val\u00f3 elk\u00fcl\u00f6n\u00edt\u0151 diagnosztik\u00e1ja \u00e9s gy\u00f3gyszeres kezel\u00e9se.\u00a0A farmakoter\u00e1pia mellett az oszt\u00e1lyos kezel\u00e9s alatt kieg\u00e9sz\u00edt\u0151 szupport\u00edv pszichoter\u00e1pi\u00e1t alkalmazunk.<\/p>\n<p class=\"Normal\" style=\"text-align: justify\">Betegeink jelent\u0151s r\u00e9szben Klinik\u00e1nk ambulanci\u00e1j\u00e1n t\u00f6rt\u00e9nt pszichi\u00e1triai vizsg\u00e1latot k\u00f6vet\u0151en, el\u0151jegyz\u00e9ssel ker\u00fclnek felv\u00e9telre.\u00a0<\/p>\n","protected":false},"excerpt":{"rendered":"<p>Oszt\u00e1lyunk f\u0151 profilja a hangulatzavarok (unipol\u00e1ris depresszi\u00f3, bipol\u00e1ris zavar, dysthymi\u00e1s \u00e9s cyclothymias zavarok) valamint szorong\u00e1sos zavarok (p\u00e1nikbetegs\u00e9g, generaliz\u00e1lt szorong\u00e1sos zavar, k\u00e9nyszerbetegs\u00e9g) \u00e9s pszichotikus betegs\u00e9gek kivizsg\u00e1l\u00e1sa, m\u00e1s pszichi\u00e1triai k\u00f3rk\u00e9pekt\u0151l valamint testi betegs\u00e9gekt\u0151l val\u00f3 elk\u00fcl\u00f6n\u00edt\u0151 diagnosztik\u00e1ja \u00e9s gy\u00f3gyszeres kezel\u00e9se.\u00a0A farmakoter\u00e1pia mellett az oszt\u00e1lyos kezel\u00e9s alatt kieg\u00e9sz\u00edt\u0151 szupport\u00edv pszichoter\u00e1pi\u00e1t alkalmazunk. Betegeink jelent\u0151s r\u00e9szben Klinik\u00e1nk ambulanci\u00e1j\u00e1n t\u00f6rt\u00e9nt pszichi\u00e1triai vizsg\u00e1latot &hellip;<\/p>\n","protected":false},"author":101149,"featured_media":0,"parent":4086,"menu_order":2,"comment_status":"closed","ping_status":"closed","template":"","meta":{"_acf_changed":false,"footnotes":""},"categories":[],"tags":[],"class_list":["post-4283","page","type-page","status-publish","hentry"],"acf":[],"_links":{"self":[{"href":"https:\/\/semmelweis.hu\/pszichiatria\/wp-json\/wp\/v2\/pages\/4283","targetHints":{"allow":["GET"]}}],"collection":[{"href":"https:\/\/semmelweis.hu\/pszichiatria\/wp-json\/wp\/v2\/pages"}],"about":[{"href":"https:\/\/semmelweis.hu\/pszichiatria\/wp-json\/wp\/v2\/types\/page"}],"author":[{"embeddable":true,"href":"https:\/\/semmelweis.hu\/pszichiatria\/wp-json\/wp\/v2\/users\/101149"}],"replies":[{"embeddable":true,"href":"https:\/\/semmelweis.hu\/pszichiatria\/wp-json\/wp\/v2\/comments?post=4283"}],"version-history":[{"count":1,"href":"https:\/\/semmelweis.hu\/pszichiatria\/wp-json\/wp\/v2\/pages\/4283\/revisions"}],"predecessor-version":[{"id":4286,"href":"https:\/\/semmelweis.hu\/pszichiatria\/wp-json\/wp\/v2\/pages\/4283\/revisions\/4286"}],"up":[{"embeddable":true,"href":"https:\/\/semmelweis.hu\/pszichiatria\/wp-json\/wp\/v2\/pages\/4086"}],"wp:attachment":[{"href":"https:\/\/semmelweis.hu\/pszichiatria\/wp-json\/wp\/v2\/media?parent=4283"}],"wp:term":[{"taxonomy":"category","embeddable":true,"href":"https:\/\/semmelweis.hu\/pszichiatria\/wp-json\/wp\/v2\/categories?post=4283"},{"taxonomy":"post_tag","embeddable":true,"href":"https:\/\/semmelweis.hu\/pszichiatria\/wp-json\/wp\/v2\/tags?post=4283"}],"curies":[{"name":"wp","href":"https:\/\/api.w.org\/{rel}","templated":true}]}}