{"id":4281,"date":"2022-05-20T09:03:06","date_gmt":"2022-05-20T07:03:06","guid":{"rendered":"https:\/\/semmelweis.hu\/pszichiatria\/?page_id=4281"},"modified":"2022-05-20T09:03:06","modified_gmt":"2022-05-20T07:03:06","slug":"akut-pszichiatriai-osztaly-a2","status":"publish","type":"page","link":"https:\/\/semmelweis.hu\/pszichiatria\/betegellatas\/fekvobeteg-ellatas\/akut-pszichiatriai-osztaly-a2\/","title":{"rendered":"Akut Pszichi\u00e1triai Oszt\u00e1ly (A2)"},"content":{"rendered":"<p style=\"text-align: justify\">A 23 \u00e1gyas Akut Pszichi\u00e1triai Oszt\u00e1ly a ment\u00e1lis zavar (leggyakrabban pszichotikus vagy s\u00falyos hangulati betegs\u00e9g, szerhaszn\u00e1lathoz k\u00f6thet\u0151 ment\u00e1lis zavar, kr\u00edzis\u00e1llapot) k\u00f6vetkezt\u00e9ben vesz\u00e9lyeztet\u0151 vagy k\u00f6zvetlen vesz\u00e9lyeztet\u0151 magatart\u00e1s\u00fa betegek s\u00fcrg\u0151ss\u00e9gi pszichi\u00e1triai ell\u00e1t\u00e1s\u00e1t v\u00e9gzi gy\u00f3gyszeres \u00e9s pszichoter\u00e1pi\u00e1s m\u00f3dszerek alkalmaz\u00e1s\u00e1val. Az oszt\u00e1lyon 3 szakorvos, 3 rezidens orvos, m\u0171szakonk\u00e9nt 3 \u00e1pol\u00f3 \u00e9s 1 biztons\u00e1gi \u00e1pol\u00f3 dolgozik.<\/p>\n","protected":false},"excerpt":{"rendered":"<p>A 23 \u00e1gyas Akut Pszichi\u00e1triai Oszt\u00e1ly a ment\u00e1lis zavar (leggyakrabban pszichotikus vagy s\u00falyos hangulati betegs\u00e9g, szerhaszn\u00e1lathoz k\u00f6thet\u0151 ment\u00e1lis zavar, kr\u00edzis\u00e1llapot) k\u00f6vetkezt\u00e9ben vesz\u00e9lyeztet\u0151 vagy k\u00f6zvetlen vesz\u00e9lyeztet\u0151 magatart\u00e1s\u00fa betegek s\u00fcrg\u0151ss\u00e9gi pszichi\u00e1triai ell\u00e1t\u00e1s\u00e1t v\u00e9gzi gy\u00f3gyszeres \u00e9s pszichoter\u00e1pi\u00e1s m\u00f3dszerek alkalmaz\u00e1s\u00e1val. Az oszt\u00e1lyon 3 szakorvos, 3 rezidens orvos, m\u0171szakonk\u00e9nt 3 \u00e1pol\u00f3 \u00e9s 1 biztons\u00e1gi \u00e1pol\u00f3 dolgozik.<\/p>\n","protected":false},"author":101149,"featured_media":0,"parent":4086,"menu_order":1,"comment_status":"closed","ping_status":"closed","template":"","meta":{"_acf_changed":false,"footnotes":""},"categories":[],"tags":[],"class_list":["post-4281","page","type-page","status-publish","hentry"],"acf":[],"_links":{"self":[{"href":"https:\/\/semmelweis.hu\/pszichiatria\/wp-json\/wp\/v2\/pages\/4281","targetHints":{"allow":["GET"]}}],"collection":[{"href":"https:\/\/semmelweis.hu\/pszichiatria\/wp-json\/wp\/v2\/pages"}],"about":[{"href":"https:\/\/semmelweis.hu\/pszichiatria\/wp-json\/wp\/v2\/types\/page"}],"author":[{"embeddable":true,"href":"https:\/\/semmelweis.hu\/pszichiatria\/wp-json\/wp\/v2\/users\/101149"}],"replies":[{"embeddable":true,"href":"https:\/\/semmelweis.hu\/pszichiatria\/wp-json\/wp\/v2\/comments?post=4281"}],"version-history":[{"count":1,"href":"https:\/\/semmelweis.hu\/pszichiatria\/wp-json\/wp\/v2\/pages\/4281\/revisions"}],"predecessor-version":[{"id":4282,"href":"https:\/\/semmelweis.hu\/pszichiatria\/wp-json\/wp\/v2\/pages\/4281\/revisions\/4282"}],"up":[{"embeddable":true,"href":"https:\/\/semmelweis.hu\/pszichiatria\/wp-json\/wp\/v2\/pages\/4086"}],"wp:attachment":[{"href":"https:\/\/semmelweis.hu\/pszichiatria\/wp-json\/wp\/v2\/media?parent=4281"}],"wp:term":[{"taxonomy":"category","embeddable":true,"href":"https:\/\/semmelweis.hu\/pszichiatria\/wp-json\/wp\/v2\/categories?post=4281"},{"taxonomy":"post_tag","embeddable":true,"href":"https:\/\/semmelweis.hu\/pszichiatria\/wp-json\/wp\/v2\/tags?post=4281"}],"curies":[{"name":"wp","href":"https:\/\/api.w.org\/{rel}","templated":true}]}}