{"id":4278,"date":"2022-05-20T09:01:43","date_gmt":"2022-05-20T07:01:43","guid":{"rendered":"https:\/\/semmelweis.hu\/pszichiatria\/?page_id=4278"},"modified":"2022-05-20T09:15:26","modified_gmt":"2022-05-20T07:15:26","slug":"neuropszichiatriai-osztaly-a1","status":"publish","type":"page","link":"https:\/\/semmelweis.hu\/pszichiatria\/betegellatas\/fekvobeteg-ellatas\/neuropszichiatriai-osztaly-a1\/","title":{"rendered":"Neuropszichi\u00e1triai oszt\u00e1ly (A1)"},"content":{"rendered":"<p style=\"text-align: justify\">Oszt\u00e1lyunkon organikusan megalapozott pszichi\u00e1triai k\u00f3rk\u00e9pek (demenci\u00e1k, kognit\u00edv zavarok, egy\u00e9b organikus ment\u00e1lis zavarok), neurol\u00f3giai betegs\u00e9gekhez (agyi \u00e9rbetegs\u00e9g, Parkinson-k\u00f3r, epilepszia stb.) csatlakoz\u00f3 pszichi\u00e1triai t\u00fcnetegy\u00fcttesek \u00e9s id\u0151skori pszichi\u00e1triai zavarok oszt\u00e1lyos kivizsg\u00e1l\u00e1s\u00e1t \u00e9s kezel\u00e9s\u00e9t v\u00e9gezz\u00fck. P\u00e1cienseink els\u0151sorban el\u0151jegyz\u00e9ssel, tervezetten ker\u00fclnek felv\u00e9telre, Mem\u00f3ria Ambulanci\u00e1nkkal val\u00f3 szoros egy\u00fcttm\u0171k\u00f6d\u00e9s alapj\u00e1n.<\/p>\n","protected":false},"excerpt":{"rendered":"<p>Oszt\u00e1lyunkon organikusan megalapozott pszichi\u00e1triai k\u00f3rk\u00e9pek (demenci\u00e1k, kognit\u00edv zavarok, egy\u00e9b organikus ment\u00e1lis zavarok), neurol\u00f3giai betegs\u00e9gekhez (agyi \u00e9rbetegs\u00e9g, Parkinson-k\u00f3r, epilepszia stb.) csatlakoz\u00f3 pszichi\u00e1triai t\u00fcnetegy\u00fcttesek \u00e9s id\u0151skori pszichi\u00e1triai zavarok oszt\u00e1lyos kivizsg\u00e1l\u00e1s\u00e1t \u00e9s kezel\u00e9s\u00e9t v\u00e9gezz\u00fck. P\u00e1cienseink els\u0151sorban el\u0151jegyz\u00e9ssel, tervezetten ker\u00fclnek felv\u00e9telre, Mem\u00f3ria Ambulanci\u00e1nkkal val\u00f3 szoros egy\u00fcttm\u0171k\u00f6d\u00e9s alapj\u00e1n.<\/p>\n","protected":false},"author":101149,"featured_media":0,"parent":4086,"menu_order":0,"comment_status":"closed","ping_status":"closed","template":"","meta":{"_acf_changed":false,"footnotes":""},"categories":[],"tags":[],"class_list":["post-4278","page","type-page","status-publish","hentry"],"acf":[],"_links":{"self":[{"href":"https:\/\/semmelweis.hu\/pszichiatria\/wp-json\/wp\/v2\/pages\/4278","targetHints":{"allow":["GET"]}}],"collection":[{"href":"https:\/\/semmelweis.hu\/pszichiatria\/wp-json\/wp\/v2\/pages"}],"about":[{"href":"https:\/\/semmelweis.hu\/pszichiatria\/wp-json\/wp\/v2\/types\/page"}],"author":[{"embeddable":true,"href":"https:\/\/semmelweis.hu\/pszichiatria\/wp-json\/wp\/v2\/users\/101149"}],"replies":[{"embeddable":true,"href":"https:\/\/semmelweis.hu\/pszichiatria\/wp-json\/wp\/v2\/comments?post=4278"}],"version-history":[{"count":3,"href":"https:\/\/semmelweis.hu\/pszichiatria\/wp-json\/wp\/v2\/pages\/4278\/revisions"}],"predecessor-version":[{"id":4305,"href":"https:\/\/semmelweis.hu\/pszichiatria\/wp-json\/wp\/v2\/pages\/4278\/revisions\/4305"}],"up":[{"embeddable":true,"href":"https:\/\/semmelweis.hu\/pszichiatria\/wp-json\/wp\/v2\/pages\/4086"}],"wp:attachment":[{"href":"https:\/\/semmelweis.hu\/pszichiatria\/wp-json\/wp\/v2\/media?parent=4278"}],"wp:term":[{"taxonomy":"category","embeddable":true,"href":"https:\/\/semmelweis.hu\/pszichiatria\/wp-json\/wp\/v2\/categories?post=4278"},{"taxonomy":"post_tag","embeddable":true,"href":"https:\/\/semmelweis.hu\/pszichiatria\/wp-json\/wp\/v2\/tags?post=4278"}],"curies":[{"name":"wp","href":"https:\/\/api.w.org\/{rel}","templated":true}]}}