{"id":4092,"date":"2021-11-25T13:17:05","date_gmt":"2021-11-25T12:17:05","guid":{"rendered":"https:\/\/semmelweis.hu\/pszichiatria\/?page_id=4092"},"modified":"2021-11-25T13:17:05","modified_gmt":"2021-11-25T12:17:05","slug":"betegjogi-kepviselo","status":"publish","type":"page","link":"https:\/\/semmelweis.hu\/pszichiatria\/betegellatas\/betegjogi-kepviselo\/","title":{"rendered":"Betegjogi k\u00e9pvisel\u0151"},"content":{"rendered":"<p>Betegjogi k\u00e9pvisel\u0151: dr. Mina Andr\u00e1s<\/p>\n<p>Telefonsz\u00e1m: +36\/20-4899-577<br \/>\nH-CS: 08:00-16:30<br \/>\nP: 08:00-14:00<\/p>\n<p>E-mail: andras.mina@ijb.emmi.gov.hu<\/p>\n<p>Fogad\u00f3\u00f3ra id\u0151pontja: telefonon el\u0151re egyeztetett id\u0151pontban<\/p>\n<p>Fogad\u00f3\u00f3ra helye: Semmelweis Egyetem K\u00fcls\u0151 Klinikai T\u00f6mb<br \/>\n(1083 Budapest, Balassa u. 6.)<\/p>\n<p>A JOGV\u00c9DELMI K\u00c9PVISEL\u0150 AZ INTEGR\u00c1LT JOGV\u00c9DELMI SZOLG\u00c1LAT (IJSZ) MUNKAT\u00c1RSA, AZ EG\u00c9SZS\u00c9G\u00dcGYI INT\u00c9ZM\u00c9NYT\u0150L F\u00dcGGETLEN SZEM\u00c9LY.<\/p>\n<p>A FENTI EL\u00c9RHET\u0150S\u00c9GEK SIKERTELENS\u00c9GE ESET\u00c9N AZ IJSZ Z\u00d6LDSZ\u00c1MA H\u00cdVHAT\u00d3: 06\/80-620-055<\/p>\n","protected":false},"excerpt":{"rendered":"<p>Betegjogi k\u00e9pvisel\u0151: dr. Mina Andr\u00e1s<br \/>\nTelefonsz\u00e1m: +36\/20-4899-577<br \/>\nH-CS: 08:00-16:30<br \/>\nP: 08:00-14:00<br \/>\nE-mail: andras.mina@ijb.emmi.gov.hu<br \/>\nFogad\u00f3\u00f3ra id\u0151pontja: telefonon el\u0151re egyeztetett id\u0151pontban<br \/>\nFogad\u00f3\u00f3ra helye: Semmelweis Egyetem K\u00fcls\u0151 Klinikai T\u00f6mb<br \/>\n(1083 Budapest, Balassa u. 6.)<br \/>\nA JOGV\u00c9DELMI K\u00c9PVISEL\u0150 AZ INTEGR\u00c1LT JOGV\u00c9DELMI SZOLG\u00c1LAT (IJSZ) MUNKAT\u00c1RSA, AZ EG\u00c9SZS\u00c9G\u00dcGYI INT\u00c9ZM\u00c9NYT\u0150L F\u00dcGGETLEN SZEM\u00c9LY.<br \/>\nA FENTI EL\u00c9RHET\u0150S\u00c9GEK SIKERTELENS\u00c9GE ESET\u00c9N AZ IJSZ Z\u00d6LDSZ\u00c1MA H\u00cdVHAT\u00d3: 06\/80-620-055<\/p>\n","protected":false},"author":101149,"featured_media":0,"parent":14,"menu_order":4,"comment_status":"closed","ping_status":"closed","template":"","meta":{"_acf_changed":false,"footnotes":""},"categories":[],"tags":[],"class_list":["post-4092","page","type-page","status-publish","hentry"],"acf":[],"_links":{"self":[{"href":"https:\/\/semmelweis.hu\/pszichiatria\/wp-json\/wp\/v2\/pages\/4092","targetHints":{"allow":["GET"]}}],"collection":[{"href":"https:\/\/semmelweis.hu\/pszichiatria\/wp-json\/wp\/v2\/pages"}],"about":[{"href":"https:\/\/semmelweis.hu\/pszichiatria\/wp-json\/wp\/v2\/types\/page"}],"author":[{"embeddable":true,"href":"https:\/\/semmelweis.hu\/pszichiatria\/wp-json\/wp\/v2\/users\/101149"}],"replies":[{"embeddable":true,"href":"https:\/\/semmelweis.hu\/pszichiatria\/wp-json\/wp\/v2\/comments?post=4092"}],"version-history":[{"count":1,"href":"https:\/\/semmelweis.hu\/pszichiatria\/wp-json\/wp\/v2\/pages\/4092\/revisions"}],"predecessor-version":[{"id":4093,"href":"https:\/\/semmelweis.hu\/pszichiatria\/wp-json\/wp\/v2\/pages\/4092\/revisions\/4093"}],"up":[{"embeddable":true,"href":"https:\/\/semmelweis.hu\/pszichiatria\/wp-json\/wp\/v2\/pages\/14"}],"wp:attachment":[{"href":"https:\/\/semmelweis.hu\/pszichiatria\/wp-json\/wp\/v2\/media?parent=4092"}],"wp:term":[{"taxonomy":"category","embeddable":true,"href":"https:\/\/semmelweis.hu\/pszichiatria\/wp-json\/wp\/v2\/categories?post=4092"},{"taxonomy":"post_tag","embeddable":true,"href":"https:\/\/semmelweis.hu\/pszichiatria\/wp-json\/wp\/v2\/tags?post=4092"}],"curies":[{"name":"wp","href":"https:\/\/api.w.org\/{rel}","templated":true}]}}