{"id":3893,"date":"2021-08-09T13:12:24","date_gmt":"2021-08-09T11:12:24","guid":{"rendered":"https:\/\/semmelweis.hu\/pszichiatria\/?page_id=3893"},"modified":"2021-09-20T09:09:01","modified_gmt":"2021-09-20T07:09:01","slug":"dr-simon-lajos-docens-70-szuletesnapja","status":"publish","type":"page","link":"https:\/\/semmelweis.hu\/pszichiatria\/dr-simon-lajos-docens-70-szuletesnapja\/","title":{"rendered":"Dr. Simon Lajos docens 70. sz\u00fclet\u00e9snapja"},"content":{"rendered":"<p><img loading=\"lazy\" decoding=\"async\" class=\"alignleft\" style=\"text-align: justify\" src=\"https:\/\/semmelweis.hu\/pszichiatria\/files\/2021\/08\/Mosoly-rotated.jpg\" alt=\"\" width=\"209\" height=\"279\" \/><\/p>\n<p style=\"text-align: justify\">Kedves Megh\u00edvottak!<\/p>\n<p>Dr. Simon Lajos egyetemi docens 2021. augusztus\u00e1ban \u00fcnnepli 70. sz\u00fclet\u00e9snapj\u00e1t. E jeles \u00e9vfordul\u00f3t szeptember 3-\u00e1n \u00fcnnepelj\u00fck meg p\u00e1lyat\u00e1rsai k\u00f6r\u00e9ben.<br \/>\nA programr\u00f3l hamarosan al\u00e1bb olvashatnak r\u00e9szletesen.<\/p>\n<p style=\"text-align: justify\"><a href=\"https:\/\/semmelweis.hu\/pszichiatria\/files\/2021\/08\/meghivo_SimonL70.pdf\"><span style=\"color: #3366ff\">Megh\u00edv\u00f3<\/span><\/a><\/p>\n<p><a href=\"https:\/\/semmelweis.hu\/pszichiatria\/files\/2021\/08\/Program_v1.pdf\"><span style=\"color: #3366ff\">Program<\/span><\/a><\/p>\n<p>&nbsp;<\/p>\n<blockquote class=\"wp-embedded-content\" data-secret=\"Q5zhzLDWy2\"><p><a href=\"https:\/\/semmelweis.hu\/hirek\/2021\/09\/15\/fotokiallitas-nyilt-a-pszichiatriai-es-pszichoterapias-klinikan\/\">Fot\u00f3ki\u00e1ll\u00edt\u00e1s ny\u00edlt a Pszichi\u00e1triai \u00e9s Pszichoter\u00e1pi\u00e1s Klinik\u00e1n<\/a><\/p><\/blockquote>\n<p><iframe loading=\"lazy\" class=\"wp-embedded-content\" sandbox=\"allow-scripts\" security=\"restricted\" style=\"position: absolute; clip: rect(1px, 1px, 1px, 1px);\" title=\"&#8220;Fot\u00f3ki\u00e1ll\u00edt\u00e1s ny\u00edlt a Pszichi\u00e1triai \u00e9s Pszichoter\u00e1pi\u00e1s Klinik\u00e1n&#8221; &#8212; Semmelweis H\u00edrek\" src=\"https:\/\/semmelweis.hu\/hirek\/2021\/09\/15\/fotokiallitas-nyilt-a-pszichiatriai-es-pszichoterapias-klinikan\/embed\/#?secret=Q5zhzLDWy2\" data-secret=\"Q5zhzLDWy2\" width=\"600\" height=\"338\" frameborder=\"0\" marginwidth=\"0\" marginheight=\"0\" scrolling=\"no\"><\/iframe><\/p>\n<blockquote class=\"wp-embedded-content\" data-secret=\"iGGkCCE143\"><p><a href=\"https:\/\/semmelweis.hu\/hirek\/2021\/09\/08\/70-szuletesnapjan-koszontottek-dr-simon-lajost\/\">70. sz\u00fclet\u00e9snapj\u00e1n k\u00f6sz\u00f6nt\u00f6tt\u00e9k dr. Simon Lajost<\/a><\/p><\/blockquote>\n<p><iframe loading=\"lazy\" class=\"wp-embedded-content\" sandbox=\"allow-scripts\" security=\"restricted\" style=\"position: absolute; clip: rect(1px, 1px, 1px, 1px);\" title=\"&#8220;70. sz\u00fclet\u00e9snapj\u00e1n k\u00f6sz\u00f6nt\u00f6tt\u00e9k dr. Simon Lajost&#8221; &#8212; Semmelweis H\u00edrek\" src=\"https:\/\/semmelweis.hu\/hirek\/2021\/09\/08\/70-szuletesnapjan-koszontottek-dr-simon-lajost\/embed\/#?secret=iGGkCCE143\" data-secret=\"iGGkCCE143\" width=\"600\" height=\"338\" frameborder=\"0\" marginwidth=\"0\" marginheight=\"0\" scrolling=\"no\"><\/iframe><\/p>\n<p><img loading=\"lazy\" decoding=\"async\" class=\"alignright\" style=\"font-size: 1rem\" src=\"https:\/\/semmelweis.hu\/pszichiatria\/files\/2021\/08\/Simlaj-borito2-scaled.jpg\" alt=\"\" width=\"168\" height=\"262\" \/><\/p>\n<p style=\"text-align: justify\">Ezen jeles alkalomra k\u00f6nyv jelenik meg a VIKOTE gondoz\u00e1s\u00e1ban.\u00a0<br \/>\n&#8222;A csat\u00e1t nem a helysz\u00ednen kell megnyerni&#8221; c. k\u00f6tet Simon Lajos 70. sz\u00fclet\u00e9snapj\u00e1ra jelenik meg, a Magyar Viselked\u00e9s-, Kognit\u00edv \u00e9s S\u00e9mater\u00e1pi\u00e1s Egyes\u00fclet gondoz\u00e1s\u00e1ban. Az \u00fcnneps\u00e9g minden r\u00e9sztvev\u0151j\u00e9nek biztos\u00edtunk egyet. Azt k\u00f6vet\u0151en pedig a VIKOTE Kognit\u00edv \u00e9s S\u00e9mater\u00e1pi\u00e1s K\u00f6zpontj\u00e1ban (Budapest, VIII. ker. Baross utca 119\/a) lesz megv\u00e1s\u00e1rolhat\u00f3.<\/p>\n<p>&nbsp;<\/p>\n<p style=\"text-align: justify\"><strong>K\u00f6sz\u00f6nt\u00e9sek:<\/strong><\/p>\n<p style=\"text-align: justify\"><a href=\"https:\/\/semmelweis.hu\/pszichiatria\/files\/2021\/08\/Tringer_A-70-\u00e9ves-Simon-Lajos-k\u00f6sz\u00f6nt\u00e9se.pdf\">Tringer L\u00e1szl\u00f3 Professzor \u00dar: A 70 \u00e9ves Simon Lajos k\u00f6sz\u00f6nt\u00e9se<\/a><br \/>\n&#8222;A csat\u00e1t nem a helysz\u00ednen kell megnyerni&#8221; tanulm\u00e1nyk\u00f6tet dr. Simon Lajos 70. sz\u00fclet\u00e9snapj\u00e1ra<br \/>\nSimon Lajos szakmai \u00e9letp\u00e1ly\u00e1ja egys\u00e9ges szerkezetet mutat. A l\u00e1tsz\u00f3lag sokf\u00e9le, szerte\u00e1gaz\u00f3 tev\u00e9kenys\u00e9g h\u00e1tter\u00e9ben a ment\u00e1lis betegek lelki gy\u00f3gy\u00edt\u00e1s\u00e1nak \u00e9s rehabilit\u00e1ci\u00f3j\u00e1nak m\u0171vel\u00e9se \u00e9s fejleszt\u00e9se\u00a0 h\u00faz\u00f3dik meg. A pszichi\u00e1triai gy\u00f3gyelj\u00e1r\u00e1soknak a XX. sz\u00e1zad m\u00e1sodik fel\u00e9ben bek\u00f6vetkez\u0151 rohamos fejl\u0151d\u00e9se a gy\u00f3gyszeres kezel\u00e9sek el\u0151t\u00e9rbe ker\u00fcl\u00e9s\u00e9t hozta mag\u00e1val. Sokakat t\u00falzott optimizmussal t\u00f6lt\u00f6tt el a pszichi\u00e1triai betegs\u00e9gek gy\u00f3gy\u00edt\u00e1s\u00e1nak es\u00e9lyeit illet\u0151en a hat\u00e9kony gy\u00f3gyszerek megjelen\u00e9se a klinikai gyakorlatban. Simon Lajos Egyike azoknak a hazai pszichi\u00e1tereknek, akik kor\u00e1n felismert\u00e9k, hogy a k\u00e9miai gy\u00f3gym\u00f3dok \u00f6nmagukban nem el\u00e9gs\u00e9gesek a ment\u00e1lis betegs\u00e9gek marad\u00e9k n\u00e9lk\u00fcli lek\u00fczd\u00e9s\u00e9ben. Teljes szakmai lend\u00fclet\u00e9t a lelki gy\u00f3gym\u00f3dok fejleszt\u00e9s\u00e9nek, \u00e9s a betegs\u00e9gekb\u0151l val\u00f3 fel\u00e9p\u00fcl\u00e9s el\u0151mozd\u00edt\u00e1s\u00e1nak szentelte. Ugyanakkor l\u00e9p\u00e9st tartott a technika mindenkori fejl\u0151d\u00e9s\u00e9vel, kutatta \u00e9s ma is vizsg\u00e1lja a m\u0171szaki fejl\u0151d\u00e9s leg\u00fajabb lehet\u0151s\u00e9geit, amelyek a betegek gy\u00f3gy\u00edt\u00e1s\u00e1ban is seg\u00edts\u00e9get jelenthetnek. 70. sz\u00fclet\u00e9snapj\u00e1n volt \u00e9s jelen munkat\u00e1rsai \u00edr\u00e1saikkal e gazdag \u00e9letp\u00e1lya egy-egy mozzanat\u00e1t vil\u00e1g\u00edtj\u00e1k meg, amely \u2013 c\u00e9lj\u00e1t \u00e9s alapvet\u0151 t\u00f6rekv\u00e9seit v\u00e1ltozatlanul szem el\u0151tt tartva \u2013 t\u00f6retlen\u00fcl folytat\u00f3dik tov\u00e1bb.<br \/>\nTringer L\u00e1szl\u00f3 professzor emeritus<\/p>\n<p style=\"text-align: justify\"><img loading=\"lazy\" decoding=\"async\" class=\"\" src=\"https:\/\/semmelweis.hu\/pszichiatria\/files\/2021\/08\/Simon_beszedet-mond-rotated.jpg\" alt=\"\" width=\"432\" height=\"576\" \/><\/p>\n","protected":false},"excerpt":{"rendered":"<p>Kedves Megh\u00edvottak! Dr. Simon Lajos egyetemi docens 2021. augusztus\u00e1ban \u00fcnnepli 70. sz\u00fclet\u00e9snapj\u00e1t. E jeles \u00e9vfordul\u00f3t szeptember 3-\u00e1n \u00fcnnepelj\u00fck meg p\u00e1lyat\u00e1rsai k\u00f6r\u00e9ben. A programr\u00f3l hamarosan al\u00e1bb olvashatnak r\u00e9szletesen. <a href=\"https:\/\/semmelweis.hu\/pszichiatria\/files\/2021\/08\/meghivo_SimonL70.pdf\">Megh\u00edv\u00f3<\/a> <a href=\"https:\/\/semmelweis.hu\/pszichiatria\/files\/2021\/08\/Program_v1.pdf\">Program<\/a> &nbsp; <a href=\"https:\/\/semmelweis.hu\/hirek\/2021\/09\/15\/fotokiallitas-nyilt-a-pszichiatriai-es-pszichoterapias-klinikan\/\">Fot\u00f3ki\u00e1ll\u00edt\u00e1s ny\u00edlt a Pszichi\u00e1triai \u00e9s Pszichoter\u00e1pi\u00e1s Klinik\u00e1n<\/a> <a href=\"https:\/\/semmelweis.hu\/hirek\/2021\/09\/08\/70-szuletesnapjan-koszontottek-dr-simon-lajost\/\">70. sz\u00fclet\u00e9snapj\u00e1n k\u00f6sz\u00f6nt\u00f6tt\u00e9k dr. Simon Lajost<\/a> Ezen jeles alkalomra k\u00f6nyv jelenik meg a VIKOTE gondoz\u00e1s\u00e1ban.\u00a0 &#8222;A csat\u00e1t nem a helysz\u00ednen kell megnyerni&#8221; c. k\u00f6tet Simon Lajos 70. sz\u00fclet\u00e9snapj\u00e1ra jelenik meg, a Magyar Viselked\u00e9s-, &hellip;<\/p>\n","protected":false},"author":101149,"featured_media":0,"parent":0,"menu_order":0,"comment_status":"closed","ping_status":"closed","template":"","meta":{"_acf_changed":false,"footnotes":""},"categories":[],"tags":[],"class_list":["post-3893","page","type-page","status-publish","hentry"],"acf":[],"_links":{"self":[{"href":"https:\/\/semmelweis.hu\/pszichiatria\/wp-json\/wp\/v2\/pages\/3893","targetHints":{"allow":["GET"]}}],"collection":[{"href":"https:\/\/semmelweis.hu\/pszichiatria\/wp-json\/wp\/v2\/pages"}],"about":[{"href":"https:\/\/semmelweis.hu\/pszichiatria\/wp-json\/wp\/v2\/types\/page"}],"author":[{"embeddable":true,"href":"https:\/\/semmelweis.hu\/pszichiatria\/wp-json\/wp\/v2\/users\/101149"}],"replies":[{"embeddable":true,"href":"https:\/\/semmelweis.hu\/pszichiatria\/wp-json\/wp\/v2\/comments?post=3893"}],"version-history":[{"count":11,"href":"https:\/\/semmelweis.hu\/pszichiatria\/wp-json\/wp\/v2\/pages\/3893\/revisions"}],"predecessor-version":[{"id":3967,"href":"https:\/\/semmelweis.hu\/pszichiatria\/wp-json\/wp\/v2\/pages\/3893\/revisions\/3967"}],"wp:attachment":[{"href":"https:\/\/semmelweis.hu\/pszichiatria\/wp-json\/wp\/v2\/media?parent=3893"}],"wp:term":[{"taxonomy":"category","embeddable":true,"href":"https:\/\/semmelweis.hu\/pszichiatria\/wp-json\/wp\/v2\/categories?post=3893"},{"taxonomy":"post_tag","embeddable":true,"href":"https:\/\/semmelweis.hu\/pszichiatria\/wp-json\/wp\/v2\/tags?post=3893"}],"curies":[{"name":"wp","href":"https:\/\/api.w.org\/{rel}","templated":true}]}}