{"id":3521,"date":"2020-09-15T12:44:07","date_gmt":"2020-09-15T10:44:07","guid":{"rendered":"https:\/\/semmelweis.hu\/pszichiatria\/?page_id=3521"},"modified":"2020-09-15T12:46:32","modified_gmt":"2020-09-15T10:46:32","slug":"our-colleagues","status":"publish","type":"page","link":"https:\/\/semmelweis.hu\/pszichiatria\/en\/introduction\/our-colleagues\/","title":{"rendered":"Our colleagues"},"content":{"rendered":"<p><strong>Director<\/strong><br \/>\nDr. R\u00e9thelyi J\u00e1nos, professor<\/p>\n<p><strong>Professor Emeritus <\/strong><br \/>\nDr. Bitter Istv\u00e1n<br \/>\nDr. Tringer L\u00e1szl\u00f3<\/p>\n<p><strong>Honorary university professor<\/strong><br \/>\nDr. Rihmer Zolt\u00e1n<\/p>\n<p><strong>Associate professors <\/strong><br \/>\nDr. Baran Brigitta<br \/>\nDr. Czobor P\u00e1l<br \/>\nDr. Hidasi Zolt\u00e1n responsible for studies (FOK IV. year hungarian, english)<br \/>\nDr. Simon Lajos<br \/>\nDr. Szekeres Gy\u00f6rgy Tibor<br \/>\nDr. Tolna Judit<br \/>\nDr. Unoka Zsolt responsible for studies <\/p>\n<p><strong>Assistant professors<\/strong><br \/>\nDr. Csukly G\u00e1bor responsible for studies (\u00c1OK VI. year hungarian)<br \/>\nDr. Gonda X\u00e9nia<br \/>\nDr. Jekkel \u00c9va<br \/>\nDr. Szily Erika responsible for studies(AOK VI. year english)<br \/>\nDr. Szuromi B\u00e1lint responsible for studies<br \/>\nDr. Pulay Attila responsible for studies (\u00c1OK V. year english)<br \/>\nDr. Balogh L\u00edvia<\/p>\n<p>\n<strong>Teaching assistants<\/strong><br \/>\nDr. D\u00f6me P\u00e9ter\u00a0 <br \/>\nDr. Fullajt\u00e1r M\u00e1t\u00e9 responsible for studies <br \/>\nDr. Komor\u00f3czy Eszter responsible for studies (FOK IV. year german)<br \/>\nDr. Menus \u00c1d\u00e1m<br \/>\nDr. Hajduska-D\u00e9r B\u00e1lint responsible for studies (\u00c1OK V. year hungarian)<br \/>\nDr. Tombor L\u00e1szl\u00f3<\/p>\n<p><strong>Chief clinical doctors<\/strong><br \/>\nDr. Csibri \u00c9va<br \/>\nDr. S\u00e1rosi Andrea<\/p>\n<p><strong>Clinical specialists<\/strong><br \/>\nDr. Blancz Brigitta<br \/>\nDr. Boly\u00f3s Csilla <br \/>\nDr. Egerv\u00e1ri Luca Dorottya<br \/>\nDr. Elem\u00e9ry M\u00f3nika<br \/>\nDr. Freschl Gy\u00f6rgy<br \/>\nDr. Hamvas Szil\u00e1rd Andr\u00e1s<br \/>\nDr. Herm\u00e1n Levente<br \/>\nDr. Oczella P\u00e9ter Istv\u00e1n<br \/>\nDr. Seregi Krisztina<br \/>\nDr. Szab\u00f3 Ferenc \u00c1d\u00e1m<br \/>\nDr. Szeg\u0151 Andrea<br \/>\nDr. T\u00f3th Dominika M\u00e1ria<\/p>\n<p><strong>Clinical doctors<\/strong><br \/>\nDr. R\u00f3ka Eszter Sarolta<\/p>\n<p><strong>Research assistants<\/strong><br \/>\nDr. Baradits M\u00e1t\u00e9 Gergely<br \/>\nHathy Edit Margit<\/p>\n<p><strong>PhD scholarship students<br \/>\n<\/strong>Dr. Fodor Zsuzsanna<br \/>\nKakuszi Brigitta<br \/>\nDr. Ken\u00e9zl\u0151i Eszter<br \/>\nDr. Somogyi Szilvia<br \/>\n<strong><br \/>\nResidents<\/strong><br \/>\nDr. Bal\u00e1zs Anna\u00a0 <br \/>\nDr. Brindza N\u00f3ra<br \/>\nDr. Cs\u00e1sz\u00e1r Ilona Bella<br \/>\nDr. Husz\u00e1r Zsolt<br \/>\nDr. L\u00e9k\u00f3 Andr\u00e1s Hug\u00f3<br \/>\nDr. Markovits Julia Lili<br \/>\nDr. Marosi Csilla<br \/>\nDr. Moln\u00e1r Rebeka<br \/>\nDr. Ralovich Fanni Vir\u00e1g<br \/>\nDr. Szab\u00f3 Gy\u00f6ngyi<br \/>\nDr. Zsigmond R\u00e9ka Ildik\u00f3<br \/>\nDr. Orb\u00e1n-Szigeti Bogl\u00e1rka<\/p>\n<p><strong>Professional psychologists<\/strong><br \/>\nBalogh Gabriella Kamilla<br \/>\nBir\u00f3 Gergely<\/p>\n<p><strong>Psychologists<\/strong><br \/>\nBajz\u00e1t Bettina<br \/>\nB\u00e1lint S\u00e1ra Eszter<br \/>\nKilencz T\u00fcnde<br \/>\nNyul\u00e1szi Anna<\/p>\n<p><strong>Head of Clinic Nurse<\/strong><br \/>\nV\u00e1rszegi \u00c1gnes<\/p>\n<p><strong>Head nurses<\/strong><br \/>\nVarga M\u00f3nika (Nappali Kh)<br \/>\nVarga Be\u00e1ta (Bfszt.)<br \/>\nHidasi G\u00e1born\u00e9 Zsuzsa (A1)<br \/>\nAlatty\u00e1nyi Istv\u00e1nn\u00e9 Gy\u00f6ngyi (B1)<br \/>\nNagy Judit (A2)<br \/>\nKov\u00e1cs Katalin (B2)<br \/>\nK\u00f6ll\u0151 Em\u0151ke (M\u00e1rton u.)<br \/>\nT\u00f3th-Moln\u00e1r Erika (K\u00fatv\u00f6lgyi \u00fat)<\/p>\n<p><strong>Senior Assistant<\/strong><br \/>\nKov\u00e1cs M\u00e1rta<\/p>\n<p><strong>Sociotherapist<\/strong><br \/>\nKulcs\u00e1r Edina (Balassa u.)<\/p>\n<p><strong>Sociotherapist, instructor of folk crafts<\/strong><br \/>\nSzenttornyai M\u00e1ria<\/p>\n<p><strong>Art therapist<\/strong><br \/>\nSzerdahelyi Zsuzsa (Balassa u.)<\/p>\n<p><strong>Special education teacher<br \/>\n<\/strong>Kasz\u00e1s N\u00f3ra M\u00e1ria<\/p>\n<p><strong>Physiotherapist<br \/>\n<\/strong>Dar\u00f3czi Vir\u00e1g<\/p>\n<p><strong>Professor Secretariat<\/strong><br \/>\nAndr\u00e1ssy Dalma<br \/>\nMajlinger Kinga<\/p>\n<p><strong>Dr. Simon Lajos secretary<br \/>\n<\/strong>Juh\u00e1szn\u00e9 Kov\u00e1cs Ilona<\/p>\n<p><strong>Education administrator experts<\/strong><br \/>\nKiss Hajnal<br \/>\nSz\u00e9csi T\u00fcnde<br \/>\nMajlinger Kinga<\/p>\n<p><strong>Librarian<\/strong><br \/>\nParcsami G\u00e1born\u00e9<\/p>\n<p><strong>Senior Economic Coordinator<\/strong><br \/>\nPolg\u00e1r Patr\u00edcia<\/p>\n<p><strong>Economic clerks<\/strong><br \/>\nKov\u00e1cs Zita<br \/>\nSzab\u00f3 Judit<\/p>\n<p><strong>Clinical informatics<\/strong><br \/>\nDe\u00e1k S\u00e1ndor<\/p>\n<p><strong>Janitor<br \/>\n<\/strong>Lasits Ferenc<\/p>\n<p><strong>Contract (external) instructors<\/strong><br \/>\nDr. Bal\u00e1zs Judit<br \/>\nDr. Brenkus D\u00f3ra Zsuzsa<br \/>\nDr. Ferenczi-Dallos Gy\u00f6ngyv\u00e9r<br \/>\nDr. Bodrogi Andrea<br \/>\nDr. Garas P\u00e9ter<br \/>\nDr. G\u00e1doros Julianna<br \/>\nDr. Gazdag G\u00e1bor<br \/>\nDr. Harangoz\u00f3 Judit<br \/>\nDr. Kurimay Tam\u00e1s<br \/>\nDr. M\u00e9sz\u00e1ros Gy\u00f6rgy<br \/>\nDr. Nagy P\u00e9ter<br \/>\nDr. Petke Zsolt<br \/>\nDr. Pataky Ilona<br \/>\nDr. R\u00f3zsav\u00f6lgyi \u00c9va<\/p>\n<p><strong>Volunteer helpers<\/strong><br \/>\nCsek\u0151 Csilla<br \/>\nDr. Czenner Zsuzsa<br \/>\nFarkas M\u00e1ria<br \/>\nGuttengeber Anna<br \/>\nProf. Silfen P\u00e9ter<br \/>\nDr. Szil\u00e1gyi Gy\u00f6ngyi<br \/>\nTolnai M\u00f3nika<\/p>\n<p><strong>In permanent absence<\/strong><br \/>\nDr. B\u00e1thory Anna<br \/>\nDr. Benkovits Judit<br \/>\nDr. Bodn\u00e1r Katalin<br \/>\nDr. Bulucz Judit<br \/>\nDr. F\u00e1bi\u00e1n \u00c1gnes<br \/>\nDr. Farkas Kinga<br \/>\nDr. Kiss Szilvia No\u00e9mi<br \/>\nDr. Kruk Emese<br \/>\nDr. Mersich Beatrix<br \/>\nDr. Papp Szilvia<br \/>\nDr. Polg\u00e1r Patr\u00edcia<br \/>\nDr. Seres Imola Katalin<br \/>\nDr. Simon Vikt\u00f3ria<br \/>\nSing-Szir\u00e1czki Mariann<br \/>\nDr. Szocsics P\u00e9ter<\/p>\n","protected":false},"excerpt":{"rendered":"<p>Director Dr. R\u00e9thelyi J\u00e1nos, professor Professor Emeritus Dr. Bitter Istv\u00e1n Dr. Tringer L\u00e1szl\u00f3 Honorary university professor Dr. Rihmer Zolt\u00e1n Associate professors Dr. Baran Brigitta Dr. Czobor P\u00e1l Dr. Hidasi Zolt\u00e1n responsible for studies (FOK IV. year hungarian, english) Dr. Simon Lajos Dr. Szekeres Gy\u00f6rgy Tibor Dr. Tolna Judit Dr. Unoka Zsolt responsible for studies Assistant &hellip;<\/p>\n","protected":false},"author":101149,"featured_media":0,"parent":3505,"menu_order":2,"comment_status":"closed","ping_status":"closed","template":"","meta":{"_acf_changed":false,"footnotes":""},"categories":[],"tags":[],"class_list":["post-3521","page","type-page","status-publish","hentry"],"acf":[],"_links":{"self":[{"href":"https:\/\/semmelweis.hu\/pszichiatria\/wp-json\/wp\/v2\/pages\/3521","targetHints":{"allow":["GET"]}}],"collection":[{"href":"https:\/\/semmelweis.hu\/pszichiatria\/wp-json\/wp\/v2\/pages"}],"about":[{"href":"https:\/\/semmelweis.hu\/pszichiatria\/wp-json\/wp\/v2\/types\/page"}],"author":[{"embeddable":true,"href":"https:\/\/semmelweis.hu\/pszichiatria\/wp-json\/wp\/v2\/users\/101149"}],"replies":[{"embeddable":true,"href":"https:\/\/semmelweis.hu\/pszichiatria\/wp-json\/wp\/v2\/comments?post=3521"}],"version-history":[{"count":4,"href":"https:\/\/semmelweis.hu\/pszichiatria\/wp-json\/wp\/v2\/pages\/3521\/revisions"}],"predecessor-version":[{"id":3525,"href":"https:\/\/semmelweis.hu\/pszichiatria\/wp-json\/wp\/v2\/pages\/3521\/revisions\/3525"}],"up":[{"embeddable":true,"href":"https:\/\/semmelweis.hu\/pszichiatria\/wp-json\/wp\/v2\/pages\/3505"}],"wp:attachment":[{"href":"https:\/\/semmelweis.hu\/pszichiatria\/wp-json\/wp\/v2\/media?parent=3521"}],"wp:term":[{"taxonomy":"category","embeddable":true,"href":"https:\/\/semmelweis.hu\/pszichiatria\/wp-json\/wp\/v2\/categories?post=3521"},{"taxonomy":"post_tag","embeddable":true,"href":"https:\/\/semmelweis.hu\/pszichiatria\/wp-json\/wp\/v2\/tags?post=3521"}],"curies":[{"name":"wp","href":"https:\/\/api.w.org\/{rel}","templated":true}]}}