{"id":3517,"date":"2020-09-15T12:31:21","date_gmt":"2020-09-15T10:31:21","guid":{"rendered":"https:\/\/semmelweis.hu\/pszichiatria\/?page_id=3517"},"modified":"2026-03-11T14:05:57","modified_gmt":"2026-03-11T13:05:57","slug":"contact-us","status":"publish","type":"page","link":"https:\/\/semmelweis.hu\/pszichiatria\/en\/contact-us\/","title":{"rendered":"Contact us"},"content":{"rendered":"<h2>Headquarters:<\/h2>\n<p><strong>Address<\/strong>: 1083 Budapest, Balassa u. 6. (VIII. ker\u00fclet)<br \/>\n<strong>Phone<\/strong>: +36-1-210-0330\/extension number<\/p>\n\n<!-- iframe plugin v.4.9 wordpress.org\/plugins\/iframe\/ -->\n<iframe loading=\"lazy\" src=\"https:\/\/www.google.com\/maps\/embed?pb=!1m18!1m12!1m3!1d2696.2838188077226!2d19.079571015503646!3d47.484384079176685!2m3!1f0!2f0!3f0!3m2!1i1024!2i768!4f13.1!3m3!1m2!1s0x4741dd8e6630bce9%3A0x88ed94b89ab1ac4e!2sBudapest%2C%20Balassa%20u.%206%2C%201082!5e0!3m2!1shu!2shu!4v1590739487201!5m2!1shu!2shu\" width=\"600\" height=\"450\" scrolling=\"yes\" class=\"iframe-class\" frameborder=\"0\"><\/iframe>\n\n<table style=\"border-collapse: collapse;width: 100%;height: 244px\">\n<tbody>\n<tr style=\"height: 46px\">\n<td style=\"width: 48.755%;height: 46px\">Daytime Hospital (Basement)<\/td>\n<td style=\"width: 32.9118%;height: 46px\">Dr. Tombor L\u00e1szl\u00f3<\/td>\n<td style=\"width: 18.3333%;height: 46px\">51219<\/td>\n<\/tr>\n<tr style=\"height: 22px\">\n<td style=\"width: 48.755%;height: 22px\">Education Management Experts (Basement)<\/td>\n<td style=\"width: 32.9118%;height: 22px\">Kiss Hajnal<\/td>\n<td style=\"width: 18.3333%;height: 22px\">51322<\/td>\n<\/tr>\n<tr style=\"height: 22px\">\n<td style=\"width: 48.755%;height: 22px\">\u00a0<\/td>\n<td style=\"width: 32.9118%;height: 22px\">Sz\u00e9csi T\u00fcnde<\/td>\n<td style=\"width: 18.3333%;height: 22px\">51195<\/td>\n<\/tr>\n<tr style=\"height: 22px\">\n<td style=\"width: 48.755%;height: 22px\">Porta (Ground floor)<\/td>\n<td style=\"width: 32.9118%;height: 22px\">\u00a0<\/td>\n<td style=\"width: 18.3333%;height: 22px\">51343<\/td>\n<\/tr>\n<tr style=\"height: 22px\">\n<td style=\"width: 48.755%;height: 22px\">Ambulance (Ground floor)<\/td>\n<td style=\"width: 32.9118%;height: 22px\">Dr. Boly\u00f3s Csilla<\/td>\n<td style=\"width: 18.3333%;height: 22px\">51243<\/td>\n<\/tr>\n<tr style=\"height: 22px\">\n<td style=\"width: 48.755%;height: 22px\">Department of Psychotherapy <br \/>\n(&#8222;B&#8221; Ground floor)<\/td>\n<td style=\"width: 32.9118%;height: 22px\">Dr. Unoka Zsolt<\/td>\n<td style=\"width: 18.3333%;height: 22px\">51277<\/td>\n<\/tr>\n<tr style=\"height: 22px\">\n<td style=\"width: 48.755%;height: 22px\">Department of Neuropsychiatry (A1)<\/td>\n<td style=\"width: 32.9118%;height: 22px\">Dr. Hidasi Zolt\u00e1n<\/td>\n<td style=\"width: 18.3333%;height: 22px\">51329<\/td>\n<\/tr>\n<tr style=\"height: 22px\">\n<td style=\"width: 48.755%;height: 22px\">Department of Affective and Psychopharmacological (B1)<\/td>\n<td style=\"width: 32.9118%;height: 22px\">Dr. Treuer Tam\u00e1s<\/td>\n<td style=\"width: 18.3333%;height: 22px\">51259<\/td>\n<\/tr>\n<tr style=\"height: 22px\">\n<td style=\"width: 48.755%;height: 22px\">Department of Acute Psychiatry (A2)<\/td>\n<td style=\"width: 32.9118%;height: 22px\">Dr. Komor\u00f3czy Eszter<\/td>\n<td style=\"width: 18.3333%;height: 22px\">51252<\/td>\n<\/tr>\n<tr style=\"height: 22px\">\n<td style=\"width: 48.755%;height: 22px\">Department of Crisis and Addiction (B2)<\/td>\n<td style=\"width: 32.9118%;height: 22px\">Dr. Szily Erika<\/td>\n<td style=\"width: 18.3333%;height: 22px\">51262<\/td>\n<\/tr>\n<\/tbody>\n<\/table>\n<p>&nbsp;<\/p>\n<h3><strong>Location:<\/strong><\/h3>\n<p>Department of Psychiatry and Psychotherapy &#8211; Saint R\u00f3kus Hospital<\/p>\n<p><strong>Address<\/strong>: 1085 Budapest, Gyulai P\u00e1l u. 2. (VIII. ker\u00fclet)<br \/>\n<strong>Phone<\/strong>:<br \/>\nInpatients can be inquired at the following phone number:+36-20-6632247<br \/>\nPhone number for applying to specialist outpatient clinics: +36-20-6632247<br \/>\nInformation in case of any other questions that arise: +36-20-6632247<\/p>\n\n<!-- iframe plugin v.4.9 wordpress.org\/plugins\/iframe\/ -->\n<iframe loading=\"lazy\" src=\"https:\/\/www.google.com\/maps\/embed?pb=!1m18!1m12!1m3!1d2695.7112353454663!2d19.065198315818115!3d47.49553850363649!2m3!1f0!2f0!3f0!3m2!1i1024!2i768!4f13.1!3m3!1m2!1s0x4741dc5d77cb86fb%3A0xa9b3232d2b15dfa9!2sBudapest%2C%20Gyulai%20P%C3%A1l%20u.%202%2C%201085!5e0!3m2!1shu!2shu!4v1590680564184!5m2!1shu!2shu\" width=\"600\" height=\"450\" scrolling=\"yes\" class=\"iframe-class\" frameborder=\"0\"><\/iframe>\n\n<p>&nbsp;<\/p>\n<table style=\"border-collapse: collapse;width: 100%;height: 160px\" border=\"1\">\n<tbody>\n<tr style=\"height: 32px\">\n<td style=\"width: 41.8769%;height: 32px\">Oszt\u00e1lyvezet\u0151k:\u00a0<\/td>\n<td style=\"width: 44.1978%;height: 32px\">Dr. Szekeres Gy\u00f6rgy<\/td>\n<td style=\"width: 13.9253%;text-align: left;height: 32px\">57444<\/td>\n<\/tr>\n<tr style=\"height: 32px\">\n<td style=\"width: 41.8769%;height: 32px\">Administrators:<\/td>\n<td style=\"width: 44.1978%;height: 32px\">V\u00e9gh Veronika<\/td>\n<td style=\"width: 13.9253%;text-align: left;height: 32px\">57444<\/td>\n<\/tr>\n<tr style=\"height: 32px\">\n<td style=\"width: 41.8769%;height: 32px\">\u00a0<\/td>\n<td style=\"width: 44.1978%;height: 32px\">Singh-Szir\u00e1czki Mariann (tart\u00f3s t\u00e1voll\u00e9ten)<\/td>\n<td style=\"width: 13.9253%;text-align: left;height: 32px\">57331<\/td>\n<\/tr>\n<tr style=\"height: 32px\">\n<td style=\"width: 41.8769%;height: 32px\">VI. emelet<\/td>\n<td style=\"width: 44.1978%;height: 32px\">Kezel\u0151<\/td>\n<td style=\"width: 13.9253%;height: 32px;text-align: left\">57506<\/td>\n<\/tr>\n<tr style=\"height: 32px\">\n<td style=\"width: 41.8769%;height: 32px\">VII. emelet<\/td>\n<td style=\"width: 44.1978%;height: 32px\">N\u0151v\u00e9rpult<\/td>\n<td style=\"width: 13.9253%;height: 32px;text-align: left\">57506<\/td>\n<\/tr>\n<\/tbody>\n<\/table>\n<p>&nbsp;<\/p>\n","protected":false},"excerpt":{"rendered":"<p>Headquarters: Address: 1083 Budapest, Balassa u. 6. (VIII. ker\u00fclet) Phone: +36-1-210-0330\/extension number Daytime Hospital (Basement) Dr. Tombor L\u00e1szl\u00f3 51219 Education Management Experts (Basement) Kiss Hajnal 51322 \u00a0 Sz\u00e9csi T\u00fcnde 51195 Porta (Ground floor) \u00a0 51343 Ambulance (Ground floor) Dr. Boly\u00f3s Csilla 51243 Department of Psychotherapy (&#8222;B&#8221; Ground floor) Dr. Unoka Zsolt 51277 Department of Neuropsychiatry &hellip;<\/p>\n","protected":false},"author":101149,"featured_media":0,"parent":0,"menu_order":6,"comment_status":"closed","ping_status":"closed","template":"","meta":{"_acf_changed":false,"footnotes":""},"categories":[],"tags":[],"class_list":["post-3517","page","type-page","status-publish","hentry"],"acf":[],"_links":{"self":[{"href":"https:\/\/semmelweis.hu\/pszichiatria\/wp-json\/wp\/v2\/pages\/3517","targetHints":{"allow":["GET"]}}],"collection":[{"href":"https:\/\/semmelweis.hu\/pszichiatria\/wp-json\/wp\/v2\/pages"}],"about":[{"href":"https:\/\/semmelweis.hu\/pszichiatria\/wp-json\/wp\/v2\/types\/page"}],"author":[{"embeddable":true,"href":"https:\/\/semmelweis.hu\/pszichiatria\/wp-json\/wp\/v2\/users\/101149"}],"replies":[{"embeddable":true,"href":"https:\/\/semmelweis.hu\/pszichiatria\/wp-json\/wp\/v2\/comments?post=3517"}],"version-history":[{"count":8,"href":"https:\/\/semmelweis.hu\/pszichiatria\/wp-json\/wp\/v2\/pages\/3517\/revisions"}],"predecessor-version":[{"id":5688,"href":"https:\/\/semmelweis.hu\/pszichiatria\/wp-json\/wp\/v2\/pages\/3517\/revisions\/5688"}],"wp:attachment":[{"href":"https:\/\/semmelweis.hu\/pszichiatria\/wp-json\/wp\/v2\/media?parent=3517"}],"wp:term":[{"taxonomy":"category","embeddable":true,"href":"https:\/\/semmelweis.hu\/pszichiatria\/wp-json\/wp\/v2\/categories?post=3517"},{"taxonomy":"post_tag","embeddable":true,"href":"https:\/\/semmelweis.hu\/pszichiatria\/wp-json\/wp\/v2\/tags?post=3517"}],"curies":[{"name":"wp","href":"https:\/\/api.w.org\/{rel}","templated":true}]}}