{"id":3393,"date":"2020-05-19T15:40:02","date_gmt":"2020-05-19T13:40:02","guid":{"rendered":"https:\/\/semmelweis.hu\/pszichiatria\/?page_id=3393"},"modified":"2026-01-28T12:43:35","modified_gmt":"2026-01-28T11:43:35","slug":"virtualis-valosag-es-emocio-kutatocsoport","status":"publish","type":"page","link":"https:\/\/semmelweis.hu\/pszichiatria\/kutatasi-teruletek\/virtualis-valosag-es-emocio-kutatocsoport\/","title":{"rendered":"Virtu\u00e1lis Val\u00f3s\u00e1g  \u00e9s Em\u00f3ci\u00f3 kutat\u00f3csoport"},"content":{"rendered":"<p style=\"text-align: center\"><strong><a href=\"https:\/\/semmelweis.hu\/pszichiatria\/files\/2020\/05\/VR-kezek.jpg\"><img loading=\"lazy\" decoding=\"async\" class=\"alignnone size-medium wp-image-3399\" src=\"https:\/\/semmelweis.hu\/pszichiatria\/files\/2020\/05\/VR-kezek-300x207.jpg\" alt=\"\" width=\"300\" height=\"207\" srcset=\"https:\/\/semmelweis.hu\/pszichiatria\/files\/2020\/05\/VR-kezek-300x207.jpg 300w, https:\/\/semmelweis.hu\/pszichiatria\/files\/2020\/05\/VR-kezek-175x120.jpg 175w, https:\/\/semmelweis.hu\/pszichiatria\/files\/2020\/05\/VR-kezek.jpg 585w\" sizes=\"auto, (max-width: 300px) 100vw, 300px\" \/><\/a>\u00a0<\/strong><\/p>\n<p style=\"text-align: center\"><strong>Szkizofr\u00e9n betegek mentaliz\u00e1ci\u00f3s k\u00e9szs\u00e9g\u00e9nek fejleszt\u00e9se Virtu\u00e1lis Val\u00f3s\u00e1g (VR) technol\u00f3gia seg\u00edts\u00e9g\u00e9vel<\/strong><\/p>\n<p style=\"text-align: justify\">A kutat\u00f3csoport f\u0151 c\u00e9lkit\u0171z\u00e9se a rendelkez\u00e9sre \u00e1ll\u00f3 szakirodalmi adatok felhaszn\u00e1l\u00e1s\u00e1val egy virtu\u00e1lis val\u00f3s\u00e1g technol\u00f3gi\u00e1ra \u00e9s hagyom\u00e1nyos kognit\u00edv \u00e9s metakognit\u00edv technik\u00e1kra \u00e9p\u00fcl\u0151 m\u00f3dszer fejleszt\u00e9se, mely a funkci\u00f3szinttel szoros \u00f6sszef\u00fcgg\u00e9st mutat\u00f3 menetaliz\u00e1ci\u00f3s \u00e9s nyelvpragmatikai deficitek korrekci\u00f3j\u00e1ra ir\u00e1nyul szkizofr\u00e9n betegek k\u00f6r\u00e9ben. A fokozatos, iterat\u00edv megk\u00f6zel\u00edt\u00e9ssel zajl\u00f3 fejleszt\u00e9s mellett randomiz\u00e1lt kontroll\u00e1lt elrendez\u00e9sben vizsg\u00e1ljuk az eml\u00edtett fejleszt\u00e9si folyamat eredm\u00e9nyek\u00e9nt sz\u00fcletett VR-ToMIS (Virtual Reality based Theory of Mind Intervention in Schizophrenia) m\u00f3dszert szkizofr\u00e9n betegek k\u00f6r\u00e9ben. Vizsg\u00e1ljuk a m\u00f3dszer lehets\u00e9ges hat\u00e1sait \u00e9s mell\u00e9khat\u00e1sait, a hat\u00e1st befoly\u00e1sol\u00f3 t\u00e9nyez\u0151ket, a hat\u00e1s tart\u00f3ss\u00e1g\u00e1t. Eredm\u00e9nyeink seg\u00edthetik a szkizofr\u00e9ni\u00e1ban szenved\u0151 betegek rehabilit\u00e1ci\u00f3j\u00e1nak hat\u00e9konyabb\u00e1 t\u00e9tel\u00e9t, a betegs\u00e9g term\u00e9szet\u00e9nek jobb megismer\u00e9s\u00e9t \u00e9s utat nyithat \u00fajabb fejleszt\u00e9sek sz\u00e1m\u00e1ra.<\/p>\n<p style=\"text-align: center\">\n<p><strong>VR-alap\u00fa Avatar Ter\u00e1pia \u2013 Klinikai kutat\u00e1s rezidu\u00e1lis akusztikus hallucin\u00e1ci\u00f3k kezel\u00e9s\u00e9re<\/strong><br \/>\nA kutat\u00e1s saj\u00e1t oldala <a href=\"https:\/\/semmelweis.hu\/pszichiatria\/kutatasi-teruletek\/virtualis-valosag-es-emocio-kutatocsoport\/vr-alapu-avatar-terapia\/\">ide kattintva<\/a> \u00e9rhet\u0151 el.\u00a0<\/p>\n<p>&nbsp;<\/p>\n<p style=\"text-align: center\"><strong>\u00c9rzelmek \u00e9s non-verb\u00e1lis kifejez\u00e9sek felismer\u00e9s\u00e9nek \u00e9s kifejez\u00e9s\u00e9nek vizsg\u00e1lata mesters\u00e9ges intelligencia (AI) alkalmaz\u00e1s\u00e1val a mozg\u00e1sokban \u00e9s a vok\u00e1lis csatorn\u00e1n<\/strong><\/p>\n<p><strong><em>Vok\u00e1lis csatorna<\/em><\/strong><\/p>\n<p style=\"text-align: justify\">A BME T\u00e1vk\u00f6zl\u00e9si \u00e9s M\u00e9diainformatikai Tansz\u00e9k\u00e9vel k\u00f6z\u00f6sen v\u00e9gzett kutat\u00e1sunkban depresszi\u00f3s p\u00e1ciensek hangelemz\u00e9ses vizsg\u00e1lat\u00e1t v\u00e9gezz\u00fck, egy g\u00e9pi tanul\u00f3 elj\u00e1r\u00e1son alapul\u00f3 sz\u0171r\u0151rendszer kidolgoz\u00e1sa c\u00e9lj\u00e1b\u00f3l. Szignifik\u00e1ns k\u00fcl\u00f6nbs\u00e9get keres\u00fcnk a depresszi\u00f3s e\u0301s eg\u00e9szs\u00e9ges besz\u00e9dhang k\u00f6z\u00f6tt: az alapfrekvencia, els\u0151 form\u00e1ns-frekvencia, felolvas\u00e1s id\u0151tartam, sz\u00fcnethossz, sz\u00fcnetara\u0301ny, besz\u00e9dtemp\u00f3, artikul\u00e1ci\u00f3s temp\u00f3, alaphang sz\u00f3ra\u0301s e\u0301s alaphang tartom\u00e1ny tekintet\u00e9ben. A pszichi\u00e1triai betegs\u00e9gek m\u00f6g\u00f6tt h\u00faz\u00f3d\u00f3 biomarkerek felt\u00e9rk\u00e9pez\u00e9se a kutat\u00e1sok fontos r\u00e9sz\u00e9t k\u00e9pezik. A depresszi\u00f3 besz\u00e9djel alap\u00fa diagnosztik\u00e1ja, egy k\u00f6nnyen hozz\u00e1f\u00e9rhet\u0151, olcs\u00f3 vizsg\u00e1lati m\u00f3dszerr\u00e9 v\u00e1lhat, ami megk\u00f6nny\u00edtheti a diagn\u00f3zisalkot\u00e1st \u00e9s a ter\u00e1pia monitoroz\u00e1s\u00e1t. Egy objekt\u00edv m\u00e9r\u0151eszk\u00f6z seg\u00edts\u00e9g\u00e9vel, lehet\u0151v\u00e9 v\u00e1lik az alapell\u00e1t\u00e1sban a diagn\u00f3zisalkot\u00e1s egyszer\u0171s\u00edt\u00e9se, amivel az adekv\u00e1t ter\u00e1pia korai megkezd\u00e9s\u00e9t, ezen kereszt\u00fcl az \u00f6ngyilkoss\u00e1gok cs\u00f6kken\u00e9s\u00e9t is el\u00e9rhetj\u00fck. A besz\u00e9djel alap\u00fa diagnosztika seg\u00edts\u00e9g\u00fcl szolg\u00e1lhat depresszi\u00f3s p\u00e1ciensek ut\u00f3gondoz\u00e1s\u00e1ra, \u00e1llapotk\u00f6vet\u00e9s\u00e9re is.<\/p>\n<p><strong><em>Mozg\u00e1s \u00e9s gesztuselemz\u00e9s g\u00e9pi tanul\u00e1ssal<\/em><\/strong><\/p>\n<p style=\"text-align: justify\">A P\u00e1zm\u00e1ny P\u00e9ter Katolikus Egyetem Inform\u00e1ci\u00f3s Technol\u00f3giai \u00e9s Bionikai Kar kutat\u00f3ival k\u00f6z\u00f6s kollabor\u00e1ci\u00f3 sor\u00e1n \u00e1ltaluk fejleszt\u00e9s alatt l\u00e9v\u0151 g\u00e9pi tanul\u00f3 algoritmus seg\u00edts\u00e9g\u00e9vel, a szkizofr\u00e9n betegek mozg\u00e1s,- \u00e9s gesztusj ellegzetess\u00e9geit elemezz\u00fck. Az adatb\u00e1zist a betegek mozg\u00e1sa sor\u00e1n keletkez\u0151 t\u00e9rbeli adatok (koordin\u00e1tapontok) k\u00e9pzik. Ezek az adatok a mozg\u00e1s ir\u00e1ny\u00e1ra, sebess\u00e9g\u00e9re \u00e9s \u00fctem\u00e9re is vonatkoznak, amelyek jellegzetess\u00e9geit az eg\u00e9szs\u00e9ges kontrollcsoporthoz hasonl\u00edtva vizsg\u00e1ljuk. A g\u00e9pi tanul\u00f3 algoritmus ezek alapj\u00e1n fejl\u0151dik \u00e9s jav\u00edtja a valid\u00e1lt mozg\u00e1smint\u00e1zat felismer\u00e9s\u00e9t. A mozg\u00e1s \u00e9s gesztuselemz\u00e9s fejleszt\u00e9s\u00e9vel nemcsak a ter\u00e1pia, hanem az \u00e1llapotukban bek\u00f6vetkez\u0151 v\u00e1ltoz\u00e1sok \u00e9rz\u00e9kenyebb k\u00f6vet\u00e9se is lehet\u0151v\u00e9 v\u00e1lik ak\u00e1r val\u00f3s id\u0151ben is. Ez komoly seg\u00edts\u00e9g lehet a pszichi\u00e1triai \u00e9s h\u00e1ziorvosi ell\u00e1t\u00e1s diagnosztikus folyamat\u00e1ban \u00e9s az \u00e1llapotk\u00f6vet\u00e9sben is.<\/p>\n<p style=\"text-align: justify\"><em>\u00a0<\/em><\/p>\n<p style=\"text-align: center\"><strong>Nemi szerep diszf\u00f3ria (kor\u00e1bban: transzszexualizmus)<\/strong><\/p>\n<p style=\"text-align: justify\">Kutat\u00e1sainkban vizsg\u00e1ljuk a Nemi szerep diszf\u00f3ria (DSM-V) eseteiben, az agyi srukt\u00far\u00e1kban detekt\u00e1lhat\u00f3 morfometriai v\u00e1ltoz\u00e1sokat \u00e9s a Nyugalmi- vagy Alap H\u00e1l\u00f3zatban\u00a0(<em>Default Mode Network, DMN<\/em>) a funkcion\u00e1lis konnektivit\u00e1s megv\u00e1ltoz\u00e1s\u00e1t \u00e9s \u00e1talakul\u00e1s\u00e1t. A\u00a0nyugalmi fMRI\u00a0(<em>Resting state fMRI, rsfMRI<\/em>) seg\u00edts\u00e9g\u00e9vel felt\u00e9rk\u00e9pezhetj\u00fck az agyter\u00fcletek k\u00f6z\u00f6tti alap\u00e1llapot\u00fa kapcsolatok elt\u00e9r\u00e9seit, jellegzetess\u00e9geit \u00f6sszehasonl\u00edtva a nemi inkongruencia n\u00e9lk\u00fcl \u00e9l\u0151 csoporttal.<\/p>\n<p>Fentiek mellett kiterjesztett\u00fck kutat\u00e1sainkat a transzszexu\u00e1lis szem\u00e9lyek<\/p>\n<ul>\n<li>\u00f6n\u00e9letrajzi \u00edr\u00e1sainak, \u00e9lett\u00f6rt\u00e9neti adatainak narrat\u00edv identit\u00e1s vizsg\u00e1lat\u00e1ra<\/li>\n<li>kognit\u00edv strukt\u00far\u00e1j\u00e1nak, maladapt\u00edv s\u00e9m\u00e1inak elemz\u00e9s\u00e9re<\/li>\n<li>nemi szereppel kapcsolatos genetikai h\u00e1tt\u00e9r\u00e9nek vizsg\u00e1lat\u00e1ra<\/li>\n<\/ul>\n<p><strong>\u00a0<\/strong><\/p>\n<p><strong>Kutat\u00f3csoport vezet\u0151je:<br \/>\n<\/strong>Dr. Simon Lajos, PhD, egyetemi docens, a pszichi\u00e1tria, pszichoter\u00e1pia, orvosi rehabilit\u00e1ci\u00f3 a pszichi\u00e1tria ter\u00fclet\u00e9n szakorvosa<\/p>\n<p>\n<strong>A kutat\u00f3csoport tagjai:<br \/>\n<\/strong>Dr. Hajduska-D\u00e9r B\u00e1lint, PhD hallgat\u00f3, pszichi\u00e1ter szakorvos<\/p>\n<p>Vass Edit, PhD hallgat\u00f3, klinikai szakszichol\u00f3gus<\/p>\n<p>Dr. Csukly G\u00e1bor, PhD, egyetemi adjunktus, pszichi\u00e1ter szakorvos<\/p>\n<p>Dr. Szab\u00f3 \u00c1d\u00e1m, PhD hallgat\u00f3, radiol\u00f3gus rezidens<\/p>\n","protected":false},"excerpt":{"rendered":"<p><a href=\"https:\/\/semmelweis.hu\/pszichiatria\/files\/2020\/05\/VR-kezek.jpg\"><\/a> \u00a0 Szkizofr\u00e9n betegek mentaliz\u00e1ci\u00f3s k\u00e9szs\u00e9g\u00e9nek fejleszt\u00e9se Virtu\u00e1lis Val\u00f3s\u00e1g (VR) technol\u00f3gia seg\u00edts\u00e9g\u00e9vel A kutat\u00f3csoport f\u0151 c\u00e9lkit\u0171z\u00e9se a rendelkez\u00e9sre \u00e1ll\u00f3 szakirodalmi adatok felhaszn\u00e1l\u00e1s\u00e1val egy virtu\u00e1lis val\u00f3s\u00e1g technol\u00f3gi\u00e1ra \u00e9s hagyom\u00e1nyos kognit\u00edv \u00e9s metakognit\u00edv technik\u00e1kra \u00e9p\u00fcl\u0151 m\u00f3dszer fejleszt\u00e9se, mely a funkci\u00f3szinttel szoros \u00f6sszef\u00fcgg\u00e9st mutat\u00f3 menetaliz\u00e1ci\u00f3s \u00e9s nyelvpragmatikai deficitek korrekci\u00f3j\u00e1ra ir\u00e1nyul szkizofr\u00e9n betegek k\u00f6r\u00e9ben. A fokozatos, iterat\u00edv megk\u00f6zel\u00edt\u00e9ssel zajl\u00f3 fejleszt\u00e9s &hellip;<\/p>\n","protected":false},"author":101149,"featured_media":0,"parent":11,"menu_order":0,"comment_status":"closed","ping_status":"closed","template":"","meta":{"_acf_changed":false,"footnotes":""},"categories":[],"tags":[],"class_list":["post-3393","page","type-page","status-publish","hentry"],"acf":[],"_links":{"self":[{"href":"https:\/\/semmelweis.hu\/pszichiatria\/wp-json\/wp\/v2\/pages\/3393","targetHints":{"allow":["GET"]}}],"collection":[{"href":"https:\/\/semmelweis.hu\/pszichiatria\/wp-json\/wp\/v2\/pages"}],"about":[{"href":"https:\/\/semmelweis.hu\/pszichiatria\/wp-json\/wp\/v2\/types\/page"}],"author":[{"embeddable":true,"href":"https:\/\/semmelweis.hu\/pszichiatria\/wp-json\/wp\/v2\/users\/101149"}],"replies":[{"embeddable":true,"href":"https:\/\/semmelweis.hu\/pszichiatria\/wp-json\/wp\/v2\/comments?post=3393"}],"version-history":[{"count":10,"href":"https:\/\/semmelweis.hu\/pszichiatria\/wp-json\/wp\/v2\/pages\/3393\/revisions"}],"predecessor-version":[{"id":5647,"href":"https:\/\/semmelweis.hu\/pszichiatria\/wp-json\/wp\/v2\/pages\/3393\/revisions\/5647"}],"up":[{"embeddable":true,"href":"https:\/\/semmelweis.hu\/pszichiatria\/wp-json\/wp\/v2\/pages\/11"}],"wp:attachment":[{"href":"https:\/\/semmelweis.hu\/pszichiatria\/wp-json\/wp\/v2\/media?parent=3393"}],"wp:term":[{"taxonomy":"category","embeddable":true,"href":"https:\/\/semmelweis.hu\/pszichiatria\/wp-json\/wp\/v2\/categories?post=3393"},{"taxonomy":"post_tag","embeddable":true,"href":"https:\/\/semmelweis.hu\/pszichiatria\/wp-json\/wp\/v2\/tags?post=3393"}],"curies":[{"name":"wp","href":"https:\/\/api.w.org\/{rel}","templated":true}]}}