{"id":2936,"date":"2018-11-26T11:50:23","date_gmt":"2018-11-26T10:50:23","guid":{"rendered":"http:\/\/semmelweis.hu\/pszichiatria\/?page_id=2936"},"modified":"2026-01-29T11:15:05","modified_gmt":"2026-01-29T10:15:05","slug":"felnott-pszichiatriai-szakambulancia","status":"publish","type":"page","link":"https:\/\/semmelweis.hu\/pszichiatria\/betegellatas\/felnott-pszichiatriai-szakambulancia\/","title":{"rendered":"Feln\u0151tt Pszichi\u00e1triai szakambulancia"},"content":{"rendered":"<p style=\"text-align: justify\">Az ell\u00e1t\u00e1s a Pszichi\u00e1triai \u00e9s Pszichoter\u00e1pi\u00e1s Klinika Feln\u0151tt Pszichi\u00e1triai szakambulanci\u00e1j\u00e1n (1083 Budapest, Balassa utca 6.) TAJ sz\u00e1m alapj\u00e1n, t\u00e9r\u00edt\u00e9smentesen t\u00f6rt\u00e9nik.<\/p>\n<p style=\"text-align: justify\"><strong>A szakambulancia funkci\u00f3ja<\/strong>:<\/p>\n<p style=\"text-align: justify\">\u00a0Az ambulancia alapvet\u0151 funkci\u00f3ja a pszichi\u00e1triai betegell\u00e1t\u00e1s biztos\u00edt\u00e1sa ter\u00fcleti illet\u00e9kess\u00e9g szerint, sz\u00fcks\u00e9g eset\u00e9n oszt\u00e1lyos kezel\u00e9s megszervez\u00e9se illetve a t\u00e1rsklinik\u00e1knak ny\u00fajtott pszichi\u00e1triai konz\u00edlium biztos\u00edt\u00e1sa. Ezen t\u00fal az oszt\u00e1lyos kezel\u00e9s sz\u00fcks\u00e9gess\u00e9g\u00e9nek meg\u00edt\u00e9l\u00e9se, ennek megszervez\u00e9se\/ir\u00e1ny\u00edt\u00e1sa, illetve sz\u00fcks\u00e9g eset\u00e9n a gy\u00f3gyszeres ter\u00e1pi\u00e1ra t\u00f6rt\u00e9n\u0151 javaslat ad\u00e1sa \u00e9s ennek esetleges elind\u00edt\u00e1sa is az ambulancia felv\u00e1llalt feladat\u00e1t k\u00e9pezi.<\/p>\n<p style=\"text-align: justify\">A j\u00e1r\u00f3 betegek sz\u00e1m\u00e1ra a gy\u00f3gyszeres ter\u00e1pia be\u00e1ll\u00edt\u00e1sa, \u00e9s a rendszeres pszichi\u00e1triai gondoz\u00e1s a beteg lakc\u00edme szerint illet\u00e9kes pszichi\u00e1triai gondoz\u00f3 feladata.\u00a0<\/p>\n<p style=\"text-align: justify\"><strong>Orvosaink: <\/strong><\/p>\n<p style=\"text-align: justify\">dr. Csukly G\u00e1bor, habilit\u00e1lt egyetemi docens, szakrendel\u00e9s vezet\u0151<\/p>\n<p style=\"text-align: justify\">Ambulanci\u00e1nkon 18 \u00e9v\u00fcket bet\u00f6lt\u00f6tt, b\u00e1rmilyen pszichi\u00e1triai betegs\u00e9g diagn\u00f3zis\u00e1val kezelt illetve pszichi\u00e1triai jelleg\u0171 probl\u00e9ma gyan\u00faj\u00e1val \u00e9rkez\u0151 p\u00e1ciensek vizsg\u00e1lat\u00e1t, sz\u00fcks\u00e9ges ter\u00e1pia elind\u00edt\u00e1s\u00e1t, ter\u00e1pia m\u00f3dos\u00edt\u00e1s\u00e1t, pszichoter\u00e1pi\u00e1s szakell\u00e1t\u00e1s fel\u00e9 val\u00f3 ir\u00e1ny\u00edt\u00e1s\u00e1t illetve sz\u00fcks\u00e9g eset\u00e9n oszt\u00e1lyos felv\u00e9telre val\u00f3 el\u0151jegyz\u00e9s\u00e9t v\u00e9gezz\u00fck.<\/p>\n<p style=\"text-align: justify\">\u00a0<\/p>\n","protected":false},"excerpt":{"rendered":"<p>Az ell\u00e1t\u00e1s a Pszichi\u00e1triai \u00e9s Pszichoter\u00e1pi\u00e1s Klinika Feln\u0151tt Pszichi\u00e1triai szakambulanci\u00e1j\u00e1n (1083 Budapest, Balassa utca 6.) TAJ sz\u00e1m alapj\u00e1n, t\u00e9r\u00edt\u00e9smentesen t\u00f6rt\u00e9nik. A szakambulancia funkci\u00f3ja: \u00a0Az ambulancia alapvet\u0151 funkci\u00f3ja a pszichi\u00e1triai betegell\u00e1t\u00e1s biztos\u00edt\u00e1sa ter\u00fcleti illet\u00e9kess\u00e9g szerint, sz\u00fcks\u00e9g eset\u00e9n oszt\u00e1lyos kezel\u00e9s megszervez\u00e9se illetve a t\u00e1rsklinik\u00e1knak ny\u00fajtott pszichi\u00e1triai konz\u00edlium biztos\u00edt\u00e1sa. Ezen t\u00fal az oszt\u00e1lyos kezel\u00e9s sz\u00fcks\u00e9gess\u00e9g\u00e9nek meg\u00edt\u00e9l\u00e9se, ennek megszervez\u00e9se\/ir\u00e1ny\u00edt\u00e1sa, &hellip;<\/p>\n","protected":false},"author":101149,"featured_media":0,"parent":14,"menu_order":0,"comment_status":"closed","ping_status":"closed","template":"","meta":{"_acf_changed":false,"footnotes":""},"categories":[],"tags":[],"class_list":["post-2936","page","type-page","status-publish","hentry"],"acf":[],"_links":{"self":[{"href":"https:\/\/semmelweis.hu\/pszichiatria\/wp-json\/wp\/v2\/pages\/2936","targetHints":{"allow":["GET"]}}],"collection":[{"href":"https:\/\/semmelweis.hu\/pszichiatria\/wp-json\/wp\/v2\/pages"}],"about":[{"href":"https:\/\/semmelweis.hu\/pszichiatria\/wp-json\/wp\/v2\/types\/page"}],"author":[{"embeddable":true,"href":"https:\/\/semmelweis.hu\/pszichiatria\/wp-json\/wp\/v2\/users\/101149"}],"replies":[{"embeddable":true,"href":"https:\/\/semmelweis.hu\/pszichiatria\/wp-json\/wp\/v2\/comments?post=2936"}],"version-history":[{"count":10,"href":"https:\/\/semmelweis.hu\/pszichiatria\/wp-json\/wp\/v2\/pages\/2936\/revisions"}],"predecessor-version":[{"id":5656,"href":"https:\/\/semmelweis.hu\/pszichiatria\/wp-json\/wp\/v2\/pages\/2936\/revisions\/5656"}],"up":[{"embeddable":true,"href":"https:\/\/semmelweis.hu\/pszichiatria\/wp-json\/wp\/v2\/pages\/14"}],"wp:attachment":[{"href":"https:\/\/semmelweis.hu\/pszichiatria\/wp-json\/wp\/v2\/media?parent=2936"}],"wp:term":[{"taxonomy":"category","embeddable":true,"href":"https:\/\/semmelweis.hu\/pszichiatria\/wp-json\/wp\/v2\/categories?post=2936"},{"taxonomy":"post_tag","embeddable":true,"href":"https:\/\/semmelweis.hu\/pszichiatria\/wp-json\/wp\/v2\/tags?post=2936"}],"curies":[{"name":"wp","href":"https:\/\/api.w.org\/{rel}","templated":true}]}}