{"id":2827,"date":"2018-10-10T11:47:17","date_gmt":"2018-10-10T09:47:17","guid":{"rendered":"http:\/\/semmelweis.hu\/pszichiatria\/?page_id=2827"},"modified":"2018-10-10T11:47:57","modified_gmt":"2018-10-10T09:47:57","slug":"addiktologiai-szakkepzes","status":"publish","type":"page","link":"https:\/\/semmelweis.hu\/pszichiatria\/oktatas\/posztgradualis-kepzes\/addiktologiai-szakkepzes\/","title":{"rendered":"Addiktol\u00f3giai szakk\u00e9pz\u00e9s"},"content":{"rendered":"<p><a href=\"https:\/\/semmelweis.hu\/pszichiatria\/files\/2018\/10\/Addiktol%C3%B3gia.pdf\">Addiktol\u00f3gia szakk\u00e9pz\u00e9s tematika<\/a><\/p>\n","protected":false},"excerpt":{"rendered":"<p><a href=\"https:\/\/semmelweis.hu\/pszichiatria\/files\/2018\/10\/Addiktol%C3%B3gia.pdf\">Addiktol\u00f3gia szakk\u00e9pz\u00e9s tematika<\/a><\/p>\n","protected":false},"author":101149,"featured_media":0,"parent":2166,"menu_order":1,"comment_status":"closed","ping_status":"closed","template":"","meta":{"_acf_changed":false,"footnotes":""},"categories":[],"tags":[],"class_list":["post-2827","page","type-page","status-publish","hentry"],"acf":[],"_links":{"self":[{"href":"https:\/\/semmelweis.hu\/pszichiatria\/wp-json\/wp\/v2\/pages\/2827","targetHints":{"allow":["GET"]}}],"collection":[{"href":"https:\/\/semmelweis.hu\/pszichiatria\/wp-json\/wp\/v2\/pages"}],"about":[{"href":"https:\/\/semmelweis.hu\/pszichiatria\/wp-json\/wp\/v2\/types\/page"}],"author":[{"embeddable":true,"href":"https:\/\/semmelweis.hu\/pszichiatria\/wp-json\/wp\/v2\/users\/101149"}],"replies":[{"embeddable":true,"href":"https:\/\/semmelweis.hu\/pszichiatria\/wp-json\/wp\/v2\/comments?post=2827"}],"version-history":[{"count":1,"href":"https:\/\/semmelweis.hu\/pszichiatria\/wp-json\/wp\/v2\/pages\/2827\/revisions"}],"predecessor-version":[{"id":2829,"href":"https:\/\/semmelweis.hu\/pszichiatria\/wp-json\/wp\/v2\/pages\/2827\/revisions\/2829"}],"up":[{"embeddable":true,"href":"https:\/\/semmelweis.hu\/pszichiatria\/wp-json\/wp\/v2\/pages\/2166"}],"wp:attachment":[{"href":"https:\/\/semmelweis.hu\/pszichiatria\/wp-json\/wp\/v2\/media?parent=2827"}],"wp:term":[{"taxonomy":"category","embeddable":true,"href":"https:\/\/semmelweis.hu\/pszichiatria\/wp-json\/wp\/v2\/categories?post=2827"},{"taxonomy":"post_tag","embeddable":true,"href":"https:\/\/semmelweis.hu\/pszichiatria\/wp-json\/wp\/v2\/tags?post=2827"}],"curies":[{"name":"wp","href":"https:\/\/api.w.org\/{rel}","templated":true}]}}