{"id":2806,"date":"2018-10-10T00:35:15","date_gmt":"2018-10-09T22:35:15","guid":{"rendered":"http:\/\/semmelweis.hu\/pszichiatria\/?page_id=2806"},"modified":"2018-10-10T00:35:41","modified_gmt":"2018-10-09T22:35:41","slug":"dr-unoka-zsolt-szabolcs-kutatocsoportja","status":"publish","type":"page","link":"https:\/\/semmelweis.hu\/pszichiatria\/kutatasi-teruletek\/dr-unoka-zsolt-szabolcs-kutatocsoportja\/","title":{"rendered":"Dr. Unoka Zsolt Szabolcs Kutat\u00f3csoportja"},"content":{"rendered":"<p><strong><br \/>\nSzem\u00e9lyis\u00e9gzavarok t\u00e1rsas, affekt\u00edv \u00e9s kognit\u00edv zavarainak \u00e9s h\u00e1tter\u00fckben \u00e1ll\u00f3 biol\u00f3giai \u00e9s pszicho-szoci\u00e1lis kock\u00e1zati t\u00e9nyez\u0151knek a vizsg\u00e1lata <\/strong><\/p>\n<p style=\"text-align: justify\">Vizsg\u00e1lataink f\u00f3kusz\u00e1ban a szem\u00e9lyis\u00e9gzavar von\u00e1sok h\u00e1tter\u00e9ben \u00e1ll\u00f3 t\u00e1rsas megismer\u00e9s zavarainak, \u00e9rzelemszab\u00e1lyoz\u00e1si zavaroknak \u00e9s neuropszichol\u00f3giai zavaroknak a vizsg\u00e1lata \u00e1ll, illetve feladathelyzetekben vizsg\u00e1lt kognit\u00edv funkci\u00f3zavarok elekrofiziol\u00f3giai mutat\u00f3it pr\u00f3b\u00e1ljuk azonos\u00edtani. A szem\u00e9lyis\u00e9gzavar von\u00e1sok h\u00e1tter\u00e9ben \u00e1ll\u00f3 korai traum\u00e1k \u00e9s genetikai \u00e9s epigenetikai mutat\u00f3k k\u00f6z\u00f6tti \u00f6sszef\u00fcgg\u00e9seket vizsg\u00e1ljuk, valamint Borderline szem\u00e9lyis\u00e9gzavar biobankot \u00e9p\u00edt\u00fcnk.\u00a0 Vizsg\u00e1lataink c\u00e9lja, a funkcion\u00e1l\u00e1st legink\u00e1bb befoly\u00e1sol\u00f3 t\u00e9nyez\u0151k azonos\u00edt\u00e1sa \u00e9s c\u00e9lzott ter\u00e1pi\u00e1s beavatkoz\u00e1sok kialak\u00edt\u00e1sa.<\/p>\n<p>&nbsp;<\/p>\n<p><strong>Csoportos S\u00e9mater\u00e1pia hat\u00e9konys\u00e1gvizsg\u00e1lata szem\u00e9lyis\u00e9gzavarok kezel\u00e9s\u00e9ben<\/strong><\/p>\n<p style=\"text-align: justify\">A kutat\u00f3csoport egyik f\u0151 c\u00e9lkit\u0171z\u00e9se a s\u00e9mater\u00e1pia hat\u00e9konys\u00e1g\u00e1nak vizsg\u00e1lata szem\u00e9lyis\u00e9gzavarban szenved\u0151 szem\u00e9lyek k\u00f6r\u00e9ben. V\u00e1r\u00f3list\u00e1s kontrollal \u00e9s randomiz\u00e1lt kontroll\u00e1lt elrendez\u00e9sben hagyom\u00e1nyos kognit\u00edv ter\u00e1pi\u00e1val \u00f6sszevetve vizsg\u00e1ljuk a csoportos s\u00e9mater\u00e1pia hat\u00e9konys\u00e1g\u00e1t. Vizsg\u00e1ljuk, hogy milyen prediktorok (szem\u00e9lyis\u00e9gzavar von\u00e1sok, korai traum\u00e1k, korai maladapt\u00edv s\u00e9m\u00e1k, \u00e9s s\u00e9mam\u00f3dok) befoly\u00e1solj\u00e1k a ter\u00e1pi\u00e1b\u00f3l val\u00f3 id\u0151 el\u0151tti kies\u00e9st, a ter\u00e1pia hat\u00e9konys\u00e1g\u00e1t \u00e9s hat\u00e1s tart\u00f3ss\u00e1g\u00e1t 3 \u00e9s 12 h\u00f3nap m\u00falva. Tov\u00e1bb\u00e1 vizsg\u00e1ljuk a ter\u00e1pi\u00e1s beavatkoz\u00e1sok k\u00f6lts\u00e9ghat\u00e9konys\u00e1g\u00e1t. Eredm\u00e9nyeink seg\u00edthetik a kr\u00f3nikusnak tartott szem\u00e9lyis\u00e9gzavarok hat\u00e9konyabb kezel\u00e9si form\u00e1inak kifejleszt\u00e9s\u00e9t, amelyek jobb funkcion\u00e1l\u00e1shoz vezethetnek.<\/p>\n<p>&nbsp;<\/p>\n<p><strong>A munkacsoport tagja:<\/strong><\/p>\n<p>Kutat\u00f3csoport vezet\u0151je: Dr. Unoka Zsolt Szabolcs, PhD, egyetemi docens, pszichi\u00e1ter, pszichoterapeuta, pszichi\u00e1triai rehabilit\u00e1ci\u00f3 szakorvos<br \/>\nVizin Gabriella, PhD, klinikai szakpszichol\u00f3gus<br \/>\nR\u00e1cz Anna, PhD hallgat\u00f3, pszichol\u00f3gus<br \/>\nMara Czegel Richman, PhD hallgat\u00f3, pszichol\u00f3gus<br \/>\nDr. Egerv\u00e1ri Luca, PhD hallgat\u00f3, pszichi\u00e1ter szakorvos<br \/>\nBajz\u00e1t Bettina, PhD hallgat\u00f3, pszichol\u00f3gus<br \/>\nDr. Bir\u00f3 Gergely, klinikai szakpszichol\u00f3gus<br \/>\nDr. Hajduska-D\u00e9r B\u00e1lint, PhD hallgat\u00f3, pszichi\u00e1ter szakorvos<\/p>\n","protected":false},"excerpt":{"rendered":"<p>Szem\u00e9lyis\u00e9gzavarok t\u00e1rsas, affekt\u00edv \u00e9s kognit\u00edv zavarainak \u00e9s h\u00e1tter\u00fckben \u00e1ll\u00f3 biol\u00f3giai \u00e9s pszicho-szoci\u00e1lis kock\u00e1zati t\u00e9nyez\u0151knek a vizsg\u00e1lata Vizsg\u00e1lataink f\u00f3kusz\u00e1ban a szem\u00e9lyis\u00e9gzavar von\u00e1sok h\u00e1tter\u00e9ben \u00e1ll\u00f3 t\u00e1rsas megismer\u00e9s zavarainak, \u00e9rzelemszab\u00e1lyoz\u00e1si zavaroknak \u00e9s neuropszichol\u00f3giai zavaroknak a vizsg\u00e1lata \u00e1ll, illetve feladathelyzetekben vizsg\u00e1lt kognit\u00edv funkci\u00f3zavarok elekrofiziol\u00f3giai mutat\u00f3it pr\u00f3b\u00e1ljuk azonos\u00edtani. A szem\u00e9lyis\u00e9gzavar von\u00e1sok h\u00e1tter\u00e9ben \u00e1ll\u00f3 korai traum\u00e1k \u00e9s genetikai \u00e9s epigenetikai mutat\u00f3k &hellip;<\/p>\n","protected":false},"author":101149,"featured_media":0,"parent":11,"menu_order":0,"comment_status":"closed","ping_status":"closed","template":"","meta":{"_acf_changed":false,"footnotes":""},"categories":[],"tags":[],"class_list":["post-2806","page","type-page","status-publish","hentry"],"acf":[],"_links":{"self":[{"href":"https:\/\/semmelweis.hu\/pszichiatria\/wp-json\/wp\/v2\/pages\/2806","targetHints":{"allow":["GET"]}}],"collection":[{"href":"https:\/\/semmelweis.hu\/pszichiatria\/wp-json\/wp\/v2\/pages"}],"about":[{"href":"https:\/\/semmelweis.hu\/pszichiatria\/wp-json\/wp\/v2\/types\/page"}],"author":[{"embeddable":true,"href":"https:\/\/semmelweis.hu\/pszichiatria\/wp-json\/wp\/v2\/users\/101149"}],"replies":[{"embeddable":true,"href":"https:\/\/semmelweis.hu\/pszichiatria\/wp-json\/wp\/v2\/comments?post=2806"}],"version-history":[{"count":2,"href":"https:\/\/semmelweis.hu\/pszichiatria\/wp-json\/wp\/v2\/pages\/2806\/revisions"}],"predecessor-version":[{"id":2808,"href":"https:\/\/semmelweis.hu\/pszichiatria\/wp-json\/wp\/v2\/pages\/2806\/revisions\/2808"}],"up":[{"embeddable":true,"href":"https:\/\/semmelweis.hu\/pszichiatria\/wp-json\/wp\/v2\/pages\/11"}],"wp:attachment":[{"href":"https:\/\/semmelweis.hu\/pszichiatria\/wp-json\/wp\/v2\/media?parent=2806"}],"wp:term":[{"taxonomy":"category","embeddable":true,"href":"https:\/\/semmelweis.hu\/pszichiatria\/wp-json\/wp\/v2\/categories?post=2806"},{"taxonomy":"post_tag","embeddable":true,"href":"https:\/\/semmelweis.hu\/pszichiatria\/wp-json\/wp\/v2\/tags?post=2806"}],"curies":[{"name":"wp","href":"https:\/\/api.w.org\/{rel}","templated":true}]}}