{"id":2804,"date":"2018-10-10T00:33:55","date_gmt":"2018-10-09T22:33:55","guid":{"rendered":"http:\/\/semmelweis.hu\/pszichiatria\/?page_id=2804"},"modified":"2018-10-10T00:33:55","modified_gmt":"2018-10-09T22:33:55","slug":"pszichofarmakologiai-munkacsoport","status":"publish","type":"page","link":"https:\/\/semmelweis.hu\/pszichiatria\/kutatasi-teruletek\/pszichofarmakologiai-munkacsoport\/","title":{"rendered":"Pszichofarmakol\u00f3giai munkacsoport"},"content":{"rendered":"<p><strong>Vizsg\u00e1latvezet\u0151k:<\/strong><\/p>\n<p><strong>Prof. Bitter Istv\u00e1n\u00a0\u00a0\u00a0\u00a0\u00a0\u00a0\u00a0\u00a0\u00a0\u00a0\u00a0\u00a0\u00a0\u00a0\u00a0\u00a0\u00a0\u00a0\u00a0\u00a0\u00a0\u00a0\u00a0\u00a0\u00a0\u00a0\u00a0\u00a0\u00a0\u00a0\u00a0\u00a0\u00a0\u00a0\u00a0\u00a0\u00a0\u00a0\u00a0\u00a0\u00a0\u00a0\u00a0\u00a0\u00a0\u00a0\u00a0\u00a0\u00a0\u00a0\u00a0\u00a0\u00a0\u00a0\u00a0\u00a0\u00a0\u00a0\u00a0\u00a0\u00a0\u00a0\u00a0\u00a0 Prof. R\u00e9thelyi J\u00e1nos<\/strong><\/p>\n<p style=\"text-align: justify\">F\u00e1zis II-III gy\u00f3gyszervizsg\u00e1latok \u2013 betegsz\u0171r\u00e9s, beteg vizsg\u00e1lat, a vizsg\u00e1latok teljes adminisztr\u00e1ci\u00f3ja, monitor\/audit\/hat\u00f3s\u00e1gi ellen\u0151rz\u00e9sek lebonyol\u00edt\u00e1sa, elektronikus rendszerek kezel\u00e9se, CRO-k\/monitorok-kal kapcsolat tart\u00e1s, beteg\u00fat szervez\u00e9s<\/p>\n<p>Az al\u00e1bbi betegs\u00e9gcsoportokban:<br \/>\n&#8211; Demencia<br \/>\n&#8211; Depresszi\u00f3<br \/>\n&#8211; Generaliz\u00e1lt szorong\u00e1s<br \/>\n&#8211; Szkizofr\u00e9nia<\/p>\n<p><strong>A munkacsoport tagja:<br \/>\n<\/strong>Dr. Boly\u00f3s Csilla, pszichi\u00e1ter szakorvos<br \/>\nNagy M\u00f3nika, kutat\u00f3 n\u0151v\u00e9r<\/p>\n","protected":false},"excerpt":{"rendered":"<p>Vizsg\u00e1latvezet\u0151k:<br \/>\nProf. Bitter Istv\u00e1n\u00a0\u00a0\u00a0\u00a0\u00a0\u00a0\u00a0\u00a0\u00a0\u00a0\u00a0\u00a0\u00a0\u00a0\u00a0\u00a0\u00a0\u00a0\u00a0\u00a0\u00a0\u00a0\u00a0\u00a0\u00a0\u00a0\u00a0\u00a0\u00a0\u00a0\u00a0\u00a0\u00a0\u00a0\u00a0\u00a0\u00a0\u00a0\u00a0\u00a0\u00a0\u00a0\u00a0\u00a0\u00a0\u00a0\u00a0\u00a0\u00a0\u00a0\u00a0\u00a0\u00a0\u00a0\u00a0\u00a0\u00a0\u00a0\u00a0\u00a0\u00a0\u00a0\u00a0\u00a0 Prof. R\u00e9thelyi J\u00e1nos<br \/>\nF\u00e1zis II-III gy\u00f3gyszervizsg\u00e1latok \u2013 betegsz\u0171r\u00e9s, beteg vizsg\u00e1lat, a vizsg\u00e1latok teljes adminisztr\u00e1ci\u00f3ja, monitor\/audit\/hat\u00f3s\u00e1gi ellen\u0151rz\u00e9sek lebonyol\u00edt\u00e1sa, elektronikus rendszerek kezel\u00e9se, CRO-k\/monitorok-kal kapcsolat tart\u00e1s, beteg\u00fat szervez\u00e9s<br \/>\nAz al\u00e1bbi betegs\u00e9gcsoportokban:<br \/>\n&#8211; Demencia<br \/>\n&#8211; Depresszi\u00f3<br \/>\n&#8211; Generaliz\u00e1lt szorong\u00e1s<br \/>\n&#8211; Szkizofr\u00e9nia<br \/>\nA munkacsoport tagja:<br \/>\nDr. Boly\u00f3s Csilla, pszichi\u00e1ter szakorvos<br \/>\nNagy M\u00f3nika, kutat\u00f3 n\u0151v\u00e9r<\/p>\n","protected":false},"author":101149,"featured_media":0,"parent":11,"menu_order":0,"comment_status":"closed","ping_status":"closed","template":"","meta":{"_acf_changed":false,"footnotes":""},"categories":[],"tags":[],"class_list":["post-2804","page","type-page","status-publish","hentry"],"acf":[],"_links":{"self":[{"href":"https:\/\/semmelweis.hu\/pszichiatria\/wp-json\/wp\/v2\/pages\/2804","targetHints":{"allow":["GET"]}}],"collection":[{"href":"https:\/\/semmelweis.hu\/pszichiatria\/wp-json\/wp\/v2\/pages"}],"about":[{"href":"https:\/\/semmelweis.hu\/pszichiatria\/wp-json\/wp\/v2\/types\/page"}],"author":[{"embeddable":true,"href":"https:\/\/semmelweis.hu\/pszichiatria\/wp-json\/wp\/v2\/users\/101149"}],"replies":[{"embeddable":true,"href":"https:\/\/semmelweis.hu\/pszichiatria\/wp-json\/wp\/v2\/comments?post=2804"}],"version-history":[{"count":1,"href":"https:\/\/semmelweis.hu\/pszichiatria\/wp-json\/wp\/v2\/pages\/2804\/revisions"}],"predecessor-version":[{"id":2805,"href":"https:\/\/semmelweis.hu\/pszichiatria\/wp-json\/wp\/v2\/pages\/2804\/revisions\/2805"}],"up":[{"embeddable":true,"href":"https:\/\/semmelweis.hu\/pszichiatria\/wp-json\/wp\/v2\/pages\/11"}],"wp:attachment":[{"href":"https:\/\/semmelweis.hu\/pszichiatria\/wp-json\/wp\/v2\/media?parent=2804"}],"wp:term":[{"taxonomy":"category","embeddable":true,"href":"https:\/\/semmelweis.hu\/pszichiatria\/wp-json\/wp\/v2\/categories?post=2804"},{"taxonomy":"post_tag","embeddable":true,"href":"https:\/\/semmelweis.hu\/pszichiatria\/wp-json\/wp\/v2\/tags?post=2804"}],"curies":[{"name":"wp","href":"https:\/\/api.w.org\/{rel}","templated":true}]}}