{"id":2765,"date":"2018-10-05T14:51:21","date_gmt":"2018-10-05T12:51:21","guid":{"rendered":"http:\/\/semmelweis.hu\/pszichiatria\/?page_id=2765"},"modified":"2024-10-21T11:24:06","modified_gmt":"2024-10-21T09:24:06","slug":"igazgatoi-koszonto","status":"publish","type":"page","link":"https:\/\/semmelweis.hu\/pszichiatria\/bemutatkozas\/igazgatoi-koszonto\/","title":{"rendered":"Igazgat\u00f3i k\u00f6sz\u00f6nt\u0151"},"content":{"rendered":"<p><img loading=\"lazy\" decoding=\"async\" class=\"wp-image-757 alignright\" style=\"text-align: justify\" src=\"https:\/\/semmelweis.hu\/pszichiatria\/files\/2018\/10\/Fot\u00f3_1.jpg\" alt=\"2\" width=\"247\" height=\"370\" \/><\/p>\n<p style=\"text-align: justify\">Tisztelettel \u00fcdv\u00f6z\u00f6lj\u00fck \u00d6nt az id\u00e9n 110 \u00e9ves Pszichi\u00e1triai \u00e9s Pszichoter\u00e1pi\u00e1s Klinika honlapj\u00e1n!<\/p>\n<p style=\"text-align: justify\">C\u00e9lunk honlapunkkal az, hogy k\u00f6zelebb hozzuk egym\u00e1shoz a Klinika mindenkori munkat\u00e1rsait \u00e9s a minket megkeres\u0151 p\u00e1cienseket, hozz\u00e1tartoz\u00f3ikkal egy\u00fctt, hogy t\u00e1j\u00e9koztat\u00e1st adjunk a szakm\u00e1nk \u00e9s kutat\u00e1saink ir\u00e1nt \u00e9rdekl\u0151d\u0151k r\u00e9sz\u00e9re \u00e9s seg\u00edts\u00fck az oktat\u00e1sban r\u00e9sztvev\u0151 leend\u0151 koll\u00e9g\u00e1inkat. Rem\u00e9lj\u00fck, hogy ezzel megk\u00f6nny\u00edtj\u00fck \u00d6n\u00f6knek szolg\u00e1ltat\u00e1saink ig\u00e9nybev\u00e9tel\u00e9t, illetve rem\u00e9lj\u00fck, hogy olvasva besz\u00e1mol\u00f3inkat sokr\u00e9t\u0171 tev\u00e9kenys\u00e9geinkr\u0151l, egyre t\u00f6bb koll\u00e9ga kap majd kedvet \u00e9s v\u00e1lasztja hivat\u00e1s\u00e1ul a pszichi\u00e1tria szakma m\u0171vel\u00e9s\u00e9t.<\/p>\n<p style=\"text-align: justify\">Int\u00e9zm\u00e9ny\u00fcnk t\u00f6rt\u00e9net\u00e9nek r\u00e9szletesebb bemutat\u00e1s\u00e1t Parcsami G\u00e1born\u00e9 Marika, k\u00f6nyvt\u00e1rosunk toll\u00e1b\u00f3l ismerhetik meg (<em><a href=\"https:\/\/semmelweis.hu\/pszichiatria\/bemutatkozas\/a-klinika-tortenete\/\"><span style=\"color: #3366ff\">ITT<\/span><\/a>)<\/em>. \u00cdr\u00e1s\u00e1b\u00f3l nyomon k\u00f6vethetik a Klinika megalakul\u00e1s\u00e1nak t\u00f6rt\u00e9net\u00e9t, \u00e9s el\u0151deink munk\u00e1ss\u00e1g\u00e1t.<\/p>\n<p style=\"text-align: justify\">Gy\u00f3gy\u00edt\u00f3 ell\u00e1t\u00e1sunkr\u00f3l, oktat\u00e1sunkr\u00f3l \u00e9s kutat\u00f3 munk\u00e1inkr\u00f3l p\u00e1r sorban \u00e9n ny\u00fajtok t\u00e1j\u00e9koztat\u00e1st \u00d6n\u00f6knek.<br \/>\n\u00a0<\/p>\n<p style=\"text-align: justify\"><strong>Gy\u00f3gy\u00edt\u00f3 ell\u00e1t\u00e1sunk<\/strong><\/p>\n<p style=\"text-align: justify\">Klinik\u00e1nk a pszichi\u00e1triai betegs\u00e9gek teljes spektrum\u00e1val foglalkozik. Amellett, hogy ter\u00fcleti ell\u00e1t\u00e1st v\u00e9gz\u0151 s\u00falyponti szakk\u00f3rh\u00e1z vagyunk, egyes s\u00falyos, speci\u00e1lis k\u00f3rk\u00e9pek eset\u00e9ben az orsz\u00e1g eg\u00e9sz r\u00e9sz\u00e9r\u0151l fogadunk p\u00e1cienseket. A fekv\u0151beteg-ell\u00e1t\u00e1sban t\u00f6bb mint 120 \u00e1gy \u00e1ll rendelkez\u00e9s\u00fcnkre, emellett azonban a dinamikusan fejl\u0151d\u0151 nappali k\u00f3rh\u00e1zunkban is folyamatos ell\u00e1t\u00e1s zajlik. K\u00e9t telephely\u00fcnk\u00f6n h\u00e9t fekv\u0151beteg r\u00e9szleg m\u0171k\u00f6dik az al\u00e1bbi kiemelt profilokkal: pszichoter\u00e1pia; neuropszichi\u00e1tria, gerontol\u00f3gia \u00e9s rehabilit\u00e1ci\u00f3; affekt\u00edv \u00e9s pszichofarmakol\u00f3gia; kr\u00edzis \u00e9s addiktol\u00f3gia; akut pszichi\u00e1tria. Ezen k\u00edv\u00fcl klinik\u00e1nk nappali k\u00f3rh\u00e1z\u00e1ban a klasszikus szocioter\u00e1pi\u00e1s ell\u00e1t\u00e1s mellett kreat\u00edv m\u0171v\u00e9szetter\u00e1pi\u00e1s m\u0171hely is helyet kap. A pszichi\u00e1triai betegek szerte\u00e1gaz\u00f3, korszer\u0171 ell\u00e1t\u00e1s\u00e1ban jelent\u0151s szerepet j\u00e1tszanak ambul\u00e1ns szakrendel\u00e9seink, gondoz\u00f3 szolg\u00e1lataink. Ezek a ment\u00e1lhigi\u00e9n\u00e9s megel\u0151z\u0151 feladatokt\u00f3l, a speci\u00e1lis betegs\u00e9gcsoportok pszichoter\u00e1pi\u00e1s \u00e9s gy\u00f3gyszeres kezel\u00e9s\u00e9n, gondoz\u00e1s\u00e1n \u00e1t a rehabilit\u00e1ci\u00f3ig, illetve k\u00f6z\u00f6ss\u00e9gi gondoz\u00e1sig terjed\u0151 teljes pszichi\u00e1triai tev\u00e9kenys\u00e9gi k\u00f6rt \u00e1tfogj\u00e1k. A Dr. Tringer L\u00e1szl\u00f3 alap\u00edtotta forenzikus (igazs\u00e1g\u00fcgyi) pszichi\u00e1triai szak\u00e9rt\u0151i csoport hagyom\u00e1nyainkhoz h\u0171en szint\u00e9n tansz\u00e9k\u00fcnk\u00f6n m\u0171k\u00f6dik <em>(<a href=\"https:\/\/semmelweis.hu\/fpszcs\/altalanos-informaciok\/\"><span style=\"color: #3366ff\">ITT<\/span><\/a>).<br \/>\n\u00a0<\/em><\/p>\n<p style=\"text-align: justify\"><strong>Oktat\u00e1s \u00e9s kutat\u00e1s<\/strong><\/p>\n<p style=\"text-align: justify\">Klinik\u00e1nk a pszichi\u00e1tria tant\u00e1rgyat gradu\u00e1lis \u00e9s posztgradu\u00e1lis szinten, magyar, angol \u00e9s n\u00e9met nyelven, blokkos\u00edtott rendszerben, kiscsoportos form\u00e1ban (8-9 f\u0151s csoportokban) oktatja. Gradu\u00e1lis oktat\u00e1si tev\u00e9kenys\u00e9g\u00fcnket b\u0151v\u00edti a fogorvostan- \u00e9s gy\u00f3gyszer\u00e9szhallgat\u00f3k pszichi\u00e1tria oktat\u00e1sa. A posztgradu\u00e1lis oktat\u00e1s keret\u00e9ben klinik\u00e1nk a pszichi\u00e1ter szakorvosk\u00e9pz\u00e9s ir\u00e1ny\u00edt\u00f3ja, a pszichoterapeuta, igazs\u00e1g\u00fcgyi pszichi\u00e1triai, addiktol\u00f3gus \u00e9s pszichi\u00e1triai rehabilit\u00e1ci\u00f3s szakvizsg\u00e1ra val\u00f3 felk\u00e9sz\u00edt\u00e9s egyik k\u00f6zpontja. A Klinik\u00e1hoz kapcsol\u00f3d\u00f3an Rehabilit\u00e1ci\u00f3s \u00e9s Neuropszichol\u00f3giai Tansz\u00e9ki Csoportok is M\u0171k\u00f6dnek.<\/p>\n<p style=\"text-align: justify\">Intenz\u00edv \u00e9s szerte\u00e1gaz\u00f3 tudom\u00e1nyos tev\u00e9kenys\u00e9g is folyik n\u00e1lunk, sz\u00e1mos hazai \u00e9s nemzetk\u00f6zi egy\u00fcttm\u0171k\u00f6d\u00e9s keret\u00e9ben. Legfontosabb kutat\u00e1si t\u00e9m\u00e1ink k\u00f6z\u00e9 tartoznak a feln\u0151ttkori figyelemhi\u00e1nyos\/ hiperakt\u00edv zavar (ADHD) vizsg\u00e1lata, a szkizofr\u00e9nia genetikai h\u00e1tter\u00e9nek vizsg\u00e1lata, em\u00f3ci\u00f3k felismer\u00e9s\u00e9nek \u00e9s kifejez\u00e9s\u00e9nek vizsg\u00e1lata, virtu\u00e1lis val\u00f3s\u00e1g alkalmaz\u00e1s\u00e1nak lehet\u0151s\u00e9gei a pszichi\u00e1tri\u00e1ban \u00e9s pszichoter\u00e1pi\u00e1ban, szorong\u00e1sos \u00e9s affekt\u00edv zavarok vizsg\u00e1lata. 1992-ben megalakult doktori iskol\u00e1nk, amely 2002-t\u0151l a Semmelweis Egyetem 4. Sz. Ment\u00e1lis Eg\u00e9szs\u00e9gtudom\u00e1nyok Doktori Iskol\u00e1ja, &#8211; ebben h\u00e1rom programon bel\u00fcl t\u00f6rt\u00e9nik kutat\u00f3k k\u00e9pz\u00e9se. Az \u00f6szt\u00f6nd\u00edjas helyek sz\u00e1ma \u00e9s a kutat\u00e1si t\u00e9m\u00e1k soksz\u00edn\u0171s\u00e9ge \u00e9vente n\u00f6vekv\u0151 sz\u00e1m\u00fa p\u00e1ly\u00e1z\u00f3t vonz doktori iskol\u00e1nkba. \u00a0<\/p>\n<p style=\"text-align: justify\">Ha r\u00e9szletesebben is \u00e9rdeklik \u00d6n\u00f6ket tev\u00e9kenys\u00e9geink, oldalunkon bel\u00fcl t\u00e1j\u00e9koz\u00f3dhatnak azokr\u00f3l, felvehetik a kapcsolatot koll\u00e9g\u00e1immal. Rem\u00e9lem, \u00e9rz\u00e9kelhet\u0151v\u00e9 v\u00e1lik honlapunkon kereszt\u00fcl is, hogy munkat\u00e1rsaimmal magas sz\u00ednvonal\u00fa gy\u00f3gy\u00edt\u00f3, oktat\u00f3 \u00e9s kutat\u00f3 munka mellett k\u00f6telezt\u00fck el magunkat.<br \/>\n\u00a0<\/p>\n<p>\u00d6r\u00f6mmel l\u00e1tjuk \u00d6n\u00f6ket Klinik\u00e1nkon!<\/p>\n<p style=\"text-align: right\"><em>Dr. R\u00e9thelyi J\u00e1nos egyetemi tan\u00e1r,<br \/>\n<\/em><em>igazgat\u00f3<\/em><em><br \/>\n<\/em><\/p>\n","protected":false},"excerpt":{"rendered":"<p>Klinik\u00e1nk m\u0171k\u00f6d\u00e9se k\u00e9t telephelyen zajlik, a Pszichi\u00e1triai \u00e9s Pszichoter\u00e1pi\u00e1s Klinik\u00e1n a Balassa utc\u00e1ban \u00e9s a Klinikai \u00e9s Kutat\u00e1si Ment\u00e1lhigi\u00e9n\u00e9s Oszt\u00e1lyon a Semmelweis Egyetem Szent R\u00f3kus  Klinikai T\u00f6mb ter\u00fclet\u00e9n. A pszichi\u00e1triai betegs\u00e9gek teljes spektrum\u00e1val foglalkozunk. Amellett, hogy ter\u00fcleti ell\u00e1t\u00e1st v\u00e9gz\u0151 s\u00falyponti pszichi\u00e1triai egys\u00e9gk\u00e9nt m\u0171k\u00f6d\u00fcnk, egyes s\u00falyos, speci\u00e1lis k\u00f3rk\u00e9pek eset\u00e9ben az orsz\u00e1g eg\u00e9sz r\u00e9sz\u00e9r\u0151l \u00e9rkeznek oszt\u00e1lyunkra p\u00e1ciensek. A k\u00e9t telephelyen \u00f6sszesen a fekv\u0151beteg-ell\u00e1t\u00e1sban t\u00f6bb mint 200 \u00e1gy \u00e1ll rendelkez\u00e9sre, emellett a dinamikusan fejl\u0151d\u0151 nappali k\u00f3rh\u00e1zban is folyamatos ell\u00e1t\u00e1s zajlik. A klinika akt\u00edv a gradu\u00e1lis \u00e9s posztgradu\u00e1lis oktat\u00e1sban is, mindemellett sz\u00e1mos \u00edg\u00e9retes kutat\u00e1s is folyik a klinik\u00e1n a k\u00fcl\u00f6nb\u00f6z\u0151 pszichi\u00e1triai t\u00e9m\u00e1kban.<\/p>\n","protected":false},"author":101149,"featured_media":3233,"parent":1405,"menu_order":0,"comment_status":"closed","ping_status":"closed","template":"","meta":{"_acf_changed":false,"footnotes":""},"categories":[],"tags":[],"class_list":["post-2765","page","type-page","status-publish","has-post-thumbnail","hentry"],"acf":[],"_links":{"self":[{"href":"https:\/\/semmelweis.hu\/pszichiatria\/wp-json\/wp\/v2\/pages\/2765","targetHints":{"allow":["GET"]}}],"collection":[{"href":"https:\/\/semmelweis.hu\/pszichiatria\/wp-json\/wp\/v2\/pages"}],"about":[{"href":"https:\/\/semmelweis.hu\/pszichiatria\/wp-json\/wp\/v2\/types\/page"}],"author":[{"embeddable":true,"href":"https:\/\/semmelweis.hu\/pszichiatria\/wp-json\/wp\/v2\/users\/101149"}],"replies":[{"embeddable":true,"href":"https:\/\/semmelweis.hu\/pszichiatria\/wp-json\/wp\/v2\/comments?post=2765"}],"version-history":[{"count":10,"href":"https:\/\/semmelweis.hu\/pszichiatria\/wp-json\/wp\/v2\/pages\/2765\/revisions"}],"predecessor-version":[{"id":5081,"href":"https:\/\/semmelweis.hu\/pszichiatria\/wp-json\/wp\/v2\/pages\/2765\/revisions\/5081"}],"up":[{"embeddable":true,"href":"https:\/\/semmelweis.hu\/pszichiatria\/wp-json\/wp\/v2\/pages\/1405"}],"wp:featuredmedia":[{"embeddable":true,"href":"https:\/\/semmelweis.hu\/pszichiatria\/wp-json\/wp\/v2\/media\/3233"}],"wp:attachment":[{"href":"https:\/\/semmelweis.hu\/pszichiatria\/wp-json\/wp\/v2\/media?parent=2765"}],"wp:term":[{"taxonomy":"category","embeddable":true,"href":"https:\/\/semmelweis.hu\/pszichiatria\/wp-json\/wp\/v2\/categories?post=2765"},{"taxonomy":"post_tag","embeddable":true,"href":"https:\/\/semmelweis.hu\/pszichiatria\/wp-json\/wp\/v2\/tags?post=2765"}],"curies":[{"name":"wp","href":"https:\/\/api.w.org\/{rel}","templated":true}]}}