{"id":2697,"date":"2018-10-03T10:26:21","date_gmt":"2018-10-03T08:26:21","guid":{"rendered":"http:\/\/semmelweis.hu\/pszichiatria\/?page_id=2697"},"modified":"2026-01-29T13:58:51","modified_gmt":"2026-01-29T12:58:51","slug":"adhd-ambulancia","status":"publish","type":"page","link":"https:\/\/semmelweis.hu\/pszichiatria\/betegellatas\/adhd-ambulancia\/","title":{"rendered":"ADHD ambulancia"},"content":{"rendered":"<p>Klinik\u00e1nk Feln\u0151tt ADHD szakambulanci\u00e1j\u00e1n (1092 Budapest, M\u00e1rton utca 39.) t\u00e9r\u00edt\u00e9smentesen, TAJ sz\u00e1m alapj\u00e1n t\u00f6rt\u00e9nik ambul\u00e1ns kivizsg\u00e1l\u00e1s \u00e9s gondoz\u00e1s.\u00a0<\/p>\n<p><strong>ORVOSAINK:<\/strong><\/p>\n<ul>\n<li>Prof. Dr. R\u00e9thelyi J\u00e1nos PhD, egyetemi tan\u00e1r, ambulanciavezet\u0151<\/li>\n<li>Dr. Balogh L\u00edvia PhD, egyetemi adjunktus<\/li>\n<li>Dr. Mersich Beatrix PhD, egyetemi adjunktus<\/li>\n<li>Dr. Papp Szilvia PhD, egyetemi tan\u00e1rseg\u00e9d<\/li>\n<li>Dr. Pulay Attila PhD, egyetemi adjunktus<\/li>\n<\/ul>\n<p>A figyelemhi\u00e1nyos\/hiperaktivit\u00e1s zavar (attention-deficit\/hyperactivity disorder, ADHD) a figyelem \u00e9s\/vagy az \u00f6nszab\u00e1lyoz\u00e1s gyermekkor \u00f3ta tart\u00f3san fenn\u00e1ll\u00f3, m\u00e1s pszichi\u00e1triai vagy testi betegs\u00e9ggel, szerhaszn\u00e1lattal nem magyar\u00e1zhat\u00f3 zavar\u00e1t jelenti, amely az \u00e9let t\u00f6bb ter\u00fclet\u00e9n is neh\u00e9zs\u00e9geket okoz. Ambulanci\u00e1nkon 18 \u00e9v\u00fcket bet\u00f6lt\u00f6tt, jellemz\u0151en kr\u00f3nikus sz\u00e9tsz\u00f3rts\u00e1ggal, feled\u00e9kenys\u00e9ggel, tervez\u00e9si, id\u0151beoszt\u00e1si \u00e9s indulatkezel\u00e9si probl\u00e9m\u00e1kkal k\u00fczd\u0151 p\u00e1ciensek vizsg\u00e1lat\u00e1t \u00e9s ter\u00e1pi\u00e1j\u00e1t v\u00e9gezz\u00fck, akik vagy a feln\u0151ttkorban felmer\u00fclt ADHD gyan\u00faja miatt, vagy pedig a m\u00e1r a gyermekkorban diagnosztiz\u00e1lt \u00e9s kezelt ADHD ter\u00e1pi\u00e1j\u00e1nak folytat\u00e1sa c\u00e9lj\u00e1b\u00f3l k\u00e9rnek seg\u00edts\u00e9get.<\/p>\n<h4 class=\"Normal\" style=\"text-align: justify\"><strong><span class=\"Normal__Char\">A kivizsg\u00e1l\u00e1s menete<\/span><\/strong><\/h4>\n<div class=\"keretes w-100\">\n<p class=\"Normal\" style=\"text-align: justify\"><span class=\"Normal__Char\"><strong>1. Bejelentkez\u00e9s<\/strong><\/span><\/p>\n<p class=\"Normal\" style=\"text-align: justify;padding-left: 40px\"><span class=\"Normal__Char\">Jelentkez\u00e9s\u00a0kivizsg\u00e1l\u00e1sra az al\u00e1bbi e-mail c\u00edmen t\u00f6rt\u00e9nik<strong>: <a href=\"mailto:adhd.ambulancia@semmelweis.hu\">adhd.ambulancia@semmelweis.hu<\/a><\/strong><br \/>\n<\/span><\/p>\n<p style=\"padding-left: 40px\">K\u00e9rj\u00fck bejelentkez\u00e9skor jelezze, hogy ADHD ir\u00e1ny\u00e1ban els\u0151 kivizsg\u00e1l\u00e1s\u00e1t, vagy gyermekkorban elkezdett ADHD kezel\u00e9s folytat\u00e1s\u00e1t k\u00e9ri!<\/p>\n<p style=\"padding-left: 40px\">A jelentkez\u00e9skor k\u00fcld\u00f6tt e-mailben k\u00e9rj\u00fck, szerepeljenek az al\u00e1bbi <strong>adatok<\/strong>: n\u00e9v, telefonos el\u00e9rhet\u0151s\u00e9g (!), lakc\u00edm, sz\u00fclet\u00e9si d\u00e1tum, TAJ-sz\u00e1m!<\/p>\n<p style=\"padding-left: 40px\">A jelentkez\u00e9shez <strong>beutal\u00f3<\/strong> csatol\u00e1sa sz\u00fcks\u00e9ges.<\/p>\n<p style=\"padding-left: 40px\">Int\u00e9zm\u00e9nyk\u00f3d: <strong>01H72184L<\/strong><\/p>\n<p style=\"padding-left: 40px\">Amennyiben jelenleg pszichi\u00e1triai gy\u00f3gyszeres kezel\u00e9s alatt \u00e1ll, \u00fagy <strong>pszichi\u00e1ter gondoz\u00f3 orvosa <\/strong>\u00e1ltal \u00edrt r\u00f6vid \u00f6sszefoglal\u00f3t sz\u00fcks\u00e9ges mell\u00e9kelni, egy\u00e9b esetben<strong> h\u00e1ziorvosi<\/strong> beutal\u00f3 elegend\u0151.<\/p>\n<p style=\"padding-left: 40px\">Jelentkez\u00e9s\u00e9nek meger\u0151s\u00edt\u00e9se e-mailes v\u00e1laszban t\u00f6rt\u00e9nik.<\/p>\n<p style=\"padding-left: 40px\">Els\u0151 vizsg\u00e1lat\u00e1t megel\u0151z\u0151en megadott telefonos el\u00e9rhet\u0151s\u00e9g\u00e9n felvessz\u00fck \u00d6nnel a kapcsolatot, \u00e9s \u00e9rtes\u00edtj\u00fck az els\u0151 vizsg\u00e1lat id\u0151pontj\u00e1r\u00f3l.<\/p>\n<\/div>\n<p style=\"padding-left: 40px\">\u00a0<\/p>\n<p><strong>2. Els\u0151 vizsg\u00e1lat<\/strong><\/p>\n<p style=\"padding-left: 40px\">V\u00e1rhat\u00f3an 1,5 \u00f3ra id\u0151tartam\u00fa, c\u00e9lja az ADHD diagn\u00f3zis\u00e1t kiz\u00e1r\u00f3 \u00e1llapotok sz\u0171r\u00e9se, illetve a gyermekkorban ind\u00edtott gy\u00f3gyszeres ter\u00e1pia folytat\u00e1s\u00e1nak meg\u00edt\u00e9l\u00e9se.<\/p>\n<p style=\"padding-left: 40px\">Az eredm\u00e9ny alapj\u00e1n tesz\u00fcnk javaslatot az ADHD ir\u00e1ny\u00e1ban t\u00f6rt\u00e9n\u0151 tov\u00e1bbi ambul\u00e1ns vizsg\u00e1latokra, illetve a gyermekkorban kezdett gy\u00f3gyszeres ter\u00e1pia folytat\u00e1s\u00e1ra.<\/p>\n<p style=\"padding-left: 40px\"><strong>Vizsg\u00e1latra k\u00e9rj\u00fck hozza mag\u00e1val:<\/strong><\/p>\n<ul>\n<li style=\"list-style-type: none\">\n<ul>\n<li>TAJ k\u00e1rty\u00e1j\u00e1t<\/li>\n<li>beutal\u00f3j\u00e1t<\/li>\n<li>kor\u00e1bbi orvosi vagy pszichol\u00f3giai vizsg\u00e1lati leleteit, z\u00e1r\u00f3jelent\u00e9seit<\/li>\n<li>az ADHD gy\u00f3gyszeres ter\u00e1pi\u00e1j\u00e1nak folytat\u00e1sa eset\u00e9ben a gyermekkori ADHD kivizsg\u00e1l\u00e1s\u00e1t \u00e9s a gy\u00f3gyszeres ter\u00e1pia d\u00f3zis\u00e1t \u00e9s hat\u00e9konys\u00e1g\u00e1t igazol\u00f3 orvosi dokument\u00e1ci\u00f3t!\n<\/li>\n<\/ul>\n<\/li>\n<\/ul>\n<p><strong style=\"font-size: 1rem\">3. R\u00e9szletes ambul\u00e1ns kivizsg\u00e1l\u00e1s<\/strong><\/p>\n<p style=\"padding-left: 40px\">C\u00e9lja az ADHD gyermekkori \u00e9s feln\u0151ttkori t\u00fcneteinek \u00e9s a kapcsol\u00f3d\u00f3 m\u0171k\u00f6d\u00e9szavar s\u00falyoss\u00e1g\u00e1nak r\u00e9szletes felm\u00e9r\u00e9se, a t\u00e1rsul\u00f3 pszichi\u00e1triai zavarok diagnosztiz\u00e1l\u00e1sa.<\/p>\n<p style=\"padding-left: 40px\">Az ADHD \u00e9s a pszichi\u00e1triai t\u00e1rsbetegs\u00e9gek felm\u00e9r\u00e9s\u00e9t struktur\u00e1lt diagnosztikus interj\u00fakkal v\u00e9gezz\u00fck, amelyet neuropszichol\u00f3giai vizsg\u00e1lattal eg\u00e9sz\u00edt\u00fcnk ki. A k\u00f3rel\u0151zm\u00e9ny f\u00fcggv\u00e9ny\u00e9ben ak\u00e1r 3-4 \u00fcl\u00e9sre is sz\u00fcks\u00e9g lehet.<\/p>\n<p style=\"padding-left: 40px\">Az ADHD gyermekkori t\u00fcneteit \u00e9s m\u0171k\u00f6d\u00e9szavart az egyik sz\u00fcl\u0151vel felvett diagnosztikus interj\u00fa, vagy a rendelkez\u00e9sre \u00e1ll\u00f3 iskolai dokument\u00e1ci\u00f3 alapj\u00e1n m\u00e9rj\u00fck fel. Ennek hi\u00e1ny\u00e1ban az ADHD diagn\u00f3zisa nem megb\u00edzhat\u00f3<\/p>\n<p><strong style=\"font-size: 1rem\">4. A r\u00e9szletes kivizsg\u00e1l\u00e1s lez\u00e1r\u00e1sa:<\/strong><\/p>\n<p style=\"padding-left: 40px\">A, Javaslatot tesz\u00fcnk az ADHD gy\u00f3gyszeres vagy pszichoter\u00e1pi\u00e1j\u00e1ra, ig\u00e9ny szerint megkezdj\u00fck a gy\u00f3gyszer be\u00e1ll\u00edt\u00e1s\u00e1t<\/p>\n<p style=\"padding-left: 40px\">B, Javasoljuk a t\u00e1rsul\u00f3 pszichi\u00e1triai vagy szerhaszn\u00e1lati zavarok kezel\u00e9st, sz\u00fcks\u00e9g eset\u00e9n pszichi\u00e1triai vagy addiktol\u00f3giai oszt\u00e1lyos kezel\u00e9s fel\u00e9 ir\u00e1ny\u00edtjuk<\/p>\n<p style=\"padding-left: 40px\">C, Rendszeresen ind\u00edtunk kognit\u00edv-viselked\u00e9ster\u00e1pi\u00e1s k\u00e9szs\u00e9gfejleszt\u0151 csoportot ind\u00edtunk ADHD-vel diagnosztiz\u00e1lt p\u00e1ciensek sz\u00e1m\u00e1ra Klinik\u00e1nk Nappali K\u00f3rh\u00e1z\u00e1ban, melyr\u0151l r\u00e9szletes inform\u00e1ci\u00f3t honlapunkon tal\u00e1l<\/p>\n<p>&nbsp;<\/p>\n<p><strong>Telefonos el\u00e9rhet\u0151s\u00e9g\u00fcnk tov\u00e1bbi k\u00e9rd\u00e9s eset\u00e9n:<\/strong><\/p>\n<p><strong>H\u00e9tf\u0151t\u0151l-P\u00e9ntekig 9.00-12.00 k\u00f6z\u00f6tt.<br \/>\n+36-20-825-0185<\/strong><\/p>\n","protected":false},"excerpt":{"rendered":"<p>Klinik\u00e1nk Feln\u0151tt ADHD szakambulanci\u00e1j\u00e1n (1092 Budapest, M\u00e1rton utca 39.) t\u00e9r\u00edt\u00e9smentesen, TAJ sz\u00e1m alapj\u00e1n t\u00f6rt\u00e9nik ambul\u00e1ns kivizsg\u00e1l\u00e1s \u00e9s gondoz\u00e1s.\u00a0 ORVOSAINK: Prof. Dr. R\u00e9thelyi J\u00e1nos PhD, egyetemi tan\u00e1r, ambulanciavezet\u0151 Dr. Balogh L\u00edvia PhD, egyetemi adjunktus Dr. Mersich Beatrix PhD, egyetemi adjunktus Dr. Papp Szilvia PhD, egyetemi tan\u00e1rseg\u00e9d Dr. Pulay Attila PhD, egyetemi adjunktus A figyelemhi\u00e1nyos\/hiperaktivit\u00e1s zavar (attention-deficit\/hyperactivity &hellip;<\/p>\n","protected":false},"author":101149,"featured_media":0,"parent":14,"menu_order":0,"comment_status":"closed","ping_status":"closed","template":"","meta":{"_acf_changed":false,"footnotes":""},"categories":[],"tags":[],"class_list":["post-2697","page","type-page","status-publish","hentry"],"acf":[],"_links":{"self":[{"href":"https:\/\/semmelweis.hu\/pszichiatria\/wp-json\/wp\/v2\/pages\/2697","targetHints":{"allow":["GET"]}}],"collection":[{"href":"https:\/\/semmelweis.hu\/pszichiatria\/wp-json\/wp\/v2\/pages"}],"about":[{"href":"https:\/\/semmelweis.hu\/pszichiatria\/wp-json\/wp\/v2\/types\/page"}],"author":[{"embeddable":true,"href":"https:\/\/semmelweis.hu\/pszichiatria\/wp-json\/wp\/v2\/users\/101149"}],"replies":[{"embeddable":true,"href":"https:\/\/semmelweis.hu\/pszichiatria\/wp-json\/wp\/v2\/comments?post=2697"}],"version-history":[{"count":11,"href":"https:\/\/semmelweis.hu\/pszichiatria\/wp-json\/wp\/v2\/pages\/2697\/revisions"}],"predecessor-version":[{"id":5660,"href":"https:\/\/semmelweis.hu\/pszichiatria\/wp-json\/wp\/v2\/pages\/2697\/revisions\/5660"}],"up":[{"embeddable":true,"href":"https:\/\/semmelweis.hu\/pszichiatria\/wp-json\/wp\/v2\/pages\/14"}],"wp:attachment":[{"href":"https:\/\/semmelweis.hu\/pszichiatria\/wp-json\/wp\/v2\/media?parent=2697"}],"wp:term":[{"taxonomy":"category","embeddable":true,"href":"https:\/\/semmelweis.hu\/pszichiatria\/wp-json\/wp\/v2\/categories?post=2697"},{"taxonomy":"post_tag","embeddable":true,"href":"https:\/\/semmelweis.hu\/pszichiatria\/wp-json\/wp\/v2\/tags?post=2697"}],"curies":[{"name":"wp","href":"https:\/\/api.w.org\/{rel}","templated":true}]}}