{"id":219,"date":"2013-02-28T11:25:25","date_gmt":"2013-02-28T11:25:25","guid":{"rendered":"http:\/\/semmelweis-egyetem.hu\/pszichiatria\/?page_id=219"},"modified":"2016-08-04T13:16:26","modified_gmt":"2016-08-04T11:16:26","slug":"kognitiv-idegtudomanyok-phd-kurzus","status":"publish","type":"page","link":"https:\/\/semmelweis.hu\/pszichiatria\/oktatas\/posztgradualis-kepzes\/4-szamu-doktori-iskola\/kognitiv-idegtudomanyok-phd-kurzus\/","title":{"rendered":"Kognit\u00edv idegtudom\u00e1nyok PhD kurzus"},"content":{"rendered":"<p>Kognit\u00edv idegtudom\u00e1nyok PhD kurzus<\/p>\n<p><a href=\"https:\/\/semmelweis.hu\/pszichiatria\/files\/2013\/02\/kogn_idegt1_bevezetes.pdf\">Bevezet\u00e9s a kognit\u00edv idegtudom\u00e1nyba<\/a><\/p>\n<p><a href=\"https:\/\/semmelweis.hu\/pszichiatria\/files\/2013\/02\/kogn_idegt2_percepcio.pdf\">Percepci\u00f3<\/a><\/p>\n<p><a href=\"https:\/\/semmelweis.hu\/pszichiatria\/files\/2013\/02\/kogn_idegt3_figyelem.pdf\">Figyelem<\/a><\/p>\n<p><a href=\"https:\/\/semmelweis.hu\/pszichiatria\/files\/2013\/02\/kogn_idegt4_memoria.pdf\">Mem\u00f3ria<\/a><\/p>\n<p><a href=\"https:\/\/semmelweis.hu\/pszichiatria\/files\/2013\/02\/kogn_idegt5_nyelv.pdf\">Nyelv<\/a><\/p>\n<p><a href=\"https:\/\/semmelweis.hu\/pszichiatria\/files\/2013\/02\/kogn_idegt6_emocio.pdf\">\u00c9rzelem \u00e9s motiv\u00e1ci\u00f3<\/a><\/p>\n<p><a href=\"https:\/\/semmelweis.hu\/pszichiatria\/files\/2013\/02\/kogn_idegt7_szockog.pdf\">Szoci\u00e1lis kogn\u00edci\u00f3 I.<\/a><\/p>\n<p><a href=\"https:\/\/semmelweis.hu\/pszichiatria\/files\/2013\/02\/kogn_idegt8_szockog.pdf\">Szoci\u00e1lis kogn\u00edci\u00f3 II.<\/a><\/p>\n","protected":false},"excerpt":{"rendered":"<p>Kognit\u00edv idegtudom\u00e1nyok PhD kurzus<br \/>\n<a href=\"https:\/\/semmelweis.hu\/pszichiatria\/files\/2013\/02\/kogn_idegt1_bevezetes.pdf\">Bevezet\u00e9s a kognit\u00edv idegtudom\u00e1nyba<\/a><br \/>\n<a href=\"https:\/\/semmelweis.hu\/pszichiatria\/files\/2013\/02\/kogn_idegt2_percepcio.pdf\">Percepci\u00f3<\/a><br \/>\n<a href=\"https:\/\/semmelweis.hu\/pszichiatria\/files\/2013\/02\/kogn_idegt3_figyelem.pdf\">Figyelem<\/a><br \/>\n<a href=\"https:\/\/semmelweis.hu\/pszichiatria\/files\/2013\/02\/kogn_idegt4_memoria.pdf\">Mem\u00f3ria<\/a><br \/>\n<a href=\"https:\/\/semmelweis.hu\/pszichiatria\/files\/2013\/02\/kogn_idegt5_nyelv.pdf\">Nyelv<\/a><br \/>\n<a href=\"https:\/\/semmelweis.hu\/pszichiatria\/files\/2013\/02\/kogn_idegt6_emocio.pdf\">\u00c9rzelem \u00e9s motiv\u00e1ci\u00f3<\/a><br \/>\n<a href=\"https:\/\/semmelweis.hu\/pszichiatria\/files\/2013\/02\/kogn_idegt7_szockog.pdf\">Szoci\u00e1lis kogn\u00edci\u00f3 I.<\/a><br \/>\n<a href=\"https:\/\/semmelweis.hu\/pszichiatria\/files\/2013\/02\/kogn_idegt8_szockog.pdf\">Szoci\u00e1lis kogn\u00edci\u00f3 II.<\/a><\/p>\n","protected":false},"author":57,"featured_media":0,"parent":154,"menu_order":0,"comment_status":"open","ping_status":"open","template":"","meta":{"_acf_changed":false,"footnotes":""},"categories":[],"tags":[],"class_list":["post-219","page","type-page","status-publish","hentry"],"acf":[],"_links":{"self":[{"href":"https:\/\/semmelweis.hu\/pszichiatria\/wp-json\/wp\/v2\/pages\/219","targetHints":{"allow":["GET"]}}],"collection":[{"href":"https:\/\/semmelweis.hu\/pszichiatria\/wp-json\/wp\/v2\/pages"}],"about":[{"href":"https:\/\/semmelweis.hu\/pszichiatria\/wp-json\/wp\/v2\/types\/page"}],"author":[{"embeddable":true,"href":"https:\/\/semmelweis.hu\/pszichiatria\/wp-json\/wp\/v2\/users\/57"}],"replies":[{"embeddable":true,"href":"https:\/\/semmelweis.hu\/pszichiatria\/wp-json\/wp\/v2\/comments?post=219"}],"version-history":[{"count":5,"href":"https:\/\/semmelweis.hu\/pszichiatria\/wp-json\/wp\/v2\/pages\/219\/revisions"}],"predecessor-version":[{"id":1308,"href":"https:\/\/semmelweis.hu\/pszichiatria\/wp-json\/wp\/v2\/pages\/219\/revisions\/1308"}],"up":[{"embeddable":true,"href":"https:\/\/semmelweis.hu\/pszichiatria\/wp-json\/wp\/v2\/pages\/154"}],"wp:attachment":[{"href":"https:\/\/semmelweis.hu\/pszichiatria\/wp-json\/wp\/v2\/media?parent=219"}],"wp:term":[{"taxonomy":"category","embeddable":true,"href":"https:\/\/semmelweis.hu\/pszichiatria\/wp-json\/wp\/v2\/categories?post=219"},{"taxonomy":"post_tag","embeddable":true,"href":"https:\/\/semmelweis.hu\/pszichiatria\/wp-json\/wp\/v2\/tags?post=219"}],"curies":[{"name":"wp","href":"https:\/\/api.w.org\/{rel}","templated":true}]}}