{"id":2178,"date":"2017-02-16T16:16:03","date_gmt":"2017-02-16T15:16:03","guid":{"rendered":"http:\/\/semmelweis.hu\/pszichiatria\/?page_id=2178"},"modified":"2026-01-16T14:53:02","modified_gmt":"2026-01-16T13:53:02","slug":"nappali-korhaz-tematikus-kethetes-csoportok","status":"publish","type":"page","link":"https:\/\/semmelweis.hu\/pszichiatria\/betegellatas\/nappali-korhaz\/nappali-korhaz-tematikus-kethetes-csoportok\/","title":{"rendered":"Nappali k\u00f3rh\u00e1z, tematikus k\u00e9thetes csoportok"},"content":{"rendered":"<p>K\u00e9thetes tematikus csoportjaink tervezett id\u0151pontjai:\u00a0\u00a0<\/p>\n<p>2025. december 8. &#8211; 2025. december 19. Stresszmentes\u00edt\u0151, relax\u00e1ci\u00f3s csoport<\/p>\n<p>2026. janu\u00e1r 5. &#8211; 2026. janu\u00e1r 16. Kognit\u00edv-viselked\u00e9ster\u00e1pi\u00e1s csoport<\/p>\n<p>2026. janu\u00e1r 19. &#8211; 2026. janu\u00e1r 30. T\u00e1rsas k\u00e9szs\u00e9gfejleszt\u0151 tr\u00e9ning<\/p>\n<p>2026. febru\u00e1r 2. &#8211; 2026. febru\u00e1r 13. Asszert\u00edv kommunik\u00e1ci\u00f3s tr\u00e9ning<\/p>\n<p>2026. febru\u00e1r 16.- 2026. febru\u00e1r 27. Kognit\u00edv-viselked\u00e9ster\u00e1pi\u00e1s csoport feln\u0151tt ADHD-val \u00e9l\u0151knek<\/p>\n<p>2026. m\u00e1rcius 2. &#8211; 2026. m\u00e1rcius 13. Stresszmentes\u00edt\u0151, relax\u00e1ci\u00f3s csoport<\/p>\n<p>2026. m\u00e1rcius 16. &#8211; 2026. m\u00e1rcius 26. T\u00e1rsas k\u00e9szs\u00e9gfejleszt\u0151 tr\u00e9ning<\/p>\n<p>2026. \u00e1prilis 7. &#8211; 2026. \u00e1prilis 17. Kognit\u00edv-viselked\u00e9ster\u00e1pi\u00e1s csoport<\/p>\n<p>2026. \u00e1prilis 20. &#8211; 2026. \u00e1prilis 30. Asszert\u00edv kommunik\u00e1ci\u00f3s tr\u00e9ning<\/p>\n<p>2026. m\u00e1jus 4.- 2026. m\u00e1jus 15. Kognit\u00edv-viselked\u00e9ster\u00e1pi\u00e1s csoport feln\u0151tt ADHD-val \u00e9l\u0151knek<\/p>\n<p>2026. m\u00e1jus 18. &#8211; 2026. m\u00e1jus 29. Stresszmentes\u00edt\u0151, relax\u00e1ci\u00f3s csoport<\/p>\n<p>2026. j\u00fanius 1. &#8211; 2026. j\u00fanius 12. T\u00e1rsas k\u00e9szs\u00e9gfejleszt\u0151 tr\u00e9ning<\/p>\n<p>2026. j\u00fanius 15. &#8211; 2026. j\u00fanius 26. Kognit\u00edv-viselked\u00e9ster\u00e1pi\u00e1s csoport<\/p>\n<p>Els\u0151 interj\u00fara id\u0151pontot k\u00e9rni a (1)2100-330\/51219-es telefonsz\u00e1mon, az Eg\u00e9szs\u00e9gablak applik\u00e1ci\u00f3n kereszt\u00fcl vagy a 06(1)1812-es k\u00f6zponti id\u0151pontfoglal\u00f3 telefonsz\u00e1mon lehet.<\/p>\n<p>A <strong>pszichotikus betegs\u00e9ggel \u00e9l\u0151knek sz\u00f3l\u00f3 metakognit\u00edv tr\u00e9ning<\/strong> a jobb el\u00e9rhet\u0151s\u00e9g lehet\u0151s\u00e9ge miatt a kor\u00e1bbiakkal ellent\u00e9tben nem k\u00e9thetes turnusokban, hanem folyamatosan zajlik, kedden \u00e9s cs\u00fct\u00f6rt\u00f6k\u00f6n d\u00e9lut\u00e1n. Els\u0151 interj\u00fa tov\u00e1bbra is sz\u00fcks\u00e9ges, bejelentkezni a fenti telefonsz\u00e1mon \u00e9s mell\u00e9ken lehet.<\/p>\n<p>&nbsp;<\/p>\n<div class=\"exp-col-content-holder\"><span style=\"color: #3366ff\"><a class=\"expand-cnt-link\" href=\"#\">Mindennapi kapcsolataink (t\u00e1rsas k\u00e9szs\u00e9gfejleszt\u0151 tr\u00e9ning)<\/a><\/span><\/p>\n<div class=\"hidden-content\">\n<ul style=\"text-align: justify\">\n<li>\n<p>A tr\u00e9ningen a r\u00e9sztvev\u0151 szem\u00e9lyek t\u00e1rsas, kommunik\u00e1ci\u00f3s k\u00e9szs\u00e9geinek fejleszt\u00e9se a c\u00e9l. A csoportot diagn\u00f3zist\u00f3l f\u00fcggetlen\u00fcl aj\u00e1nljuk mindenkinek, akinek a t\u00e1rsas helyzetek szorong\u00e1st okoznak, beilleszked\u00e9si neh\u00e9zs\u00e9geik vannak, vagy volt m\u00e1r olyan \u00e9rz\u00e9s\u00fck, hogy a k\u00f6rnyezet\u00fck nem \u00e9rti meg \u0151ket. A csoport az elfogad\u00e1s \u00e9s emp\u00e1tia jegy\u00e9ben zajlik, \u00f6nismereti \u00e9s kommunik\u00e1ci\u00f3s gyakorlatok egyar\u00e1nt fellelhet\u0151k benne.\u00a0<\/p>\n<\/li>\n<\/ul>\n<\/div>\n<\/div>\n<div class=\"exp-col-content-holder\"><span style=\"color: #3366ff\"><a class=\"expand-cnt-link\" href=\"#\">Asszert\u00edv kommunik\u00e1ci\u00f3s tr\u00e9ning<\/a><\/span><\/p>\n<div class=\"hidden-content\">\n<ul style=\"text-align: justify\">\n<li>\n<p>A csoportra els\u0151sorban \u00e9rzelemkifejez\u00e9si neh\u00e9zs\u00e9gekkel k\u00fczd\u0151 r\u00e9sztvev\u0151ket v\u00e1runk. Fontos, k\u00f6zeli kapcsolatok eset\u00e9n a ny\u00edlt, saj\u00e1t \u00e9rzelmeket, sz\u00fcks\u00e9gleteket is kifejez\u0151, \u00e9s a m\u00e1sikat is figyelembe vev\u0151 kommunik\u00e1ci\u00f3s st\u00edlusnak nagy szerepe van, k\u00e9thetes k\u00e9szs\u00e9gfejleszt\u0151 csoportunkon ezen dolgozunk. Gyakoroljuk az \u00e9rzelmek, sz\u00fcks\u00e9gletek pontos megnevez\u00e9s\u00e9t \u00e9s kifejez\u00e9s\u00e9t, olyan m\u00f3don, hogy az a m\u00e1sik f\u00e9l sz\u00e1m\u00e1ra is k\u00f6nnyen \u00e9rthet\u0151 \u00e9s befogadhat\u00f3 legyen. Besz\u00e9l\u00fcnk arr\u00f3l, hogy hogyan lehet tudatosnak lenni arra, ha a m\u00e1sik valami olyat tesz vagy mond, ami bel\u0151l\u00fcnk valamilyen kellemes vagy \u00e9ppen kellemetlen \u00e9rz\u00e9st v\u00e1lt ki, illetve hogyan lehet azt visszajelezni sz\u00e1m\u00e1ra. A konfliktuskezel\u00e9s \u00e9s a nemet mond\u00e1s szint\u00e9n fontos t\u00e9m\u00e1i a csoportnak.<\/p>\n<\/li>\n<\/ul>\n<\/div>\n<\/div>\n<div class=\"exp-col-content-holder\"><span style=\"color: #3366ff\"><a class=\"expand-cnt-link\" href=\"#\">Kognit\u00edv-viselked\u00e9ster\u00e1pi\u00e1s csoport<\/a><\/span><\/p>\n<div class=\"hidden-content\">\n<ul style=\"text-align: justify\">\n<li>\n<p>A kognit\u00edv viselked\u00e9ster\u00e1pia alapja, hogy az, hogy hogyan \u00e9rezz\u00fck magunkat, nem els\u0151sorban azon alapszik, hogy milyen helyzetben vagyunk, sokkal ink\u00e1bb azon, hogy hogyan gondolkodunk az adott helyzetr\u0151l. Kor\u00e1bbi tapasztalatok hat\u00e1s\u00e1ra kialakulnak olyan meggy\u0151z\u0151d\u00e9sek, melyek torz\u00edtj\u00e1k, hogy hogyan \u00e9szlelj\u00fck a vil\u00e1got. A k\u00e9t hetes intenz\u00edv csoportfoglalkoz\u00e1sok sor\u00e1n a probl\u00e9mater\u00fcletek azonos\u00edt\u00e1s\u00e1n, a gondolatok, \u00e9rzelmek, testi \u00e9s viselked\u00e9ses reakci\u00f3k megragad\u00e1s\u00e1n, valamint a racion\u00e1lisabb, seg\u00edt\u0151bb, val\u00f3ban az adott helyzetnek sz\u00f3l\u00f3 gondolatok kidolgoz\u00e1s\u00e1n, emellett az er\u0151forr\u00e1sok felt\u00e1r\u00e1s\u00e1n munk\u00e1lkodunk. A csoporton els\u0151sorban a jelenre, az aktu\u00e1lis probl\u00e9m\u00e1kra f\u00f3kusz\u00e1lunk. A kognit\u00edv viselked\u00e9ster\u00e1pia sz\u00e1mos pszich\u00e9s megbeteged\u00e9s eset\u00e9n (pl. depresszi\u00f3, szorong\u00e1s, p\u00e1nikzavar) bizony\u00edt\u00e9kokon alapul\u00f3an rendk\u00edv\u00fcl hat\u00e9kony, nemzetk\u00f6zi ir\u00e1nyelvek aj\u00e1nl\u00e1saiban szerepel.<\/p>\n<\/li>\n<\/ul>\n<\/div>\n<\/div>\n<div class=\"exp-col-content-holder\"><span style=\"color: #3366ff\"><a class=\"expand-cnt-link\" href=\"#\">Stresszmentes\u00edt\u0151, relax\u00e1ci\u00f3s tr\u00e9ning<\/a><\/span><\/p>\n<div class=\"hidden-content\">\n<ul style=\"text-align: justify\">\n<li>\n<p>C\u00e9lunk, hogy a csoporton r\u00e9sztvev\u0151knek olyan relax\u00e1ci\u00f3s technik\u00e1kat adjunk a kez\u00fckbe, mely r\u00e9v\u00e9n szorong\u00e1sukat cs\u00f6kkenteni tudj\u00e1k. V\u00e1runk teh\u00e1t mindenkit, aki valamilyen szorong\u00e1sos panasszal, f\u00f3bi\u00e1val, f\u00e9lelemmel, p\u00e1nikkal k\u00fczd, esetleg nehezen kezeli az er\u0151s stresszel teli helyzeteket. Az alkalmazott m\u00f3dszer az autog\u00e9n tr\u00e9ning, progressz\u00edv relax\u00e1ci\u00f3, mindfulness \u00e9s egyszer\u0171bb imagin\u00e1ci\u00f3s technik\u00e1k.<\/p>\n<\/li>\n<\/ul>\n<\/div>\n<\/div>\n<div class=\"exp-col-content-holder\"><span style=\"color: #3366ff\"><a class=\"expand-cnt-link\" href=\"#\">Metakognit\u00edv tr\u00e9ning pszichotikus betegs\u00e9ggel \u00e9l\u0151knek<\/a><\/span><\/p>\n<div class=\"hidden-content\">\n<ul style=\"text-align: justify\">\n<li>\n<p class=\"hiddenContentp\">A csoportra els\u0151sorban szkizofr\u00e9n \u00e9s szkizoaffekt\u00edv betegeket v\u00e1runk, akik valaha \u00e1t\u00e9ltek pszichotikus epiz\u00f3dot, vagy jelenleg is k\u00fczdenek hanghall\u00e1sokkal, k\u00e9pi hallucin\u00e1ci\u00f3kkal, esetleg t\u00e9veszm\u00e9kkel. Sz\u00e1mukra szeretn\u00e9nk seg\u00edts\u00e9get ny\u00fajtani a leg\u00fajabb ter\u00e1pi\u00e1s eszk\u00f6z\u00f6kkel, \u00fagymint a metakognit\u00edv m\u00f3dszer \u00e9s az elfogad\u00e1s- elk\u00f6telez\u0151d\u00e9s ter\u00e1pia. Nagy hangs\u00falyt helyez\u00fcnk tov\u00e1bb\u00e1 a pszichoeduk\u00e1ci\u00f3ra, mely mind a r\u00e9sztvev\u0151k, mind csal\u00e1djaik sz\u00e1m\u00e1ra \u00faj ismereteket hozhat a betegs\u00e9ggel kapcsolatban.<\/p>\n<\/li>\n<\/ul>\n<\/div>\n<\/div>\n<div class=\"exp-col-content-holder\"><span style=\"color: #3366ff\"><a class=\"expand-cnt-link\" href=\"#\">Kognit\u00edv-viselked\u00e9ster\u00e1pi\u00e1s csoport feln\u0151tt ADHD-val \u00e9l\u0151knek<\/a><\/span><\/p>\n<div class=\"hidden-content\">\n<ul style=\"text-align: justify\">\n<li>\n<p>Az ADHD-val \u00e9l\u0151 feln\u0151ttekn\u00e9l a kognit\u00edv-viselked\u00e9ster\u00e1pi\u00e1s programok hat\u00e9konys\u00e1g\u00e1ra egyre t\u00f6bb kutat\u00e1s h\u00edvja fel a figyelmet, melyek f\u0151k\u00e9nt a szervez\u00e9si, tervez\u00e9si, rendszerez\u00e9si k\u00e9szs\u00e9gek fejleszt\u00e9s\u00e9ben, a figyelem elterelhet\u0151s\u00e9g\u00e9nek kik\u00fcsz\u00f6b\u00f6l\u00e9s\u00e9ben, a kor\u00e1bbi neh\u00e9z \u00e9lm\u00e9nyek, kudarcok ment\u00e9n kialakult irracion\u00e1lis, torz\u00edtott negat\u00edv gondolatok \u00e1tkeretez\u00e9s\u00e9ben, az \u00e9rzelemszab\u00e1lyoz\u00e1s fejleszt\u00e9s\u00e9ben seg\u00edthetnek. K\u00e9t hetes k\u00e9szs\u00e9gfejleszt\u0151 csoportunk seg\u00edts\u00e9g\u00e9vel a jelentkez\u0151k t\u00e1mogat\u00e1st kaphatnak abban, hogy a k\u00fcls\u0151 strukt\u00fara megszil\u00e1rd\u00edt\u00e1s\u00e1val k\u00f6nnyebb\u00e9 v\u00e1ljon a mindennapi tev\u00e9kenys\u00e9gek kezel\u00e9se, szervez\u00e9se, mely az \u00e9nhat\u00e9konys\u00e1g \u00e9lm\u00e9ny\u00e9t is n\u00f6velheti. Emellett t\u00e1mogat\u00e1st adhat abban, hogy a kor\u00e1bbi \u00e9lm\u00e9nyek ment\u00e9n megjelen\u0151 neh\u00e9z, negat\u00edv gondolatok kev\u00e9sb\u00e9 akad\u00e1lyozz\u00e1k a funkcionalit\u00e1st, hely\u00fckbe re\u00e1lisabb, seg\u00edt\u0151bb gondolatok tudjanak l\u00e9pni. A csoport alapj\u00e1t Safren, Sprich, Perlman&amp;Otto Kerekedj fel\u00fcl az ADHD-n! Kognit\u00edv-viselked\u00e9ster\u00e1pi\u00e1s program feln\u0151tteknek c. munkaf\u00fczete k\u00e9pezi. A csoportunkra m\u00e1r megl\u00e9v\u0151 ADHD diagn\u00f3zissal rendelkez\u0151 feln\u0151tteket v\u00e1runk.<\/p>\n<\/li>\n<\/ul>\n<\/div>\n<\/div>\n","protected":false},"excerpt":{"rendered":"<p>K\u00e9thetes tematikus csoportjaink tervezett id\u0151pontjai:\u00a0\u00a0 2025. december 8. &#8211; 2025. december 19. Stresszmentes\u00edt\u0151, relax\u00e1ci\u00f3s csoport 2026. janu\u00e1r 5. &#8211; 2026. janu\u00e1r 16. Kognit\u00edv-viselked\u00e9ster\u00e1pi\u00e1s csoport 2026. janu\u00e1r 19. &#8211; 2026. janu\u00e1r 30. T\u00e1rsas k\u00e9szs\u00e9gfejleszt\u0151 tr\u00e9ning 2026. febru\u00e1r 2. &#8211; 2026. febru\u00e1r 13. Asszert\u00edv kommunik\u00e1ci\u00f3s tr\u00e9ning 2026. febru\u00e1r 16.- 2026. febru\u00e1r 27. Kognit\u00edv-viselked\u00e9ster\u00e1pi\u00e1s csoport feln\u0151tt ADHD-val \u00e9l\u0151knek &hellip;<\/p>\n","protected":false},"author":101149,"featured_media":0,"parent":4088,"menu_order":0,"comment_status":"closed","ping_status":"closed","template":"","meta":{"_acf_changed":false,"footnotes":""},"categories":[],"tags":[],"class_list":["post-2178","page","type-page","status-publish","hentry"],"acf":[],"_links":{"self":[{"href":"https:\/\/semmelweis.hu\/pszichiatria\/wp-json\/wp\/v2\/pages\/2178","targetHints":{"allow":["GET"]}}],"collection":[{"href":"https:\/\/semmelweis.hu\/pszichiatria\/wp-json\/wp\/v2\/pages"}],"about":[{"href":"https:\/\/semmelweis.hu\/pszichiatria\/wp-json\/wp\/v2\/types\/page"}],"author":[{"embeddable":true,"href":"https:\/\/semmelweis.hu\/pszichiatria\/wp-json\/wp\/v2\/users\/101149"}],"replies":[{"embeddable":true,"href":"https:\/\/semmelweis.hu\/pszichiatria\/wp-json\/wp\/v2\/comments?post=2178"}],"version-history":[{"count":10,"href":"https:\/\/semmelweis.hu\/pszichiatria\/wp-json\/wp\/v2\/pages\/2178\/revisions"}],"predecessor-version":[{"id":5624,"href":"https:\/\/semmelweis.hu\/pszichiatria\/wp-json\/wp\/v2\/pages\/2178\/revisions\/5624"}],"up":[{"embeddable":true,"href":"https:\/\/semmelweis.hu\/pszichiatria\/wp-json\/wp\/v2\/pages\/4088"}],"wp:attachment":[{"href":"https:\/\/semmelweis.hu\/pszichiatria\/wp-json\/wp\/v2\/media?parent=2178"}],"wp:term":[{"taxonomy":"category","embeddable":true,"href":"https:\/\/semmelweis.hu\/pszichiatria\/wp-json\/wp\/v2\/categories?post=2178"},{"taxonomy":"post_tag","embeddable":true,"href":"https:\/\/semmelweis.hu\/pszichiatria\/wp-json\/wp\/v2\/tags?post=2178"}],"curies":[{"name":"wp","href":"https:\/\/api.w.org\/{rel}","templated":true}]}}