{"id":206,"date":"2013-02-28T09:16:11","date_gmt":"2013-02-28T09:16:11","guid":{"rendered":"http:\/\/semmelweis-egyetem.hu\/pszichiatria\/?page_id=206"},"modified":"2025-12-11T09:31:18","modified_gmt":"2025-12-11T08:31:18","slug":"pszichiatriai-szakkepzes","status":"publish","type":"page","link":"https:\/\/semmelweis.hu\/pszichiatria\/oktatas\/posztgradualis-kepzes\/pszichiatriai-szakkepzes\/","title":{"rendered":"Pszichi\u00e1triai szakk\u00e9pz\u00e9s"},"content":{"rendered":"<p>Kedves Koll\u00e9g\u00e1k! Kedves Rezidenseink!<\/p>\n<p>T\u00e1j\u00e9koztat\u00f3nk \u00e1ltal\u00e1nos betekint\u00e9st ny\u00fajt a pszichi\u00e1triai szakk\u00e9pz\u00e9s menet\u00e9be a rendszerbev\u00e9teli elj\u00e1r\u00e1st\u00f3l kezdve a kapcsolattart\u00e1si adatokon, egy\u00e9b hasznos inform\u00e1ci\u00f3kon kereszt\u00fcl \u2013 um. propedeutika tanfolyam, a Pszichi\u00e1triai Gr\u00e9mium tagjai \u2013 a szakvizsg\u00e1ig mindenr\u0151l. Az itt nem ismertetett r\u00e9szletekkel kapcsolatban k\u00e9rj\u00fck, \u00e9rdekl\u0151djenek k\u00f6zvetlen\u00fcl a felel\u0151s koll\u00e9g\u00e1kn\u00e1l, a megadott honlapokon, ill. egyetemi el\u00e9rhet\u0151s\u00e9geken.<\/p>\n<p><strong>\u00a0<\/strong><\/p>\n<p><strong>K\u00e9pz\u00e9sbe val\u00f3 jelentkez\u00e9s, bel\u00e9p\u00e9s:<\/strong><\/p>\n<p>Egyetem\u00fcnk\u00f6n is k\u00f6zponti elj\u00e1r\u00e1s keret\u00e9ben, a Semmelweis Egyetem Szak- \u00e9s Tov\u00e1bbk\u00e9pz\u00e9si K\u00f6zpontja \u00e1ltal koordin\u00e1lva zajlik a meghirdetett rezidensi \u00e1ll\u00e1shelyekre a felv\u00e9tel. Ennek mik\u00e9ntj\u00e9r\u0151l, a szakk\u00e9pz\u00e9sbe l\u00e9p\u00e9s menet\u00e9r\u0151l, a meghirdetett helyekr\u0151l \u00e9s a RENY rendszerr\u0151l k\u00e9rj\u00fck, olvassa \u00e1t a SzTOK honlapj\u00e1n tal\u00e1lhat\u00f3 t\u00e1j\u00e9koztat\u00f3kat: <a href=\"https:\/\/semmelweis.hu\/szak-es-tovabbkepzes\/\">https:\/\/semmelweis.hu\/szak-es-tovabbkepzes\/<\/a><\/p>\n<p>Az elj\u00e1r\u00e1s egy\u00e9b r\u00e9szleteir\u0151l az Orsz\u00e1gos K\u00f3rh\u00e1zi F\u0151igazgat\u00f3s\u00e1g oldal\u00e1n tal\u00e1l t\u00e1j\u00e9koztat\u00e1st:<\/p>\n<p>\u00a0<a href=\"https:\/\/enkk.hu\/index.php\/hun\/szakkepzes-tamogatasi-foosztaly\">OKF\u0150 t\u00e1j\u00e9koztat\u00f3 &#8211; enkk.hu<\/a><\/p>\n<p><strong>\u00a0<\/strong><\/p>\n<p><strong>Rezidensek elm\u00e9leti k\u00e9pz\u00e9se:<\/strong><\/p>\n<p>A pszichi\u00e1ter szakorvosjel\u00f6ltek szakmai k\u00e9pz\u00e9s\u00e9t a Pszichi\u00e1triai Szakmai Gr\u00e9mium, ill. a Semmelweis Egyetem Pszichi\u00e1triai \u00e9s Pszichoter\u00e1pi\u00e1s Klinik\u00e1ja koordin\u00e1lja. A gyakorlati k\u00e9pz\u00e9si elemek teljes\u00edt\u00e9s\u00e9n t\u00fal a jel\u00f6lteknek rendszeres elm\u00e9leti k\u00e9pz\u00e9sen is r\u00e9szt kell venni\u00fck.<\/p>\n<p>A pszichi\u00e1triai szakk\u00e9pz\u00e9s elm\u00e9leti k\u00e9pz\u00e9s r\u00e9sze helyileg a Pszichi\u00e1triai \u00e9s Pszichoter\u00e1pi\u00e1s Klinik\u00e1n t\u00f6rt\u00e9nik. A k\u00e9pz\u00e9s adott tan\u00e9v szeptember\u00e9ben vagy okt\u00f3ber\u00e9ben indul. \u00c1ltal\u00e1ban k\u00e9thetente 1 k\u00e9pz\u00e9si napot jelent. Minden \u00e9vfolyam k\u00e9pz\u00e9s\u00e9\u00e9rt egy oszt\u00e1lyf\u0151n\u00f6k koll\u00e9ga felel.<\/p>\n<p><strong><em>A 2025\/26-os \u00e9vf. k\u00e9pz\u00e9s\u00e9\u00e9rt Dr. Treuer Tam\u00e1s felel, v\u00e1rja a jelentkez\u0151ket emailc\u00edm\u00e9n:<\/em><\/strong><a href=\"mailto:komoroczy.eszter@semmelweis.hu\">\u00a0treuer.tamas@semmelweis.hu<\/a><\/p>\n<p><strong><em>A 2024\/25-\u00f6s \u00e9vf. k\u00e9pz\u00e9s\u00e9\u00e9rt Dr. Komor\u00f3czy Eszter felel, v\u00e1rja a jelentkez\u0151ket emailc\u00edm\u00e9n:<\/em><\/strong><a href=\"mailto:komoroczy.eszter@semmelweis.hu\"> komoroczy.eszter@semmelweis.hu<\/a><\/p>\n<p><strong>\u00a0<\/strong><\/p>\n<p><strong>Rezidensek gyakorlati k\u00e9pz\u00e9se:<\/strong><\/p>\n<p>A gyakorlati elemek koordin\u00e1ci\u00f3j\u00e1t &#8211; k\u00e9pz\u0151helyen let\u00f6ltend\u0151 gyakorlatok &#8211; a SzTOK v\u00e9gzi. B\u0151vebb inform\u00e1ci\u00f3t ill. nyomtatv\u00e1nyokat a RENY fel\u00fclet\u00e9n \u00e9rnek el. A SzTOK munkat\u00e1rsaihoz is lehet fordulni az al\u00e1bbi k\u00e9rd\u00e9sekkel: <a href=\"https:\/\/www.enkk.hu\/index.php\/hun\/nemzeti-vizsgabizottsag-2\/ogyfk-vizsganaptar\">www.enkk.hu &#8211; feladatok a szakk\u00e9pz\u00e9ssel kapcsolatban<\/a><\/p>\n<p>Nagyobb probl\u00e9m\u00e1k, vit\u00e1s k\u00e9rd\u00e9sek eset\u00e9n Klinik\u00e1nk k\u00f6zponti emailc\u00edm\u00e9n lehet \u00e9rdekl\u0151dni: <a href=\"mailto:titkarsag.pszichiatria@semmelweis.hu\">titkarsag.pszichiatria@semmelweis.hu<\/a>, vagy dr. Szily Erika emailc\u00edm\u00e9n: <a href=\"mailto:szily.erika@semmelweis.hu\">szily.erika@semmelweis.hu<\/a><\/p>\n<p>A RENY-n kereszt\u00fcl a szakk\u00e9pz\u00e9sben lev\u0151k szakk\u00e9pz\u00e9s\u00fck teljes id\u0151tartama alatt rendszeres t\u00e1j\u00e9koztat\u00e1sokat kapnak valamennyi feladatukr\u00f3l.<\/p>\n<p>Havi rendszeress\u00e9ggel pedig a Klinika titk\u00e1rs\u00e1ga gondoskodik teljes\u00edt\u00e9sigazol\u00e1saik \u00e9s jelenl\u00e9ti \u00edveik tov\u00e1bb\u00edt\u00e1s\u00e1r\u00f3l.<\/p>\n<p><a href=\"https:\/\/semmelweis.hu\/pszichiatria\/files\/2018\/10\/Szakorvos-k%C3%A9pz%C3%A9s-tematika.pdf\">Pszichi\u00e1tria szakorvos k\u00e9pz\u00e9s tematika<\/a><\/p>\n<p>&nbsp;<\/p>\n<p><strong>Pszichi\u00e1tria propedeutika tanfolyam t\u00e1j\u00e9koztat\u00f3<\/strong><\/p>\n<p>A k\u00e9pz\u00e9sen bel\u00fcl az V. \u00e9vfolyam r\u00e9sz\u00e9re Klinik\u00e1nk rendezi a pszichi\u00e1tria propedeutika tanfolyamot.<br \/>\nA tanfolyamon azok vehetnek r\u00e9szt, akik sz\u00e1m\u00e1ra azt a Pszichi\u00e1triai Gr\u00e9mium eln\u00f6ke ezt enged\u00e9lyezi. D\u00f6nt\u00e9s\u00e9t az oszt\u00e1lyf\u0151n\u00f6k\u00f6k javaslat\u00e1ra, illetve a jelentkez\u0151k \u00e1ltal leadott adatok, anyagok alapj\u00e1n hozza meg.<\/p>\n<p>Jelentkez\u00e9s menete:<\/p>\n<p>Andr\u00e1ssy Dalma k\u00e9pz\u00e9si koordin\u00e1tor r\u00e9sz\u00e9re \u00edrt lev\u00e9lben <a href=\"mailto:andrassy.dalma@semmelweis.hu\">andrassy.dalma@semmelweis.hu<\/a>, az al\u00e1bbi adatok megad\u00e1s\u00e1val:<\/p>\n<p>Pecs\u00e9tsz\u00e1m: <br \/>\nN\u00e9v:\u00a0<br \/>\nSz\u00fcl. n\u00e9v:\u00a0<br \/>\nSz\u00fcl. hely:\u00a0<br \/>\nSz\u00fcl. id\u0151:<br \/>\nAnyja neve:\u00a0<br \/>\nEmail:\u00a0<br \/>\nMunkahely:\u00a0<br \/>\nDiplom\u00e1n szerepl\u0151 szakk\u00e9pzetts\u00e9g:\u00a0<br \/>\nFoglalkoz\u00e1s:\u00a0<br \/>\nTel.:\u00a0<br \/>\nSzakk\u00e9pz\u00e9sbe l\u00e9pett:\u00a0<br \/>\nSzakvizsga v\u00e1rhat\u00f3 id\u0151pontja:\u00a0<br \/>\nOszt\u00e1lyf\u0151n\u00f6ke (rez.k\u00e9pz\u00e9sben):<\/p>\n<p>El\u0151ad\u00e1sok:<\/p>\n<ul style=\"list-style-type: disc\">\n<li style=\"list-style-type: none\">\n<ul style=\"list-style-type: disc\">\n<li><a href=\"https:\/\/semmelweis.hu\/pszichiatria\/files\/2025\/12\/Ongyilkossagnehez-beteg.pdf\">O\u0308ngyilkossa\u0301g,nehe\u0301z beteg<\/a><\/li>\n<li><a href=\"https:\/\/semmelweis.hu\/pszichiatria\/files\/2025\/12\/Depresszio_propedeutika.pdf\">Depresszio\u0301_propedeutika<\/a><\/li>\n<li><a href=\"https:\/\/semmelweis.hu\/pszichiatria\/files\/2025\/12\/Szorongas_propedeutika.pdf\">Szoronga\u0301s_propedeutika<\/a><\/li>\n<\/ul>\n<\/li>\n<\/ul>\n<p>&nbsp;<\/p>\n<div>\n<p><strong>2025\/26 tudnival\u00f3k:<\/strong><\/p>\n<p>2025_26 Tematika: <a href=\"https:\/\/semmelweis.hu\/pszichiatria\/files\/2025\/11\/2025_26_tematika_v2_datumok.xlsx\"><em>lsd. csatolm\u00e1ny<\/em><\/a><br \/>\nTudnival\u00f3k:<br \/>\n&#8211; esettanulm\u00e1ny lead\u00e1si hat\u00e1rid\u0151 2025 december 4-e, cs\u00fct\u00f6rt\u00f6k<br \/>\n&#8211; vizsga 2025 december 19-e, p\u00e9ntek, reggel 9 \u00f3ra, helysz\u00edne kijel\u00f6l\u00e9s alatt<br \/>\nHelysz\u00edn: <a href=\"https:\/\/semmelweis.hu\/pszichiatria\/files\/2025\/11\/2025_26_tematika_v2_datumok.xlsx\">lsd. tematika<\/a><\/p>\n<p>El\u0151ad\u00e1sok:<\/p>\n<ul>\n<li><a href=\"https:\/\/semmelweis.hu\/pszichiatria\/files\/2025\/10\/Pszichoterapias-folyamat.pdf\">Pszichoter\u00e1pi\u00e1s folyamat<\/a><\/li>\n<li><a href=\"https:\/\/semmelweis.hu\/pszichiatria\/files\/2025\/10\/Pszichotherapia-alapfogalmai.pdf\">Pszichother\u00e1pia alapfogalmai<\/a><\/li>\n<li><a href=\"https:\/\/semmelweis.hu\/pszichiatria\/files\/2025\/10\/Motivacios-interju.pdf\">Motiv\u00e1ci\u00f3s interj\u00fa<\/a><\/li>\n<\/ul>\n<\/div>\n<div>\u00a0<\/div>\n<p><strong>2024\/25 tudnival\u00f3k:<\/strong><\/p>\n<ul>\n<li><a href=\"https:\/\/semmelweis.hu\/pszichiatria\/files\/2025\/02\/Propedeutika_tematika_24_25.pdf\">2024_25 Tematika<\/a><\/li>\n<li><a href=\"https:\/\/semmelweis.hu\/pszichiatria\/files\/2024\/09\/Tudnivalok_Propedeutika_2024_25.docx\">Tudnival\u00f3k<\/a><\/li>\n<li>Helysz\u00edn: v\u00e1ltoz\u00f3.\u00a0<\/li>\n<\/ul>\n<p><strong>Szakvizsga<\/strong><\/p>\n<p>A szakk\u00e9pz\u00e9s v\u00e9g\u00e9vel ker\u00fcl sor a szakvizsg\u00e1ra. A szervez\u00e9si \u00e9s adminisztrat\u00edv feladatok ell\u00e1t\u00e1s\u00e1t a Nemzeti Vizsgabizotts\u00e1g v\u00e9gzi. A vizsg\u00e1ra val\u00f3 jelentkez\u00e9sr\u0151l, a szakvizsga d\u00edj\u00e1r\u00f3l t\u00e1j\u00e9koztat\u00e1st, beny\u00fajtand\u00f3 dokumentumok felsorol\u00e1s\u00e1t \u00e9s a vizsganapt\u00e1rt itt tal\u00e1lja: <a href=\"https:\/\/enkk.hu\/index.php\/hun\/nemzeti-vizsgabizottsag-2\/ogyfk-vizsganaptar\">www.enkk.hu Nemzeti Vizsgabizotts\u00e1g<\/a><\/p>\n<p>&nbsp;<\/p>\n<p><strong>Pszichi\u00e1tria Szakmai Gr\u00e9mium<\/strong><\/p>\n<p><strong>Tagjai 2025. j\u00fanius\u00e1t\u00f3l:<\/strong><\/p>\n<p>Dr. R\u00e9thelyi J\u00e1nos eln\u00f6k (Pszichi\u00e1triai \u00e9s Pszichoter\u00e1pi\u00e1s Klinika)<\/p>\n<p>Dr. Szekeres Gy\u00f6rgy egyetemi docens, Pszichi\u00e1triai \u00e9s Pszichoter\u00e1pi\u00e1s Klinika<\/p>\n<p>Dr. Laz\u00e1ry Judit orvosigazgat\u00f3, Nyir\u0151 Gyula &#8211; Orsz\u00e1gos Pszichi\u00e1triai \u00e9s Addiktol\u00f3giai Int\u00e9zet<\/p>\n<p>Dr. Gazdag G\u00e1bor c\u00edmzetes egyetemi tan\u00e1r, oszt\u00e1lyvezet\u0151 f\u0151orvos, Jahn Ferenc K\u00f3rh\u00e1z, Pszichi\u00e1triai oszt\u00e1ly<\/p>\n<p>Dr. Szily Erika oszt\u00e1lyvezet\u0151, adjunktus (Pszichi\u00e1triai \u00e9s Pszichoter\u00e1pi\u00e1s Klinika)<\/p>\n<p>&nbsp;<\/p>\n<p>Vezet\u0151 rezidens (egyetemi): dr. Gergics Enik\u0151 <a href=\"mailto:gergics.eniko@peterfykh.hu\">gergics.eniko@peterfykh.hu<\/a> (lsd. RENY-ben)<\/p>\n<p>A Gr\u00e9mium szorosan egy\u00fcttm\u0171k\u00f6dik a Pszichi\u00e1triai \u00e9s Pszichoter\u00e1pi\u00e1s Klinik\u00e1val \u00e9s szakmai szervezetekkel (pl. Magyar Pszichi\u00e1triai T\u00e1rsas\u00e1g). Seg\u00edti az \u00faj rezidensek eligazod\u00e1s\u00e1t a k\u00e9pz\u00e9si rendszerben, akiknek a k\u00f6telez\u0151en el\u0151\u00edrt elm\u00e9leti k\u00e9pz\u00e9se a Klinik\u00e1n t\u00f6rt\u00e9nik, \u00e9vfolyamonk\u00e9nti beoszt\u00e1ssal. Az \u00e9vfolyamok oktat\u00e1s\u00e1t 5 \u00e9ven \u00e1t a Klinika igazgat\u00f3ja \u00e1ltal kijel\u00f6lt \u201eoszt\u00e1lyf\u0151n\u00f6k\u00f6k\u201d v\u00e9gzik. A Gr\u00e9mium r\u00e9szt vesz a tutorok kijel\u00f6l\u00e9s\u00e9ben. K\u00f6veti a k\u00e9pz\u0151helyek akkredit\u00e1l\u00e1s\u00e1hoz sz\u00fcks\u00e9ges szakmai inform\u00e1ci\u00f3kat, \u00e9s r\u00e9szt vesz a k\u00e9pz\u00e9s sz\u00ednvonal\u00e1nak az ellen\u0151rz\u00e9s\u00e9ben, illetve a vizsg\u00e1k lebonyol\u00edt\u00e1s\u00e1ban: a 2022 el\u0151tt bel\u00e9petteknek 1 r\u00e9szvizsg\u00e1t kell tenni\u00fck, a 2022 ut\u00e1n bel\u00e9petteknek 2 r\u00e9szvizsg\u00e1t kell teljes\u00edteni\u00fck. A k\u00e9pz\u00e9s v\u00e9g\u00e9n pedig \u00edr\u00e1sbeli vizsg\u00e1t tesznek a jel\u00f6ltek.<\/p>\n<p>\u00a0A Gr\u00e9mium tagjai seg\u00edts\u00e9get ny\u00fajtanak a rezidenseknek k\u00e9pz\u00e9si programjuk optim\u00e1lis kialak\u00edt\u00e1s\u00e1ban \u00e9s elb\u00edr\u00e1lj\u00e1k m\u00f3dos\u00edt\u00e1si k\u00e9relmeiket, elv\u00e9gzik az indexekkel \u00e9s munkanapl\u00f3kkal kapcsolatos adminisztrat\u00edv teend\u0151ket. A k\u00e9pz\u0151helyek k\u00e9r\u00e9s\u00e9re konzult\u00e1lnak az akkredit\u00e1ci\u00f3s k\u00e9relmek el\u0151k\u00e9sz\u00edt\u00e9s\u00e9r\u0151l \u00e9s elb\u00edr\u00e1lj\u00e1k az akkredit\u00e1ci\u00f3s k\u00e9relmeket az illet\u00e9kes D\u00e9k\u00e1nhelyettes felk\u00e9r\u00e9se alapj\u00e1n.<\/p>\n<p>&nbsp;<\/p>\n","protected":false},"excerpt":{"rendered":"<p>Kedves Koll\u00e9g\u00e1k! Kedves Rezidenseink! T\u00e1j\u00e9koztat\u00f3nk \u00e1ltal\u00e1nos betekint\u00e9st ny\u00fajt a pszichi\u00e1triai szakk\u00e9pz\u00e9s menet\u00e9be a rendszerbev\u00e9teli elj\u00e1r\u00e1st\u00f3l kezdve a kapcsolattart\u00e1si adatokon, egy\u00e9b hasznos inform\u00e1ci\u00f3kon kereszt\u00fcl \u2013 um. propedeutika tanfolyam, a Pszichi\u00e1triai Gr\u00e9mium tagjai \u2013 a szakvizsg\u00e1ig mindenr\u0151l. Az itt nem ismertetett r\u00e9szletekkel kapcsolatban k\u00e9rj\u00fck, \u00e9rdekl\u0151djenek k\u00f6zvetlen\u00fcl a felel\u0151s koll\u00e9g\u00e1kn\u00e1l, a megadott honlapokon, ill. egyetemi el\u00e9rhet\u0151s\u00e9geken. \u00a0 K\u00e9pz\u00e9sbe &hellip;<\/p>\n","protected":false},"author":57,"featured_media":0,"parent":2166,"menu_order":2,"comment_status":"open","ping_status":"open","template":"","meta":{"_acf_changed":false,"footnotes":""},"categories":[],"tags":[],"class_list":["post-206","page","type-page","status-publish","hentry"],"acf":[],"_links":{"self":[{"href":"https:\/\/semmelweis.hu\/pszichiatria\/wp-json\/wp\/v2\/pages\/206","targetHints":{"allow":["GET"]}}],"collection":[{"href":"https:\/\/semmelweis.hu\/pszichiatria\/wp-json\/wp\/v2\/pages"}],"about":[{"href":"https:\/\/semmelweis.hu\/pszichiatria\/wp-json\/wp\/v2\/types\/page"}],"author":[{"embeddable":true,"href":"https:\/\/semmelweis.hu\/pszichiatria\/wp-json\/wp\/v2\/users\/57"}],"replies":[{"embeddable":true,"href":"https:\/\/semmelweis.hu\/pszichiatria\/wp-json\/wp\/v2\/comments?post=206"}],"version-history":[{"count":11,"href":"https:\/\/semmelweis.hu\/pszichiatria\/wp-json\/wp\/v2\/pages\/206\/revisions"}],"predecessor-version":[{"id":5607,"href":"https:\/\/semmelweis.hu\/pszichiatria\/wp-json\/wp\/v2\/pages\/206\/revisions\/5607"}],"up":[{"embeddable":true,"href":"https:\/\/semmelweis.hu\/pszichiatria\/wp-json\/wp\/v2\/pages\/2166"}],"wp:attachment":[{"href":"https:\/\/semmelweis.hu\/pszichiatria\/wp-json\/wp\/v2\/media?parent=206"}],"wp:term":[{"taxonomy":"category","embeddable":true,"href":"https:\/\/semmelweis.hu\/pszichiatria\/wp-json\/wp\/v2\/categories?post=206"},{"taxonomy":"post_tag","embeddable":true,"href":"https:\/\/semmelweis.hu\/pszichiatria\/wp-json\/wp\/v2\/tags?post=206"}],"curies":[{"name":"wp","href":"https:\/\/api.w.org\/{rel}","templated":true}]}}