{"id":1670,"date":"2016-10-06T15:23:33","date_gmt":"2016-10-06T13:23:33","guid":{"rendered":"http:\/\/semmelweis.hu\/pszichiatria\/?page_id=1670"},"modified":"2022-03-04T10:01:27","modified_gmt":"2022-03-04T09:01:27","slug":"eloadasok","status":"publish","type":"page","link":"https:\/\/semmelweis.hu\/pszichiatria\/oktatas\/gradualis-kepzes\/eloadasok\/","title":{"rendered":"El\u0151ad\u00e1sok"},"content":{"rendered":"<p><span style=\"font-size: 14pt\"><strong>El\u0151ad\u00e1sok let\u00f6lthet\u0151 form\u00e1tumban:<\/strong><\/span><\/p>\n<p>2021\/2022<\/p>\n<p><a href=\"https:\/\/semmelweis.hu\/pszichiatria\/files\/2022\/03\/Szily-adiktologia-2021-AOK-V.pdf\">Addiktol\u00f3gia<\/a><\/p>\n<p><a href=\"https:\/\/semmelweis.hu\/pszichiatria\/files\/2022\/01\/AOK-magyar-Szorongasos-zavarok.pdf\">Szorong\u00e1sos Zavarok<\/a><\/p>\n<p><a href=\"https:\/\/semmelweis.hu\/pszichiatria\/files\/2022\/01\/SOTE-magyar-ea-depr.-dg-es-th.-2020.pdf\">Depresszi\u00f3s betegs\u00e9gek<\/a><\/p>\n<p>2019\/2020<\/p>\n<p><a href=\"https:\/\/semmelweis.hu\/pszichiatria\/files\/2020\/01\/Szily-adiktol\u00f3gia-2019-\u00c1OK-V.pdf\">Addiktol\u00f3gia (pdf)<\/a><\/p>\n<p><a href=\"https:\/\/semmelweis.hu\/pszichiatria\/files\/2020\/01\/S\u00fcrg\u0151ss\u00e9gi-ell\u00e1t\u00e1s-a-pszichi\u00e1tri\u00e1ban.pdf\">S\u00fcrg\u00f6ss\u00e9gi ell\u00e1t\u00e1s a pszichi\u00e1tri\u00e1ban (pdf)<\/a><\/p>\n<p><a href=\"https:\/\/semmelweis.hu\/pszichiatria\/files\/2020\/01\/Organikus-\u00e9s-geri\u00e1triai-k\u00f3rk\u00e9pek-20191119.pdf\">Organikus \u00e9s geri\u00e1triai k\u00f3rk\u00e9pek (pdf)<\/a><\/p>\n<p><a href=\"https:\/\/semmelweis.hu\/pszichiatria\/files\/2020\/01\/adhd_el\u0151ad\u00e1s_magyar_2020.pdf\">Feln\u0151ttkori ADHD (pdf)<\/a><\/p>\n<p>2018\/2019<\/p>\n<p><a href=\"https:\/\/semmelweis.hu\/pszichiatria\/files\/2019\/04\/adhd_el\u0151ad\u00e1s_magyar_20190408.pdf\">Feln\u0151ttkori ADHD (pdf)<\/a><\/p>\n<p><a href=\"https:\/\/semmelweis.hu\/pszichiatria\/files\/2019\/02\/Stressz_f\u00fcgg\u00f6_pszichiatriai_zavarok_SOTE_2019-FINAL-computer.pdf\">Stressz f\u00fcgg\u0151 pszichi\u00e1triai zavarok (pdf)<\/a><\/p>\n<p><a href=\"https:\/\/semmelweis.hu\/pszichiatria\/files\/2018\/11\/Pszichi\u00e1triai-zavarok-oszt\u00e1lyoz\u00e1sa-\u00e9s-differenci\u00e1ldiagnosztik\u00e1ja.pdf\">Pszichi\u00e1triai zavarok oszt\u00e1lyoz\u00e1sa \u00e9s differenci\u00e1ldiagnosztik\u00e1ja (pdf)<\/a><\/p>\n<p><a href=\"https:\/\/semmelweis.hu\/pszichiatria\/files\/2018\/11\/SOTE-magyar-ea-depr.-dg-\u00e9s-th..pdf\">A depresszi\u00f3 diagn\u00f3zisa \u00e9s ter\u00e1pi\u00e1ja (pdf)<\/a><\/p>\n<p>2017\/2018<\/p>\n<p><span style=\"color: #3366ff\"><a href=\"https:\/\/semmelweis.hu\/pszichiatria\/files\/2018\/05\/AOK_szorong%C3%A1s_2017.pdf\">A szorong\u00e1sos k\u00f3rk\u00e9pek (pdf)<\/a><\/span><\/p>\n<p><span style=\"color: #3366ff\"><a href=\"https:\/\/semmelweis.hu\/pszichiatria\/files\/2018\/05\/Organikus-%C3%A9s-geri%C3%A1triai-k%C3%B3rk%C3%A9pek-2018.pdf\">Organikus \u00e9s id\u0151skori pszichi\u00e1triai k\u00f3rk\u00e9pek (pdf)<\/a><\/span><\/p>\n<p><span style=\"color: #3366ff\"><a href=\"https:\/\/semmelweis.hu\/pszichiatria\/files\/2018\/05\/S%C3%BCrg%C5%91ss%C3%A9g-%C3%B6ngyilkoss%C3%A1g.pdf\">S\u00fcrg\u0151ss\u00e9g a pszichi\u00e1tri\u00e1ban. Szuic\u00eddium (pdf)<\/a><\/span><\/p>\n<p><span style=\"color: #3366ff\"><a href=\"https:\/\/semmelweis.hu\/pszichiatria\/files\/2018\/05\/A-depresszi%C3%B3k-pszichoter%C3%A1pi%C3%A1ja-tantermi.pdf\">A depresszi\u00f3k pszichoter\u00e1pi\u00e1ja (pdf)<\/a><\/span><\/p>\n<p><span style=\"color: #3366ff\"><a href=\"https:\/\/semmelweis.hu\/pszichiatria\/files\/2018\/05\/A-pszichi%C3%A1triai-int%C3%A9zm%C3%A9nyek-a-rehabilit%C3%A1ci%C3%B3-alapjai.pdf\">A pszichi\u00e1triai int\u00e9zm\u00e9nyek, a rehabilit\u00e1ci\u00f3 alapjai, a szocioter\u00e1pi\u00e1k (pdf)<\/a><\/span><\/p>\n<p><span style=\"color: #3366ff\"><a href=\"https:\/\/semmelweis.hu\/pszichiatria\/files\/2018\/05\/adhd_el%C5%91ad%C3%A1s_magyar_20180423.pdf\">Feln\u0151ttkori ADHD (pdf)<\/a><\/span><\/p>\n<p><span style=\"color: #3366ff\"><a href=\"https:\/\/semmelweis.hu\/pszichiatria\/files\/2018\/05\/Az-%C3%A9rzelmi-%C3%A9let-zavaria-depr..pdf\">Az \u00e9rzelmi \u00e9let zavarai &#8211; Affekt\u00edv beteg\u00e9gek (pdf)<\/a><\/span><\/p>\n<p><span style=\"color: #3366ff\"><a href=\"https:\/\/semmelweis.hu\/pszichiatria\/files\/2018\/05\/farmako_tantermi_2018_final.pdf\">Farmakodin\u00e1mia \u00e9s farmakokinetika a pszichi\u00e1triai gyarkorlatban (pdf)<\/a><\/span><\/p>\n<p><span style=\"color: #3366ff\"><a href=\"https:\/\/semmelweis.hu\/pszichiatria\/files\/2018\/05\/pszichozisok_pszichoterapiaja_2018.pdf\">Pszichoter\u00e1pia alkalmazhat\u00f3s\u00e1ga pszichozisokban (pdf)<\/a><\/span><\/p>\n<p><span style=\"color: #3366ff\"><a href=\"https:\/\/semmelweis.hu\/pszichiatria\/files\/2018\/05\/PT-of-EDs-and-sexual-dis.pdf\">Az ev\u00e9szavarok (pdf)<\/a><\/span><\/p>\n<p><span style=\"color: #3366ff\"><a href=\"https:\/\/semmelweis.hu\/pszichiatria\/files\/2018\/05\/Purebl-alvas-pszichiatria-2018.pdf\">Az alv\u00e1szavarok \u00e9s jelent\u0151s\u00e9g\u00fck a pszichi\u00e1tri\u00e1ban (pdf)<\/a><\/span><\/p>\n<p><span style=\"color: #3366ff\"><a href=\"https:\/\/semmelweis.hu\/pszichiatria\/files\/2018\/05\/S%C3%BCrg%C5%91ss%C3%A9gi-ell%C3%A1t%C3%A1s-a-pszichi%C3%A1tri%C3%A1ban-2017.pdf\">S\u00fcrg\u00f6ss\u00e9gi ell\u00e1t\u00e1s a pszichi\u00e1tri\u00e1ban (pdf)<\/a><\/span><\/p>\n<p><span style=\"color: #3366ff\"><a href=\"https:\/\/semmelweis.hu\/pszichiatria\/files\/2018\/02\/Pszichi%C3%A1triai-betegs%C3%A9gek-h%C3%A1ttere_pszichi%C3%A1triai_szoci%C3%A1lis_antropologiai_elm%C3%A9letek.pdf\">Pszichi\u00e1triai betegs\u00e9gek h\u00e1ttere &#8211; Pszichi\u00e1triai, szoci\u00e1lis \u00e9s antropol\u00f3giai elm\u00e9letek (pdf)<\/a><\/span><\/p>\n<p><span style=\"color: #3366ff\"><a href=\"https:\/\/semmelweis.hu\/pszichiatria\/files\/2018\/05\/gyermekpszichiatria_VAZLAT_BALAZS.pdf\">Gyermekpszichi\u00e1tria (pdf)<\/a><\/span><\/p>\n<p><span style=\"color: #3366ff\"><a href=\"https:\/\/semmelweis.hu\/pszichiatria\/files\/2018\/02\/Konzult%C3%A1ci%C3%B3s-kapcsolati-pszichi%C3%A1tria-2018-2.pdf\">Pszich\u00e9s zavarok a t\u00e1rsszakm\u00e1k mindennapi gyakorlat\u00e1ban (pdf)<\/a><\/span><\/p>\n<p><span style=\"color: #3366ff\"><a href=\"https:\/\/semmelweis.hu\/pszichiatria\/files\/2018\/02\/Purebl-alvas-pszichiatria-2018.pdf\">Alv\u00e1szavarok \u00e9s jelent\u0151s\u00e9g\u00fck a pszichi\u00e1tri\u00e1ban (pdf)<\/a><\/span><\/p>\n<p>2016\/2017<\/p>\n<p><span style=\"color: #3366ff\"><a href=\"https:\/\/semmelweis.hu\/pszichiatria\/files\/2017\/04\/AOK-Pszichoter%C3%A1pia-20160428-Szorong%C3%A1s-pszichoter%C3%A1pi%C3%A1s-kezel%C3%A9se.pdf\">Pszichoter\u00e1pia Szorong\u00e1s pszichoter\u00e1pi\u00e1s kezel\u00e9se (pdf)<\/a><\/span><\/p>\n<p><span style=\"color: #3366ff\"><a href=\"https:\/\/semmelweis.hu\/pszichiatria\/files\/2016\/10\/adhd_el\u0151ad\u00e1s_magyar_20170403.pdf\">Feln\u0151ttkori ADHD\u00a0(pdf)<\/a><\/span><\/p>\n<p><span style=\"color: #3366ff\"><a href=\"https:\/\/semmelweis.hu\/pszichiatria\/files\/2016\/10\/S\u00fcrg\u0151ss\u00e9gi-ell\u00e1t\u00e1s-a-pszichi\u00e1tri\u00e1ban-2016.pdf\">S\u00fcrg\u0151ss\u00e9gi ell\u00e1t\u00e1s a pszichiatriaban (pdf)<\/a><\/span><\/p>\n<p><a href=\"https:\/\/semmelweis.hu\/pszichiatria\/files\/2016\/11\/Organikus-%C3%A9s-geri%C3%A1triai-k%C3%B3rk%C3%A9pek-20151208.pdf\"><span style=\"color: #3366ff\">Organikus \u00e9s geri\u00e1triai k\u00f3rk\u00e9pek (pdf)<\/span><\/a><\/p>\n<p><a href=\"https:\/\/semmelweis.hu\/pszichiatria\/files\/2016\/10\/Szily-alkohol-2016.pdf\"><span style=\"color: #3366ff\">Alkoholhaszn\u00e1lati zavarok (pdf)<\/span><\/a><\/p>\n<p><span style=\"color: #3366ff\"><a href=\"https:\/\/semmelweis.hu\/pszichiatria\/files\/2016\/10\/Szily-drog-2016.pdf\">Szerhaszn\u00e1lati zavarok (pdf)<\/a><\/span><\/p>\n<p><a href=\"https:\/\/semmelweis.hu\/pszichiatria\/files\/2016\/08\/Rethelyi_gen_kornyezet_20160928_vegl.pdf\"><span style=\"color: #3366ff\">G\u00e9n-k\u00f6rnyezeti interakci\u00f3k a pszichi\u00e1tri\u00e1ban (pdf)<\/span><\/a><\/p>\n<p>2014\/2015<\/p>\n<p><a href=\"https:\/\/semmelweis.hu\/pszichiatria\/files\/2016\/10\/Az_erzelmi_elet_zavarai_2014.pdf\"><span style=\"color: #3366ff\">Az \u00e9rzelmi \u00e9let zavarai (pdf)<\/span><\/a><\/p>\n<p>2013\/2014<\/p>\n<p><a href=\"https:\/\/semmelweis.hu\/pszichiatria\/files\/2016\/10\/Alkohol_drog_2013.pdf\"><span style=\"color: #3366ff\">Alkohol \u00e9s drog<\/span><span style=\"color: #3366ff\"> (pdf)<\/span><\/a><\/p>\n<p><a href=\"https:\/\/semmelweis.hu\/pszichiatria\/files\/2016\/10\/AOK-magyar-evnyito-2013.pdf\"><span style=\"color: #3366ff\">\u00c1OK \u00e9vnyit\u00f3 (pdf)<\/span><\/a><\/p>\n<p><a href=\"https:\/\/semmelweis.hu\/pszichiatria\/files\/2016\/10\/A_pszichiatriai_beteg_vizsgalata.pdf\"><span style=\"color: #3366ff\">Vizsg\u00e1latok a pszichi\u00e1tri\u00e1ban (pdf)<\/span><\/a><\/p>\n<p><a href=\"https:\/\/semmelweis.hu\/pszichiatria\/files\/2016\/10\/Organikus_es_geriatriai_korkepek.pdf\"><span style=\"color: #3366ff\">Organikus \u00e9s geri\u00e1triai k\u00f3rk\u00e9pek (pdf)<\/span><\/a><\/p>\n<p>2012\/2013<\/p>\n<p><a href=\"https:\/\/semmelweis.hu\/pszichiatria\/files\/2016\/10\/neurozisok_napjainkig.pdf\"><span style=\"color: #3366ff\">A neur\u00f3zisok t\u00f6rt\u00e9nete napjainkig (pdf)<\/span><\/a><\/p>\n<p><a href=\"https:\/\/semmelweis.hu\/pszichiatria\/files\/2016\/10\/Pszichopatologia_II.pdf\"><span style=\"color: #3366ff\">Pszichopatol\u00f3gia II (pdf)<\/span><\/a><\/p>\n<p><a href=\"https:\/\/semmelweis.hu\/pszichiatria\/files\/2016\/10\/A_pszichiatriai_betegsegek_magatartaszavarok_hattere_furedi_2013.pdf\"><span style=\"color: #3366ff\">A pszichi\u00e1triai betegs\u00e9gek \u00e9s magatart\u00e1s-zavarok h\u00e1ttere I. (pdf)<\/span><\/a><\/p>\n<p><a href=\"https:\/\/semmelweis.hu\/pszichiatria\/files\/2016\/10\/alvaszavarok_purebl.pdf\"><span style=\"color: #3366ff\">Alv\u00e1szavarok (pdf)<\/span><\/a><\/p>\n<p><a href=\"https:\/\/semmelweis.hu\/pszichiatria\/files\/2013\/09\/pszichiatriai_genetika_gxe_magyar_tantermi.pdf\"><span style=\"color: #3366ff\">Pszichi\u00e1triai genetika\u00a0(pdf)<\/span><\/a><\/p>\n<p><a href=\"https:\/\/semmelweis.hu\/pszichiatria\/files\/2016\/10\/A_pszichiatria_surgossegi_vonatkozasai.pdf\"><span style=\"color: #3366ff\">A pszichi\u00e1tria s\u00fcrg\u0151ss\u00e9gi vonatkoz\u00e1sai (pdf)<\/span><\/a><\/p>\n<p><a href=\"https:\/\/semmelweis.hu\/pszichiatria\/files\/2016\/10\/Stresszfuggo_pszichiatriai_zavarok_2013.pdf\"><span style=\"color: #3366ff\">Stressz f\u00fcgg\u0151 pszichi\u00e1triai zavarok (Dr. Mart\u00e9nyi Ferenc) (pdf)<\/span><\/a><\/p>\n<p>2011\/2012<\/p>\n<p><a href=\"https:\/\/semmelweis.hu\/pszichiatria\/files\/2013\/02\/konzultacio_20121210.pdf\"><span style=\"color: #3366ff\">Konzult\u00e1ci\u00f3\u00a0(pdf)<\/span><\/a><\/p>\n<p>2010\/2011<\/p>\n<p><a href=\"https:\/\/semmelweis.hu\/pszichiatria\/files\/2013\/02\/delirium_szily.pdf\"><span style=\"color: #3366ff\">Delirium \u00e9s sz\u00f6v\u0151dm\u00e9nyei (pdf)<\/span><\/a><\/p>\n<p><a href=\"https:\/\/semmelweis.hu\/pszichiatria\/files\/2013\/02\/szily_addict_hun.pdf\"><span style=\"color: #3366ff\">Addiktol\u00f3giai K\u00f3rk\u00e9pek (pdf)<\/span><\/a><\/p>\n<p><a href=\"https:\/\/semmelweis.hu\/pszichiatria\/files\/2013\/02\/pszicho_diagn.pdf\"><span style=\"color: #3366ff\">Pszichodiagnosztika (pdf)<\/span><\/a><\/p>\n<p>2009\/2010<\/p>\n<p><a href=\"https:\/\/semmelweis.hu\/pszichiatria\/files\/2013\/02\/aokm_evnyito_20090907.pdf\"><span style=\"color: #3366ff\">Bevezet\u0151 el\u0151ad\u00e1s 2009\/2010 (pdf)<\/span><\/a><\/p>\n<p><a href=\"https:\/\/semmelweis.hu\/pszichiatria\/files\/2013\/02\/szorongasos_zavarok_na_2009.pdf\"><span style=\"color: #3366ff\">Szorong\u00e1sos zavarok (pdf)<\/span><\/a><\/p>\n","protected":false},"excerpt":{"rendered":"<p>El\u0151ad\u00e1sok let\u00f6lthet\u0151 form\u00e1tumban: 2021\/2022 <a href=\"https:\/\/semmelweis.hu\/pszichiatria\/files\/2022\/03\/Szily-adiktologia-2021-AOK-V.pdf\">Addiktol\u00f3gia<\/a> <a href=\"https:\/\/semmelweis.hu\/pszichiatria\/files\/2022\/01\/AOK-magyar-Szorongasos-zavarok.pdf\">Szorong\u00e1sos Zavarok<\/a> <a href=\"https:\/\/semmelweis.hu\/pszichiatria\/files\/2022\/01\/SOTE-magyar-ea-depr.-dg-es-th.-2020.pdf\">Depresszi\u00f3s betegs\u00e9gek<\/a> 2019\/2020 <a href=\"https:\/\/semmelweis.hu\/pszichiatria\/files\/2020\/01\/Szily-adiktol\u00f3gia-2019-\u00c1OK-V.pdf\">Addiktol\u00f3gia (pdf)<\/a> <a href=\"https:\/\/semmelweis.hu\/pszichiatria\/files\/2020\/01\/S\u00fcrg\u0151ss\u00e9gi-ell\u00e1t\u00e1s-a-pszichi\u00e1tri\u00e1ban.pdf\">S\u00fcrg\u00f6ss\u00e9gi ell\u00e1t\u00e1s a pszichi\u00e1tri\u00e1ban (pdf)<\/a> <a href=\"https:\/\/semmelweis.hu\/pszichiatria\/files\/2020\/01\/Organikus-\u00e9s-geri\u00e1triai-k\u00f3rk\u00e9pek-20191119.pdf\">Organikus \u00e9s geri\u00e1triai k\u00f3rk\u00e9pek (pdf)<\/a> <a href=\"https:\/\/semmelweis.hu\/pszichiatria\/files\/2020\/01\/adhd_el\u0151ad\u00e1s_magyar_2020.pdf\">Feln\u0151ttkori ADHD (pdf)<\/a> 2018\/2019 <a href=\"https:\/\/semmelweis.hu\/pszichiatria\/files\/2019\/04\/adhd_el\u0151ad\u00e1s_magyar_20190408.pdf\">Feln\u0151ttkori ADHD (pdf)<\/a> <a href=\"https:\/\/semmelweis.hu\/pszichiatria\/files\/2019\/02\/Stressz_f\u00fcgg\u00f6_pszichiatriai_zavarok_SOTE_2019-FINAL-computer.pdf\">Stressz f\u00fcgg\u0151 pszichi\u00e1triai zavarok (pdf)<\/a> <a href=\"https:\/\/semmelweis.hu\/pszichiatria\/files\/2018\/11\/Pszichi\u00e1triai-zavarok-oszt\u00e1lyoz\u00e1sa-\u00e9s-differenci\u00e1ldiagnosztik\u00e1ja.pdf\">Pszichi\u00e1triai zavarok oszt\u00e1lyoz\u00e1sa \u00e9s differenci\u00e1ldiagnosztik\u00e1ja (pdf)<\/a> <a href=\"https:\/\/semmelweis.hu\/pszichiatria\/files\/2018\/11\/SOTE-magyar-ea-depr.-dg-\u00e9s-th..pdf\">A depresszi\u00f3 diagn\u00f3zisa \u00e9s ter\u00e1pi\u00e1ja (pdf)<\/a> 2017\/2018 <a href=\"https:\/\/semmelweis.hu\/pszichiatria\/files\/2018\/05\/AOK_szorong%C3%A1s_2017.pdf\">A szorong\u00e1sos k\u00f3rk\u00e9pek (pdf)<\/a> <a href=\"https:\/\/semmelweis.hu\/pszichiatria\/files\/2018\/05\/Organikus-%C3%A9s-geri%C3%A1triai-k%C3%B3rk%C3%A9pek-2018.pdf\">Organikus \u00e9s id\u0151skori pszichi\u00e1triai k\u00f3rk\u00e9pek (pdf)<\/a> <a href=\"https:\/\/semmelweis.hu\/pszichiatria\/files\/2018\/05\/S%C3%BCrg%C5%91ss%C3%A9g-%C3%B6ngyilkoss%C3%A1g.pdf\">S\u00fcrg\u0151ss\u00e9g a pszichi\u00e1tri\u00e1ban. Szuic\u00eddium (pdf)<\/a> <a href=\"https:\/\/semmelweis.hu\/pszichiatria\/files\/2018\/05\/A-depresszi%C3%B3k-pszichoter%C3%A1pi%C3%A1ja-tantermi.pdf\">A depresszi\u00f3k pszichoter\u00e1pi\u00e1ja (pdf)<\/a> <a href=\"https:\/\/semmelweis.hu\/pszichiatria\/files\/2018\/05\/A-pszichi%C3%A1triai-int%C3%A9zm%C3%A9nyek-a-rehabilit%C3%A1ci%C3%B3-alapjai.pdf\">A pszichi\u00e1triai int\u00e9zm\u00e9nyek, a rehabilit\u00e1ci\u00f3 alapjai, a szocioter\u00e1pi\u00e1k (pdf)<\/a> <a href=\"https:\/\/semmelweis.hu\/pszichiatria\/files\/2018\/05\/adhd_el%C5%91ad%C3%A1s_magyar_20180423.pdf\">Feln\u0151ttkori ADHD (pdf)<\/a> <a href=\"https:\/\/semmelweis.hu\/pszichiatria\/files\/2018\/05\/Az-%C3%A9rzelmi-%C3%A9let-zavaria-depr..pdf\">Az \u00e9rzelmi \u00e9let zavarai &#8211; Affekt\u00edv beteg\u00e9gek (pdf)<\/a> <a href=\"https:\/\/semmelweis.hu\/pszichiatria\/files\/2018\/05\/farmako_tantermi_2018_final.pdf\">Farmakodin\u00e1mia \u00e9s farmakokinetika a pszichi\u00e1triai gyarkorlatban (pdf)<\/a> <a href=\"https:\/\/semmelweis.hu\/pszichiatria\/files\/2018\/05\/pszichozisok_pszichoterapiaja_2018.pdf\">Pszichoter\u00e1pia alkalmazhat\u00f3s\u00e1ga pszichozisokban (pdf)<\/a> <a href=\"https:\/\/semmelweis.hu\/pszichiatria\/files\/2018\/05\/PT-of-EDs-and-sexual-dis.pdf\">Az ev\u00e9szavarok (pdf)<\/a> <a href=\"https:\/\/semmelweis.hu\/pszichiatria\/files\/2018\/05\/Purebl-alvas-pszichiatria-2018.pdf\">Az alv\u00e1szavarok \u00e9s jelent\u0151s\u00e9g\u00fck a pszichi\u00e1tri\u00e1ban (pdf)<\/a> <a href=\"https:\/\/semmelweis.hu\/pszichiatria\/files\/2018\/05\/S%C3%BCrg%C5%91ss%C3%A9gi-ell%C3%A1t%C3%A1s-a-pszichi%C3%A1tri%C3%A1ban-2017.pdf\">S\u00fcrg\u00f6ss\u00e9gi ell\u00e1t\u00e1s a pszichi\u00e1tri\u00e1ban (pdf)<\/a> <a href=\"https:\/\/semmelweis.hu\/pszichiatria\/files\/2018\/02\/Pszichi%C3%A1triai-betegs%C3%A9gek-h%C3%A1ttere_pszichi%C3%A1triai_szoci%C3%A1lis_antropologiai_elm%C3%A9letek.pdf\">Pszichi\u00e1triai betegs\u00e9gek h\u00e1ttere &#8211; Pszichi\u00e1triai, szoci\u00e1lis \u00e9s antropol\u00f3giai elm\u00e9letek (pdf)<\/a> <a href=\"https:\/\/semmelweis.hu\/pszichiatria\/files\/2018\/05\/gyermekpszichiatria_VAZLAT_BALAZS.pdf\">Gyermekpszichi\u00e1tria (pdf)<\/a> <a href=\"https:\/\/semmelweis.hu\/pszichiatria\/files\/2018\/02\/Konzult%C3%A1ci%C3%B3s-kapcsolati-pszichi%C3%A1tria-2018-2.pdf\">Pszich\u00e9s zavarok a t\u00e1rsszakm\u00e1k mindennapi gyakorlat\u00e1ban (pdf)<\/a> <a href=\"https:\/\/semmelweis.hu\/pszichiatria\/files\/2018\/02\/Purebl-alvas-pszichiatria-2018.pdf\">Alv\u00e1szavarok \u00e9s jelent\u0151s\u00e9g\u00fck a pszichi\u00e1tri\u00e1ban (pdf)<\/a> 2016\/2017 <a href=\"https:\/\/semmelweis.hu\/pszichiatria\/files\/2017\/04\/AOK-Pszichoter%C3%A1pia-20160428-Szorong%C3%A1s-pszichoter%C3%A1pi%C3%A1s-kezel%C3%A9se.pdf\">Pszichoter\u00e1pia Szorong\u00e1s pszichoter\u00e1pi\u00e1s kezel\u00e9se (pdf)<\/a> <a href=\"https:\/\/semmelweis.hu\/pszichiatria\/files\/2016\/10\/adhd_el\u0151ad\u00e1s_magyar_20170403.pdf\">Feln\u0151ttkori ADHD\u00a0(pdf)<\/a> <a href=\"https:\/\/semmelweis.hu\/pszichiatria\/files\/2016\/10\/S\u00fcrg\u0151ss\u00e9gi-ell\u00e1t\u00e1s-a-pszichi\u00e1tri\u00e1ban-2016.pdf\">S\u00fcrg\u0151ss\u00e9gi ell\u00e1t\u00e1s a pszichiatriaban (pdf)<\/a> <a href=\"https:\/\/semmelweis.hu\/pszichiatria\/files\/2016\/11\/Organikus-%C3%A9s-geri%C3%A1triai-k%C3%B3rk%C3%A9pek-20151208.pdf\">Organikus \u00e9s geri\u00e1triai k\u00f3rk\u00e9pek (pdf)<\/a> <a href=\"https:\/\/semmelweis.hu\/pszichiatria\/files\/2016\/10\/Szily-alkohol-2016.pdf\">Alkoholhaszn\u00e1lati zavarok (pdf)<\/a> <a href=\"https:\/\/semmelweis.hu\/pszichiatria\/files\/2016\/10\/Szily-drog-2016.pdf\">Szerhaszn\u00e1lati zavarok (pdf)<\/a> <a href=\"https:\/\/semmelweis.hu\/pszichiatria\/files\/2016\/08\/Rethelyi_gen_kornyezet_20160928_vegl.pdf\">G\u00e9n-k\u00f6rnyezeti interakci\u00f3k a pszichi\u00e1tri\u00e1ban (pdf)<\/a> 2014\/2015 <a href=\"https:\/\/semmelweis.hu\/pszichiatria\/files\/2016\/10\/Az_erzelmi_elet_zavarai_2014.pdf\">Az \u00e9rzelmi \u00e9let zavarai (pdf)<\/a> 2013\/2014 <a href=\"https:\/\/semmelweis.hu\/pszichiatria\/files\/2016\/10\/Alkohol_drog_2013.pdf\">Alkohol \u00e9s drog (pdf)<\/a> <a href=\"https:\/\/semmelweis.hu\/pszichiatria\/files\/2016\/10\/AOK-magyar-evnyito-2013.pdf\">\u00c1OK \u00e9vnyit\u00f3 (pdf)<\/a> <a href=\"https:\/\/semmelweis.hu\/pszichiatria\/files\/2016\/10\/A_pszichiatriai_beteg_vizsgalata.pdf\">Vizsg\u00e1latok a pszichi\u00e1tri\u00e1ban (pdf)<\/a> <a href=\"https:\/\/semmelweis.hu\/pszichiatria\/files\/2016\/10\/Organikus_es_geriatriai_korkepek.pdf\">Organikus \u00e9s geri\u00e1triai k\u00f3rk\u00e9pek (pdf)<\/a> 2012\/2013 <a href=\"https:\/\/semmelweis.hu\/pszichiatria\/files\/2016\/10\/neurozisok_napjainkig.pdf\">A neur\u00f3zisok t\u00f6rt\u00e9nete napjainkig (pdf)<\/a> <a href=\"https:\/\/semmelweis.hu\/pszichiatria\/files\/2016\/10\/Pszichopatologia_II.pdf\">Pszichopatol\u00f3gia II (pdf)<\/a> <a href=\"https:\/\/semmelweis.hu\/pszichiatria\/files\/2016\/10\/A_pszichiatriai_betegsegek_magatartaszavarok_hattere_furedi_2013.pdf\">A pszichi\u00e1triai betegs\u00e9gek \u00e9s magatart\u00e1s-zavarok h\u00e1ttere I. (pdf)<\/a> <a href=\"https:\/\/semmelweis.hu\/pszichiatria\/files\/2016\/10\/alvaszavarok_purebl.pdf\">Alv\u00e1szavarok (pdf)<\/a> <a href=\"https:\/\/semmelweis.hu\/pszichiatria\/files\/2013\/09\/pszichiatriai_genetika_gxe_magyar_tantermi.pdf\">Pszichi\u00e1triai genetika\u00a0(pdf)<\/a> <a href=\"https:\/\/semmelweis.hu\/pszichiatria\/files\/2016\/10\/A_pszichiatria_surgossegi_vonatkozasai.pdf\">A pszichi\u00e1tria s\u00fcrg\u0151ss\u00e9gi vonatkoz\u00e1sai (pdf)<\/a> <a href=\"https:\/\/semmelweis.hu\/pszichiatria\/files\/2016\/10\/Stresszfuggo_pszichiatriai_zavarok_2013.pdf\">Stressz f\u00fcgg\u0151 pszichi\u00e1triai zavarok (Dr. Mart\u00e9nyi Ferenc) (pdf)<\/a> 2011\/2012 <a href=\"https:\/\/semmelweis.hu\/pszichiatria\/files\/2013\/02\/konzultacio_20121210.pdf\">Konzult\u00e1ci\u00f3\u00a0(pdf)<\/a> 2010\/2011 <a href=\"https:\/\/semmelweis.hu\/pszichiatria\/files\/2013\/02\/delirium_szily.pdf\">Delirium \u00e9s sz\u00f6v\u0151dm\u00e9nyei (pdf)<\/a> <a href=\"https:\/\/semmelweis.hu\/pszichiatria\/files\/2013\/02\/szily_addict_hun.pdf\">Addiktol\u00f3giai K\u00f3rk\u00e9pek (pdf)<\/a> <a href=\"https:\/\/semmelweis.hu\/pszichiatria\/files\/2013\/02\/pszicho_diagn.pdf\">Pszichodiagnosztika (pdf)<\/a> 2009\/2010 <a href=\"https:\/\/semmelweis.hu\/pszichiatria\/files\/2013\/02\/aokm_evnyito_20090907.pdf\">Bevezet\u0151 el\u0151ad\u00e1s 2009\/2010 (pdf)<\/a> &hellip;<\/p>\n","protected":false},"author":101149,"featured_media":0,"parent":1345,"menu_order":0,"comment_status":"closed","ping_status":"closed","template":"","meta":{"_acf_changed":false,"footnotes":""},"categories":[],"tags":[],"class_list":["post-1670","page","type-page","status-publish","hentry"],"acf":[],"_links":{"self":[{"href":"https:\/\/semmelweis.hu\/pszichiatria\/wp-json\/wp\/v2\/pages\/1670","targetHints":{"allow":["GET"]}}],"collection":[{"href":"https:\/\/semmelweis.hu\/pszichiatria\/wp-json\/wp\/v2\/pages"}],"about":[{"href":"https:\/\/semmelweis.hu\/pszichiatria\/wp-json\/wp\/v2\/types\/page"}],"author":[{"embeddable":true,"href":"https:\/\/semmelweis.hu\/pszichiatria\/wp-json\/wp\/v2\/users\/101149"}],"replies":[{"embeddable":true,"href":"https:\/\/semmelweis.hu\/pszichiatria\/wp-json\/wp\/v2\/comments?post=1670"}],"version-history":[{"count":10,"href":"https:\/\/semmelweis.hu\/pszichiatria\/wp-json\/wp\/v2\/pages\/1670\/revisions"}],"predecessor-version":[{"id":4187,"href":"https:\/\/semmelweis.hu\/pszichiatria\/wp-json\/wp\/v2\/pages\/1670\/revisions\/4187"}],"up":[{"embeddable":true,"href":"https:\/\/semmelweis.hu\/pszichiatria\/wp-json\/wp\/v2\/pages\/1345"}],"wp:attachment":[{"href":"https:\/\/semmelweis.hu\/pszichiatria\/wp-json\/wp\/v2\/media?parent=1670"}],"wp:term":[{"taxonomy":"category","embeddable":true,"href":"https:\/\/semmelweis.hu\/pszichiatria\/wp-json\/wp\/v2\/categories?post=1670"},{"taxonomy":"post_tag","embeddable":true,"href":"https:\/\/semmelweis.hu\/pszichiatria\/wp-json\/wp\/v2\/tags?post=1670"}],"curies":[{"name":"wp","href":"https:\/\/api.w.org\/{rel}","templated":true}]}}