{"id":154,"date":"2013-02-28T08:16:45","date_gmt":"2013-02-28T08:16:45","guid":{"rendered":"http:\/\/semmelweis-egyetem.hu\/pszichiatria\/?page_id=154"},"modified":"2022-09-20T12:59:32","modified_gmt":"2022-09-20T10:59:32","slug":"4-szamu-doktori-iskola","status":"publish","type":"page","link":"https:\/\/semmelweis.hu\/pszichiatria\/oktatas\/posztgradualis-kepzes\/4-szamu-doktori-iskola\/","title":{"rendered":"Ment\u00e1lis Eg\u00e9szs\u00e9gtudom\u00e1nyok Doktori Iskola"},"content":{"rendered":"<div>\n<h2>Bemutatkoz\u00e1s<\/h2>\n<p>&nbsp;<\/p>\n<p style=\"text-align: justify\"><a href=\"https:\/\/semmelweis.hu\/pszichiatria\/files\/2016\/10\/egyetemicimer-m\u00e1solata1-e1477935075690.jpg\"><img loading=\"lazy\" decoding=\"async\" class=\"wp-image-1828 size-thumbnail alignleft\" src=\"https:\/\/semmelweis.hu\/pszichiatria\/files\/2016\/10\/Semmelweis-Egyetem-Doktori-Iskola-Logo-1500x1500-150x150.png\" alt=\"Doktori-Iskola-Logo\" width=\"150\" height=\"150\" \/><\/a>A Ment\u00e1lis Eg\u00e9szs\u00e9gtudom\u00e1nyok Doktori Iskola (Tudom\u00e1ny\u00e1gi Doktori Iskola, TDI; MAB azonos\u00edt\u00f3sz\u00e1m: 78) 1993-ban alakult. A Semmelweis Egyetem 4. sz\u00e1m\u00fa doktori iskol\u00e1ja. Vezet\u0151je Dr. Bagdy Gy\u00f6rgy egyetemi tan\u00e1r, az MTA doktora, neurol\u00f3gia, pszichi\u00e1tria, pszichoter\u00e1pia \u00e9s klinikai farmakol\u00f3gia szakvizsg\u00e1kkal rendelkezik.<\/p>\n<div class=\"exp-col-content-holder\"><a class=\"expand-cnt-link\" href=\"#\">R\u00e9szletek<\/a><\/p>\n<div class=\"hidden-content\">\n<p class=\"hiddenContentp\" style=\"text-align: justify\">A 4. sz. Doktori Iskola jelenleg h\u00e1rom programmal m\u0171k\u00f6dik: <br \/>\n&#8211; Pszichi\u00e1tria (klinikai orvostudom\u00e1ny)<br \/>\n&#8211;\u00a0Ment\u00e1lis eg\u00e9szs\u00e9gtudom\u00e1nyok (eg\u00e9szs\u00e9gtudom\u00e1ny) <br \/>\n&#8211; Egy\u00e9nek \u00e9s k\u00f6z\u00f6ss\u00e9gek er\u0151forr\u00e1sainak szociol\u00f3giai \u00e9s ment\u00e1lhigi\u00e9n\u00e9s megk\u00f6zel\u00edt\u00e9se (szociol\u00f3gia)<br \/>\n\u00a0A fenti tudom\u00e1ny\u00e1gakban megval\u00f3sul\u00f3 programok \u00e9s t\u00e9m\u00e1k, kutat\u00e1si \u00e9s oktat\u00e1si tev\u00e9kenys\u00e9geink a doktori iskola integrat\u00edv szeml\u00e9let\u00e9ben zajlanak, amelyek a term\u00e9szet- \u00e9s t\u00e1rsadalomtudom\u00e1nyos paradigm\u00e1k tal\u00e1lkoz\u00e1si pontj\u00e1n\u00e1l kieg\u00e9sz\u00edtik egym\u00e1st, egyfajta h\u00edd szerep\u00e9t t\u00f6ltik be. A TDI k\u00e9pz\u00e9si \u00e9s kutat\u00e1si tev\u00e9kenys\u00e9ge a lelki eg\u00e9szs\u00e9g \u2013 lelki betegs\u00e9g k\u00e9rd\u00e9seit helyezi a k\u00f6z\u00e9ppontba. A tudom\u00e1ny\u00e1gak \u00e9s a programok k\u00f6z\u00f6tti \u00f6sszehangolt munk\u00e1t a 3 \u00e9vre folyamatosan tervezett kurzusok biztos\u00edtj\u00e1k \u00fagy, hogy egy-egy szemeszterben 6 -7 kurzusra ker\u00fcl sor. A k\u00e9pz\u00e9si id\u0151szakon bel\u00fcl (6 szemeszter) minden hallgat\u00f3nak lehet\u0151s\u00e9ge van arra, hogy a t\u00e9m\u00e1j\u00e1hoz sz\u00fcks\u00e9ges kurzusokat felvegye. Doktori hallgat\u00f3ink alapdiplom\u00e1j\u00e1nak heterogenit\u00e1sa felz\u00e1rk\u00f3ztat\u00f3 kurzusok meghirdet\u00e9s\u00e9t tette indokoltt\u00e1, amelyeket minden f\u00e9l\u00e9vben a doktori iskola hivatalos honlapj\u00e1n k\u00f6zz\u00e9 tett kurzusadatb\u00e1zisban meghirdet\u00fcnk.<br \/>\n\u00a0A doktoranduszok k\u00e9pz\u00e9s\u00e9t az Semmelweis Egyetem Doktori Iskol\u00e1ja \u00e1ltal kiadott Doktori Szab\u00e1lyzat, valamint a Tudom\u00e1ny\u00e1gi Doktori Iskola Bels\u0151 aj\u00e1nl\u00e1sa szerint v\u00e9gezz\u00fck. A fokozatszerz\u00e9s sor\u00e1n a h\u00e1zi vit\u00e1kat opponens r\u00e9szv\u00e9tel\u00e9vel tartjuk meg.<br \/>\n\u00a0Tov\u00e1bbi r\u00e9szletes bemutatkoz\u00e1s, az egyes programok le\u00edr\u00e1sa a Doktori Iskola honlapj\u00e1n olvashat\u00f3:\u00a0<a class=\"button\" href=\"https:\/\/semmelweis.hu\/phd\/doktori-iskolak\/mentalis-egeszsegtudomanyok\/\">Tov\u00e1bb a Semmelweis Egyetem Doktori Iskol\u00e1j\u00e1nak honalpj\u00e1ra.\u00a0<\/a><\/p>\n<\/div>\n<\/div>\n<p style=\"text-align: justify\">\u00a0<\/p>\n<h2>Kurzusok \u00e9s kurzustervek<\/h2>\n<div><strong>K\u00e9pz\u00e9si Terv (kurzusok) 2016. szeptember\u00e9t\u0151l PhD k\u00e9pz\u00e9sbe l\u00e9p\u0151 hallgat\u00f3k sz\u00e1m\u00e1ra:<\/strong><\/div>\n<\/div>\n<div><a href=\"https:\/\/semmelweis.hu\/pszichiatria\/files\/2017\/09\/4_1_2-program_Speci%C3%A1lis-kurzusok2eves2016_17_2.pdf\">4-1-2 program Speci\u00e1lis kurzusok 2 \u00e9ves<\/a><\/div>\n<div><a href=\"https:\/\/semmelweis.hu\/pszichiatria\/files\/2017\/09\/4_1_kurzusok_Pszichi%C3%A1tria-program2eves2016_17_2.pdf\">4-1 kurzusok Pszichi\u00e1tria program 2 \u00e9ves (2)<\/a><\/div>\n<div><a href=\"https:\/\/semmelweis.hu\/pszichiatria\/files\/2017\/09\/4_2_kurzusok_Ment%C3%A1lis-eg%C3%A9szs%C3%A9gtuod%C3%A1ny-program2eves-2016_17_2.pdf\">4-2 kurzusok Ment\u00e1lis eg\u00e9szs\u00e9gtudom\u00e1ny program 2 \u00e9ves (4)<\/a><\/div>\n<div><a href=\"https:\/\/semmelweis.hu\/pszichiatria\/files\/2017\/09\/4_3_kurzusok_Szociol%C3%B3gia-program2eves-2016_17_2.pdf\">4-3 kurzusok Szociol\u00f3gia program 2 \u00e9ves (1)<\/a><\/div>\n<div>\u00a0<\/div>\n<div><strong>K\u00e9pz\u00e9si Terv (kurzusok) \u00e9s Orient\u00e1ci\u00f3s el\u0151ad\u00e1s a 2016. szeptembere el\u0151tt PhD k\u00e9pz\u00e9sbe l\u00e9p\u0151 hallgat\u00f3k sz\u00e1m\u00e1ra:<\/strong><\/div>\n<div style=\"padding-left: 30px\"><a href=\"https:\/\/semmelweis.hu\/pszichiatria\/files\/2016\/10\/Doktori-Szab%C3%A1lyzat-Orient%C3%A1ci%C3%B3-2015-16.pdf\">Doktori Szab\u00e1lyzat \u2013 Orient\u00e1ci\u00f3s el\u0151ad\u00e1s 2015<\/a>\u00a0(pdf)<\/div>\n<div>\u00a0<\/div>\n<div style=\"padding-left: 30px\"><span style=\"font-size: medium\"><strong>A Ment\u00e1lis Eg\u00e9szs\u00e9gtudom\u00e1nyok Doktori Iskola 3 \u00e9ves kurzustervei<\/strong><\/span><\/div>\n<p style=\"padding-left: 30px\">4\/1. \u00a0<a href=\"https:\/\/semmelweis.hu\/pszichiatria\/files\/2016\/10\/4_1.-Pszichi%C3%A1tria-program-k%C3%B6telez%C5%91-kurzusai1.pdf\">Pszichi\u00e1tria program k\u00f6telez\u0151 kurzusai<br \/>\n<\/a>4\/2.\u00a0<a href=\"https:\/\/semmelweis.hu\/pszichiatria\/files\/2016\/10\/4_2.-Ment%C3%A1lis-eg%C3%A9szs%C3%A9gtudom%C3%A1ny-program-k%C3%B6telez%C5%91-kurzusai_2015.12.01.pdf\">Ment\u00e1lis eg\u00e9szs\u00e9gtudom\u00e1ny program k\u00f6telez\u0151 kurzusai_2015.12.01<br \/>\n<\/a>4\/1-4\/2.\u00a0<a href=\"https:\/\/semmelweis.hu\/pszichiatria\/files\/2016\/10\/4_1-4_2.-program-Speci%C3%A1lis-v%C3%A1laszthat%C3%B3-kurzusai1.pdf\">Program Speci\u00e1lis v\u00e1laszthat\u00f3 kurzusai<br \/>\n<\/a>4\/3-as\u00a0<a href=\"https:\/\/semmelweis.hu\/pszichiatria\/files\/2016\/10\/4_3_kurzusok_201602-tol-1.pdf\">Kurzusok 2016.02-tol<\/a><\/p>\n<p>&nbsp;<\/p>\n<p><strong>Felz\u00e1rk\u00f3ztat\u00f3 kurzusok<\/strong><\/p>\n<p><a href=\"https:\/\/semmelweis.hu\/pszichiatria\/files\/2016\/10\/Elmegy%C3%B3gy%C3%A1szat_2014-15.pdf\">Elmegy\u00f3gy\u00e1szat I-II<br \/>\n<\/a><a href=\"https:\/\/semmelweis.hu\/pszichiatria\/files\/2016\/10\/Orvosi-pszichol%C3%B3gia-tematika.pdf\">Orvosi pszichol\u00f3gia I-II<\/a><\/p>\n<h2>Dokumentumok<\/h2>\n<p><strong>Szigorlati t\u00e9telsorok<\/strong><\/p>\n<p><a href=\"https:\/\/semmelweis.hu\/pszichiatria\/files\/2016\/10\/PhD-szig.-pszichi%C3%A1tria-t%C3%A9telsor.pdf\">Pszichi\u00e1tria szigorlati t\u00e9telsor<\/a><br \/>\n<a href=\"https:\/\/semmelweis.hu\/pszichiatria\/files\/2013\/02\/egeszsegtudomanyok_szigorlati_tetelsor.pdf\">Eg\u00e9szs\u00e9gtudom\u00e1nyok szigorlati t\u00e9telsor<\/a><br \/>\n<a href=\"https:\/\/semmelweis.hu\/pszichiatria\/files\/2013\/02\/3mell_4_3_doktoriprogram_fotargy_szigorlat.pdf\">4\/3-as program: Egy\u00e9nek \u00e9s k\u00f6z\u00f6ss\u00e9gek er\u0151forr\u00e1sainak szociol\u00f3giai \u00e9s ment\u00e1lhigi\u00e9ni\u00e1s megk\u00f6zel\u00edt\u00e9se &#8211; A Ph.D. szigorlat f\u0151t\u00e1rgy\u00e1nak tematik\u00e1ja<\/a><\/p>\n<p><strong>Egy\u00e9b dokumentumok<\/strong><\/p>\n<p><a href=\"https:\/\/semmelweis.hu\/pszichiatria\/files\/2016\/10\/Publik%C3%A1ci%C3%B3k_elfogad%C3%A1sa.pdf\">Publik\u00e1ci\u00f3k elfogad\u00e1sa<br \/>\n<\/a><a href=\"https:\/\/semmelweis.hu\/pszichiatria\/files\/2016\/10\/hazivedesjegyzokonyv.pdf\">Jegyz\u00f6k\u00f6nyv a munkahelyi vit\u00e1r\u00f3l<br \/>\n<\/a><a href=\"https:\/\/semmelweis.hu\/pszichiatria\/files\/2013\/02\/modszertani_szigorlati_tetelsor-1.pdf\">M\u00f3dszertani k\u00e9rd\u00e9sek<br \/>\n<\/a><a href=\"https:\/\/semmelweis.hu\/pszichiatria\/files\/2016\/10\/Bels%C5%91-aj%C3%A1nl%C3%A1s-2014.pdf\">Bels\u0151 aj\u00e1nl\u00e1s 2014<br \/>\n<\/a><\/p>\n<p><a href=\"http:\/\/www.doktori.hu\/index.php?menuid=116&amp;lang=HU\">Az Ment\u00e1lis Eg\u00e9szs\u00e9gtudom\u00e1nyok Doktori Iskola t\u00e9mavezet\u0151i \u00e9s t\u00e9mak\u00f6rei<\/a>\u00a0(Az Orsz\u00e1gos Doktori Tan\u00e1cs honlapja)<\/p>\n","protected":false},"excerpt":{"rendered":"<p>Bemutatkoz\u00e1s &nbsp; <a href=\"https:\/\/semmelweis.hu\/pszichiatria\/files\/2016\/10\/egyetemicimer-m\u00e1solata1-e1477935075690.jpg\"><\/a> A Ment\u00e1lis Eg\u00e9szs\u00e9gtudom\u00e1nyok Doktori Iskola (Tudom\u00e1ny\u00e1gi Doktori Iskola, TDI; MAB azonos\u00edt\u00f3sz\u00e1m: 78) 1993-ban alakult. A Semmelweis Egyetem 4. sz\u00e1m\u00fa doktori iskol\u00e1ja. Vezet\u0151je Dr. Bagdy Gy\u00f6rgy egyetemi tan\u00e1r, az MTA doktora, neurol\u00f3gia, pszichi\u00e1tria, pszichoter\u00e1pia \u00e9s klinikai farmakol\u00f3gia szakvizsg\u00e1kkal rendelkezik. <a class=\"expand-cnt-link\" href=\"#\">R\u00e9szletek<\/a> A 4. sz. Doktori Iskola jelenleg h\u00e1rom programmal m\u0171k\u00f6dik: &#8211; Pszichi\u00e1tria (klinikai orvostudom\u00e1ny) &#8211;\u00a0Ment\u00e1lis eg\u00e9szs\u00e9gtudom\u00e1nyok &hellip;<\/p>\n","protected":false},"author":57,"featured_media":0,"parent":2166,"menu_order":0,"comment_status":"open","ping_status":"open","template":"","meta":{"_acf_changed":false,"footnotes":""},"categories":[],"tags":[],"class_list":["post-154","page","type-page","status-publish","hentry"],"acf":[],"_links":{"self":[{"href":"https:\/\/semmelweis.hu\/pszichiatria\/wp-json\/wp\/v2\/pages\/154","targetHints":{"allow":["GET"]}}],"collection":[{"href":"https:\/\/semmelweis.hu\/pszichiatria\/wp-json\/wp\/v2\/pages"}],"about":[{"href":"https:\/\/semmelweis.hu\/pszichiatria\/wp-json\/wp\/v2\/types\/page"}],"author":[{"embeddable":true,"href":"https:\/\/semmelweis.hu\/pszichiatria\/wp-json\/wp\/v2\/users\/57"}],"replies":[{"embeddable":true,"href":"https:\/\/semmelweis.hu\/pszichiatria\/wp-json\/wp\/v2\/comments?post=154"}],"version-history":[{"count":12,"href":"https:\/\/semmelweis.hu\/pszichiatria\/wp-json\/wp\/v2\/pages\/154\/revisions"}],"predecessor-version":[{"id":4384,"href":"https:\/\/semmelweis.hu\/pszichiatria\/wp-json\/wp\/v2\/pages\/154\/revisions\/4384"}],"up":[{"embeddable":true,"href":"https:\/\/semmelweis.hu\/pszichiatria\/wp-json\/wp\/v2\/pages\/2166"}],"wp:attachment":[{"href":"https:\/\/semmelweis.hu\/pszichiatria\/wp-json\/wp\/v2\/media?parent=154"}],"wp:term":[{"taxonomy":"category","embeddable":true,"href":"https:\/\/semmelweis.hu\/pszichiatria\/wp-json\/wp\/v2\/categories?post=154"},{"taxonomy":"post_tag","embeddable":true,"href":"https:\/\/semmelweis.hu\/pszichiatria\/wp-json\/wp\/v2\/tags?post=154"}],"curies":[{"name":"wp","href":"https:\/\/api.w.org\/{rel}","templated":true}]}}