{"id":14,"date":"2012-01-24T16:44:27","date_gmt":"2012-01-24T16:44:27","guid":{"rendered":"http:\/\/semmelweis-egyetem.hu\/pszichiatria\/?page_id=14"},"modified":"2026-03-31T16:49:42","modified_gmt":"2026-03-31T14:49:42","slug":"betegellatas","status":"publish","type":"page","link":"https:\/\/semmelweis.hu\/pszichiatria\/betegellatas\/","title":{"rendered":"Betegell\u00e1t\u00e1s"},"content":{"rendered":"<p style=\"text-align: justify\">Az Egyetem vezet\u00e9s\u00e9nek d\u00f6nt\u00e9se alapj\u00e1n a Klinik\u00e1nk \u00e9p\u00fclet\u00e9ben dolgoz\u00f3k 2020.10.22-\u00e9t\u0151l fokozatosan a koronav\u00edrussal fert\u0151z\u00f6tt betegek ell\u00e1t\u00e1s\u00e1ba kapcsol\u00f3dtak be. A koronav\u00edrussal nem \u00e9rintett betegeink tov\u00e1bbi ell\u00e1t\u00e1sa a Klinika Szent R\u00f3kus T\u00f6mbben tal\u00e1lhat\u00f3 r\u00e9szleg\u00e9ben, annak kib\u0151v\u00edt\u00e9s\u00e9vel folytat\u00f3dik tov\u00e1bb.<\/p>\n<p><a href=\"https:\/\/semmelweis.hu\/pszichiatria\/covid-19\/\">Tov\u00e1bb a Klinika folyamatosan friss\u00fcl\u0151 Covid-19 inform\u00e1ci\u00f3ihoz \u2192<\/a><\/p>\n<h4><strong>J\u00e1r\u00f3beteg ell\u00e1t\u00e1s<\/strong><\/h4>\n<div class=\"keretes w-100\">\n<ul style=\"list-style-type: square\">\n<li><a href=\"https:\/\/semmelweis.hu\/pszichiatria\/betegellatas\/szakambulanciak\/felnott-surgossegi-pszichiatriai-szakambulancia\/\">Feln\u0151tt S\u00fcrg\u0151ss\u00e9gi Pszichi\u00e1triai szakambulancia<\/a><\/li>\n<li><a href=\"https:\/\/semmelweis.hu\/pszichiatria\/rendelesi-idok\/memoria-szakambulancia\/\">Mem\u00f3ria ambulancia<\/a><\/li>\n<li><a href=\"https:\/\/semmelweis.hu\/pszichiatria\/betegellatas\/neuropszichologia-szakambulancia\/\">Neuropszichol\u00f3gia<\/a><\/li>\n<li><a href=\"https:\/\/semmelweis.hu\/pszichiatria\/betegellatas\/szakambulanciak\/adhd-ambulancia\/\">ADHD ambulancia<\/a><\/li>\n<li><a href=\"https:\/\/semmelweis.hu\/pszichiatria\/files\/2022\/06\/Jaro.pdf\">J\u00e1r\u00f3beteg h\u00e1zirend<\/a><\/li>\n<\/ul>\n<\/div>\n<h4 style=\"text-align: justify\"><strong>Fekv\u0151beteg ell\u00e1t\u00e1s<\/strong><\/h4>\n<div class=\"keretes w-100\">\n<ul style=\"list-style-type: square\">\n<li><a href=\"https:\/\/semmelweis.hu\/pszichiatria\/betegellatas\/fekvobeteg-ellatas\/neuropszichiatriai-osztaly-a1\/\">Neuropszichi\u00e1triai Oszt\u00e1ly (A1)<\/a><\/li>\n<li><a href=\"https:\/\/semmelweis.hu\/pszichiatria\/betegellatas\/fekvobeteg-ellatas\/akut-pszichiatriai-osztaly-a2\/\">Akut Pszichi\u00e1triai Oszt\u00e1ly (A2)<\/a><\/li>\n<li><a href=\"https:\/\/semmelweis.hu\/pszichiatria\/betegellatas\/fekvobeteg-ellatas\/affektiv-es-pszichofarmakologiai-osztaly-b1\/\">Affekt\u00edv \u00e9s Pszichofarmakol\u00f3giai Oszt\u00e1ly (B1)<\/a><\/li>\n<li><a href=\"https:\/\/semmelweis.hu\/pszichiatria\/betegellatas\/fekvobeteg-ellatas\/krizis-es-addiktologiai-osztaly-b2\/\">Kr\u00edzis \u00e9s Addiktol\u00f3giai Oszt\u00e1ly (B2)<\/a><\/li>\n<li><a href=\"https:\/\/semmelweis.hu\/pszichoterapiasosztaly\/\">Pszichoter\u00e1pi\u00e1s Oszt\u00e1ly (B fsz.)<\/a><\/li>\n<li><a href=\"https:\/\/semmelweis.hu\/pszichiatria\/betegellatas\/fekvobeteg-ellatas\/rokus-klinikai-reszleg-szent-rokus-klinikai-tomb\/\">R\u00f3kus Klinikai R\u00e9szleg (Szent R\u00f3kus Klinikai T\u00f6mb)<\/a><\/li>\n<li>Fekv\u0151beteg h\u00e1zirend-hamarosan<\/li>\n<\/ul>\n<\/div>\n<h4><strong>Nappali k\u00f3rh\u00e1z<\/strong><\/h4>\n<div class=\"keretes w-100\">\n<p style=\"text-align: justify\">Klinik\u00e1nk Nappali K\u00f3rh\u00e1za jelenleg 25 akt\u00edv \u00e9s 12 kr\u00f3nikus f\u00e9r\u0151hellyel \u00e9s folyamatosan b\u0151v\u00fcl\u0151 profilokkal rendelkezik. \u00c9vek \u00f3ta m\u0171k\u00f6d\u0151 foglalkoztat\u00f3nk \u00e9s a csoport megtart\u00f3 erej\u00e9n alapul\u00f3 klasszikus szocioter\u00e1pi\u00e1s ell\u00e1t\u00e1s mellett tematikus k\u00e9szs\u00e9gfejleszt\u0151 csoportokat is tartunk k\u00f3rh\u00e1zi befekv\u00e9st nem ig\u00e9nyl\u0151 probl\u00e9m\u00e1val k\u00fczd\u0151k r\u00e9sz\u00e9re.<\/p>\n<ul style=\"list-style-type: square\">\n<li><a href=\"https:\/\/semmelweis.hu\/pszichiatria\/betegellatas\/nappali-korhaz\/\">B\u0151vebb bemutat\u00f3 \u00e9s m\u0171k\u00f6d\u00e9si rend \u2192<\/a><\/li>\n<li><a href=\"https:\/\/semmelweis.hu\/pszichiatria\/betegellatas\/nappali-korhaz\/nappali-korhaz-tematikus-kethetes-csoportok\/\" target=\"_blank\" rel=\"noopener\">K\u00e9thetes tematikus csoportok \u2192<\/a><\/li>\n<\/ul>\n<\/div>\n<p style=\"text-align: justify\">\u00a0<\/p>\n<p style=\"text-align: justify\">\u00a0<\/p>\n","protected":false},"excerpt":{"rendered":"<p>Az Egyetem vezet\u00e9s\u00e9nek d\u00f6nt\u00e9se alapj\u00e1n a Klinik\u00e1nk \u00e9p\u00fclet\u00e9ben dolgoz\u00f3k 2020.10.22-\u00e9t\u0151l fokozatosan a koronav\u00edrussal fert\u0151z\u00f6tt betegek ell\u00e1t\u00e1s\u00e1ba kapcsol\u00f3dtak be. A koronav\u00edrussal nem \u00e9rintett betegeink tov\u00e1bbi ell\u00e1t\u00e1sa a Klinika Szent R\u00f3kus T\u00f6mbben tal\u00e1lhat\u00f3 r\u00e9szleg\u00e9ben, annak kib\u0151v\u00edt\u00e9s\u00e9vel folytat\u00f3dik tov\u00e1bb. <a href=\"https:\/\/semmelweis.hu\/pszichiatria\/covid-19\/\">Tov\u00e1bb a Klinika folyamatosan friss\u00fcl\u0151 Covid-19 inform\u00e1ci\u00f3ihoz \u2192<\/a> J\u00e1r\u00f3beteg ell\u00e1t\u00e1s <a href=\"https:\/\/semmelweis.hu\/pszichiatria\/betegellatas\/szakambulanciak\/felnott-surgossegi-pszichiatriai-szakambulancia\/\">Feln\u0151tt S\u00fcrg\u0151ss\u00e9gi Pszichi\u00e1triai szakambulancia<\/a> <a href=\"https:\/\/semmelweis.hu\/pszichiatria\/rendelesi-idok\/memoria-szakambulancia\/\">Mem\u00f3ria ambulancia<\/a> <a href=\"https:\/\/semmelweis.hu\/pszichiatria\/betegellatas\/neuropszichologia-szakambulancia\/\">Neuropszichol\u00f3gia<\/a> <a href=\"https:\/\/semmelweis.hu\/pszichiatria\/betegellatas\/szakambulanciak\/adhd-ambulancia\/\">ADHD ambulancia<\/a> <a href=\"https:\/\/semmelweis.hu\/pszichiatria\/files\/2022\/06\/Jaro.pdf\">J\u00e1r\u00f3beteg h\u00e1zirend<\/a> Fekv\u0151beteg ell\u00e1t\u00e1s <a href=\"https:\/\/semmelweis.hu\/pszichiatria\/betegellatas\/fekvobeteg-ellatas\/neuropszichiatriai-osztaly-a1\/\">Neuropszichi\u00e1triai Oszt\u00e1ly (A1)<\/a> <a href=\"https:\/\/semmelweis.hu\/pszichiatria\/betegellatas\/fekvobeteg-ellatas\/akut-pszichiatriai-osztaly-a2\/\">Akut Pszichi\u00e1triai Oszt\u00e1ly (A2)<\/a> <a href=\"https:\/\/semmelweis.hu\/pszichiatria\/betegellatas\/fekvobeteg-ellatas\/affektiv-es-pszichofarmakologiai-osztaly-b1\/\">Affekt\u00edv \u00e9s Pszichofarmakol\u00f3giai Oszt\u00e1ly (B1)<\/a> <a href=\"https:\/\/semmelweis.hu\/pszichiatria\/betegellatas\/fekvobeteg-ellatas\/krizis-es-addiktologiai-osztaly-b2\/\">Kr\u00edzis \u00e9s Addiktol\u00f3giai Oszt\u00e1ly (B2)<\/a> <a href=\"https:\/\/semmelweis.hu\/pszichoterapiasosztaly\/\">Pszichoter\u00e1pi\u00e1s Oszt\u00e1ly (B fsz.)<\/a> <a href=\"https:\/\/semmelweis.hu\/pszichiatria\/betegellatas\/fekvobeteg-ellatas\/rokus-klinikai-reszleg-szent-rokus-klinikai-tomb\/\">R\u00f3kus Klinikai R\u00e9szleg (Szent R\u00f3kus Klinikai T\u00f6mb)<\/a> Fekv\u0151beteg h\u00e1zirend-hamarosan Nappali k\u00f3rh\u00e1z Klinik\u00e1nk Nappali K\u00f3rh\u00e1za jelenleg 25 akt\u00edv \u00e9s 12 kr\u00f3nikus f\u00e9r\u0151hellyel \u00e9s &hellip;<\/p>\n","protected":false},"author":101149,"featured_media":0,"parent":0,"menu_order":0,"comment_status":"closed","ping_status":"closed","template":"","meta":{"_acf_changed":false,"footnotes":""},"categories":[],"tags":[],"class_list":["post-14","page","type-page","status-publish","hentry"],"acf":[],"_links":{"self":[{"href":"https:\/\/semmelweis.hu\/pszichiatria\/wp-json\/wp\/v2\/pages\/14","targetHints":{"allow":["GET"]}}],"collection":[{"href":"https:\/\/semmelweis.hu\/pszichiatria\/wp-json\/wp\/v2\/pages"}],"about":[{"href":"https:\/\/semmelweis.hu\/pszichiatria\/wp-json\/wp\/v2\/types\/page"}],"author":[{"embeddable":true,"href":"https:\/\/semmelweis.hu\/pszichiatria\/wp-json\/wp\/v2\/users\/101149"}],"replies":[{"embeddable":true,"href":"https:\/\/semmelweis.hu\/pszichiatria\/wp-json\/wp\/v2\/comments?post=14"}],"version-history":[{"count":10,"href":"https:\/\/semmelweis.hu\/pszichiatria\/wp-json\/wp\/v2\/pages\/14\/revisions"}],"predecessor-version":[{"id":5709,"href":"https:\/\/semmelweis.hu\/pszichiatria\/wp-json\/wp\/v2\/pages\/14\/revisions\/5709"}],"wp:attachment":[{"href":"https:\/\/semmelweis.hu\/pszichiatria\/wp-json\/wp\/v2\/media?parent=14"}],"wp:term":[{"taxonomy":"category","embeddable":true,"href":"https:\/\/semmelweis.hu\/pszichiatria\/wp-json\/wp\/v2\/categories?post=14"},{"taxonomy":"post_tag","embeddable":true,"href":"https:\/\/semmelweis.hu\/pszichiatria\/wp-json\/wp\/v2\/tags?post=14"}],"curies":[{"name":"wp","href":"https:\/\/api.w.org\/{rel}","templated":true}]}}