{"id":1367,"date":"2016-08-11T13:23:42","date_gmt":"2016-08-11T11:23:42","guid":{"rendered":"http:\/\/semmelweis.hu\/pszichiatria\/?page_id=1367"},"modified":"2016-10-13T12:39:32","modified_gmt":"2016-10-13T10:39:32","slug":"e-learning","status":"publish","type":"page","link":"https:\/\/semmelweis.hu\/pszichiatria\/oktatas\/gradualis-kepzes\/e-learning\/","title":{"rendered":"E-learning"},"content":{"rendered":"<p><strong>E-learning rendszer el\u00e9r\u00e9se:<\/strong><\/p>\n<p><span style=\"text-decoration: underline\"><span style=\"color: #3366ff\"><a style=\"color: #3366ff;text-decoration: underline\" href=\"http:\/\/itc.semmelweis.hu\/moodle\/\" target=\"_blank\">http:\/\/itc.semmelweis.hu\/moodle\/<\/a><\/span><\/span><\/p>\n<p><strong>Let\u00f6lthet\u0151 form\u00e1tumban (doc):<\/strong><\/p>\n<p><span style=\"text-decoration: underline;color: #3366ff\"><a style=\"color: #3366ff;text-decoration: underline\" href=\"https:\/\/semmelweis.hu\/pszichiatria\/oktatas\/gradualis-kepzes\/e-learning\/e-learning\/\">Magyar E-learning<\/a><\/span><\/p>\n<p><span style=\"text-decoration: underline\"><span style=\"color: #3366ff\"><a style=\"color: #3366ff;text-decoration: underline\" href=\"https:\/\/semmelweis.hu\/pszichiatria\/oktatas\/gradualis-kepzes\/e-learning\/english-e-learning\/\">English E-learning<\/a><\/span><\/span><\/p>\n<p><span style=\"text-decoration: underline\"><span style=\"color: #3366ff\"><a style=\"color: #3366ff;text-decoration: underline\" href=\"https:\/\/semmelweis.hu\/pszichiatria\/oktatas\/gradualis-kepzes\/e-learning\/deutsche-e-learning\/\">Deutsche E-learning<\/a><\/span><\/span><\/p>\n","protected":false},"excerpt":{"rendered":"<p>E-learning rendszer el\u00e9r\u00e9se:<br \/>\n<a style=\"color: #3366ff;text-decoration: underline\" href=\"http:\/\/itc.semmelweis.hu\/moodle\/\" target=\"_blank\">http:\/\/itc.semmelweis.hu\/moodle\/<\/a><br \/>\nLet\u00f6lthet\u0151 form\u00e1tumban (doc):<br \/>\n<a style=\"color: #3366ff;text-decoration: underline\" href=\"https:\/\/semmelweis.hu\/pszichiatria\/oktatas\/gradualis-kepzes\/e-learning\/e-learning\/\">Magyar E-learning<\/a><br \/>\n<a style=\"color: #3366ff;text-decoration: underline\" href=\"https:\/\/semmelweis.hu\/pszichiatria\/oktatas\/gradualis-kepzes\/e-learning\/english-e-learning\/\">English E-learning<\/a><br \/>\n<a style=\"color: #3366ff;text-decoration: underline\" href=\"https:\/\/semmelweis.hu\/pszichiatria\/oktatas\/gradualis-kepzes\/e-learning\/deutsche-e-learning\/\">Deutsche E-learning<\/a><\/p>\n","protected":false},"author":57,"featured_media":0,"parent":1345,"menu_order":3,"comment_status":"closed","ping_status":"closed","template":"","meta":{"_acf_changed":false,"footnotes":""},"categories":[],"tags":[],"class_list":["post-1367","page","type-page","status-publish","hentry"],"acf":[],"_links":{"self":[{"href":"https:\/\/semmelweis.hu\/pszichiatria\/wp-json\/wp\/v2\/pages\/1367","targetHints":{"allow":["GET"]}}],"collection":[{"href":"https:\/\/semmelweis.hu\/pszichiatria\/wp-json\/wp\/v2\/pages"}],"about":[{"href":"https:\/\/semmelweis.hu\/pszichiatria\/wp-json\/wp\/v2\/types\/page"}],"author":[{"embeddable":true,"href":"https:\/\/semmelweis.hu\/pszichiatria\/wp-json\/wp\/v2\/users\/57"}],"replies":[{"embeddable":true,"href":"https:\/\/semmelweis.hu\/pszichiatria\/wp-json\/wp\/v2\/comments?post=1367"}],"version-history":[{"count":8,"href":"https:\/\/semmelweis.hu\/pszichiatria\/wp-json\/wp\/v2\/pages\/1367\/revisions"}],"predecessor-version":[{"id":1729,"href":"https:\/\/semmelweis.hu\/pszichiatria\/wp-json\/wp\/v2\/pages\/1367\/revisions\/1729"}],"up":[{"embeddable":true,"href":"https:\/\/semmelweis.hu\/pszichiatria\/wp-json\/wp\/v2\/pages\/1345"}],"wp:attachment":[{"href":"https:\/\/semmelweis.hu\/pszichiatria\/wp-json\/wp\/v2\/media?parent=1367"}],"wp:term":[{"taxonomy":"category","embeddable":true,"href":"https:\/\/semmelweis.hu\/pszichiatria\/wp-json\/wp\/v2\/categories?post=1367"},{"taxonomy":"post_tag","embeddable":true,"href":"https:\/\/semmelweis.hu\/pszichiatria\/wp-json\/wp\/v2\/tags?post=1367"}],"curies":[{"name":"wp","href":"https:\/\/api.w.org\/{rel}","templated":true}]}}