{"id":13,"date":"2012-01-24T16:40:07","date_gmt":"2012-01-24T16:40:07","guid":{"rendered":"http:\/\/semmelweis-egyetem.hu\/pszichiatria\/?page_id=13"},"modified":"2023-06-26T13:26:57","modified_gmt":"2023-06-26T11:26:57","slug":"tdk-temak","status":"publish","type":"page","link":"https:\/\/semmelweis.hu\/pszichiatria\/kutatasi-teruletek\/tdk-temak\/","title":{"rendered":"TDK-t\u00e9m\u00e1k"},"content":{"rendered":"<p><span style=\"color: #3366ff\"><a href=\"https:\/\/semmelweis.hu\/tdk\/\">Semmelweis Egyetem Tudom\u00e1nyos Di\u00e1kk\u00f6r\u00a0honlapja \u2192<\/a><\/span><\/p>\n<p>&nbsp;<\/p>\n<p><embed src=\"https:\/\/semmelweis.hu\/pszichiatria\/files\/2023\/06\/Szakdolgozat-temak-2023-2024.pdf\" width=\"100%\" height=\"900\"><\/embed><\/p>\n","protected":false},"excerpt":{"rendered":"<p><a href=\"https:\/\/semmelweis.hu\/tdk\/\">Semmelweis Egyetem Tudom\u00e1nyos Di\u00e1kk\u00f6r\u00a0honlapja \u2192<\/a><br \/>\n&nbsp;<\/p>\n","protected":false},"author":101149,"featured_media":0,"parent":11,"menu_order":1,"comment_status":"closed","ping_status":"closed","template":"","meta":{"_acf_changed":false,"footnotes":""},"categories":[],"tags":[],"class_list":["post-13","page","type-page","status-publish","hentry"],"acf":[],"_links":{"self":[{"href":"https:\/\/semmelweis.hu\/pszichiatria\/wp-json\/wp\/v2\/pages\/13","targetHints":{"allow":["GET"]}}],"collection":[{"href":"https:\/\/semmelweis.hu\/pszichiatria\/wp-json\/wp\/v2\/pages"}],"about":[{"href":"https:\/\/semmelweis.hu\/pszichiatria\/wp-json\/wp\/v2\/types\/page"}],"author":[{"embeddable":true,"href":"https:\/\/semmelweis.hu\/pszichiatria\/wp-json\/wp\/v2\/users\/101149"}],"replies":[{"embeddable":true,"href":"https:\/\/semmelweis.hu\/pszichiatria\/wp-json\/wp\/v2\/comments?post=13"}],"version-history":[{"count":12,"href":"https:\/\/semmelweis.hu\/pszichiatria\/wp-json\/wp\/v2\/pages\/13\/revisions"}],"predecessor-version":[{"id":4610,"href":"https:\/\/semmelweis.hu\/pszichiatria\/wp-json\/wp\/v2\/pages\/13\/revisions\/4610"}],"up":[{"embeddable":true,"href":"https:\/\/semmelweis.hu\/pszichiatria\/wp-json\/wp\/v2\/pages\/11"}],"wp:attachment":[{"href":"https:\/\/semmelweis.hu\/pszichiatria\/wp-json\/wp\/v2\/media?parent=13"}],"wp:term":[{"taxonomy":"category","embeddable":true,"href":"https:\/\/semmelweis.hu\/pszichiatria\/wp-json\/wp\/v2\/categories?post=13"},{"taxonomy":"post_tag","embeddable":true,"href":"https:\/\/semmelweis.hu\/pszichiatria\/wp-json\/wp\/v2\/tags?post=13"}],"curies":[{"name":"wp","href":"https:\/\/api.w.org\/{rel}","templated":true}]}}