{"id":11,"date":"2012-01-24T16:34:48","date_gmt":"2012-01-24T16:34:48","guid":{"rendered":"http:\/\/semmelweis-egyetem.hu\/pszichiatria\/?page_id=11"},"modified":"2017-03-02T13:18:20","modified_gmt":"2017-03-02T12:18:20","slug":"kutatasi-teruletek","status":"publish","type":"page","link":"https:\/\/semmelweis.hu\/pszichiatria\/kutatasi-teruletek\/","title":{"rendered":"Kutat\u00e1si ter\u00fcletek"},"content":{"rendered":"<p style=\"text-align: justify\">A Pszichi\u00e1tria \u00e9s Pszichoter\u00e1pi\u00e1s Klinik\u00e1n intenz\u00edv \u00e9s szerte\u00e1gaz\u00f3 kutat\u00e1si tev\u00e9kenys\u00e9g\u00a0folyik sz\u00e1mos hazai \u00e9s nemzetk\u00f6zi kollabor\u00e1ci\u00f3val.<\/p>\n<p style=\"text-align: justify\"><strong>Legfontosabb kutat\u00e1si t\u00e9m\u00e1ink:<\/strong><br \/>\n Feln\u0151ttkori figyelemhi\u00e1nyos\/\u00a0hiperakt\u00edv zavar (ADHD) vizsg\u00e1lata, bele\u00e9rtve az ADHD magyar popul\u00e1ci\u00f3n t\u00f6rt\u00e9nt epidemiol\u00f3giai \u00e9s genetikai\u00a0vizsg\u00e1lat\u00e1t. A szkizofr\u00e9nia genetikai h\u00e1tter\u00e9nek vizsg\u00e1lata (alt\u00e9m\u00e1k: kandid\u00e1ns g\u00e9nek polimorfizmusainak\u00a0tanulm\u00e1nyoz\u00e1sa szkizofr\u00e9n betegek magyar csoportj\u00e1ban, \u00f6sszef\u00fcgg\u00e9s\u00fck a szkizofr\u00e9nia deficit szindr\u00f3m\u00e1j\u00e1val).\u00a0Neuropszichol\u00f3giai \u00e9s pszichofiziol\u00f3giai vizsg\u00e1latok szkizofr\u00e9ni\u00e1ban, ADHD-ban \u00e9s bipol\u00e1ris zavarokban.\u00a0Vizu\u00e1lis percepci\u00f3, figyelem, mem\u00f3ria, d\u00f6nt\u00e9shozatali folyamatok valamint szoci\u00e1lis kogn\u00edci\u00f3 vizsg\u00e1lata\u00a0pszichi\u00e1triai megbeteged\u00e9sekben. Em\u00f3ci\u00f3k felismer\u00e9s\u00e9nek \u00e9s kifejez\u00e9s\u00e9nek vizsg\u00e1lata pszichi\u00e1triai betegekn\u00e9l\u00a0(alt\u00e9m\u00e1k: \u00e9rzelem felismer\u00e9s vizsg\u00e1lata pszichi\u00e1triai k\u00f3rk\u00e9pekben sz\u00e1m\u00edt\u00f3g\u00e9ppel gener\u00e1lt arckifejez\u00e9seket\u00a0haszn\u00e1lva; em\u00f3ci\u00f3kat kifejez\u0151 gesztusok felismer\u00e9s\u00e9nek vizsg\u00e1lata, a hangon kereszt\u00fcli kifejez\u00e9s \u00e9s felismer\u00e9s\u00a0vizsg\u00e1lata). Virtu\u00e1lis val\u00f3s\u00e1g alkalmaz\u00e1s\u00e1nak lehet\u0151s\u00e9gei a pszichi\u00e1tri\u00e1ban \u00e9s pszichoter\u00e1pi\u00e1ban.\u00a0Pszichofarmakol\u00f3giai vizsg\u00e1latok (pszichopatol\u00f3giai \u00e9s neurokognit\u00edv v\u00e1ltoz\u00f3k elemz\u00e9se k\u00fcl\u00f6nb\u00f6z\u0151 t\u00edpusos- \u00e9s\u00a0\u00fajabb at\u00edpusos neuroleptikumokkal val\u00f3 kezel\u00e9s hat\u00e1s\u00e1ra, gy\u00f3gyszerhat\u00e1sra bek\u00f6vetkez\u0151 klinikai v\u00e1lasz egyedi\u00a0prediktor-t\u00e9nyez\u0151inek elemz\u00e9se). Sz\u0171r\u0151vizsg\u00e1lati m\u00f3dszer kifejleszt\u00e9se minim\u00e1lis kognit\u00edv k\u00e1rosod\u00e1s meg\u00e1llap\u00edt\u00e1s\u00e1ra.\u00a0Ev\u00e9szavarok tipol\u00f3giai \u00e9s dimenzion\u00e1lis jellemz\u0151i \u00e9s kognit\u00edv s\u00e9m\u00e1k k\u00f6z\u00f6tti \u00f6sszef\u00fcgg\u00e9sek vizsg\u00e1lata,\u00a0valamint kognit\u00edv s\u00e9m\u00e1k \u00e9s pszichopatol\u00f3giai t\u00fcnetek \u00f6sszef\u00fcgg\u00e9s\u00e9nek elemz\u00e9se.<\/p>\n<p style=\"text-align: justify\"><strong>Tov\u00e1bbi fontos kutat\u00e1si ter\u00fcletek:<\/strong><br \/>\n Szorong\u00e1sos \u00e9s affekt\u00edv zavarok vizsg\u00e1lata, pszichoter\u00e1pi\u00e1k hat\u00e9konys\u00e1g\u00e1nak m\u00e9r\u00e9si lehet\u0151s\u00e9gei, \u00e9tkez\u00e9si\u00a0zavarok komplex ter\u00e1pi\u00e1ja, organikus pszichoszindr\u00f3m\u00e1k \u00e9s gerontopszichi\u00e1tria, epilepszia pszichopatol\u00f3giai\u00a0t\u00fcnetei, elektrofiziol\u00f3giai kutat\u00e1sok, ment\u00e1lhigi\u00e9n\u00e9s m\u00f3dszerek alkalmaz\u00e1si ter\u00fcletei. B\u00edr\u00f3k k\u00f6r\u00e9ben v\u00e9gzett felm\u00e9r\u00e9s az igazs\u00e1g\u00fcgyi pszichi\u00e1triai szak\u00e9rt\u0151i v\u00e9lem\u00e9ny mely szerep\u00e9r\u0151l. A feln\u0151ttkorra fennmarad\u00f3 figyelemhi\u00e1nyos hiperaktivit\u00e1s zavar (feln\u0151ttkori ADHD) epidemiol\u00f3giai \u00e9s egy\u00e9b vonatkoz\u00e1sait feln\u0151tt fogvatartottak k\u00f6z\u00f6tt.<\/p>\n","protected":false},"excerpt":{"rendered":"<p>A Pszichi\u00e1tria \u00e9s Pszichoter\u00e1pi\u00e1s Klinik\u00e1n intenz\u00edv \u00e9s szerte\u00e1gaz\u00f3 kutat\u00e1si tev\u00e9kenys\u00e9g\u00a0folyik sz\u00e1mos hazai \u00e9s nemzetk\u00f6zi kollabor\u00e1ci\u00f3val. Legfontosabb kutat\u00e1si t\u00e9m\u00e1ink: Feln\u0151ttkori figyelemhi\u00e1nyos\/\u00a0hiperakt\u00edv zavar (ADHD) vizsg\u00e1lata, bele\u00e9rtve az ADHD magyar popul\u00e1ci\u00f3n t\u00f6rt\u00e9nt epidemiol\u00f3giai \u00e9s genetikai\u00a0vizsg\u00e1lat\u00e1t. A szkizofr\u00e9nia genetikai h\u00e1tter\u00e9nek vizsg\u00e1lata (alt\u00e9m\u00e1k: kandid\u00e1ns g\u00e9nek polimorfizmusainak\u00a0tanulm\u00e1nyoz\u00e1sa szkizofr\u00e9n betegek magyar csoportj\u00e1ban, \u00f6sszef\u00fcgg\u00e9s\u00fck a szkizofr\u00e9nia deficit szindr\u00f3m\u00e1j\u00e1val).\u00a0Neuropszichol\u00f3giai \u00e9s pszichofiziol\u00f3giai vizsg\u00e1latok szkizofr\u00e9ni\u00e1ban, ADHD-ban &hellip;<\/p>\n","protected":false},"author":101149,"featured_media":0,"parent":0,"menu_order":0,"comment_status":"open","ping_status":"open","template":"","meta":{"_acf_changed":false,"footnotes":""},"categories":[],"tags":[],"class_list":["post-11","page","type-page","status-publish","hentry"],"acf":[],"_links":{"self":[{"href":"https:\/\/semmelweis.hu\/pszichiatria\/wp-json\/wp\/v2\/pages\/11","targetHints":{"allow":["GET"]}}],"collection":[{"href":"https:\/\/semmelweis.hu\/pszichiatria\/wp-json\/wp\/v2\/pages"}],"about":[{"href":"https:\/\/semmelweis.hu\/pszichiatria\/wp-json\/wp\/v2\/types\/page"}],"author":[{"embeddable":true,"href":"https:\/\/semmelweis.hu\/pszichiatria\/wp-json\/wp\/v2\/users\/101149"}],"replies":[{"embeddable":true,"href":"https:\/\/semmelweis.hu\/pszichiatria\/wp-json\/wp\/v2\/comments?post=11"}],"version-history":[{"count":3,"href":"https:\/\/semmelweis.hu\/pszichiatria\/wp-json\/wp\/v2\/pages\/11\/revisions"}],"predecessor-version":[{"id":2217,"href":"https:\/\/semmelweis.hu\/pszichiatria\/wp-json\/wp\/v2\/pages\/11\/revisions\/2217"}],"wp:attachment":[{"href":"https:\/\/semmelweis.hu\/pszichiatria\/wp-json\/wp\/v2\/media?parent=11"}],"wp:term":[{"taxonomy":"category","embeddable":true,"href":"https:\/\/semmelweis.hu\/pszichiatria\/wp-json\/wp\/v2\/categories?post=11"},{"taxonomy":"post_tag","embeddable":true,"href":"https:\/\/semmelweis.hu\/pszichiatria\/wp-json\/wp\/v2\/tags?post=11"}],"curies":[{"name":"wp","href":"https:\/\/api.w.org\/{rel}","templated":true}]}}