{"id":95,"date":"2015-11-18T00:00:00","date_gmt":"2015-11-17T23:00:00","guid":{"rendered":"http:\/\/semmelweis.hu\/psychophysiology\/validation-and-development-of-psychological-tests\/"},"modified":"2015-12-04T14:21:32","modified_gmt":"2015-12-04T13:21:32","slug":"validation-and-development-of-psychological-tests","status":"publish","type":"page","link":"https:\/\/semmelweis.hu\/psychophysiology\/research\/topics\/validation-and-development-of-psychological-tests\/","title":{"rendered":"Validation and development of psychological tests"},"content":{"rendered":"<br \/>\n<table class=\"contentpaneopen\">\n<tr>\n<td valign=\"top\">\n<h4><a href=\"\/research.html\">Research<\/a> &gt; <a href=\"\/research\/topics.html\">Topics<\/a> &gt; Validation and development of psychological tests<\/h4>\n<p>In order to reliably assess sleep and wake behaviour, including dreaming, there is a constant need to adapt and develop psychometric tools which are appropriate for these demands. The output of these works is twofold: there is a methodological advance provided by the instruments but there is a practical aspect also (the questionnaires can be used in applied studies also).<\/p>\n<p>Selected publications<\/p>\n<ul>\n<li><a href=\"\/publications\/2-articlesinprofessionaljournals\/24-kiserlet-a-felnttkori-koetdes-meresere-a-kapcsolati-kerdiv-relationship-scale-questionnaire-magyar-valtozata.html\">Cs\u00f3ka Sz, Szab\u00f3 G, S\u00e1fr\u00e1ny E, Rochlitz R, B\u00f3dizs R. K\u00eds\u00e9rlet a feln\u0151ttkori k\u00f6t\u0151d\u00e9s m\u00e9r\u00e9s\u00e9re \u2013 a kapcsolati k\u00e9rd\u0151\u00edv (Relationship Scale Questionnaire) magyar v\u00e1ltozata. Pszichol\u00f3gia 27(4): 333-55 (2007)<\/a><\/li>\n<li><a href=\"\/publications\/2-articlesinprofessionaljournals\/6-dreaming-and-health-promotion-a-theoretical-proposal-and-some-epidemiological-establishment.html\">B\u00f3dizs R, Simor P, Cs\u00f3ka Sz, B\u00e9rdi M, Kopp MS. Dreaming and health promotion: A theoretical proposal and some epidemiological establishments. European Journal of Mental Health 3: 35-62 (2008)<\/a><\/li>\n<li><a href=\"\/publications\/2-articlesinprofessionaljournals\/23-a-szubjektiv-alvasminoseg-kerdoives-vizsgalata-a-groningen-alvasminoseg-skala-hazai-validalasa.html\">Simor P, K\u00f6teles F, B\u00f3dizs R, B\u00e1rdos Gy. A szubjekt\u00edv alv\u00e1smin\u0151s\u00e9g k\u00e9rd\u0151\u00edves vizsg\u00e1lata: a Gr\u00f6ningen Alv\u00e1smin\u0151s\u00e9g Sk\u00e1la hazai valid\u00e1l\u00e1sa. Ment\u00e1lhigi\u00e9n\u00e9 \u00e9s Pszichoszomatika 10(3): 249-261 (2009)<\/a><\/li>\n<li><a href=\"\/publications\/2-articlesinprofessionaljournals\/83-nightmares-dream-anxiety-and-psychopathology-the-validation-of-the-hungarian-version-of-the-van-dream-anxiety-scale.html\"><span style=\"color: #00789f\">Simor P, Kov\u00e1cs I, Vargha A, Cs\u00f3ka Sz, Mangel B, B\u00f3dizs R. R\u00e9m\u00e1lmok, \u00e1lomszorong\u00e1s \u00e9s pszichopatol\u00f3gia: A Van \u00c1lomszorong\u00e1s Sk\u00e1la magyar v\u00e1ltozat\u00e1nak valid\u00e1l\u00e1sa. Psychiatria Hungarica, 24(6): 428-438, 2009. <\/span><\/a><\/li>\n<\/ul>\n<\/td>\n<\/tr>\n<\/table>\n<p> <span class=\"article_separator\"> <\/span>   \t\t\t\t\t<\/p>\n","protected":false},"excerpt":{"rendered":"<p><a href=\"\/research.html\">Research<\/a> &gt; <a href=\"\/research\/topics.html\">Topics<\/a> &gt; Validation and development of psychological tests In order to reliably assess sleep and wake behaviour, including dreaming, there is a constant need to adapt and develop psychometric tools which are appropriate for these demands. The output of these works is twofold: there is a methodological advance provided by the instruments but there is &hellip;<\/p>\n","protected":false},"author":1,"featured_media":0,"parent":112,"menu_order":0,"comment_status":"closed","ping_status":"closed","template":"","meta":{"_acf_changed":false,"footnotes":""},"categories":[],"tags":[],"class_list":["post-95","page","type-page","status-publish","hentry"],"acf":[],"_links":{"self":[{"href":"https:\/\/semmelweis.hu\/psychophysiology\/wp-json\/wp\/v2\/pages\/95","targetHints":{"allow":["GET"]}}],"collection":[{"href":"https:\/\/semmelweis.hu\/psychophysiology\/wp-json\/wp\/v2\/pages"}],"about":[{"href":"https:\/\/semmelweis.hu\/psychophysiology\/wp-json\/wp\/v2\/types\/page"}],"author":[{"embeddable":true,"href":"https:\/\/semmelweis.hu\/psychophysiology\/wp-json\/wp\/v2\/users\/1"}],"replies":[{"embeddable":true,"href":"https:\/\/semmelweis.hu\/psychophysiology\/wp-json\/wp\/v2\/comments?post=95"}],"version-history":[{"count":1,"href":"https:\/\/semmelweis.hu\/psychophysiology\/wp-json\/wp\/v2\/pages\/95\/revisions"}],"predecessor-version":[{"id":482,"href":"https:\/\/semmelweis.hu\/psychophysiology\/wp-json\/wp\/v2\/pages\/95\/revisions\/482"}],"up":[{"embeddable":true,"href":"https:\/\/semmelweis.hu\/psychophysiology\/wp-json\/wp\/v2\/pages\/112"}],"wp:attachment":[{"href":"https:\/\/semmelweis.hu\/psychophysiology\/wp-json\/wp\/v2\/media?parent=95"}],"wp:term":[{"taxonomy":"category","embeddable":true,"href":"https:\/\/semmelweis.hu\/psychophysiology\/wp-json\/wp\/v2\/categories?post=95"},{"taxonomy":"post_tag","embeddable":true,"href":"https:\/\/semmelweis.hu\/psychophysiology\/wp-json\/wp\/v2\/tags?post=95"}],"curies":[{"name":"wp","href":"https:\/\/api.w.org\/{rel}","templated":true}]}}