{"id":94,"date":"2015-11-18T00:00:00","date_gmt":"2015-11-17T23:00:00","guid":{"rendered":"http:\/\/semmelweis.hu\/psychophysiology\/dreams-and-dreaming\/"},"modified":"2015-12-07T12:31:00","modified_gmt":"2015-12-07T11:31:00","slug":"dreams-and-dreaming","status":"publish","type":"page","link":"https:\/\/semmelweis.hu\/psychophysiology\/research\/topics\/dreams-and-dreaming\/","title":{"rendered":"Dreams and dreaming"},"content":{"rendered":"<table class=\"contentpaneopen\">\n<tbody>\n<tr>\n<td valign=\"top\">\n<h4><a href=\"\/research.html\">Research<\/a> &gt; <a href=\"\/research\/topics.html\">Topics<\/a> &gt; Dreams and dreaming<\/h4>\n<p>Dreams are not only the royal road to the unconscious (as Freud claimed), but also a royal road to affect and affect regulation. The mysteries of dreaming are the mysteries of the relationship between brain and mind.<\/p>\n<p>Selected publications<\/p>\n<ul>\n<li><a href=\"https:\/\/semmelweis.hu\/psychophysiology\/2015\/11\/18\/bodizs-r-alomkepek-es-agymukodes-percepcio-vagy-koncepcio-pro-philosophia-fuzetek-42-73-85-2005\/\">B\u00f3dizs R. \u00c1lomk\u00e9pek \u00e9s agym\u0171k\u00f6d\u00e9s: percepci\u00f3 vagy koncepci\u00f3? Pro Philosophia F\u00fczetek 42: 73-85 (2005)<\/a><\/li>\n<li>Simor, P. \u00c1lmod\u00e1s \u00e9s \u00e9rzelmi szab\u00e1lyoz\u00e1s, r\u00e9m\u00e1lmok borderline szem\u00e9lyis\u00e9gzavarban. L\u00e9lekelemz\u00e9s 2, 116\u2013127 (2007)<\/li>\n<li><a href=\"https:\/\/semmelweis.hu\/psychophysiology\/2015\/11\/18\/bodizs-r-simor-p-csoka-sz-berdi-m-kopp-ms-dreaming-and-health-promotion-a-theoretical-proposal-and-some-epidemiological-establishments-european-journal-of-mental-health-3-35-62-2008\/\">B\u00f3dizs R, Simor P, Cs\u00f3ka Sz, B\u00e9rdi M, Kopp MS. Dreaming and health promotion: A theoretical proposal and some epidemiological establishments. European Journal of Mental Health 3: 35-62 (2008)<\/a><\/li>\n<li><a href=\"https:\/\/semmelweis.hu\/psychophysiology\/2015\/11\/18\/simor-p-csoka-s-bodizs-r-nightmares-and-bad-dreams-in-patients-with-borderline-personality-disorder-fantasy-as-a-coping-skill-european-journal-of-psychiatry-24-1-28-37-2010\/\">Simor P, Cs\u00f3ka Sz, B\u00f3dizs R. Nightmares and bad dreams in patients with borderline personality disorder: Fantasy as a coping skill? European Journal of Psychiatry, 24(1): 28-37 (2010)<\/a><\/li>\n<\/ul>\n<\/td>\n<\/tr>\n<\/tbody>\n<\/table>\n<p>&nbsp;<\/p>\n","protected":false},"excerpt":{"rendered":"<p><a href=\"\/research.html\">Research<\/a> &gt; <a href=\"\/research\/topics.html\">Topics<\/a> &gt; Dreams and dreaming Dreams are not only the royal road to the unconscious (as Freud claimed), but also a royal road to affect and affect regulation. The mysteries of dreaming are the mysteries of the relationship between brain and mind. Selected publications <a href=\"https:\/\/semmelweis.hu\/psychophysiology\/2015\/11\/18\/bodizs-r-alomkepek-es-agymukodes-percepcio-vagy-koncepcio-pro-philosophia-fuzetek-42-73-85-2005\/\">B\u00f3dizs R. \u00c1lomk\u00e9pek \u00e9s agym\u0171k\u00f6d\u00e9s: percepci\u00f3 vagy koncepci\u00f3? Pro Philosophia F\u00fczetek 42: 73-85 (2005)<\/a> Simor, P. \u00c1lmod\u00e1s \u00e9s \u00e9rzelmi szab\u00e1lyoz\u00e1s, r\u00e9m\u00e1lmok borderline szem\u00e9lyis\u00e9gzavarban. L\u00e9lekelemz\u00e9s 2, &hellip;<\/p>\n","protected":false},"author":1,"featured_media":0,"parent":112,"menu_order":0,"comment_status":"closed","ping_status":"closed","template":"","meta":{"_acf_changed":false,"footnotes":""},"categories":[],"tags":[],"class_list":["post-94","page","type-page","status-publish","hentry"],"acf":[],"_links":{"self":[{"href":"https:\/\/semmelweis.hu\/psychophysiology\/wp-json\/wp\/v2\/pages\/94","targetHints":{"allow":["GET"]}}],"collection":[{"href":"https:\/\/semmelweis.hu\/psychophysiology\/wp-json\/wp\/v2\/pages"}],"about":[{"href":"https:\/\/semmelweis.hu\/psychophysiology\/wp-json\/wp\/v2\/types\/page"}],"author":[{"embeddable":true,"href":"https:\/\/semmelweis.hu\/psychophysiology\/wp-json\/wp\/v2\/users\/1"}],"replies":[{"embeddable":true,"href":"https:\/\/semmelweis.hu\/psychophysiology\/wp-json\/wp\/v2\/comments?post=94"}],"version-history":[{"count":2,"href":"https:\/\/semmelweis.hu\/psychophysiology\/wp-json\/wp\/v2\/pages\/94\/revisions"}],"predecessor-version":[{"id":527,"href":"https:\/\/semmelweis.hu\/psychophysiology\/wp-json\/wp\/v2\/pages\/94\/revisions\/527"}],"up":[{"embeddable":true,"href":"https:\/\/semmelweis.hu\/psychophysiology\/wp-json\/wp\/v2\/pages\/112"}],"wp:attachment":[{"href":"https:\/\/semmelweis.hu\/psychophysiology\/wp-json\/wp\/v2\/media?parent=94"}],"wp:term":[{"taxonomy":"category","embeddable":true,"href":"https:\/\/semmelweis.hu\/psychophysiology\/wp-json\/wp\/v2\/categories?post=94"},{"taxonomy":"post_tag","embeddable":true,"href":"https:\/\/semmelweis.hu\/psychophysiology\/wp-json\/wp\/v2\/tags?post=94"}],"curies":[{"name":"wp","href":"https:\/\/api.w.org\/{rel}","templated":true}]}}