{"id":92,"date":"2015-11-18T00:00:00","date_gmt":"2015-11-17T23:00:00","guid":{"rendered":"http:\/\/semmelweis.hu\/psychophysiology\/quantitative-eeg-methods\/"},"modified":"2015-12-07T12:28:39","modified_gmt":"2015-12-07T11:28:39","slug":"quantitative-eeg-methods","status":"publish","type":"page","link":"https:\/\/semmelweis.hu\/psychophysiology\/research\/topics\/quantitative-eeg-methods\/","title":{"rendered":"Quantitative EEG methods"},"content":{"rendered":"<table class=\"contentpaneopen\">\n<tbody>\n<tr>\n<td valign=\"top\">\n<h4><a href=\"\/research.html\">Research<\/a> &gt; <a href=\"\/research\/topics.html\">Topics<\/a> &gt; Quantitative EEG methods<\/h4>\n<p>This issue is about how to measure what we see in our records. As many other groups we are not always satisfied with the methods available in the literature and consider these developments of utmost importance in scientific progress.<\/p>\n<p>Selected publications<\/p>\n<ul>\n<li><a href=\"https:\/\/semmelweis.hu\/psychophysiology\/2015\/11\/18\/bodizs-r-kormendi-j-rigo-p-lazar-as-the-individual-adjustment-method-of-sleep-spindle-analysis-methodological-improvements-and-roots-in-the-fingerprint-paradigm-j-neurosci-methods-178-1-205-213-20-7\/\">B\u00f3dizs R, K\u00f6rmendi J, Rig\u00f3 P, L\u00e1z\u00e1r AS. The individual adjustment method of sleep spindle analysis: Methodological improvements and roots in the fingerprint paradigm. J Neurosci Methods 178 (1): 205-213 (2009)<\/a><\/li>\n<li><a href=\"https:\/\/semmelweis.hu\/psychophysiology\/2015\/11\/18\/weiss-b-clemens-z-bodizs-r-vago-z-halasz-p-spatio-temporal-analysis-of-monofractal-and-multifractal-properties-of-the-human-sleep-eeg-j-neurosci-methods-185-1-116-124-2009\/\">Weiss B, Clemens Z, B\u00f3dizs R, V\u00e1g\u00f3 Z, Hal\u00e1sz P. Spatio-temporal analysis of monofractal and multifractal properties of the human sleep EEG. J Neurosci Methods 185 (1): 116-124 (2009)<\/a><\/li>\n<\/ul>\n<\/td>\n<\/tr>\n<\/tbody>\n<\/table>\n<p>&nbsp;<\/p>\n","protected":false},"excerpt":{"rendered":"<p><a href=\"\/research.html\">Research<\/a> &gt; <a href=\"\/research\/topics.html\">Topics<\/a> &gt; Quantitative EEG methods<br \/>\nThis issue is about how to measure what we see in our records. As many other groups we are not always satisfied with the methods available in the literature and consider these developments of utmost importance in scientific progress.<br \/>\nSelected publications<\/p>\n<p><a href=\"https:\/\/semmelweis.hu\/psychophysiology\/2015\/11\/18\/bodizs-r-kormendi-j-rigo-p-lazar-as-the-individual-adjustment-method-of-sleep-spindle-analysis-methodological-improvements-and-roots-in-the-fingerprint-paradigm-j-neurosci-methods-178-1-205-213-20-7\/\">B\u00f3dizs R, K\u00f6rmendi J, Rig\u00f3 P, L\u00e1z\u00e1r AS. The individual adjustment method of sleep spindle analysis: Methodological improvements and roots in the fingerprint paradigm. J Neurosci Methods 178 (1): 205-213 (2009)<\/a><br \/>\n<a href=\"https:\/\/semmelweis.hu\/psychophysiology\/2015\/11\/18\/weiss-b-clemens-z-bodizs-r-vago-z-halasz-p-spatio-temporal-analysis-of-monofractal-and-multifractal-properties-of-the-human-sleep-eeg-j-neurosci-methods-185-1-116-124-2009\/\">Weiss B, Clemens Z, B\u00f3dizs R, V\u00e1g\u00f3 Z, Hal\u00e1sz P. Spatio-temporal analysis of monofractal and multifractal properties of the human sleep EEG. J Neurosci Methods 185 (1): 116-124 (2009)<\/a><\/p>\n<p>&nbsp;<\/p>\n","protected":false},"author":1,"featured_media":0,"parent":112,"menu_order":0,"comment_status":"closed","ping_status":"closed","template":"","meta":{"_acf_changed":false,"footnotes":""},"categories":[],"tags":[],"class_list":["post-92","page","type-page","status-publish","hentry"],"acf":[],"_links":{"self":[{"href":"https:\/\/semmelweis.hu\/psychophysiology\/wp-json\/wp\/v2\/pages\/92","targetHints":{"allow":["GET"]}}],"collection":[{"href":"https:\/\/semmelweis.hu\/psychophysiology\/wp-json\/wp\/v2\/pages"}],"about":[{"href":"https:\/\/semmelweis.hu\/psychophysiology\/wp-json\/wp\/v2\/types\/page"}],"author":[{"embeddable":true,"href":"https:\/\/semmelweis.hu\/psychophysiology\/wp-json\/wp\/v2\/users\/1"}],"replies":[{"embeddable":true,"href":"https:\/\/semmelweis.hu\/psychophysiology\/wp-json\/wp\/v2\/comments?post=92"}],"version-history":[{"count":2,"href":"https:\/\/semmelweis.hu\/psychophysiology\/wp-json\/wp\/v2\/pages\/92\/revisions"}],"predecessor-version":[{"id":525,"href":"https:\/\/semmelweis.hu\/psychophysiology\/wp-json\/wp\/v2\/pages\/92\/revisions\/525"}],"up":[{"embeddable":true,"href":"https:\/\/semmelweis.hu\/psychophysiology\/wp-json\/wp\/v2\/pages\/112"}],"wp:attachment":[{"href":"https:\/\/semmelweis.hu\/psychophysiology\/wp-json\/wp\/v2\/media?parent=92"}],"wp:term":[{"taxonomy":"category","embeddable":true,"href":"https:\/\/semmelweis.hu\/psychophysiology\/wp-json\/wp\/v2\/categories?post=92"},{"taxonomy":"post_tag","embeddable":true,"href":"https:\/\/semmelweis.hu\/psychophysiology\/wp-json\/wp\/v2\/tags?post=92"}],"curies":[{"name":"wp","href":"https:\/\/api.w.org\/{rel}","templated":true}]}}