{"id":91,"date":"2015-11-18T00:00:00","date_gmt":"2015-11-17T23:00:00","guid":{"rendered":"http:\/\/semmelweis.hu\/psychophysiology\/the-neurophysiology-and-psychobiology-of-sleep-and-wakefulness\/"},"modified":"2015-12-07T12:27:50","modified_gmt":"2015-12-07T11:27:50","slug":"the-neurophysiology-and-psychobiology-of-sleep-and-wakefulness","status":"publish","type":"page","link":"https:\/\/semmelweis.hu\/psychophysiology\/research\/topics\/the-neurophysiology-and-psychobiology-of-sleep-and-wakefulness\/","title":{"rendered":"The neurophysiology and psychobiology of sleep and wakefulness"},"content":{"rendered":"<table class=\"contentpaneopen\">\n<tbody>\n<tr>\n<td valign=\"top\">\n<h4><a href=\"\/research.html\">Research<\/a> &gt; <a href=\"\/research\/topics.html\">Topics<\/a> &gt; The neurophysiology and psychobiology of sleep and wakefulness<\/h4>\n<p>Although there is increasing knowledge on the electrophysiology of sleep as well as on the network activities characterizing different sleep-waking states, phasic phenomena (the microstructure of sleep) and the state transitions are still some kind of no mans land in science. We focuse our efforts on these phenomena as well on some still highly controversial issues, like the hippocampal rhythmic slow activity in humans<\/p>\n<p>Selected publications<\/p>\n<ul>\n<li><a href=\"https:\/\/semmelweis.hu\/psychophysiology\/2015\/11\/18\/bodizs-r-kantor-s-szabo-g-szucs-a-eross-l-halasz-p-rhythmic-hippocampal-slow-oscillation-characterizes-rem-sleep-in-humans-hippocampus-11-747-753-2001\/\">B\u00f3dizs R., K\u00e1ntor S., Szab\u00f3 G., Sz\u0171cs A., Er\u0151ss L., Hal\u00e1sz P.: Rhythmic hippocampal slow oscillation characterizes REM sleep in humans, <em>Hippocampus, 11<\/em>(6), 747-753 (2001<\/a>)<\/li>\n<li><a href=\"https:\/\/semmelweis.hu\/psychophysiology\/2015\/11\/18\/halasz-p-terzano-m-parrino-l-bodizs-r-the-nature-of-arousal-in-sleep-j-sleep-res-13-1-23-2004\/\">Hal\u00e1sz P, Terzano M, Parrino L, B\u00f3dizs R. The nature of arousal in sleep. <em>J Sleep Res 13<\/em>: 1-23 (2004)<\/a><\/li>\n<li><a href=\"https:\/\/semmelweis.hu\/psychophysiology\/2015\/11\/18\/bodizs-r-sverteczki-m-lazar-as-halasz-p-human-parahippocampal-activity-non-rem-and-rem-elements-in-wake-sleep-transition-brain-res-bull-65-2-169-176-2005\/\">B\u00f3dizs R, Sverteczki M, L\u00e1z\u00e1r AS, Hal\u00e1sz P. Human parahippocampal activity: non-REM and REM elements in wake-sleep transition. <em>Brain Res Bull 65<\/em>: 169-176 (2005)<\/a><\/li>\n<li><a href=\"https:\/\/semmelweis.hu\/psychophysiology\/2015\/11\/18\/bodizs-r-sverteczki-m-meszaros-e-wakefulness-sleep-transition-emerging-electroencephalographic-similarities-with-the-rapid-eye-movement-phase-brain-res-bull-76-85-89-2008\/\">B\u00f3dizs R, Sverteczki M, M\u00e9sz\u00e1ros E. Wakefulness-sleep transition: emerging electroencephalographic similarities with the rapid eye movement phase. <em>Brain Res Bull 76<\/em>: 85\u201389 (2008)<\/a><\/li>\n<\/ul>\n<\/td>\n<\/tr>\n<\/tbody>\n<\/table>\n<p>&nbsp;<\/p>\n","protected":false},"excerpt":{"rendered":"<p><a href=\"\/research.html\">Research<\/a> &gt; <a href=\"\/research\/topics.html\">Topics<\/a> &gt; The neurophysiology and psychobiology of sleep and wakefulness Although there is increasing knowledge on the electrophysiology of sleep as well as on the network activities characterizing different sleep-waking states, phasic phenomena (the microstructure of sleep) and the state transitions are still some kind of no mans land in science. We focuse our efforts &hellip;<\/p>\n","protected":false},"author":1,"featured_media":0,"parent":112,"menu_order":0,"comment_status":"closed","ping_status":"closed","template":"","meta":{"_acf_changed":false,"footnotes":""},"categories":[],"tags":[],"class_list":["post-91","page","type-page","status-publish","hentry"],"acf":[],"_links":{"self":[{"href":"https:\/\/semmelweis.hu\/psychophysiology\/wp-json\/wp\/v2\/pages\/91","targetHints":{"allow":["GET"]}}],"collection":[{"href":"https:\/\/semmelweis.hu\/psychophysiology\/wp-json\/wp\/v2\/pages"}],"about":[{"href":"https:\/\/semmelweis.hu\/psychophysiology\/wp-json\/wp\/v2\/types\/page"}],"author":[{"embeddable":true,"href":"https:\/\/semmelweis.hu\/psychophysiology\/wp-json\/wp\/v2\/users\/1"}],"replies":[{"embeddable":true,"href":"https:\/\/semmelweis.hu\/psychophysiology\/wp-json\/wp\/v2\/comments?post=91"}],"version-history":[{"count":2,"href":"https:\/\/semmelweis.hu\/psychophysiology\/wp-json\/wp\/v2\/pages\/91\/revisions"}],"predecessor-version":[{"id":524,"href":"https:\/\/semmelweis.hu\/psychophysiology\/wp-json\/wp\/v2\/pages\/91\/revisions\/524"}],"up":[{"embeddable":true,"href":"https:\/\/semmelweis.hu\/psychophysiology\/wp-json\/wp\/v2\/pages\/112"}],"wp:attachment":[{"href":"https:\/\/semmelweis.hu\/psychophysiology\/wp-json\/wp\/v2\/media?parent=91"}],"wp:term":[{"taxonomy":"category","embeddable":true,"href":"https:\/\/semmelweis.hu\/psychophysiology\/wp-json\/wp\/v2\/categories?post=91"},{"taxonomy":"post_tag","embeddable":true,"href":"https:\/\/semmelweis.hu\/psychophysiology\/wp-json\/wp\/v2\/tags?post=91"}],"curies":[{"name":"wp","href":"https:\/\/api.w.org\/{rel}","templated":true}]}}