{"id":89,"date":"2015-11-18T00:00:00","date_gmt":"2015-11-17T23:00:00","guid":{"rendered":"http:\/\/semmelweis.hu\/psychophysiology\/lectures\/"},"modified":"2024-12-20T16:30:16","modified_gmt":"2024-12-20T15:30:16","slug":"lectures","status":"publish","type":"page","link":"https:\/\/semmelweis.hu\/psychophysiology\/lectures\/","title":{"rendered":"Lectures"},"content":{"rendered":"<p><strong><a href=\"https:\/\/www.youtube.com\/watch?v=KxakZCfyEWc&amp;t=1s\" target=\"_blank\" rel=\"noopener\">Az alv\u00e1s a leg\u0151sibb ritmusunk kifejez\u0151d\u00e9se<\/a> &#8211; Dr. B\u00f3dizs R\u00f3bert el\u0151ad\u00e1sa<br \/>\n<\/strong><\/p>\n<p><iframe loading=\"lazy\" title=\"Az alv\u00e1s leg\u0151sibb ritmusunk kifejez\u0151d\u00e9se | B\u00f3dizs R\u00f3bert | Qubit.live #10\" width=\"753\" height=\"424\" src=\"https:\/\/www.youtube.com\/embed\/KxakZCfyEWc?start=1&#038;feature=oembed\" frameborder=\"0\" allow=\"accelerometer; autoplay; clipboard-write; encrypted-media; gyroscope; picture-in-picture; web-share\" referrerpolicy=\"strict-origin-when-cross-origin\" allowfullscreen><\/iframe><\/p>\n<p>&nbsp;<\/p>\n<p class=\"title style-scope ytd-video-primary-info-renderer\"><strong><span style=\"font-size: 18pt\"><a href=\"https:\/\/www.youtube.com\/watch?v=Yva7sA1YK9Q\" target=\"_blank\" rel=\"noopener\">Alv\u00e1s, neur\u00e1lis oszcill\u00e1ci\u00f3, kogn\u00edci\u00f3<\/a> &#8211; Dr. B\u00f3dizs R\u00f3bert Szenior Akad\u00e9mia el\u0151ad\u00e1sa<br \/>\n<\/span><\/strong><\/p>\n<p>&nbsp;<\/p>\n<p><a href=\"http:\/\/www.youtube.com\/view_play_list?p=B6EF396D992FC74B\" target=\"_blank\" rel=\"noopener noreferrer\"><strong><span style=\"font-size: 18pt\">Alv\u00e1s \u00e9s \u00e1lmod\u00e1s: \u00e9lettani \u00e9s pszichofiziol\u00f3giai alapvet\u00e9s &#8211; YouTube<\/span><\/strong><\/a><\/p>\n<p><iframe loading=\"lazy\" title=\"Alv\u00e1s \u00e9s \u00e1lmod\u00e1s: \u00e9lettani \u00e9s pszichofiziol\u00f3giai alapvet\u00e9s 1\/3\" width=\"753\" height=\"565\" src=\"https:\/\/www.youtube.com\/embed\/nrjKv2HLthY?list=PLB6EF396D992FC74B\" frameborder=\"0\" allow=\"accelerometer; autoplay; clipboard-write; encrypted-media; gyroscope; picture-in-picture; web-share\" referrerpolicy=\"strict-origin-when-cross-origin\" allowfullscreen><\/iframe><\/p>\n<p><iframe loading=\"lazy\" title=\"Alv\u00e1s \u00e9s \u00e1lmod\u00e1s: \u00e9lettani \u00e9s pszichofiziol\u00f3giai alapvet\u00e9s 2\/3\" width=\"753\" height=\"565\" src=\"https:\/\/www.youtube.com\/embed\/6X9GpFs0wrU?feature=oembed\" frameborder=\"0\" allow=\"accelerometer; autoplay; clipboard-write; encrypted-media; gyroscope; picture-in-picture; web-share\" referrerpolicy=\"strict-origin-when-cross-origin\" allowfullscreen><\/iframe><\/p>\n<p><iframe loading=\"lazy\" title=\"Alv\u00e1s \u00e9s \u00e1lmod\u00e1s: \u00e9lettani \u00e9s pszichofiziol\u00f3giai alapvet\u00e9s 3\/3\" width=\"753\" height=\"565\" src=\"https:\/\/www.youtube.com\/embed\/tutFQcNw508?list=PLB6EF396D992FC74B\" frameborder=\"0\" allow=\"accelerometer; autoplay; clipboard-write; encrypted-media; gyroscope; picture-in-picture; web-share\" referrerpolicy=\"strict-origin-when-cross-origin\" allowfullscreen><\/iframe><\/p>\n<p>&nbsp;<\/p>\n<p><strong>Online tudom\u00e1nyos el\u0151ad\u00e1sok az MTA 193. k\u00f6zgy\u0171l\u00e9shez kapcsol\u00f3dva:<\/strong> Dr. Acs\u00e1dy L\u00e1szl\u00f3 &#8220;Agy, stressz \u00e9s \u00e1lmatlans\u00e1g&#8221; c. el\u0151ad\u00e1s\u00e1t k\u00f6vet\u0151en Dr. B\u00f3dizs R\u00f3bert el\u0151ad\u00e1sa 28:35-t\u0151l<\/p>\n<p><iframe loading=\"lazy\" title=\"Acs\u00e1dy L\u00e1szl\u00f3: Agy, stressz \u00e9s \u00e1lmatlans\u00e1g\" width=\"753\" height=\"424\" src=\"https:\/\/www.youtube.com\/embed\/0rSmLO2Tzbw?start=1912&#038;feature=oembed\" frameborder=\"0\" allow=\"accelerometer; autoplay; clipboard-write; encrypted-media; gyroscope; picture-in-picture; web-share\" referrerpolicy=\"strict-origin-when-cross-origin\" allowfullscreen><\/iframe><\/p>\n","protected":false},"excerpt":{"rendered":"<p><a href=\"https:\/\/www.youtube.com\/watch?v=KxakZCfyEWc&amp;t=1s\" target=\"_blank\" rel=\"noopener\">Az alv\u00e1s a leg\u0151sibb ritmusunk kifejez\u0151d\u00e9se<\/a> &#8211; Dr. B\u00f3dizs R\u00f3bert el\u0151ad\u00e1sa<\/p>\n<p>&nbsp;<br \/>\n<a href=\"https:\/\/www.youtube.com\/watch?v=Yva7sA1YK9Q\" target=\"_blank\" rel=\"noopener\">Alv\u00e1s, neur\u00e1lis oszcill\u00e1ci\u00f3, kogn\u00edci\u00f3<\/a> &#8211; Dr. B\u00f3dizs R\u00f3bert Szenior Akad\u00e9mia el\u0151ad\u00e1sa<\/p>\n<p>&nbsp;<br \/>\n<a href=\"http:\/\/www.youtube.com\/view_play_list?p=B6EF396D992FC74B\" target=\"_blank\" rel=\"noopener noreferrer\">Alv\u00e1s \u00e9s \u00e1lmod\u00e1s: \u00e9lettani \u00e9s pszichofiziol\u00f3giai alapvet\u00e9s &#8211; YouTube<\/a><\/p>\n<p>&nbsp;<br \/>\nOnline tudom\u00e1nyos el\u0151ad\u00e1sok az MTA 193. k\u00f6zgy\u0171l\u00e9shez kapcsol\u00f3dva: Dr. Acs\u00e1dy L\u00e1szl\u00f3 &#8220;Agy, stressz \u00e9s \u00e1lmatlans\u00e1g&#8221; c. el\u0151ad\u00e1s\u00e1t k\u00f6vet\u0151en Dr. B\u00f3dizs R\u00f3bert el\u0151ad\u00e1sa 28:35-t\u0151l<\/p>\n","protected":false},"author":101277,"featured_media":0,"parent":0,"menu_order":6,"comment_status":"closed","ping_status":"closed","template":"","meta":{"_acf_changed":false,"footnotes":""},"categories":[],"tags":[],"class_list":["post-89","page","type-page","status-publish","hentry"],"acf":[],"_links":{"self":[{"href":"https:\/\/semmelweis.hu\/psychophysiology\/wp-json\/wp\/v2\/pages\/89","targetHints":{"allow":["GET"]}}],"collection":[{"href":"https:\/\/semmelweis.hu\/psychophysiology\/wp-json\/wp\/v2\/pages"}],"about":[{"href":"https:\/\/semmelweis.hu\/psychophysiology\/wp-json\/wp\/v2\/types\/page"}],"author":[{"embeddable":true,"href":"https:\/\/semmelweis.hu\/psychophysiology\/wp-json\/wp\/v2\/users\/101277"}],"replies":[{"embeddable":true,"href":"https:\/\/semmelweis.hu\/psychophysiology\/wp-json\/wp\/v2\/comments?post=89"}],"version-history":[{"count":10,"href":"https:\/\/semmelweis.hu\/psychophysiology\/wp-json\/wp\/v2\/pages\/89\/revisions"}],"predecessor-version":[{"id":2075,"href":"https:\/\/semmelweis.hu\/psychophysiology\/wp-json\/wp\/v2\/pages\/89\/revisions\/2075"}],"wp:attachment":[{"href":"https:\/\/semmelweis.hu\/psychophysiology\/wp-json\/wp\/v2\/media?parent=89"}],"wp:term":[{"taxonomy":"category","embeddable":true,"href":"https:\/\/semmelweis.hu\/psychophysiology\/wp-json\/wp\/v2\/categories?post=89"},{"taxonomy":"post_tag","embeddable":true,"href":"https:\/\/semmelweis.hu\/psychophysiology\/wp-json\/wp\/v2\/tags?post=89"}],"curies":[{"name":"wp","href":"https:\/\/api.w.org\/{rel}","templated":true}]}}