{"id":88,"date":"2015-11-18T00:00:00","date_gmt":"2015-11-17T23:00:00","guid":{"rendered":"http:\/\/semmelweis.hu\/psychophysiology\/press\/"},"modified":"2019-10-09T09:05:50","modified_gmt":"2019-10-09T07:05:50","slug":"press","status":"publish","type":"page","link":"https:\/\/semmelweis.hu\/psychophysiology\/press\/","title":{"rendered":"Press"},"content":{"rendered":"<ul>\n<li><a href=\"http:\/\/www.ng.hu\/Magazin\/2018\/10\/02\/A-pihent-agy\" target=\"_blank\" rel=\"noopener noreferrer\">National Geographic Magyarorsz\u00e1g: A pihent agy.<\/a><\/li>\n<li><a href=\"https:\/\/www.youtube.com\/watch?v=HmMyMUA7jeI\" target=\"_blank\" rel=\"noopener noreferrer\">Budapest Zeitgeist: Az \u00e1lom<\/a><\/li>\n<li><a href=\"http:\/\/www.egeszsegkalauz.hu\/alvaszavar\/videorendelo-altato-helyett-melatonin\" target=\"_blank\" rel=\"noopener noreferrer\">Eg\u00e9szs\u00e9gkalauz: Vide\u00f3rendel\u0151: Altat\u00f3 helyett melatonin?<\/a><\/li>\n<li><a href=\"http:\/\/www.paramedica.hu\/201702\/19_mukodunk3\/index.htm\" target=\"_blank\" rel=\"noopener noreferrer\">Paramedicina: Alv\u00e1smin\u0151s\u00e9g \u00e9s melatonin \u2013\u00a0avagy a cirkadi\u00e1n ritmus karmestere.<\/a><\/li>\n<li><a href=\"http:\/\/www.blikk.hu\/eletmod\/egeszseg\/melatonina-termeszetes-altato\/w2m6ybf\" target=\"_blank\" rel=\"noopener noreferrer\">Blikk\/\u00c9letm\u00f3d\/Eg\u00e9szs\u00e9g: Nem tud aludni? \u00cdme a term\u00e9szetes gy\u00f3gym\u00f3d, hogy nyugodtan pihenhessen.<\/a><\/li>\n<li><a href=\"https:\/\/beta.nava.hu\/id\/3028858\" target=\"_blank\" rel=\"noopener noreferrer\">Eg\u00e9szs\u00e9gkalauz: Az alv\u00e1sr\u00f3l (melatonin, cirkadi\u00e1n ritmus, alv\u00e1smin\u0151s\u00e9g, alv\u00e1szavar) 5:25-7.35<\/a><\/li>\n<li><a href=\"http:\/\/aktiv.origo.hu\/egeszseg\/20160218-gyerekkor-alvas-alvasigeny-pszichologia-semmelweis-egyetem-magatartastudomanyi-intezet.html\" target=\"_blank\" rel=\"noopener noreferrer\">Origo: Lehet, hogy kialvatlans\u00e1g miatt kezelhetetlen a gyerek.<\/a><\/li>\n<li><a href=\"http:\/\/napidoktor.hu\/blog\/hasonlok-kisgyermekek-almai-felnottekehez\/\" target=\"_blank\" rel=\"noopener noreferrer\">Napidoktor: Hasonl\u00f3k a kisgyermekek \u00e1lmai a feln\u0151ttek\u00e9hez.<\/a><\/li>\n<li><a href=\"https:\/\/mno.hu\/eletmod\/az-almok-segitenek-a-traumak-feldolgozasaban-1264618\" target=\"_blank\" rel=\"noopener noreferrer\">MNO: Az \u00e1lmok seg\u00edtenek a traum\u00e1k feldolgoz\u00e1s\u00e1ban.<\/a><\/li>\n<li><a href=\"http:\/\/nol.hu\/tud-tech\/az-almok-segitenek-a-traumak-feldolgozasaban-1505931\" target=\"_blank\" rel=\"noopener noreferrer\">NOL: Az \u00e1lmok seg\u00edtenek a traum\u00e1k feldolgoz\u00e1s\u00e1ban.<\/a><\/li>\n<li><a href=\"https:\/\/www.webbeteg.hu\/cikkek\/depresszio\/14415\/a-nyaralas-is-megbolondithatja-a-biologiai-orankat\" target=\"_blank\" rel=\"noopener noreferrer\">Webbeteg: A nyaral\u00e1s is megbolond\u00edthatja a biol\u00f3giai \u00f3r\u00e1nkat.<\/a><\/li>\n<li><a href=\"https:\/\/btk.ppke.hu\/karunkrol\/kepzesi-helyszineink\/budapest-sophianum\/rendezvenyek-esemenyek-archivuma\/bagoly-vagy-pacsirta\" target=\"_blank\" rel=\"noopener noreferrer\">PPKE Kutat\u00f3k \u00c9jszak\u00e1ja: Bagoly vagy pacsirta.<\/a><\/li>\n<li><a href=\"http:\/\/rtl.hu\/rtlklub\/felketto\/videok\/429716\" target=\"_blank\" rel=\"noopener noreferrer\">RTL-Klub: Test\u00fcnk v\u00e1laszt nek\u00fcnk t\u00e1rsat?<\/a><\/li>\n<li><a href=\"https:\/\/www.nlcafe.hu\/ezvan\/20110511\/a-parvalasztas-biologiaja\/\" target=\"_blank\" rel=\"noopener noreferrer\">N\u0151k Lapja: A p\u00e1rv\u00e1laszt\u00e1s biol\u00f3gi\u00e1ja.<\/a><\/li>\n<li><a href=\"http:\/\/mipszi.hu\/cikk\/110414-volt-egyszer-egy-szeparacio\" target=\"_blank\" rel=\"noopener noreferrer\">Mindennapi Pszichol\u00f3gia: Volt egyszer egy szepar\u00e1ci\u00f3: \u00c1lmok, rossz \u00e1lmok, r\u00e9m\u00e1lmok.<\/a><\/li>\n<li><a href=\"https:\/\/mindentudas.hu\/riportfilmek\/8806-acsady-magazinmusor.html\" target=\"_blank\" rel=\"noopener noreferrer\">Mindentud\u00e1s Egyeteme: &#8220;Aludj sz\u00e9pen&#8221; &#8211; \u00e9jszakai \u00fczemm\u00f3d.<\/a><\/li>\n<li><a href=\"http:\/\/nol.hu\/tud-tech\/20110205-almok_a_kepernyorol\" target=\"_blank\" rel=\"noopener noreferrer\">N\u00e9pszabads\u00e1g: \u00c1lmok a k\u00e9perny\u0151r\u0151l.<\/a><\/li>\n<li><a href=\"https:\/\/mindentudas.hu\/szem%C3%A9lyek\/8625-bodizs-robert.html\" target=\"_blank\" rel=\"noopener noreferrer\">Mindentud\u00e1s Egyeteme: Alv\u00e1s \u00e9s tudat. Az alv\u00f3 \u00e9n.<\/a><\/li>\n<li><a href=\"http:\/\/mipszi.hu\/cikk\/101209-aludjunk-ra-egyet-alom-kreativitas\" target=\"_blank\" rel=\"noopener noreferrer\">Mindennapi Pszichol\u00f3gia: \u00c1lom \u00e9s kreativit\u00e1s.<\/a><\/li>\n<li><a href=\"http:\/\/www.origo.hu\/tudomany\/20100201-a-tudatos-almodas-lucid-dreaming.html\" target=\"_blank\" rel=\"noopener noreferrer\">Origo: T\u00edz tipp arra, hogyan ir\u00e1ny\u00edtsuk \u00e1lmainkat.<\/a><\/li>\n<li><a href=\"https:\/\/www.nlcafe.hu\/ezvan\/20090812\/gyogyito_oleles\/\" target=\"_blank\" rel=\"noopener noreferrer\">N\u0151k lapja: Gy\u00f3gy\u00edt\u00f3 \u00f6lel\u00e9s.<\/a><\/li>\n<li><a href=\"http:\/\/www.weborvos.hu\/adat\/magyarorvos\/2009febr\/4-6.pdf\" target=\"_blank\" rel=\"noopener noreferrer\">Magyar Orvos: Eg\u00e9szs\u00e9ges ember sz\u00e9pet \u00e1lmodik.<\/a><\/li>\n<li><a href=\"http:\/\/www.szabadfold.hu\/cikk?15445\" target=\"_blank\" rel=\"noopener noreferrer\">SzabadF\u00f6ld interj\u00fa: Mir\u0151l \u00e1lmodik a magyar?<\/a><\/li>\n<li><a href=\"http:\/\/hvg.hu\/egeszseg.testlelek\/20081016_magyar_lelkiallapot_felmeres_tanulmany.aspx\" target=\"_blank\" rel=\"noopener noreferrer\">HVG: Felm\u00e9r\u00e9s k\u00e9sz\u00fclt a magyarok idei lelki\u00e1llapot\u00e1r\u00f3l.<\/a><\/li>\n<li><a href=\"http:\/\/m.blog.hu\/ok\/okostojas\/file\/bagoly_mondja.htm\" target=\"_blank\" rel=\"noopener noreferrer\">HVG: Bagoly mondja.<\/a><\/li>\n<li><a href=\"http:\/\/www.medicalonline.hu\/cikk\/ideggyogyaszok_talalkozoja\/index.php\" target=\"_blank\" rel=\"noopener noreferrer\">Medical Tribune: Ideggy\u00f3gy\u00e1szok tal\u00e1lkoz\u00f3ja.<\/a><\/li>\n<li><a href=\"https:\/\/magyarnarancs.hu\/lelek\/egy_allat_vagy_-_csoka_szilvia_zoologus-65265\" target=\"_blank\" rel=\"noopener noreferrer\">Magyar Narancs: Egy \u00e1llat vagy! &#8211; Cs\u00f3ka Szilvia zool\u00f3gus.<\/a><\/li>\n<li><a href=\"http:\/\/www.hazipatika.com\/articles\/Zenevel_az_alvasproblemak_ellen?aid=20070511152957\" target=\"_blank\" rel=\"noopener noreferrer\">Hazipatika.com: Zen\u00e9vel az alv\u00e1sprobl\u00e9m\u00e1k ellen.<\/a><\/li>\n<\/ul>\n","protected":false},"excerpt":{"rendered":"<p><a href=\"http:\/\/www.ng.hu\/Magazin\/2018\/10\/02\/A-pihent-agy\" target=\"_blank\" rel=\"noopener noreferrer\">National Geographic Magyarorsz\u00e1g: A pihent agy.<\/a><br \/>\n<a href=\"https:\/\/www.youtube.com\/watch?v=HmMyMUA7jeI\" target=\"_blank\" rel=\"noopener noreferrer\">Budapest Zeitgeist: Az \u00e1lom<\/a><br \/>\n<a href=\"http:\/\/www.egeszsegkalauz.hu\/alvaszavar\/videorendelo-altato-helyett-melatonin\" target=\"_blank\" rel=\"noopener noreferrer\">Eg\u00e9szs\u00e9gkalauz: Vide\u00f3rendel\u0151: Altat\u00f3 helyett melatonin?<\/a><br \/>\n<a href=\"http:\/\/www.paramedica.hu\/201702\/19_mukodunk3\/index.htm\" target=\"_blank\" rel=\"noopener noreferrer\">Paramedicina: Alv\u00e1smin\u0151s\u00e9g \u00e9s melatonin \u2013\u00a0avagy a cirkadi\u00e1n ritmus karmestere.<\/a><br \/>\n<a href=\"http:\/\/www.blikk.hu\/eletmod\/egeszseg\/melatonina-termeszetes-altato\/w2m6ybf\" target=\"_blank\" rel=\"noopener noreferrer\">Blikk\/\u00c9letm\u00f3d\/Eg\u00e9szs\u00e9g: Nem tud aludni? \u00cdme a term\u00e9szetes gy\u00f3gym\u00f3d, hogy nyugodtan pihenhessen.<\/a><br \/>\n<a href=\"https:\/\/beta.nava.hu\/id\/3028858\" target=\"_blank\" rel=\"noopener noreferrer\">Eg\u00e9szs\u00e9gkalauz: Az alv\u00e1sr\u00f3l (melatonin, cirkadi\u00e1n ritmus, alv\u00e1smin\u0151s\u00e9g, alv\u00e1szavar) 5:25-7.35<\/a><br \/>\n<a href=\"http:\/\/aktiv.origo.hu\/egeszseg\/20160218-gyerekkor-alvas-alvasigeny-pszichologia-semmelweis-egyetem-magatartastudomanyi-intezet.html\" target=\"_blank\" rel=\"noopener noreferrer\">Origo: Lehet, hogy kialvatlans\u00e1g miatt kezelhetetlen a gyerek.<\/a><br \/>\n<a href=\"http:\/\/napidoktor.hu\/blog\/hasonlok-kisgyermekek-almai-felnottekehez\/\" target=\"_blank\" rel=\"noopener noreferrer\">Napidoktor: Hasonl\u00f3k a kisgyermekek \u00e1lmai a feln\u0151ttek\u00e9hez.<\/a><br \/>\n<a href=\"https:\/\/mno.hu\/eletmod\/az-almok-segitenek-a-traumak-feldolgozasaban-1264618\" target=\"_blank\" rel=\"noopener noreferrer\">MNO: Az \u00e1lmok seg\u00edtenek a traum\u00e1k feldolgoz\u00e1s\u00e1ban.<\/a><br \/>\n<a href=\"http:\/\/nol.hu\/tud-tech\/az-almok-segitenek-a-traumak-feldolgozasaban-1505931\" target=\"_blank\" rel=\"noopener noreferrer\">NOL: Az \u00e1lmok seg\u00edtenek a traum\u00e1k feldolgoz\u00e1s\u00e1ban.<\/a><br \/>\n<a href=\"https:\/\/www.webbeteg.hu\/cikkek\/depresszio\/14415\/a-nyaralas-is-megbolondithatja-a-biologiai-orankat\" target=\"_blank\" rel=\"noopener noreferrer\">Webbeteg: A nyaral\u00e1s is megbolond\u00edthatja a biol\u00f3giai \u00f3r\u00e1nkat.<\/a><br \/>\n<a href=\"https:\/\/btk.ppke.hu\/karunkrol\/kepzesi-helyszineink\/budapest-sophianum\/rendezvenyek-esemenyek-archivuma\/bagoly-vagy-pacsirta\" target=\"_blank\" rel=\"noopener noreferrer\">PPKE Kutat\u00f3k \u00c9jszak\u00e1ja: Bagoly vagy pacsirta.<\/a><br \/>\n<a href=\"http:\/\/rtl.hu\/rtlklub\/felketto\/videok\/429716\" target=\"_blank\" rel=\"noopener noreferrer\">RTL-Klub: Test\u00fcnk v\u00e1laszt nek\u00fcnk t\u00e1rsat?<\/a><br \/>\n<a href=\"https:\/\/www.nlcafe.hu\/ezvan\/20110511\/a-parvalasztas-biologiaja\/\" target=\"_blank\" rel=\"noopener noreferrer\">N\u0151k Lapja: A p\u00e1rv\u00e1laszt\u00e1s biol\u00f3gi\u00e1ja.<\/a><br \/>\n<a href=\"http:\/\/mipszi.hu\/cikk\/110414-volt-egyszer-egy-szeparacio\" target=\"_blank\" rel=\"noopener noreferrer\">Mindennapi Pszichol\u00f3gia: Volt egyszer egy szepar\u00e1ci\u00f3: \u00c1lmok, rossz \u00e1lmok, r\u00e9m\u00e1lmok.<\/a><br \/>\n<a href=\"https:\/\/mindentudas.hu\/riportfilmek\/8806-acsady-magazinmusor.html\" target=\"_blank\" rel=\"noopener noreferrer\">Mindentud\u00e1s Egyeteme: &#8220;Aludj sz\u00e9pen&#8221; &#8211; \u00e9jszakai \u00fczemm\u00f3d.<\/a><br \/>\n<a href=\"http:\/\/nol.hu\/tud-tech\/20110205-almok_a_kepernyorol\" target=\"_blank\" rel=\"noopener noreferrer\">N\u00e9pszabads\u00e1g: \u00c1lmok a k\u00e9perny\u0151r\u0151l.<\/a><br \/>\n<a href=\"https:\/\/mindentudas.hu\/szem%C3%A9lyek\/8625-bodizs-robert.html\" target=\"_blank\" rel=\"noopener noreferrer\">Mindentud\u00e1s Egyeteme: Alv\u00e1s \u00e9s tudat. Az alv\u00f3 \u00e9n.<\/a><br \/>\n<a href=\"http:\/\/mipszi.hu\/cikk\/101209-aludjunk-ra-egyet-alom-kreativitas\" target=\"_blank\" rel=\"noopener noreferrer\">Mindennapi Pszichol\u00f3gia: \u00c1lom \u00e9s kreativit\u00e1s.<\/a><br \/>\n<a href=\"http:\/\/www.origo.hu\/tudomany\/20100201-a-tudatos-almodas-lucid-dreaming.html\" target=\"_blank\" rel=\"noopener noreferrer\">Origo: T\u00edz tipp arra, hogyan ir\u00e1ny\u00edtsuk \u00e1lmainkat.<\/a><br \/>\n<a href=\"https:\/\/www.nlcafe.hu\/ezvan\/20090812\/gyogyito_oleles\/\" target=\"_blank\" rel=\"noopener noreferrer\">N\u0151k lapja: Gy\u00f3gy\u00edt\u00f3 \u00f6lel\u00e9s.<\/a><br \/>\n<a href=\"http:\/\/www.weborvos.hu\/adat\/magyarorvos\/2009febr\/4-6.pdf\" target=\"_blank\" rel=\"noopener noreferrer\">Magyar Orvos: Eg\u00e9szs\u00e9ges ember sz\u00e9pet \u00e1lmodik.<\/a><br \/>\n<a href=\"http:\/\/www.szabadfold.hu\/cikk?15445\" target=\"_blank\" rel=\"noopener noreferrer\">SzabadF\u00f6ld interj\u00fa: Mir\u0151l \u00e1lmodik a magyar?<\/a><br \/>\n<a href=\"http:\/\/hvg.hu\/egeszseg.testlelek\/20081016_magyar_lelkiallapot_felmeres_tanulmany.aspx\" target=\"_blank\" rel=\"noopener noreferrer\">HVG: Felm\u00e9r\u00e9s k\u00e9sz\u00fclt a magyarok idei lelki\u00e1llapot\u00e1r\u00f3l.<\/a><br \/>\n<a href=\"http:\/\/m.blog.hu\/ok\/okostojas\/file\/bagoly_mondja.htm\" target=\"_blank\" rel=\"noopener noreferrer\">HVG: Bagoly mondja.<\/a><br \/>\n<a href=\"http:\/\/www.medicalonline.hu\/cikk\/ideggyogyaszok_talalkozoja\/index.php\" target=\"_blank\" rel=\"noopener noreferrer\">Medical Tribune: Ideggy\u00f3gy\u00e1szok tal\u00e1lkoz\u00f3ja.<\/a><br \/>\n<a href=\"https:\/\/magyarnarancs.hu\/lelek\/egy_allat_vagy_-_csoka_szilvia_zoologus-65265\" target=\"_blank\" rel=\"noopener noreferrer\">Magyar Narancs: Egy \u00e1llat vagy! &#8211; Cs\u00f3ka Szilvia zool\u00f3gus.<\/a><br \/>\n<a href=\"http:\/\/www.hazipatika.com\/articles\/Zenevel_az_alvasproblemak_ellen?aid=20070511152957\" target=\"_blank\" rel=\"noopener noreferrer\">Hazipatika.com: Zen\u00e9vel az alv\u00e1sprobl\u00e9m\u00e1k ellen.<\/a><\/p>\n","protected":false},"author":101277,"featured_media":0,"parent":0,"menu_order":5,"comment_status":"closed","ping_status":"closed","template":"","meta":{"_acf_changed":false,"footnotes":""},"categories":[],"tags":[],"class_list":["post-88","page","type-page","status-publish","hentry"],"acf":[],"_links":{"self":[{"href":"https:\/\/semmelweis.hu\/psychophysiology\/wp-json\/wp\/v2\/pages\/88","targetHints":{"allow":["GET"]}}],"collection":[{"href":"https:\/\/semmelweis.hu\/psychophysiology\/wp-json\/wp\/v2\/pages"}],"about":[{"href":"https:\/\/semmelweis.hu\/psychophysiology\/wp-json\/wp\/v2\/types\/page"}],"author":[{"embeddable":true,"href":"https:\/\/semmelweis.hu\/psychophysiology\/wp-json\/wp\/v2\/users\/101277"}],"replies":[{"embeddable":true,"href":"https:\/\/semmelweis.hu\/psychophysiology\/wp-json\/wp\/v2\/comments?post=88"}],"version-history":[{"count":10,"href":"https:\/\/semmelweis.hu\/psychophysiology\/wp-json\/wp\/v2\/pages\/88\/revisions"}],"predecessor-version":[{"id":1741,"href":"https:\/\/semmelweis.hu\/psychophysiology\/wp-json\/wp\/v2\/pages\/88\/revisions\/1741"}],"wp:attachment":[{"href":"https:\/\/semmelweis.hu\/psychophysiology\/wp-json\/wp\/v2\/media?parent=88"}],"wp:term":[{"taxonomy":"category","embeddable":true,"href":"https:\/\/semmelweis.hu\/psychophysiology\/wp-json\/wp\/v2\/categories?post=88"},{"taxonomy":"post_tag","embeddable":true,"href":"https:\/\/semmelweis.hu\/psychophysiology\/wp-json\/wp\/v2\/tags?post=88"}],"curies":[{"name":"wp","href":"https:\/\/api.w.org\/{rel}","templated":true}]}}