{"id":85,"date":"2015-11-18T00:00:00","date_gmt":"2015-11-17T23:00:00","guid":{"rendered":"http:\/\/semmelweis.hu\/psychophysiology\/people\/"},"modified":"2026-04-02T11:24:20","modified_gmt":"2026-04-02T09:24:20","slug":"people","status":"publish","type":"page","link":"https:\/\/semmelweis.hu\/psychophysiology\/people\/","title":{"rendered":"People"},"content":{"rendered":"<h2>University staff<\/h2>\n<ul>\n<li><a href=\"https:\/\/semmelweis.hu\/psychophysiology\/people\/university-staff\/robert-bodizs-ph-d\/\">R\u00f3bert B\u00f3dizs, Ph.D.<\/a><\/li>\n<li><a href=\"https:\/\/semmelweis.hu\/psychophysiology\/people\/university-staff\/peter-przemyslaw-ujma\/\">P\u00e9ter Przemyslaw Ujma, Ph.D. <\/a><\/li>\n<li><a href=\"https:\/\/semmelweis.hu\/magtud\/en\/institute\/staff\/dr-orsolya-szalardy\/\" target=\"_blank\" rel=\"noopener noreferrer\">Orsolya Szal\u00e1rdy, Ph.D.<\/a><\/li>\n<\/ul>\n<h2>External collaborators<\/h2>\n<ul>\n<li><a href=\"https:\/\/semmelweis.hu\/psychophysiology\/people\/external-collaborators\/anna-kis-vargane\/\">Anna Kis Varg\u00e1n\u00e9<\/a><\/li>\n<li><a href=\"https:\/\/semmelweis.hu\/psychophysiology\/people\/external-collaborators\/ferenc-gombos\/\">Ferenc Gombos<\/a><\/li>\n<li><a href=\"\/psychophysiology\/people\/external-collaborators\/miklos-pamula\">Mikl\u00f3s Pamula<\/a><\/li>\n<\/ul>\n<h2>PhD students<\/h2>\n<ul>\n<li><a href=\"https:\/\/semmelweis.hu\/psychophysiology\/people\/phd-students\/csenge-horvath\/\" target=\"_blank\" rel=\"noopener noreferrer\">Csenge G. Horv\u00e1th<\/a><\/li>\n<li><a href=\"https:\/\/semmelweis.hu\/psychophysiology\/people\/phd-students\/tarek-zoltan-magyar\/\" target=\"_blank\" rel=\"noopener\">T\u00e1rek Magyar<\/a><\/li>\n<li><a href=\"\/psychophysiology\/adrian-potari\">Adri\u00e1n P\u00f3t\u00e1ri<\/a><\/li>\n<li>Bence Schneider<\/li>\n<li>Blanka Vojnits<\/li>\n<li>Avin Aphrodite Babakhani<\/li>\n<\/ul>\n<h2>Former collaborators and students<\/h2>\n<ul>\n<li><a href=\"http:\/\/www2.surrey.ac.uk\/fhms\/research\/centres\/ssrc\/People\/alpar_lazar\/\" target=\"_blank\" rel=\"noopener noreferrer\">Alp\u00e1r S\u00e1ndor L\u00e1z\u00e1r, Ph.D.<\/a><\/li>\n<li><a href=\"https:\/\/semmelweis.hu\/psychophysiology\/people\/former-collaborators-and-students\/bela-weiss\/\">B\u00e9la Weiss<\/a><\/li>\n<li><a href=\"https:\/\/semmelweis.hu\/psychophysiology\/people\/university-staff\/borbala-blaskovich\/\" target=\"_blank\" rel=\"noopener noreferrer\">Borb\u00e1la Blaskovich<\/a><\/li>\n<li><a href=\"https:\/\/semmelweis.hu\/psychophysiology\/people\/former-collaborators-and-students\/janos-kormendi\/\">J\u00e1nos K\u00f6rmendi<\/a><\/li>\n<li>Katinka Kert\u00e9sz<\/li>\n<li><a href=\"https:\/\/semmelweis.hu\/psychophysiology\/people\/former-collaborators-and-students\/klara-horvath\/\">Kl\u00e1ra Horv\u00e1th<\/a><\/li>\n<li><a href=\"https:\/\/semmelweis.hu\/psychophysiology\/people\/phd-students\/klara-varhelyi\/\">Kl\u00e1ra V\u00e1rhelyi<\/a><\/li>\n<li><a href=\"https:\/\/semmelweis.hu\/psychophysiology\/people\/former-collaborators-and-students\/laszlo-harmat-ph-d\/\">L\u00e1szl\u00f3 Harmat, Ph.D.<\/a><\/li>\n<li><a href=\"http:\/\/www.xing.com\/profile\/Linda_Havran\" target=\"_blank\" rel=\"noopener noreferrer\">Linda Havr\u00e1n<\/a><\/li>\n<li><a href=\"https:\/\/semmelweis.hu\/psychophysiology\/people\/university-staff\/melinda-becske\/\" target=\"_blank\" rel=\"noopener noreferrer\">Melinda Becske, Ph.D.<\/a>\u00a0<\/li>\n<li>Melinda Sverteczki<\/li>\n<li><a href=\"https:\/\/semmelweis.hu\/psychophysiology\/people\/former-collaborators-and-students\/orsolya-nemet\">Orsolya N\u00e9met<\/a><\/li>\n<li><a href=\"https:\/\/semmelweis.hu\/psychophysiology\/people\/phd-students\/piroska-sandor\/\">Piroska S\u00e1ndor, Ph.D.<\/a><\/li>\n<li><a href=\"https:\/\/semmelweis.hu\/psychophysiology\/people\/phd-students\/sara-szakadat\/\">S\u00e1ra Szakad\u00e1t<\/a><\/li>\n<li><a href=\"https:\/\/semmelweis.hu\/psychophysiology\/people\/former-collaborators-and-students\/szilvia-csoka\/\">Szilvia Cs\u00f3ka<\/a><\/li>\n<li><a href=\"https:\/\/semmelweis.hu\/psychophysiology\/people\/former-collaborators-and-students\/zita-sulyok\/\">Zita Sulyok<\/a><\/li>\n<\/ul>\n","protected":false},"excerpt":{"rendered":"<p>University staff<\/p>\n<p><a href=\"https:\/\/semmelweis.hu\/psychophysiology\/people\/university-staff\/robert-bodizs-ph-d\/\">R\u00f3bert B\u00f3dizs, Ph.D.<\/a><br \/>\n<a href=\"https:\/\/semmelweis.hu\/psychophysiology\/people\/university-staff\/peter-przemyslaw-ujma\/\">P\u00e9ter Przemyslaw Ujma, Ph.D. <\/a><br \/>\n<a href=\"https:\/\/semmelweis.hu\/magtud\/en\/institute\/staff\/dr-orsolya-szalardy\/\" target=\"_blank\" rel=\"noopener noreferrer\">Orsolya Szal\u00e1rdy, Ph.D.<\/a><\/p>\n<p>External collaborators<\/p>\n<p><a href=\"https:\/\/semmelweis.hu\/psychophysiology\/people\/external-collaborators\/anna-kis-vargane\/\">Anna Kis Varg\u00e1n\u00e9<\/a><br \/>\n<a href=\"https:\/\/semmelweis.hu\/psychophysiology\/people\/external-collaborators\/ferenc-gombos\/\">Ferenc Gombos<\/a><br \/>\n<a href=\"\/psychophysiology\/people\/external-collaborators\/miklos-pamula\">Mikl\u00f3s Pamula<\/a><\/p>\n<p>PhD students<\/p>\n<p><a href=\"https:\/\/semmelweis.hu\/psychophysiology\/people\/phd-students\/csenge-horvath\/\" target=\"_blank\" rel=\"noopener noreferrer\">Csenge G. Horv\u00e1th<\/a><br \/>\n<a href=\"https:\/\/semmelweis.hu\/psychophysiology\/people\/phd-students\/tarek-zoltan-magyar\/\" target=\"_blank\" rel=\"noopener\">T\u00e1rek Magyar<\/a><br \/>\n<a href=\"\/psychophysiology\/adrian-potari\">Adri\u00e1n P\u00f3t\u00e1ri<\/a><br \/>\nBence Schneider<br \/>\nBlanka Vojnits<br \/>\nAvin Aphrodite Babakhani<\/p>\n<p>Former collaborators and students<\/p>\n<p><a href=\"http:\/\/www2.surrey.ac.uk\/fhms\/research\/centres\/ssrc\/People\/alpar_lazar\/\" target=\"_blank\" rel=\"noopener noreferrer\">Alp\u00e1r S\u00e1ndor L\u00e1z\u00e1r, Ph.D.<\/a><br \/>\n<a href=\"https:\/\/semmelweis.hu\/psychophysiology\/people\/former-collaborators-and-students\/bela-weiss\/\">B\u00e9la Weiss<\/a><br \/>\n<a href=\"https:\/\/semmelweis.hu\/psychophysiology\/people\/university-staff\/borbala-blaskovich\/\" target=\"_blank\" rel=\"noopener noreferrer\">Borb\u00e1la Blaskovich<\/a><br \/>\n<a href=\"https:\/\/semmelweis.hu\/psychophysiology\/people\/former-collaborators-and-students\/janos-kormendi\/\">J\u00e1nos K\u00f6rmendi<\/a><br \/>\nKatinka Kert\u00e9sz<br \/>\n<a href=\"https:\/\/semmelweis.hu\/psychophysiology\/people\/former-collaborators-and-students\/klara-horvath\/\">Kl\u00e1ra Horv\u00e1th<\/a><br \/>\n<a href=\"https:\/\/semmelweis.hu\/psychophysiology\/people\/phd-students\/klara-varhelyi\/\">Kl\u00e1ra V\u00e1rhelyi<\/a><br \/>\n<a href=\"https:\/\/semmelweis.hu\/psychophysiology\/people\/former-collaborators-and-students\/laszlo-harmat-ph-d\/\">L\u00e1szl\u00f3 Harmat, Ph.D.<\/a><br \/>\n<a href=\"http:\/\/www.xing.com\/profile\/Linda_Havran\" target=\"_blank\" rel=\"noopener noreferrer\">Linda Havr\u00e1n<\/a><br \/>\n<a href=\"https:\/\/semmelweis.hu\/psychophysiology\/people\/university-staff\/melinda-becske\/\" target=\"_blank\" rel=\"noopener noreferrer\">Melinda Becske, Ph.D.<\/a>\u00a0<br \/>\nMelinda Sverteczki<br \/>\n<a href=\"https:\/\/semmelweis.hu\/psychophysiology\/people\/former-collaborators-and-students\/orsolya-nemet\">Orsolya N\u00e9met<\/a><br \/>\n<a href=\"https:\/\/semmelweis.hu\/psychophysiology\/people\/phd-students\/piroska-sandor\/\">Piroska S\u00e1ndor, Ph.D.<\/a><br \/>\n<a href=\"https:\/\/semmelweis.hu\/psychophysiology\/people\/phd-students\/sara-szakadat\/\">S\u00e1ra Szakad\u00e1t<\/a><br \/>\n<a href=\"https:\/\/semmelweis.hu\/psychophysiology\/people\/former-collaborators-and-students\/szilvia-csoka\/\">Szilvia Cs\u00f3ka<\/a><br \/>\n<a href=\"https:\/\/semmelweis.hu\/psychophysiology\/people\/former-collaborators-and-students\/zita-sulyok\/\">Zita Sulyok<\/a><\/p>\n","protected":false},"author":101277,"featured_media":0,"parent":0,"menu_order":2,"comment_status":"closed","ping_status":"closed","template":"","meta":{"_acf_changed":false,"footnotes":""},"categories":[],"tags":[],"class_list":["post-85","page","type-page","status-publish","hentry"],"acf":[],"_links":{"self":[{"href":"https:\/\/semmelweis.hu\/psychophysiology\/wp-json\/wp\/v2\/pages\/85","targetHints":{"allow":["GET"]}}],"collection":[{"href":"https:\/\/semmelweis.hu\/psychophysiology\/wp-json\/wp\/v2\/pages"}],"about":[{"href":"https:\/\/semmelweis.hu\/psychophysiology\/wp-json\/wp\/v2\/types\/page"}],"author":[{"embeddable":true,"href":"https:\/\/semmelweis.hu\/psychophysiology\/wp-json\/wp\/v2\/users\/101277"}],"replies":[{"embeddable":true,"href":"https:\/\/semmelweis.hu\/psychophysiology\/wp-json\/wp\/v2\/comments?post=85"}],"version-history":[{"count":12,"href":"https:\/\/semmelweis.hu\/psychophysiology\/wp-json\/wp\/v2\/pages\/85\/revisions"}],"predecessor-version":[{"id":2144,"href":"https:\/\/semmelweis.hu\/psychophysiology\/wp-json\/wp\/v2\/pages\/85\/revisions\/2144"}],"wp:attachment":[{"href":"https:\/\/semmelweis.hu\/psychophysiology\/wp-json\/wp\/v2\/media?parent=85"}],"wp:term":[{"taxonomy":"category","embeddable":true,"href":"https:\/\/semmelweis.hu\/psychophysiology\/wp-json\/wp\/v2\/categories?post=85"},{"taxonomy":"post_tag","embeddable":true,"href":"https:\/\/semmelweis.hu\/psychophysiology\/wp-json\/wp\/v2\/tags?post=85"}],"curies":[{"name":"wp","href":"https:\/\/api.w.org\/{rel}","templated":true}]}}