{"id":80,"date":"2015-11-18T00:00:00","date_gmt":"2015-11-17T23:00:00","guid":{"rendered":"http:\/\/semmelweis.hu\/psychophysiology\/relationship-between-the-level-of-cognitive-performance-mood-and-the-electrophysiological-sleep-variables\/"},"modified":"2015-12-07T12:26:09","modified_gmt":"2015-12-07T11:26:09","slug":"relationship-between-the-level-of-cognitive-performance-mood-and-the-electrophysiological-sleep-variables","status":"publish","type":"page","link":"https:\/\/semmelweis.hu\/psychophysiology\/research\/past-projects\/relationship-between-the-level-of-cognitive-performance-mood-and-the-electrophysiological-sleep-variables\/","title":{"rendered":"Relationship between the level of cognitive performance, mood and the electrophysiological sleep variables"},"content":{"rendered":"<table class=\"contentpaneopen\">\n<tbody>\n<tr>\n<td valign=\"top\">\n<h4><a href=\"\/research.html\">Research<\/a> &gt; <a href=\"\/research\/past-projects.html\">Topics<\/a> &gt; Relationship between the level of cognitive performance, mood and the electrophysiological sleep variables (2003 \u2013 2005, Hungarian Medical Research Council: ETT-162\/2003)<\/h4>\n<p>Our scientific aim was to unravel the procedures and theoretically based correlations, which make us able to gather information on cognitive and affective characteristics of human subjects based on the analysis of their sleep states. Do to the fact that most current electroencephalographic analysis methods are unifying in nature and are characterized by insensitivity to interindividual differences; we faced the problem of inadequacy of these methods in following our scientific aims. As a consequence we developed new analysis procedures [1, 2]. Using these procedures we unravelled several relationships between sleep and cognition. Both the density as well as the grouping by the slow oscillation of frontally registered fast sleep spindles correlated positively with intelligence [1]. However, the relative amplitude spectra of slow spindles occurring over the frontal regions correlated negatively with intelligence [2]. Visuospatial memory performance was positively related to right parietal fast sleep spindle density, but correlated negatively with the relative amplitude spectra of slow spindles, the latter relationship being a region-independent one [3]. Digit span was a part of verbal memory testing procedure and its result correlated positively with the left\/right asymmetry of fast sleep spindles (left sided fast sleep spindle dominance). In contrary to our previous result, we did not find a relationship between cognitive performance and the slow oscillation, which means that this hypothesis was not supported. However, the quantification of the slow oscillation provides useful information in the characterization of the cognitive deficits inherent to some neuropsychiatric disorders [4]. At the same time the quality and quantity of night time sleep has a prominent role in the regulation of mood as well as affective state-related health of humans, however the deeper investigation of this topic calls for studies aiming to reveal the relationship between sleep and personality [5].<br \/>\nLiterature:<\/p>\n<ul>\n<li><a href=\"https:\/\/semmelweis.hu\/psychophysiology\/2015\/11\/18\/bodizs-r-kis-t-lazar-as-havran-l-rigo-p-clemens-z-halasz-p-prediction-of-general-mental-ability-based-on-neural-oscillation-measures-of-sleep-j-sleep-res-14-285-292-2005\/\">[1] B\u00f3dizs R., Kis T., L\u00e1z\u00e1r A.S., Havr\u00e1n L., Rig\u00f3 P., Clemens Z., Hal\u00e1sz P.: Prediction of general mental ability based on neural oscillation measures of sleep. Journal of Sleep Research, 14, 285-292, 2005.<\/a><\/li>\n<li>[2] B\u00f3dizs R.: Megragadhat\u00f3-e a szem\u00e9lyis\u00e9g \u00e9s az intellektus a front\u00e1lis alv\u00e1s-EEG finomelemz\u00e9se \u00e1ltal? In: Hal\u00e1sz P (szerk): Front\u00e1lis lebeny mint a neurol\u00f3gia \u00e9s a pszichi\u00e1tria k\u00f6z\u00f6s ter\u00fclete. Melinda Kiad\u00f3, Budapest, 91-102, 2005.<\/li>\n<li><a href=\"https:\/\/semmelweis.hu\/psychophysiology\/2015\/11\/18\/bodizs-r-kis-t-lazar-as-havran-l-clemens-z-halasz-p-visuospatial-abilities-and-sleep-dependent-eeg-oscillations-frequency-and-region-specific-correlations-sleep-medicine-6-suppl-2-s86-87-2005\/\">[3] B\u00f3dizs R., Kis T., L\u00e1z\u00e1r A.S., Havr\u00e1n L., Clemens Z., Hal\u00e1sz P.: Visuospatial abilities and sleep-dependent EEG oscillations: frequency- and region-specific correlations. Sleep Medicine, 6 (Suppl 2): S86-87, 2005.<\/a><\/li>\n<li><a href=\"https:\/\/semmelweis.hu\/psychophysiology\/2015\/11\/18\/bodizs-r-lazar-as-schizophrenia-slow-wave-sleep-and-visuospatial-memory-sleep-dependent-consolidation-or-trait-like-correlation-j-psychiatr-res-40-89-90-2006\/\">[4] B\u00f3dizs R., L\u00e1z\u00e1r A.S.: Schizophrenia, slow wave sleep and visuospatial memory: sleep-dependent consolidation or trait-like correlation? Journal of Psychiatric Research, 40, 89-90, 2006.<\/a><\/li>\n<li>[4] B\u00f3dizs R.: Az \u00e9letmin\u0151s\u00e9ggel kapcsolatos jelens\u00e9gek ideg\u00e9lettani vonatkoz\u00e1sai. In: Kopp M, Kov\u00e1cs M (szerk): A magyar n\u00e9pess\u00e9g \u00e9letmin\u0151s\u00e9ge az ezredfordul\u00f3n. Semmelweis Kiad\u00f3, Budapest, 37-47, 2006.<\/li>\n<\/ul>\n<p>&nbsp;<\/td>\n<\/tr>\n<\/tbody>\n<\/table>\n<p>&nbsp;<\/p>\n","protected":false},"excerpt":{"rendered":"<p><a href=\"\/research.html\">Research<\/a> &gt; <a href=\"\/research\/past-projects.html\">Topics<\/a> &gt; Relationship between the level of cognitive performance, mood and the electrophysiological sleep variables (2003 \u2013 2005, Hungarian Medical Research Council: ETT-162\/2003) Our scientific aim was to unravel the procedures and theoretically based correlations, which make us able to gather information on cognitive and affective characteristics of human subjects based on the analysis of &hellip;<\/p>\n","protected":false},"author":1,"featured_media":0,"parent":114,"menu_order":0,"comment_status":"closed","ping_status":"closed","template":"","meta":{"_acf_changed":false,"footnotes":""},"categories":[],"tags":[],"class_list":["post-80","page","type-page","status-publish","hentry"],"acf":[],"_links":{"self":[{"href":"https:\/\/semmelweis.hu\/psychophysiology\/wp-json\/wp\/v2\/pages\/80","targetHints":{"allow":["GET"]}}],"collection":[{"href":"https:\/\/semmelweis.hu\/psychophysiology\/wp-json\/wp\/v2\/pages"}],"about":[{"href":"https:\/\/semmelweis.hu\/psychophysiology\/wp-json\/wp\/v2\/types\/page"}],"author":[{"embeddable":true,"href":"https:\/\/semmelweis.hu\/psychophysiology\/wp-json\/wp\/v2\/users\/1"}],"replies":[{"embeddable":true,"href":"https:\/\/semmelweis.hu\/psychophysiology\/wp-json\/wp\/v2\/comments?post=80"}],"version-history":[{"count":3,"href":"https:\/\/semmelweis.hu\/psychophysiology\/wp-json\/wp\/v2\/pages\/80\/revisions"}],"predecessor-version":[{"id":523,"href":"https:\/\/semmelweis.hu\/psychophysiology\/wp-json\/wp\/v2\/pages\/80\/revisions\/523"}],"up":[{"embeddable":true,"href":"https:\/\/semmelweis.hu\/psychophysiology\/wp-json\/wp\/v2\/pages\/114"}],"wp:attachment":[{"href":"https:\/\/semmelweis.hu\/psychophysiology\/wp-json\/wp\/v2\/media?parent=80"}],"wp:term":[{"taxonomy":"category","embeddable":true,"href":"https:\/\/semmelweis.hu\/psychophysiology\/wp-json\/wp\/v2\/categories?post=80"},{"taxonomy":"post_tag","embeddable":true,"href":"https:\/\/semmelweis.hu\/psychophysiology\/wp-json\/wp\/v2\/tags?post=80"}],"curies":[{"name":"wp","href":"https:\/\/api.w.org\/{rel}","templated":true}]}}