{"id":79,"date":"2015-11-18T00:00:00","date_gmt":"2015-11-17T23:00:00","guid":{"rendered":"http:\/\/semmelweis.hu\/psychophysiology\/orsolya-nemet\/"},"modified":"2018-08-14T15:33:22","modified_gmt":"2018-08-14T13:33:22","slug":"orsolya-nemet","status":"publish","type":"page","link":"https:\/\/semmelweis.hu\/psychophysiology\/people\/former-collaborators-and-students\/orsolya-nemet\/","title":{"rendered":"Orsolya N\u00e9met"},"content":{"rendered":"<table class=\"contentpaneopen\">\n<tbody>\n<tr>\n<td valign=\"top\">\n<p><img decoding=\"async\" src=\"https:\/\/semmelweis.hu\/psychophysiology\/files\/2015\/11\/nemet_orsolya.jpg\" alt=\"\" align=\"right\" border=\"0\" \/><\/p>\n<h3>CURRICULUM VITAE<\/h3>\n<table border=\"0\">\n<tbody>\n<tr>\n<td><strong>DOB.:<\/strong><\/td>\n<td>1980.11.09<\/td>\n<\/tr>\n<tr>\n<td><strong>E-mail:<\/strong><\/td>\n<td><a href=\"mailto:orsolya_nemet@yahoo.de\">orsolya_nemet@yahoo.de<\/a><\/td>\n<\/tr>\n<\/tbody>\n<\/table>\n<h4>EDUCATION:<\/h4>\n<table border=\"0\">\n<tbody>\n<tr>\n<td style=\"vertical-align: top\">2006-<\/td>\n<td>&nbsp;<\/td>\n<td>Focus trainer (Kl\u00e1ra Lad\u00e1nyi)<\/td>\n<\/tr>\n<tr>\n<td style=\"vertical-align: top\">2007 &#8211; 2010<\/td>\n<td>&nbsp;<\/td>\n<td>Active Analytical method-specific training<br \/>\nActive Analytical Society<\/td>\n<\/tr>\n<tr>\n<td style=\"vertical-align: top\">2008 &#8211; 2009<\/td>\n<td>&nbsp;<\/td>\n<td>Autogenic trainer, Hungarian Relaxation and Symbol Therapy Society<\/td>\n<\/tr>\n<tr>\n<td style=\"vertical-align: top\">2003-2007<\/td>\n<td>&nbsp;<\/td>\n<td>MA Psychologist,<br \/>\nK\u00e1roli G\u00e1sp\u00e1r University<\/td>\n<\/tr>\n<tr>\n<td style=\"vertical-align: top\">2005<\/td>\n<td>&nbsp;<\/td>\n<td>Psycho-Club stipendium team-leader training, Nagy\u00edt\u00f3 Foundation<\/td>\n<\/tr>\n<tr>\n<td style=\"vertical-align: top\">2000 &#8211; 2004<\/td>\n<td>&nbsp;<\/td>\n<td>BA German language teacher,<br \/>\nE\u00f6tv\u00f6s L\u00f3r\u00e1nd University<\/td>\n<\/tr>\n<tr>\n<td style=\"vertical-align: top\">1999<\/td>\n<td>&nbsp;<\/td>\n<td>De\u00e1k square Evangelist Secondary School<\/td>\n<\/tr>\n<\/tbody>\n<\/table>\n<h4>ACADEMIC EXPERIENCE:<\/h4>\n<table border=\"0\">\n<tbody>\n<tr>\n<td style=\"vertical-align: top\">2008 &#8211;<\/td>\n<td>&nbsp;<\/td>\n<td>Assigned lecturer, K\u00e1roli G\u00e1sp\u00e1r University of the Reformed Church in Hungary<\/td>\n<\/tr>\n<tr>\n<td style=\"vertical-align: top\">2004<\/td>\n<td>&nbsp;<\/td>\n<td>German language teacher, \u00c1rp\u00e1d B\u00f3kay Elementary school<\/td>\n<\/tr>\n<\/tbody>\n<\/table>\n<h4>CONFERENCES:<\/h4>\n<ul>\n<li>S\u00e1ndor P., N\u00e9met O., L\u00e1z\u00e1r A.S., Rig\u00f3 P., G\u00e9mes K. and B\u00f3dizs R. (2010): Novelty seeking and Intelligence as reflected in the individual differences in sleep spindling. Conference Abstract: IBRO International Workshop doi: 10.3389\/conf.fnins.2010.10.00182<\/li>\n<li>S\u00e1ndor P., N\u00e9met O., L\u00e1z\u00e1r A.S., Rig\u00f3 P., G\u00e9mes K. and B\u00f3dizs R. (2010): Novelty-seeking,experience-seeking correlates to intelligence in terms of personality traits, Hungarian Psychiatric Assotiation Conference, Budapest<\/li>\n<li>O. N\u00e9met, P. S\u00e1ndor (2009): Correlations between Cloninger\u2019s Temperament- and Character Dimensions, the IQ and the Patterns of Sleep Spindles, Pszinapszis (Psychological Conference for Enquirers)<\/li>\n<li>O. N\u00e9met, R. Rochlitz (2008): \u201cKorkontroll\u201d in health psychology: preventive health care in the late adoulthood, Pszinapszis<\/li>\n<li>O. N\u00e9met, P. S\u00e1ndor (2008): Dreaming Ourselves: Our Character Revealing itself During Sleeping, Pszinapszis<\/li>\n<li>O. N\u00e9met, P. S\u00e1ndor (2006): The Correlation between Self-transcendence and the Patterns of Sleep Spindles, KAPU (K\u00e1roli G\u00e1sp\u00e1r University Psychological Institute Professional Days)<\/li>\n<li>O. N\u00e9met (2006): Learning methods, Erkel Ferenc elementary school<\/li>\n<\/ul>\n<h4>WORK EXPERIENCE:<\/h4>\n<table border=\"0\">\n<tbody>\n<tr>\n<td style=\"vertical-align: top\">2008 &#8211;<\/td>\n<td>&nbsp;<\/td>\n<td>Psychologist, Organisation-development department head, Gordon &amp; Webster Inc.<\/td>\n<\/tr>\n<tr>\n<td style=\"vertical-align: top\">2006<\/td>\n<td>&nbsp;<\/td>\n<td>Assertivity, management skills development, burnout prevention, stress- management, sales skills Co-trainer. Mer\u00e9nyi and partners Consultancy Ltd.<\/td>\n<\/tr>\n<tr>\n<td style=\"vertical-align: top\">2005 &#8211; 2007<\/td>\n<td>&nbsp;<\/td>\n<td>Sleep-research laboratory EEG research assistant<\/td>\n<\/tr>\n<\/tbody>\n<\/table>\n<h4>COURSES:<\/h4>\n<p>Hungarian courses:<\/p>\n<ul>\n<li>Personality psychology 2. seminar<\/li>\n<li>Preparation for the psychological profession 1. 2.;<\/li>\n<li>Preparation for the psychological profession 4: Development of therapeutic relational communication skills;<\/li>\n<li>Preparation for the psychological profession 3: Development of assertiveness skills<\/li>\n<\/ul>\n<p>German courses:<\/p>\n<ul>\n<li>Deutsche Sprache und Literatur<\/li>\n<\/ul>\n<h4>RESEARCH INTEREST:<\/h4>\n<ul>\n<li>Neurophysiological basis of temperament and character<\/li>\n<li>Specific and non specific effects of psychotherapy<\/li>\n<\/ul>\n<h4>AWARDS:<\/h4>\n<table border=\"0\">\n<tbody>\n<tr>\n<td style=\"vertical-align: top\">2008<\/td>\n<td>&nbsp;<\/td>\n<td>Faculty Scientific conference (TDK), 1st place<\/td>\n<\/tr>\n<\/tbody>\n<\/table>\n<h4>PUBLICATIONS:<\/h4>\n<ul>\n<li>O. N\u00e9met, P. S\u00e1ndor (2010): The focusing technique as a possible psychological preparation method for soldiers, Military Science Review<\/li>\n<li><a href=\"\/publications\/2-articlesinprofessionaljournals\/94-bodizs-r-nemeth-o-sandor-p-az-alvo-agy-egyedspecifikus-vonatkozasai-az-intelligencia-es-az-alvo-agy-hadtudomanyi-szemle-322010.html \">O. N\u00e9met, P. S\u00e1ndor, R. B\u00f3dizs (2010): The unique characteristics of the sleeping brain, part 1\u2013 Personality and Sleeping spindles, Military Science Review<\/a><\/li>\n<li>P. S\u00e1ndor, O. N\u00e9met, A. L\u00e1z\u00e1r S., P. Rig\u00f3, K. G\u00e9mes, R. B\u00f3dizs (2010): Novelty seeking and Intelligence in terms of unique differences in sleeping spindles, Psychiatria Hungarica XXIV., 2009\/Supplementum, Abstracts of the National Congress of Hungarian Psychologists (MPT) VII., page 147.<\/li>\n<li>S\u00e1ndor P., N\u00e9met O., L\u00e1z\u00e1r A. S., Rig\u00f3 P., G\u00e9mes K., B\u00f3dizs R. (2010): Novelty seeking and Intelligence as reflected in the individual differences in sleep spindling, Frontiers in neuroscience<\/li>\n<\/ul>\n<p>under publication:<\/p>\n<ul>\n<li>O. N\u00e9met (2010): Why do we sleep?, Everyday psychology<\/li>\n<li>P. S\u00e1ndor, O. N\u00e9met (2010): The unique characteristics of the sleeping brain, part 2 &#8211; Intelligence and the sleeping brain, Journal of Military Science<\/li>\n<li>O. N\u00e9met, P. S\u00e1ndor (2010): Show me your EEG, and I\u2019ll tell you who you are, Life and Science, OTKA competition<\/li>\n<\/ul>\n<h4>LANGUAGE SKILLS:<\/h4>\n<ul>\n<li>German \u2013 advanced<\/li>\n<li>English -intermediate<\/li>\n<\/ul>\n<\/td>\n<\/tr>\n<\/tbody>\n<\/table>\n<p>&nbsp;<\/p>\n","protected":false},"excerpt":{"rendered":"<p>CURRICULUM VITAE DOB.: 1980.11.09 E-mail: <a href=\"mailto:orsolya_nemet@yahoo.de\">orsolya_nemet@yahoo.de<\/a> EDUCATION: 2006- &nbsp; Focus trainer (Kl\u00e1ra Lad\u00e1nyi) 2007 &#8211; 2010 &nbsp; Active Analytical method-specific training Active Analytical Society 2008 &#8211; 2009 &nbsp; Autogenic trainer, Hungarian Relaxation and Symbol Therapy Society 2003-2007 &nbsp; MA Psychologist, K\u00e1roli G\u00e1sp\u00e1r University 2005 &nbsp; Psycho-Club stipendium team-leader training, Nagy\u00edt\u00f3 Foundation 2000 &#8211; 2004 &nbsp; BA &hellip;<\/p>\n","protected":false},"author":101277,"featured_media":0,"parent":102,"menu_order":9,"comment_status":"closed","ping_status":"closed","template":"","meta":{"_acf_changed":false,"footnotes":""},"categories":[],"tags":[],"class_list":["post-79","page","type-page","status-publish","hentry"],"acf":[],"_links":{"self":[{"href":"https:\/\/semmelweis.hu\/psychophysiology\/wp-json\/wp\/v2\/pages\/79","targetHints":{"allow":["GET"]}}],"collection":[{"href":"https:\/\/semmelweis.hu\/psychophysiology\/wp-json\/wp\/v2\/pages"}],"about":[{"href":"https:\/\/semmelweis.hu\/psychophysiology\/wp-json\/wp\/v2\/types\/page"}],"author":[{"embeddable":true,"href":"https:\/\/semmelweis.hu\/psychophysiology\/wp-json\/wp\/v2\/users\/101277"}],"replies":[{"embeddable":true,"href":"https:\/\/semmelweis.hu\/psychophysiology\/wp-json\/wp\/v2\/comments?post=79"}],"version-history":[{"count":3,"href":"https:\/\/semmelweis.hu\/psychophysiology\/wp-json\/wp\/v2\/pages\/79\/revisions"}],"predecessor-version":[{"id":1068,"href":"https:\/\/semmelweis.hu\/psychophysiology\/wp-json\/wp\/v2\/pages\/79\/revisions\/1068"}],"up":[{"embeddable":true,"href":"https:\/\/semmelweis.hu\/psychophysiology\/wp-json\/wp\/v2\/pages\/102"}],"wp:attachment":[{"href":"https:\/\/semmelweis.hu\/psychophysiology\/wp-json\/wp\/v2\/media?parent=79"}],"wp:term":[{"taxonomy":"category","embeddable":true,"href":"https:\/\/semmelweis.hu\/psychophysiology\/wp-json\/wp\/v2\/categories?post=79"},{"taxonomy":"post_tag","embeddable":true,"href":"https:\/\/semmelweis.hu\/psychophysiology\/wp-json\/wp\/v2\/tags?post=79"}],"curies":[{"name":"wp","href":"https:\/\/api.w.org\/{rel}","templated":true}]}}