{"id":78,"date":"2015-11-18T00:00:00","date_gmt":"2015-11-17T23:00:00","guid":{"rendered":"http:\/\/semmelweis.hu\/psychophysiology\/adrian-potari\/"},"modified":"2016-01-20T13:09:05","modified_gmt":"2016-01-20T12:09:05","slug":"adrian-potari","status":"publish","type":"page","link":"https:\/\/semmelweis.hu\/psychophysiology\/people\/phd-students\/adrian-potari\/","title":{"rendered":"Adri\u00e1n  P\u00f3t\u00e1ri"},"content":{"rendered":"<table class=\"contentpaneopen\">\n<tbody>\n<tr>\n<td valign=\"top\"><img decoding=\"async\" src=\"https:\/\/semmelweis.hu\/psychophysiology\/files\/2015\/11\/potari_adrian.jpg\" alt=\"\" align=\"right\" border=\"0\" \/><\/p>\n<h3>CURRICULUM VITAE<\/h3>\n<table border=\"0\">\n<tbody>\n<tr>\n<td><strong>Tel.:<\/strong><\/td>\n<td>(+3670) 3147052<\/td>\n<\/tr>\n<tr>\n<td><strong>E-mail:<\/strong><\/td>\n<td><a href=\"mailto:adriancro@gmail.com\">adriancro@gmail.com<\/a><\/td>\n<\/tr>\n<tr>\n<td><strong>Place\/date of birth:<\/strong><\/td>\n<td>Hungary, Budapest 23.06.1979<\/td>\n<\/tr>\n<\/tbody>\n<\/table>\n<h4>EDUCATION:<\/h4>\n<table border=\"0\">\n<tbody>\n<tr>\n<td style=\"vertical-align: top\">2014-<\/td>\n<td>\u00a0<\/td>\n<td><strong>Budapest University of Technology and Economics<\/strong>, Cognitive Science Department \u2013 PhD student<\/td>\n<\/tr>\n<\/tbody>\n<\/table>\n<table border=\"0\">\n<tbody>\n<tr>\n<td style=\"vertical-align: top\">2006 &#8211; 2013<\/td>\n<td>\u00a0<\/td>\n<td><strong>University of Debrecen, <\/strong>Faculty of Humanities, MA in Psychology<\/td>\n<\/tr>\n<tr>\n<td style=\"vertical-align: top\">2005 &#8211; 2006<\/td>\n<td>\u00a0<\/td>\n<td><strong>E\u00f6tv\u00f6s Lor\u00e1nd University, <\/strong>Faculty of natural science, mathematician<\/td>\n<\/tr>\n<tr>\n<td style=\"vertical-align: top\">2000 &#8211; 2001<\/td>\n<td>\u00a0<\/td>\n<td><strong>B\u00e1nki Don\u00e1t College of Technology, <\/strong>technical information specialist<\/td>\n<\/tr>\n<tr>\n<td style=\"vertical-align: top\">1994 &#8211; 1998<\/td>\n<td>\u00a0<\/td>\n<td><strong>ELTE Radn\u00f3ti Mikl\u00f3s Secondary School, <\/strong>specialized in Mathematics and Physics<\/td>\n<\/tr>\n<\/tbody>\n<\/table>\n<h4>ACCREDITED COURSES:<\/h4>\n<ul>\n<li><em>Electroencephalography for psychiatrists and psychologists <\/em> organized by the The Hungarian Society of Psychophysiology and Health-Psychology, The Institute of Behavioural Sciences of the Semmelweis University and the Insomnia Workgroup of the Hungarian Psychiatric Society 3\u00a0October\u00a02007,\u00a0Budapest<\/li>\n<\/ul>\n<h4>RESEARCH INTEREST:<\/h4>\n<ul>\n<li>Link between EEG patterns and cognitive, perceptual mechanism<\/li>\n<\/ul>\n<ul>\n<li>Quantitative EEG analysis<\/li>\n<\/ul>\n<h4>LANGUAGE SKILLS:<\/h4>\n<ul>\n<li>Hungarian &#8211; native<\/li>\n<li>English &#8211; intermediate<\/li>\n<li>Croatian &#8211; intermediate<\/li>\n<\/ul>\n<\/td>\n<\/tr>\n<\/tbody>\n<\/table>\n","protected":false},"excerpt":{"rendered":"<p>CURRICULUM VITAE Tel.: (+3670) 3147052 E-mail: <a href=\"mailto:adriancro@gmail.com\">adriancro@gmail.com<\/a> Place\/date of birth: Hungary, Budapest 23.06.1979 EDUCATION: 2014- \u00a0 Budapest University of Technology and Economics, Cognitive Science Department \u2013 PhD student 2006 &#8211; 2013 \u00a0 University of Debrecen, Faculty of Humanities, MA in Psychology 2005 &#8211; 2006 \u00a0 E\u00f6tv\u00f6s Lor\u00e1nd University, Faculty of natural science, mathematician 2000 &#8211; 2001 &hellip;<\/p>\n","protected":false},"author":1,"featured_media":0,"parent":101,"menu_order":0,"comment_status":"closed","ping_status":"closed","template":"","meta":{"_acf_changed":false,"footnotes":""},"categories":[],"tags":[],"class_list":["post-78","page","type-page","status-publish","hentry"],"acf":[],"_links":{"self":[{"href":"https:\/\/semmelweis.hu\/psychophysiology\/wp-json\/wp\/v2\/pages\/78","targetHints":{"allow":["GET"]}}],"collection":[{"href":"https:\/\/semmelweis.hu\/psychophysiology\/wp-json\/wp\/v2\/pages"}],"about":[{"href":"https:\/\/semmelweis.hu\/psychophysiology\/wp-json\/wp\/v2\/types\/page"}],"author":[{"embeddable":true,"href":"https:\/\/semmelweis.hu\/psychophysiology\/wp-json\/wp\/v2\/users\/1"}],"replies":[{"embeddable":true,"href":"https:\/\/semmelweis.hu\/psychophysiology\/wp-json\/wp\/v2\/comments?post=78"}],"version-history":[{"count":5,"href":"https:\/\/semmelweis.hu\/psychophysiology\/wp-json\/wp\/v2\/pages\/78\/revisions"}],"predecessor-version":[{"id":790,"href":"https:\/\/semmelweis.hu\/psychophysiology\/wp-json\/wp\/v2\/pages\/78\/revisions\/790"}],"up":[{"embeddable":true,"href":"https:\/\/semmelweis.hu\/psychophysiology\/wp-json\/wp\/v2\/pages\/101"}],"wp:attachment":[{"href":"https:\/\/semmelweis.hu\/psychophysiology\/wp-json\/wp\/v2\/media?parent=78"}],"wp:term":[{"taxonomy":"category","embeddable":true,"href":"https:\/\/semmelweis.hu\/psychophysiology\/wp-json\/wp\/v2\/categories?post=78"},{"taxonomy":"post_tag","embeddable":true,"href":"https:\/\/semmelweis.hu\/psychophysiology\/wp-json\/wp\/v2\/tags?post=78"}],"curies":[{"name":"wp","href":"https:\/\/api.w.org\/{rel}","templated":true}]}}